{"id":989,"date":"2018-03-19T12:17:51","date_gmt":"2018-03-19T12:17:51","guid":{"rendered":"http:\/\/www.fogaszatikeszulek.hu\/?page_id=989"},"modified":"2019-03-07T15:38:24","modified_gmt":"2019-03-07T15:38:24","slug":"gyartas","status":"publish","type":"page","link":"https:\/\/www.fogaszatikeszulek.hu\/index.php\/gyartas\/","title":{"rendered":"Gy\u00e1rt\u00e1s"},"content":{"rendered":"<h5 style=\"text-align: left;\"><img loading=\"lazy\" decoding=\"async\" class=\"alignleft wp-image-990\" src=\"https:\/\/www.fogaszatikeszulek.hu\/wp-content\/uploads\/2018\/03\/1489776358833.png\" alt=\"\" width=\"460\" height=\"259\" srcset=\"https:\/\/www.fogaszatikeszulek.hu\/wp-content\/uploads\/2018\/03\/1489776358833.png 1200w, https:\/\/www.fogaszatikeszulek.hu\/wp-content\/uploads\/2018\/03\/1489776358833-300x169.png 300w, https:\/\/www.fogaszatikeszulek.hu\/wp-content\/uploads\/2018\/03\/1489776358833-768x432.png 768w, https:\/\/www.fogaszatikeszulek.hu\/wp-content\/uploads\/2018\/03\/1489776358833-1024x576.png 1024w, https:\/\/www.fogaszatikeszulek.hu\/wp-content\/uploads\/2018\/03\/1489776358833-830x467.png 830w, https:\/\/www.fogaszatikeszulek.hu\/wp-content\/uploads\/2018\/03\/1489776358833-230x129.png 230w, https:\/\/www.fogaszatikeszulek.hu\/wp-content\/uploads\/2018\/03\/1489776358833-350x197.png 350w, https:\/\/www.fogaszatikeszulek.hu\/wp-content\/uploads\/2018\/03\/1489776358833-480x270.png 480w\" sizes=\"auto, (max-width: 460px) 100vw, 460px\" \/>inLab mar\u00f3- \u00e9s csiszol\u00f3egys\u00e9gek, CAM szoftver, sz\u00ednterez\u0151 k\u00e1lyha<\/h5>\n<p style=\"text-align: justify;\"><strong>A legmagasabb szint\u0171 technol\u00f3gia a fogtechnikai laborok sz\u00e1m\u00e1ra<\/strong><\/p>\n<p style=\"text-align: justify;\">A Dentsply Sirona inLab rendszer a legv\u00e1ltozatosabb fogtechnikai CAD\/CAM rendszer a laborat\u00f3riumi piacon. Import\u00e1lhat .STL f\u00e1jlokat gyakorlatilag b\u00e1rmely tervez\u00e9si szoftverb\u0151l az inLab MC XL \u00e9s az inLab MC X5 sz\u00e1m\u00e1ra mar\u00e1sra. A Dentsply Sirona \u00e9s az anyag partnereink \u00e1ltal k\u00e9sz\u00edtett valid\u00e1lt anyagok sz\u00e9les sk\u00e1l\u00e1ja n\u00f6veli&nbsp; a g\u00e9peknek a gazdas\u00e1gi haszn\u00e1lat\u00e1t. Ak\u00e1r az inLab MC XL-el&nbsp; \u00fcveg ker\u00e1mia restaur\u00e1ci\u00f3t,&nbsp; ak\u00e1r komplex eseteket gy\u00e1rt az inLab MC X5 g\u00e9ppel, vagy szinterez, az inLab rendszer seg\u00edti a termel\u00e9kenys\u00e9get.<\/p>\n<p>&nbsp;<\/p>\n<table>\n<tbody>\n<tr>\n<td style=\"text-align: top;\" width=\"200\"><img loading=\"lazy\" decoding=\"async\" class=\"wp-image-991 aligncenter\" src=\"https:\/\/www.fogaszatikeszulek.hu\/wp-content\/uploads\/2018\/03\/12.jpg\" alt=\"\" width=\"120\" height=\"101\" srcset=\"https:\/\/www.fogaszatikeszulek.hu\/wp-content\/uploads\/2018\/03\/12.jpg 1078w, https:\/\/www.fogaszatikeszulek.hu\/wp-content\/uploads\/2018\/03\/12-300x253.jpg 300w, https:\/\/www.fogaszatikeszulek.hu\/wp-content\/uploads\/2018\/03\/12-768x647.jpg 768w, https:\/\/www.fogaszatikeszulek.hu\/wp-content\/uploads\/2018\/03\/12-1024x863.jpg 1024w, https:\/\/www.fogaszatikeszulek.hu\/wp-content\/uploads\/2018\/03\/12-830x699.jpg 830w, https:\/\/www.fogaszatikeszulek.hu\/wp-content\/uploads\/2018\/03\/12-230x194.jpg 230w, https:\/\/www.fogaszatikeszulek.hu\/wp-content\/uploads\/2018\/03\/12-350x295.jpg 350w, https:\/\/www.fogaszatikeszulek.hu\/wp-content\/uploads\/2018\/03\/12-480x404.jpg 480w\" sizes=\"auto, (max-width: 120px) 100vw, 120px\" \/><\/td>\n<td style=\"text-align: top;\" width=\"200\"><img loading=\"lazy\" decoding=\"async\" class=\"wp-image-992 aligncenter\" src=\"https:\/\/www.fogaszatikeszulek.hu\/wp-content\/uploads\/2018\/03\/13.jpg\" alt=\"\" width=\"120\" height=\"101\" srcset=\"https:\/\/www.fogaszatikeszulek.hu\/wp-content\/uploads\/2018\/03\/13.jpg 1078w, https:\/\/www.fogaszatikeszulek.hu\/wp-content\/uploads\/2018\/03\/13-300x253.jpg 300w, https:\/\/www.fogaszatikeszulek.hu\/wp-content\/uploads\/2018\/03\/13-768x647.jpg 768w, https:\/\/www.fogaszatikeszulek.hu\/wp-content\/uploads\/2018\/03\/13-1024x863.jpg 1024w, https:\/\/www.fogaszatikeszulek.hu\/wp-content\/uploads\/2018\/03\/13-830x699.jpg 830w, https:\/\/www.fogaszatikeszulek.hu\/wp-content\/uploads\/2018\/03\/13-230x194.jpg 230w, https:\/\/www.fogaszatikeszulek.hu\/wp-content\/uploads\/2018\/03\/13-350x295.jpg 350w, https:\/\/www.fogaszatikeszulek.hu\/wp-content\/uploads\/2018\/03\/13-480x404.jpg 480w\" sizes=\"auto, (max-width: 120px) 100vw, 120px\" \/><\/td>\n<td style=\"text-align: top;\" width=\"200\"><img loading=\"lazy\" decoding=\"async\" class=\"aligncenter wp-image-993\" src=\"https:\/\/www.fogaszatikeszulek.hu\/wp-content\/uploads\/2018\/03\/14.jpg\" alt=\"\" width=\"120\" height=\"101\" srcset=\"https:\/\/www.fogaszatikeszulek.hu\/wp-content\/uploads\/2018\/03\/14.jpg 1078w, https:\/\/www.fogaszatikeszulek.hu\/wp-content\/uploads\/2018\/03\/14-300x253.jpg 300w, https:\/\/www.fogaszatikeszulek.hu\/wp-content\/uploads\/2018\/03\/14-768x647.jpg 768w, https:\/\/www.fogaszatikeszulek.hu\/wp-content\/uploads\/2018\/03\/14-1024x863.jpg 1024w, https:\/\/www.fogaszatikeszulek.hu\/wp-content\/uploads\/2018\/03\/14-830x699.jpg 830w, https:\/\/www.fogaszatikeszulek.hu\/wp-content\/uploads\/2018\/03\/14-230x194.jpg 230w, https:\/\/www.fogaszatikeszulek.hu\/wp-content\/uploads\/2018\/03\/14-350x295.jpg 350w, https:\/\/www.fogaszatikeszulek.hu\/wp-content\/uploads\/2018\/03\/14-480x404.jpg 480w\" sizes=\"auto, (max-width: 120px) 100vw, 120px\" \/><\/td>\n<\/tr>\n<tr>\n<td style=\"text-align: top;\" width=\"200\">\n<h4 style=\"text-align: top;\"><strong>CAM szoftver<\/strong><\/h4>\n<p style=\"text-align: top;\">Az .STL f\u00e1jlok import\u00e1l\u00e1sa \u00e9s a termel\u00e9si be\u00e1ll\u00edt\u00e1sok vez\u00e9rl\u00e9se<\/p>\n<\/td>\n<td style=\"text-align: top;\" width=\"200\">\n<h4 style=\"text-align: top;\"><strong>Mar\u00e1s\/csiszol\u00e1s<\/strong><\/h4>\n<p style=\"text-align: top;\">Ker\u00e1mia, polimerek \u00e9s f\u00e9mek megmunk\u00e1l\u00e1s\u00e1hoz<\/p>\n<\/td>\n<td style=\"text-align: top;\" width=\"200\">\n<h4 style=\"text-align: top;\"><strong>Szinterez\u00e9s<\/strong><\/h4>\n<p style=\"text-align: top;\">Ker\u00e1mia \u00e9s NPM szinterez\u0151 \u00f6tv\u00f6zetek nagysebess\u00e9g\u0171 szinterez\u00e9se<\/p>\n<\/td>\n<\/tr>\n<\/tbody>\n<\/table>\n<h5>&nbsp;<\/h5>\n<h5>Digit\u00e1lis gy\u00e1rt\u00e1s<\/h5>\n<h5>&nbsp;<\/h5>\n<h5>Let\u00f6lthet\u0151 dokumentumok<\/h5>\n<ul>\n<li>inLab CAD SW 16.0 (angol nyelv\u0171)<\/li>\n<\/ul>\n<p>&nbsp;<\/p>\n","protected":false},"excerpt":{"rendered":"<p>inLab mar\u00f3- \u00e9s csiszol\u00f3egys\u00e9gek, CAM szoftver, sz\u00ednterez\u0151 k\u00e1lyha A legmagasabb szint\u0171 technol\u00f3gia a fogtechnikai laborok sz\u00e1m\u00e1ra A Dentsply Sirona inLab rendszer a legv\u00e1ltozatosabb fogtechnikai CAD\/CAM rendszer a laborat\u00f3riumi piacon. Import\u00e1lhat .STL f\u00e1jlokat gyakorlatilag b\u00e1rmely tervez\u00e9si szoftverb\u0151l az inLab MC XL \u00e9s az inLab MC X5 sz\u00e1m\u00e1ra mar\u00e1sra. A Dentsply Sirona \u00e9s az anyag partnereink \u00e1ltal [&hellip;]<\/p>\n","protected":false},"author":1,"featured_media":0,"parent":0,"menu_order":0,"comment_status":"closed","ping_status":"closed","template":"","meta":{"ngg_post_thumbnail":0,"footnotes":""},"class_list":["post-989","page","type-page","status-publish","hentry"],"_links":{"self":[{"href":"https:\/\/www.fogaszatikeszulek.hu\/index.php\/wp-json\/wp\/v2\/pages\/989","targetHints":{"allow":["GET"]}}],"collection":[{"href":"https:\/\/www.fogaszatikeszulek.hu\/index.php\/wp-json\/wp\/v2\/pages"}],"about":[{"href":"https:\/\/www.fogaszatikeszulek.hu\/index.php\/wp-json\/wp\/v2\/types\/page"}],"author":[{"embeddable":true,"href":"https:\/\/www.fogaszatikeszulek.hu\/index.php\/wp-json\/wp\/v2\/users\/1"}],"replies":[{"embeddable":true,"href":"https:\/\/www.fogaszatikeszulek.hu\/index.php\/wp-json\/wp\/v2\/comments?post=989"}],"version-history":[{"count":3,"href":"https:\/\/www.fogaszatikeszulek.hu\/index.php\/wp-json\/wp\/v2\/pages\/989\/revisions"}],"predecessor-version":[{"id":996,"href":"https:\/\/www.fogaszatikeszulek.hu\/index.php\/wp-json\/wp\/v2\/pages\/989\/revisions\/996"}],"wp:attachment":[{"href":"https:\/\/www.fogaszatikeszulek.hu\/index.php\/wp-json\/wp\/v2\/media?parent=989"}],"curies":[{"name":"wp","href":"https:\/\/api.w.org\/{rel}","templated":true}]}}