{"id":958,"date":"2018-03-19T10:10:43","date_gmt":"2018-03-19T10:10:43","guid":{"rendered":"http:\/\/www.fogaszatikeszulek.hu\/?page_id=958"},"modified":"2019-03-07T15:57:26","modified_gmt":"2019-03-07T15:57:26","slug":"cadszoftver","status":"publish","type":"page","link":"https:\/\/www.fogaszatikeszulek.hu\/index.php\/cadszoftver\/","title":{"rendered":"inLab CAD szoftver"},"content":{"rendered":"<h5 style=\"text-align: left;\"><img decoding=\"async\" class=\"size-full wp-image-971 alignleft\" src=\"https:\/\/www.fogaszatikeszulek.hu\/wp-content\/uploads\/2018\/03\/1489078899596.png\" alt=\"\" width=\"460\" srcset=\"https:\/\/www.fogaszatikeszulek.hu\/wp-content\/uploads\/2018\/03\/1489078899596.png 1200w, https:\/\/www.fogaszatikeszulek.hu\/wp-content\/uploads\/2018\/03\/1489078899596-300x169.png 300w, https:\/\/www.fogaszatikeszulek.hu\/wp-content\/uploads\/2018\/03\/1489078899596-768x432.png 768w, https:\/\/www.fogaszatikeszulek.hu\/wp-content\/uploads\/2018\/03\/1489078899596-1024x576.png 1024w, https:\/\/www.fogaszatikeszulek.hu\/wp-content\/uploads\/2018\/03\/1489078899596-830x467.png 830w, https:\/\/www.fogaszatikeszulek.hu\/wp-content\/uploads\/2018\/03\/1489078899596-230x129.png 230w, https:\/\/www.fogaszatikeszulek.hu\/wp-content\/uploads\/2018\/03\/1489078899596-350x197.png 350w, https:\/\/www.fogaszatikeszulek.hu\/wp-content\/uploads\/2018\/03\/1489078899596-480x270.png 480w\" sizes=\"(max-width: 1200px) 100vw, 1200px\" \/>F\u00fcggetlen szoftver fog\u00e1szati tervez\u00e9shez<\/h5>\n<p style=\"text-align: justify;\">Az \u00faj inLab CAD SW 16.0 szoftver m\u00e9g jobban illeszkedik a CAD\/CAM rendszerek k\u00f6vetelm\u00e9nyeihez a fogtechnikai laborokban. K\u00fcl\u00f6n CAD komponensk\u00e9nt a szoftver f\u00fcggetlen a szkennel\u00e9si \u00e9s a gy\u00e1rt\u00e1si egys\u00e9gt\u0151l. Az inLab CAD SW 16.0 a sz\u00fcks\u00e9gletalap\u00fa indik\u00e1ci\u00f3kat optimaliz\u00e1lt tervez\u00e9si folyamatokkal \u00e9s felhaszn\u00e1l\u00f3bar\u00e1t fel\u00fcletekkel l\u00e1tja el.<\/p>\n<p>&nbsp;<\/p>\n<table>\n<tbody>\n<tr>\n<td style=\"text-align: top;\" width=\"200\"><img loading=\"lazy\" decoding=\"async\" class=\"wp-image-973 aligncenter\" src=\"https:\/\/www.fogaszatikeszulek.hu\/wp-content\/uploads\/2018\/03\/10.jpg\" alt=\"\" width=\"120\" height=\"101\" srcset=\"https:\/\/www.fogaszatikeszulek.hu\/wp-content\/uploads\/2018\/03\/10.jpg 1078w, https:\/\/www.fogaszatikeszulek.hu\/wp-content\/uploads\/2018\/03\/10-300x253.jpg 300w, https:\/\/www.fogaszatikeszulek.hu\/wp-content\/uploads\/2018\/03\/10-768x647.jpg 768w, https:\/\/www.fogaszatikeszulek.hu\/wp-content\/uploads\/2018\/03\/10-1024x863.jpg 1024w, https:\/\/www.fogaszatikeszulek.hu\/wp-content\/uploads\/2018\/03\/10-830x699.jpg 830w, https:\/\/www.fogaszatikeszulek.hu\/wp-content\/uploads\/2018\/03\/10-230x194.jpg 230w, https:\/\/www.fogaszatikeszulek.hu\/wp-content\/uploads\/2018\/03\/10-350x295.jpg 350w, https:\/\/www.fogaszatikeszulek.hu\/wp-content\/uploads\/2018\/03\/10-480x404.jpg 480w\" sizes=\"auto, (max-width: 120px) 100vw, 120px\" \/><\/td>\n<td style=\"text-align: top;\" width=\"200\"><img loading=\"lazy\" decoding=\"async\" class=\"wp-image-974 aligncenter\" src=\"https:\/\/www.fogaszatikeszulek.hu\/wp-content\/uploads\/2018\/03\/11.jpg\" alt=\"\" width=\"120\" height=\"101\" srcset=\"https:\/\/www.fogaszatikeszulek.hu\/wp-content\/uploads\/2018\/03\/11.jpg 1078w, https:\/\/www.fogaszatikeszulek.hu\/wp-content\/uploads\/2018\/03\/11-300x253.jpg 300w, https:\/\/www.fogaszatikeszulek.hu\/wp-content\/uploads\/2018\/03\/11-768x647.jpg 768w, https:\/\/www.fogaszatikeszulek.hu\/wp-content\/uploads\/2018\/03\/11-1024x863.jpg 1024w, https:\/\/www.fogaszatikeszulek.hu\/wp-content\/uploads\/2018\/03\/11-830x699.jpg 830w, https:\/\/www.fogaszatikeszulek.hu\/wp-content\/uploads\/2018\/03\/11-230x194.jpg 230w, https:\/\/www.fogaszatikeszulek.hu\/wp-content\/uploads\/2018\/03\/11-350x295.jpg 350w, https:\/\/www.fogaszatikeszulek.hu\/wp-content\/uploads\/2018\/03\/11-480x404.jpg 480w\" sizes=\"auto, (max-width: 120px) 100vw, 120px\" \/><\/td>\n<td style=\"text-align: top;\" width=\"200\"><img loading=\"lazy\" decoding=\"async\" class=\"wp-image-968 aligncenter\" src=\"https:\/\/www.fogaszatikeszulek.hu\/wp-content\/uploads\/2018\/03\/9.jpg\" alt=\"\" width=\"120\" height=\"101\" srcset=\"https:\/\/www.fogaszatikeszulek.hu\/wp-content\/uploads\/2018\/03\/9.jpg 1078w, https:\/\/www.fogaszatikeszulek.hu\/wp-content\/uploads\/2018\/03\/9-300x253.jpg 300w, https:\/\/www.fogaszatikeszulek.hu\/wp-content\/uploads\/2018\/03\/9-768x647.jpg 768w, https:\/\/www.fogaszatikeszulek.hu\/wp-content\/uploads\/2018\/03\/9-1024x863.jpg 1024w, https:\/\/www.fogaszatikeszulek.hu\/wp-content\/uploads\/2018\/03\/9-830x699.jpg 830w, https:\/\/www.fogaszatikeszulek.hu\/wp-content\/uploads\/2018\/03\/9-230x194.jpg 230w, https:\/\/www.fogaszatikeszulek.hu\/wp-content\/uploads\/2018\/03\/9-350x295.jpg 350w, https:\/\/www.fogaszatikeszulek.hu\/wp-content\/uploads\/2018\/03\/9-480x404.jpg 480w\" sizes=\"auto, (max-width: 120px) 100vw, 120px\" \/><\/td>\n<\/tr>\n<tr>\n<td style=\"text-align: top;\" width=\"200\">\n<h4 style=\"text-align: top;\"><strong>Modul\u00e1ris \u00e9s egyedi<\/strong><\/h4>\n<p style=\"text-align: top;\">H\u00e1rom tervez\u00e9si modul a prot\u00e9zisek egy\u00e9ni konfigur\u00e1ci\u00f3j\u00e1hoz<\/p>\n<\/td>\n<td style=\"text-align: top;\" width=\"200\">\n<h4 style=\"text-align: top;\"><strong>Intuit\u00edv \u00e9s ismer\u0151s<\/strong><\/h4>\n<p style=\"text-align: top;\">Tipikus fog\u00e1szati eszk\u00f6z\u00f6k a virtu\u00e1lis helyre\u00e1ll\u00edt\u00e1shoz<\/p>\n<\/td>\n<td style=\"text-align: top;\" width=\"200\">\n<h4 style=\"text-align: top;\"><strong>Ny\u00edlt \u00e9s gazdas\u00e1gos<\/strong><\/h4>\n<p style=\"text-align: top;\">STL kompatibilis, nincs sz\u00fcks\u00e9g friss\u00edt\u00e9sre, nincs lej\u00e1rati d\u00e1tum, nincs \u00e9ves licence d\u00edj<\/p>\n<\/td>\n<\/tr>\n<\/tbody>\n<\/table>\n<h5>&nbsp;<\/h5>\n<h5>Az inLab CAD szoftver el\u0151nyei<\/h5>\n<ul>\n<li style=\"text-align: left;\">Modul\u00e1ris \u00e9s egyedi<br \/>\nAz \u00e1ltal\u00e1nos, implant\u00e1tum \u00e9s elt\u00e1vol\u00edthat\u00f3 prot\u00e9zisekhez, valamint egy interf\u00e9sz modulhoz tervez\u0151 modulok. A CEREC bels\u0151leges benyom\u00e1sai a Sirona Connect seg\u00edts\u00e9g\u00e9vel integr\u00e1lhat\u00f3k.<\/li>\n<li>Ny\u00edlt \u00e9s gazdas\u00e1gos<br \/>\nAz \u00f6n\u00e1ll\u00f3 CAD komponensek nyitott\u00e1 teszik a rugalmas STL integr\u00e1ci\u00f3t. A szoftver modulok korl\u00e1tlan haszn\u00e1lhat\u00f3s\u00e1ga \u00e9s a jelz\u00e9sek sk\u00e1l\u00e1ja teszi az InLab-ot a piac egyik legkedvez\u0151bb CAD\/CAM rendszer\u00e9nek.<\/li>\n<li>Intuit\u00edv \u00e9s ismer\u0151s<br \/>\nA felhaszn\u00e1l\u00f3bar\u00e1t fel\u00fclettel gyorsan megtal\u00e1lja a sz\u00fcks\u00e9ges tervez\u00e9si l\u00e9p\u00e9seket. A virtu\u00e1lis artikul\u00e1tor \u00e9s az \u00e1llkapocs-orient\u00e1lt biog\u00e9nes be\u00e1ll\u00edt\u00e1s seg\u00edti \u00d6nt az egyedi prot\u00e9zis kialak\u00edt\u00e1s\u00e1ban.<\/li>\n<\/ul>\n<p>&nbsp;<\/p>\n<iframe loading=\"lazy\"  id=\"_ytid_58414\"  width=\"1170\" height=\"658\"  data-origwidth=\"1170\" data-origheight=\"658\" src=\"https:\/\/www.youtube.com\/embed\/6YriljCUiPc?enablejsapi=1&autoplay=0&cc_load_policy=0&cc_lang_pref=&iv_load_policy=1&loop=0&rel=1&fs=1&playsinline=0&autohide=2&theme=dark&color=red&controls=1&disablekb=0&\" class=\"__youtube_prefs__  no-lazyload\" title=\"YouTube player\"  allow=\"fullscreen; accelerometer; autoplay; clipboard-write; encrypted-media; gyroscope; picture-in-picture; web-share\" referrerpolicy=\"strict-origin-when-cross-origin\" allowfullscreen data-no-lazy=\"1\" data-skipgform_ajax_framebjll=\"\"><\/iframe>\n<h5>&nbsp;<\/h5>\n<h5>Let\u00f6lthet\u0151 dokumentumok<\/h5>\n<ul>\n<li>inLab CAD SW 16.0 (angol nyelv\u0171)<\/li>\n<\/ul>\n<p>&nbsp;<\/p>\n","protected":false},"excerpt":{"rendered":"<p>F\u00fcggetlen szoftver fog\u00e1szati tervez\u00e9shez Az \u00faj inLab CAD SW 16.0 szoftver m\u00e9g jobban illeszkedik a CAD\/CAM rendszerek k\u00f6vetelm\u00e9nyeihez a fogtechnikai laborokban. K\u00fcl\u00f6n CAD komponensk\u00e9nt a szoftver f\u00fcggetlen a szkennel\u00e9si \u00e9s a gy\u00e1rt\u00e1si egys\u00e9gt\u0151l. Az inLab CAD SW 16.0 a sz\u00fcks\u00e9gletalap\u00fa indik\u00e1ci\u00f3kat optimaliz\u00e1lt tervez\u00e9si folyamatokkal \u00e9s felhaszn\u00e1l\u00f3bar\u00e1t fel\u00fcletekkel l\u00e1tja el. &nbsp; Modul\u00e1ris \u00e9s egyedi H\u00e1rom tervez\u00e9si [&hellip;]<\/p>\n","protected":false},"author":1,"featured_media":0,"parent":0,"menu_order":0,"comment_status":"closed","ping_status":"closed","template":"","meta":{"ngg_post_thumbnail":0,"footnotes":""},"class_list":["post-958","page","type-page","status-publish","hentry"],"_links":{"self":[{"href":"https:\/\/www.fogaszatikeszulek.hu\/index.php\/wp-json\/wp\/v2\/pages\/958","targetHints":{"allow":["GET"]}}],"collection":[{"href":"https:\/\/www.fogaszatikeszulek.hu\/index.php\/wp-json\/wp\/v2\/pages"}],"about":[{"href":"https:\/\/www.fogaszatikeszulek.hu\/index.php\/wp-json\/wp\/v2\/types\/page"}],"author":[{"embeddable":true,"href":"https:\/\/www.fogaszatikeszulek.hu\/index.php\/wp-json\/wp\/v2\/users\/1"}],"replies":[{"embeddable":true,"href":"https:\/\/www.fogaszatikeszulek.hu\/index.php\/wp-json\/wp\/v2\/comments?post=958"}],"version-history":[{"count":18,"href":"https:\/\/www.fogaszatikeszulek.hu\/index.php\/wp-json\/wp\/v2\/pages\/958\/revisions"}],"predecessor-version":[{"id":1625,"href":"https:\/\/www.fogaszatikeszulek.hu\/index.php\/wp-json\/wp\/v2\/pages\/958\/revisions\/1625"}],"wp:attachment":[{"href":"https:\/\/www.fogaszatikeszulek.hu\/index.php\/wp-json\/wp\/v2\/media?parent=958"}],"curies":[{"name":"wp","href":"https:\/\/api.w.org\/{rel}","templated":true}]}}