{"id":923,"date":"2018-03-14T14:20:26","date_gmt":"2018-03-14T14:20:26","guid":{"rendered":"http:\/\/www.fogaszatikeszulek.hu\/?page_id=923"},"modified":"2019-03-07T15:48:05","modified_gmt":"2019-03-07T15:48:05","slug":"ineos-x5","status":"publish","type":"page","link":"https:\/\/www.fogaszatikeszulek.hu\/index.php\/ineos-x5\/","title":{"rendered":"inEos X5"},"content":{"rendered":"<h5 style=\"text-align: left;\"><img decoding=\"async\" class=\"size-full wp-image-926 alignleft\" src=\"https:\/\/www.fogaszatikeszulek.hu\/wp-content\/uploads\/2018\/03\/1489002465858.png\" alt=\"\" width=\"460\" srcset=\"https:\/\/www.fogaszatikeszulek.hu\/wp-content\/uploads\/2018\/03\/1489002465858.png 1200w, https:\/\/www.fogaszatikeszulek.hu\/wp-content\/uploads\/2018\/03\/1489002465858-300x169.png 300w, https:\/\/www.fogaszatikeszulek.hu\/wp-content\/uploads\/2018\/03\/1489002465858-768x432.png 768w, https:\/\/www.fogaszatikeszulek.hu\/wp-content\/uploads\/2018\/03\/1489002465858-1024x576.png 1024w, https:\/\/www.fogaszatikeszulek.hu\/wp-content\/uploads\/2018\/03\/1489002465858-830x467.png 830w, https:\/\/www.fogaszatikeszulek.hu\/wp-content\/uploads\/2018\/03\/1489002465858-230x129.png 230w, https:\/\/www.fogaszatikeszulek.hu\/wp-content\/uploads\/2018\/03\/1489002465858-350x197.png 350w, https:\/\/www.fogaszatikeszulek.hu\/wp-content\/uploads\/2018\/03\/1489002465858-480x270.png 480w\" sizes=\"(max-width: 1200px) 100vw, 1200px\" \/>Egy szkenner. Rengeteg lehet\u0151s\u00e9g.<\/h5>\n<p style=\"text-align: justify;\">Az inEos X5 az optikai m\u00e9r\u0151rendszerek legmagasabb min\u0151s\u00e9gi el\u0151\u00edr\u00e1sainak megfelel\u0151en ker\u00fclt kifejleszt\u00e9sre. A legnagyobb pontoss\u00e1got biztos\u00edtja minden digitaliz\u00e1l\u00e1shoz, ami a fogtechnikus sz\u00e1m\u00e1ra \u00e9rdekes lehet.<\/p>\n<p>&nbsp;<\/p>\n<ul>\n<li>Intelligens szkennel\u00e9si technol\u00f3gia: robotkarral, 5-tengelyes poz\u00edcion\u00e1l\u00e1si koncepci\u00f3val<\/li>\n<li>Kiv\u00e1l\u00f3 pontoss\u00e1g \u00e9s legnagyobb m\u00e9lys\u00e9g\u00e9less\u00e9g<\/li>\n<li>A letisztult szoftverfel\u00fclet \u00e9s az intuit\u00edv m\u0171k\u00f6d\u00e9s n\u00e9h\u00e1ny kattint\u00e1s alatt digit\u00e1lis modelleket eredm\u00e9nyez &nbsp;<\/li>\n<\/ul>\n<p>&nbsp;<\/p>\n<table>\n<tbody>\n<tr>\n<td width=\"200\"><img loading=\"lazy\" decoding=\"async\" class=\"wp-image-960 aligncenter\" src=\"https:\/\/www.fogaszatikeszulek.hu\/wp-content\/uploads\/2018\/03\/7.jpg\" alt=\"\" width=\"120\" height=\"101\" srcset=\"https:\/\/www.fogaszatikeszulek.hu\/wp-content\/uploads\/2018\/03\/7.jpg 1078w, https:\/\/www.fogaszatikeszulek.hu\/wp-content\/uploads\/2018\/03\/7-300x253.jpg 300w, https:\/\/www.fogaszatikeszulek.hu\/wp-content\/uploads\/2018\/03\/7-768x647.jpg 768w, https:\/\/www.fogaszatikeszulek.hu\/wp-content\/uploads\/2018\/03\/7-1024x863.jpg 1024w, https:\/\/www.fogaszatikeszulek.hu\/wp-content\/uploads\/2018\/03\/7-830x699.jpg 830w, https:\/\/www.fogaszatikeszulek.hu\/wp-content\/uploads\/2018\/03\/7-230x194.jpg 230w, https:\/\/www.fogaszatikeszulek.hu\/wp-content\/uploads\/2018\/03\/7-350x295.jpg 350w, https:\/\/www.fogaszatikeszulek.hu\/wp-content\/uploads\/2018\/03\/7-480x404.jpg 480w\" sizes=\"auto, (max-width: 120px) 100vw, 120px\" \/><\/td>\n<td width=\"200\"><img loading=\"lazy\" decoding=\"async\" class=\"wp-image-967 aligncenter\" src=\"https:\/\/www.fogaszatikeszulek.hu\/wp-content\/uploads\/2018\/03\/8.jpg\" alt=\"\" width=\"120\" height=\"101\" srcset=\"https:\/\/www.fogaszatikeszulek.hu\/wp-content\/uploads\/2018\/03\/8.jpg 1078w, https:\/\/www.fogaszatikeszulek.hu\/wp-content\/uploads\/2018\/03\/8-300x253.jpg 300w, https:\/\/www.fogaszatikeszulek.hu\/wp-content\/uploads\/2018\/03\/8-768x647.jpg 768w, https:\/\/www.fogaszatikeszulek.hu\/wp-content\/uploads\/2018\/03\/8-1024x863.jpg 1024w, https:\/\/www.fogaszatikeszulek.hu\/wp-content\/uploads\/2018\/03\/8-830x699.jpg 830w, https:\/\/www.fogaszatikeszulek.hu\/wp-content\/uploads\/2018\/03\/8-230x194.jpg 230w, https:\/\/www.fogaszatikeszulek.hu\/wp-content\/uploads\/2018\/03\/8-350x295.jpg 350w, https:\/\/www.fogaszatikeszulek.hu\/wp-content\/uploads\/2018\/03\/8-480x404.jpg 480w\" sizes=\"auto, (max-width: 120px) 100vw, 120px\" \/><\/td>\n<td width=\"200\"><img loading=\"lazy\" decoding=\"async\" class=\"wp-image-968 aligncenter\" src=\"https:\/\/www.fogaszatikeszulek.hu\/wp-content\/uploads\/2018\/03\/9.jpg\" alt=\"\" width=\"120\" height=\"101\" srcset=\"https:\/\/www.fogaszatikeszulek.hu\/wp-content\/uploads\/2018\/03\/9.jpg 1078w, https:\/\/www.fogaszatikeszulek.hu\/wp-content\/uploads\/2018\/03\/9-300x253.jpg 300w, https:\/\/www.fogaszatikeszulek.hu\/wp-content\/uploads\/2018\/03\/9-768x647.jpg 768w, https:\/\/www.fogaszatikeszulek.hu\/wp-content\/uploads\/2018\/03\/9-1024x863.jpg 1024w, https:\/\/www.fogaszatikeszulek.hu\/wp-content\/uploads\/2018\/03\/9-830x699.jpg 830w, https:\/\/www.fogaszatikeszulek.hu\/wp-content\/uploads\/2018\/03\/9-230x194.jpg 230w, https:\/\/www.fogaszatikeszulek.hu\/wp-content\/uploads\/2018\/03\/9-350x295.jpg 350w, https:\/\/www.fogaszatikeszulek.hu\/wp-content\/uploads\/2018\/03\/9-480x404.jpg 480w\" sizes=\"auto, (max-width: 120px) 100vw, 120px\" \/><\/td>\n<\/tr>\n<tr>\n<td style=\"text-align: top;\" width=\"200\">\n<h4 style=\"vertical-align: top;\"><strong>2.1 \u00b5m<\/strong><\/h4>\n<p style=\"vertical-align: top;\">Leny\u0171g\u00f6z\u0151 precizit\u00e1s (0,0021 mm)&nbsp; mint alaphelyzet<\/p>\n<\/td>\n<td style=\"vertical-align: top;\" width=\"200\">\n<h4 style=\"vertical-align: top;\"><strong>Megb\u00edzhat\u00f3<\/strong><\/h4>\n<p style=\"vertical-align: top;\">Minden szkennel\u00e9st nagy megb\u00edzhat\u00f3s\u00e1ggal v\u00e9gz\u00fcnk<\/p>\n<\/td>\n<td style=\"text-align: top;\" width=\"200\">\n<h4 style=\"vertical-align: top;\"><strong>Ny\u00edlt rendszer<\/strong><\/h4>\n<p style=\"vertical-align: top;\">STL adatkivitel a szabadon v\u00e1lasztott tervez\u00e9si \u00e9s gy\u00e1rt\u00e1si komponensekhez<\/p>\n<\/td>\n<\/tr>\n<\/tbody>\n<\/table>\n<h5>&nbsp;<iframe loading=\"lazy\"  id=\"_ytid_55444\"  width=\"1170\" height=\"658\"  data-origwidth=\"1170\" data-origheight=\"658\" src=\"https:\/\/www.youtube.com\/embed\/KnD8WM5dkKw?enablejsapi=1&autoplay=0&cc_load_policy=0&cc_lang_pref=&iv_load_policy=1&loop=0&rel=1&fs=1&playsinline=0&autohide=2&theme=dark&color=red&controls=1&disablekb=0&\" class=\"__youtube_prefs__  no-lazyload\" title=\"YouTube player\"  allow=\"fullscreen; accelerometer; autoplay; clipboard-write; encrypted-media; gyroscope; picture-in-picture; web-share\" referrerpolicy=\"strict-origin-when-cross-origin\" allowfullscreen data-no-lazy=\"1\" data-skipgform_ajax_framebjll=\"\"><\/iframe><\/h5>\n<h5>&nbsp;<\/h5>\n<p style=\"text-align: justify;\">Scan technol\u00f3gia &#8211; Made in Germany. Az inEos X5 \u00f6sszetev\u0151ket N\u00e9metorsz\u00e1gban fejlesztett\u00e9k ki fog\u00e1szati \u200b\u200balkalmaz\u00e1sokhoz szigor\u00fa min\u0151s\u00e9gi el\u0151\u00edr\u00e1soknak megfelel\u0151en. Robotkarj\u00e1val, innovat\u00edv modell pozicion\u00e1l\u00e1s\u00e1val \u00e9s a nyitott fel\u00fclettel az 5-tengely\u0171 inEos X5&nbsp; bel\u00e9p\u0151 a p\u00e1ratlan pontoss\u00e1g\u00fa, rugalmas kezel\u00e9s, gyors szkennel\u00e9s \u00e9s a sz\u00e9lesk\u00f6r\u0171 alkalmaz\u00e1sok vil\u00e1g\u00e1ba.<\/p>\n<p>&nbsp;<\/p>\n<table>\n<tbody>\n<tr>\n<td width=\"200\"><img loading=\"lazy\" decoding=\"async\" class=\"alignnone size-full wp-image-934\" src=\"https:\/\/www.fogaszatikeszulek.hu\/wp-content\/uploads\/2018\/03\/1486991886886.png\" alt=\"\" width=\"570\" height=\"342\" srcset=\"https:\/\/www.fogaszatikeszulek.hu\/wp-content\/uploads\/2018\/03\/1486991886886.png 570w, https:\/\/www.fogaszatikeszulek.hu\/wp-content\/uploads\/2018\/03\/1486991886886-300x180.png 300w, https:\/\/www.fogaszatikeszulek.hu\/wp-content\/uploads\/2018\/03\/1486991886886-230x138.png 230w, https:\/\/www.fogaszatikeszulek.hu\/wp-content\/uploads\/2018\/03\/1486991886886-350x210.png 350w, https:\/\/www.fogaszatikeszulek.hu\/wp-content\/uploads\/2018\/03\/1486991886886-480x288.png 480w\" sizes=\"auto, (max-width: 570px) 100vw, 570px\" \/><\/td>\n<td width=\"200\"><img loading=\"lazy\" decoding=\"async\" class=\"alignnone size-full wp-image-937\" src=\"https:\/\/www.fogaszatikeszulek.hu\/wp-content\/uploads\/2018\/03\/1486992608643.png\" alt=\"\" width=\"570\" height=\"342\" srcset=\"https:\/\/www.fogaszatikeszulek.hu\/wp-content\/uploads\/2018\/03\/1486992608643.png 570w, https:\/\/www.fogaszatikeszulek.hu\/wp-content\/uploads\/2018\/03\/1486992608643-300x180.png 300w, https:\/\/www.fogaszatikeszulek.hu\/wp-content\/uploads\/2018\/03\/1486992608643-230x138.png 230w, https:\/\/www.fogaszatikeszulek.hu\/wp-content\/uploads\/2018\/03\/1486992608643-350x210.png 350w, https:\/\/www.fogaszatikeszulek.hu\/wp-content\/uploads\/2018\/03\/1486992608643-480x288.png 480w\" sizes=\"auto, (max-width: 570px) 100vw, 570px\" \/><\/td>\n<td width=\"200\"><img loading=\"lazy\" decoding=\"async\" class=\"alignnone size-full wp-image-939\" src=\"https:\/\/www.fogaszatikeszulek.hu\/wp-content\/uploads\/2018\/03\/1486993466040.png\" alt=\"\" width=\"570\" height=\"342\" srcset=\"https:\/\/www.fogaszatikeszulek.hu\/wp-content\/uploads\/2018\/03\/1486993466040.png 570w, https:\/\/www.fogaszatikeszulek.hu\/wp-content\/uploads\/2018\/03\/1486993466040-300x180.png 300w, https:\/\/www.fogaszatikeszulek.hu\/wp-content\/uploads\/2018\/03\/1486993466040-230x138.png 230w, https:\/\/www.fogaszatikeszulek.hu\/wp-content\/uploads\/2018\/03\/1486993466040-350x210.png 350w, https:\/\/www.fogaszatikeszulek.hu\/wp-content\/uploads\/2018\/03\/1486993466040-480x288.png 480w\" sizes=\"auto, (max-width: 570px) 100vw, 570px\" \/><\/td>\n<\/tr>\n<tr>\n<td style=\"text-align: top;\" width=\"200\">\n<p style=\"vertical-align: top;\"><strong>Lenyomat scan<\/strong><\/p>\n<p style=\"vertical-align: top;\">K\u00fcl\u00f6nb\u00f6z\u0151 form\u00e1j\u00fa \u00e9s m\u00e9ret\u0171 lenyomatkanalat szkennel&nbsp; neh\u00e9zs\u00e9gek n\u00e9lk\u00fcl.<\/p>\n<\/td>\n<td style=\"vertical-align: top;\" width=\"200\">\n<p style=\"vertical-align: top;\"><strong>H\u00e1rmas kan\u00e1l beolvas\u00e1s<\/strong><\/p>\n<p style=\"vertical-align: top;\">Az als\u00f3 \u00e9s a fels\u0151 \u00e1llcsont a harap\u00e1s regisztr\u00e1ci\u00f3val egy\u00fctt beolvashat\u00f3k.<\/p>\n<\/td>\n<td style=\"text-align: top;\" width=\"200\">\n<p style=\"vertical-align: top;\"><strong>K\u00e9zi szkennel\u00e9s<\/strong><\/p>\n<p style=\"vertical-align: top;\">Kisebb munk\u00e1k n\u00e9h\u00e1ny elk\u00e9sz\u00edtett foggal gyorsan \u00e9s hat\u00e9konyan beolvashat\u00f3 k\u00e9zi \u00fczemm\u00f3dban.&nbsp;<\/p>\n<\/td>\n<\/tr>\n<tr>\n<td width=\"200\"><img loading=\"lazy\" decoding=\"async\" class=\"alignnone size-full wp-image-940\" src=\"https:\/\/www.fogaszatikeszulek.hu\/wp-content\/uploads\/2018\/03\/1486994413005.png\" alt=\"\" width=\"570\" height=\"342\" srcset=\"https:\/\/www.fogaszatikeszulek.hu\/wp-content\/uploads\/2018\/03\/1486994413005.png 570w, https:\/\/www.fogaszatikeszulek.hu\/wp-content\/uploads\/2018\/03\/1486994413005-300x180.png 300w, https:\/\/www.fogaszatikeszulek.hu\/wp-content\/uploads\/2018\/03\/1486994413005-230x138.png 230w, https:\/\/www.fogaszatikeszulek.hu\/wp-content\/uploads\/2018\/03\/1486994413005-350x210.png 350w, https:\/\/www.fogaszatikeszulek.hu\/wp-content\/uploads\/2018\/03\/1486994413005-480x288.png 480w\" sizes=\"auto, (max-width: 570px) 100vw, 570px\" \/><\/td>\n<td width=\"200\"><img loading=\"lazy\" decoding=\"async\" class=\"alignnone size-full wp-image-936\" src=\"https:\/\/www.fogaszatikeszulek.hu\/wp-content\/uploads\/2018\/03\/1486992608618.png\" alt=\"\" width=\"570\" height=\"342\" srcset=\"https:\/\/www.fogaszatikeszulek.hu\/wp-content\/uploads\/2018\/03\/1486992608618.png 570w, https:\/\/www.fogaszatikeszulek.hu\/wp-content\/uploads\/2018\/03\/1486992608618-300x180.png 300w, https:\/\/www.fogaszatikeszulek.hu\/wp-content\/uploads\/2018\/03\/1486992608618-230x138.png 230w, https:\/\/www.fogaszatikeszulek.hu\/wp-content\/uploads\/2018\/03\/1486992608618-350x210.png 350w, https:\/\/www.fogaszatikeszulek.hu\/wp-content\/uploads\/2018\/03\/1486992608618-480x288.png 480w\" sizes=\"auto, (max-width: 570px) 100vw, 570px\" \/><\/td>\n<td width=\"200\"><img loading=\"lazy\" decoding=\"async\" class=\"alignnone size-full wp-image-938\" src=\"https:\/\/www.fogaszatikeszulek.hu\/wp-content\/uploads\/2018\/03\/1486993422919.png\" alt=\"\" width=\"570\" height=\"342\" srcset=\"https:\/\/www.fogaszatikeszulek.hu\/wp-content\/uploads\/2018\/03\/1486993422919.png 570w, https:\/\/www.fogaszatikeszulek.hu\/wp-content\/uploads\/2018\/03\/1486993422919-300x180.png 300w, https:\/\/www.fogaszatikeszulek.hu\/wp-content\/uploads\/2018\/03\/1486993422919-230x138.png 230w, https:\/\/www.fogaszatikeszulek.hu\/wp-content\/uploads\/2018\/03\/1486993422919-350x210.png 350w, https:\/\/www.fogaszatikeszulek.hu\/wp-content\/uploads\/2018\/03\/1486993422919-480x288.png 480w\" sizes=\"auto, (max-width: 570px) 100vw, 570px\" \/><\/td>\n<\/tr>\n<tr>\n<td style=\"text-align: top;\" width=\"200\">\n<p style=\"text-align: top;\"><strong>Gyors szkennel\u00e9s<\/strong><\/p>\n<p>Teljes \u00e1llkapocs modellek kevesebb, mint 60 m\u00e1sodperc alatt digitaliz\u00e1lhat\u00f3, k\u00f6sz\u00f6nhet\u0151en a nagym\u00e9ret\u0171 szkennel\u00e9si mez\u0151nek.<\/td>\n<td style=\"vertical-align: top;\" width=\"200\">\n<p style=\"text-align: top;\"><strong>T\u00f6bbmodelles szkennel\u00e9s<\/strong><\/p>\n<p style=\"text-align: top;\">T\u00f6bb csonk is egyszerre beszkennelhet\u0151, \u00e9s a prepar\u00e1ci\u00f3s hat\u00e1rok egy\u00e9rtelm\u0171en elk\u00fcl\u00f6n\u00fclnek.<\/p>\n<\/td>\n<td style=\"vertical-align: top;\" width=\"200\">\n<p style=\"text-align: top;\"><strong>Text\u00fara szkennel\u00e9s<\/strong><\/p>\n<p style=\"text-align: top;\">A modellen l\u00e9v\u0151 jel\u00f6l\u00e9sek l\u00e1that\u00f3ak a vizu\u00e1lis seg\u00edts\u00e9ghez, p\u00e9ld\u00e1ul inLab CAD szoftverrel k\u00e9sz\u00fcl\u0151 r\u00e9szleges fogsor\u00e9p\u00edt\u00e9sn\u00e9l.&nbsp;<\/p>\n<\/td>\n<\/tr>\n<tr>\n<td style=\"vertical-align: top;\" width=\"200\">\n<p style=\"vertical-align: top;\"><img loading=\"lazy\" decoding=\"async\" class=\"alignnone size-full wp-image-935\" src=\"https:\/\/www.fogaszatikeszulek.hu\/wp-content\/uploads\/2018\/03\/1486992608508.png\" alt=\"\" width=\"570\" height=\"342\" srcset=\"https:\/\/www.fogaszatikeszulek.hu\/wp-content\/uploads\/2018\/03\/1486992608508.png 570w, https:\/\/www.fogaszatikeszulek.hu\/wp-content\/uploads\/2018\/03\/1486992608508-300x180.png 300w, https:\/\/www.fogaszatikeszulek.hu\/wp-content\/uploads\/2018\/03\/1486992608508-230x138.png 230w, https:\/\/www.fogaszatikeszulek.hu\/wp-content\/uploads\/2018\/03\/1486992608508-350x210.png 350w, https:\/\/www.fogaszatikeszulek.hu\/wp-content\/uploads\/2018\/03\/1486992608508-480x288.png 480w\" sizes=\"auto, (max-width: 570px) 100vw, 570px\" \/><\/p>\n<\/td>\n<td style=\"text-align: top;\" width=\"200\">&nbsp;<\/td>\n<td style=\"text-align: top;\" width=\"200\">&nbsp;<\/td>\n<\/tr>\n<tr>\n<td style=\"vertical-align: top;\" width=\"200\">\n<p style=\"vertical-align: top;\"><strong>Nagy beolvas\u00e1si fel\u00fclet<\/strong><\/p>\n<p style=\"vertical-align: top;\">Lehet\u0151v\u00e9 teszi a legn\u00e9pszer\u0171bb artikul\u00e1torok pozicion\u00e1l\u00e1s\u00e1t \u00e9s korl\u00e1tlan hozz\u00e1f\u00e9r\u00e9st biztos\u00edt a modellhez.<\/p>\n<\/td>\n<td style=\"text-align: top;\" width=\"200\">\n<p style=\"text-align: top;\">&nbsp;<\/p>\n<\/td>\n<td style=\"text-align: top;\" width=\"200\">&nbsp;<\/td>\n<\/tr>\n<\/tbody>\n<\/table>\n<p>&nbsp;<\/p>\n<h5>M\u0171szaki adatok<\/h5>\n<table>\n<tbody>\n<tr>\n<td style=\"text-align: left;\" width=\"50\">M\u00e9retek<\/td>\n<td style=\"text-align: left;\" width=\"200\">474 x 735 x 460 mm<\/td>\n<\/tr>\n<tr>\n<td style=\"vertical-align: top; text-align: left;\" width=\"50\">S\u00faly&nbsp;<\/td>\n<td style=\"text-align: left;\" width=\"200\">40 kg&nbsp;<\/td>\n<\/tr>\n<tr>\n<td style=\"text-align: left;\" width=\"50\">H\u00e1l\u00f3zati fesz\u00fclts\u00e9g&nbsp;<\/td>\n<td style=\"text-align: left;\" width=\"200\">100-240 V&nbsp;<\/td>\n<\/tr>\n<tr>\n<td style=\"vertical-align: top; text-align: left;\" width=\"50\">H\u00e1l\u00f3zati frekvencia&nbsp;<\/td>\n<td style=\"text-align: left;\" width=\"200\">47 &#8211; 63 Hz&nbsp;<\/td>\n<\/tr>\n<tr>\n<td style=\"text-align: left;\" width=\"50\">Energiafelhaszn\u00e1l\u00e1s&nbsp;<\/td>\n<td style=\"text-align: left;\" width=\"200\">150 W&nbsp;<\/td>\n<\/tr>\n<tr>\n<td style=\"text-align: left;\" width=\"50\">Szkennel\u00e9si technika&nbsp;<\/td>\n<td style=\"text-align: left;\" width=\"200\">digit\u00e1lis f\u00e9nycs\u00edkos vet\u00fclet&nbsp;<\/td>\n<\/tr>\n<tr>\n<td style=\"vertical-align: top; text-align: left;\" width=\"50\">Szkennel\u00e9si anyag&nbsp;<\/td>\n<td style=\"text-align: left;\" width=\"200\">Minden \u00e1ltal\u00e1nosan alkalmazott fog\u00e1szati modell\u00f6ntv\u00e9ny (kiv\u00e9ve er\u0151sen abszorbens, t\u00fckr\u00f6z\u0151 vagy \u00e1tl\u00e1tsz\u00f3 anyagok)&nbsp;<\/td>\n<\/tr>\n<tr>\n<td style=\"text-align: left;\" width=\"50\">Interf\u00e9sz<\/td>\n<td style=\"text-align: left;\" width=\"200\">USB 2.0&nbsp;<\/td>\n<\/tr>\n<tr>\n<td style=\"vertical-align: top; text-align: left;\" width=\"50\">H\u00e1l\u00f3zati kapcsol\u00f3d\u00e1s&nbsp;<\/td>\n<td style=\"text-align: left;\" width=\"200\">szkennerrel PC: LAN\/WiFi (opcion\u00e1lisan)&nbsp;<\/td>\n<\/tr>\n<\/tbody>\n<\/table>\n<h5>&nbsp;<\/h5>\n<h5>Let\u00f6lthet\u0151 dokumentumok<\/h5>\n<ul>\n<li>inLab prospektus (angol nyelv\u0171)<\/li>\n<\/ul>\n<p>&nbsp;<\/p>\n","protected":false},"excerpt":{"rendered":"<p>Egy szkenner. Rengeteg lehet\u0151s\u00e9g. Az inEos X5 az optikai m\u00e9r\u0151rendszerek legmagasabb min\u0151s\u00e9gi el\u0151\u00edr\u00e1sainak megfelel\u0151en ker\u00fclt kifejleszt\u00e9sre. A legnagyobb pontoss\u00e1got biztos\u00edtja minden digitaliz\u00e1l\u00e1shoz, ami a fogtechnikus sz\u00e1m\u00e1ra \u00e9rdekes lehet. &nbsp; Intelligens szkennel\u00e9si technol\u00f3gia: robotkarral, 5-tengelyes poz\u00edcion\u00e1l\u00e1si koncepci\u00f3val Kiv\u00e1l\u00f3 pontoss\u00e1g \u00e9s legnagyobb m\u00e9lys\u00e9g\u00e9less\u00e9g A letisztult szoftverfel\u00fclet \u00e9s az intuit\u00edv m\u0171k\u00f6d\u00e9s n\u00e9h\u00e1ny kattint\u00e1s alatt digit\u00e1lis modelleket eredm\u00e9nyez &nbsp; [&hellip;]<\/p>\n","protected":false},"author":1,"featured_media":0,"parent":0,"menu_order":0,"comment_status":"closed","ping_status":"closed","template":"","meta":{"ngg_post_thumbnail":0,"footnotes":""},"class_list":["post-923","page","type-page","status-publish","hentry"],"_links":{"self":[{"href":"https:\/\/www.fogaszatikeszulek.hu\/index.php\/wp-json\/wp\/v2\/pages\/923","targetHints":{"allow":["GET"]}}],"collection":[{"href":"https:\/\/www.fogaszatikeszulek.hu\/index.php\/wp-json\/wp\/v2\/pages"}],"about":[{"href":"https:\/\/www.fogaszatikeszulek.hu\/index.php\/wp-json\/wp\/v2\/types\/page"}],"author":[{"embeddable":true,"href":"https:\/\/www.fogaszatikeszulek.hu\/index.php\/wp-json\/wp\/v2\/users\/1"}],"replies":[{"embeddable":true,"href":"https:\/\/www.fogaszatikeszulek.hu\/index.php\/wp-json\/wp\/v2\/comments?post=923"}],"version-history":[{"count":28,"href":"https:\/\/www.fogaszatikeszulek.hu\/index.php\/wp-json\/wp\/v2\/pages\/923\/revisions"}],"predecessor-version":[{"id":988,"href":"https:\/\/www.fogaszatikeszulek.hu\/index.php\/wp-json\/wp\/v2\/pages\/923\/revisions\/988"}],"wp:attachment":[{"href":"https:\/\/www.fogaszatikeszulek.hu\/index.php\/wp-json\/wp\/v2\/media?parent=923"}],"curies":[{"name":"wp","href":"https:\/\/api.w.org\/{rel}","templated":true}]}}