{"id":891,"date":"2018-03-14T12:11:03","date_gmt":"2018-03-14T12:11:03","guid":{"rendered":"http:\/\/www.fogaszatikeszulek.hu\/?page_id=891"},"modified":"2019-02-21T14:26:15","modified_gmt":"2019-02-21T14:26:15","slug":"inlab-cad-cad","status":"publish","type":"page","link":"https:\/\/www.fogaszatikeszulek.hu\/index.php\/inlab-cad-cad\/","title":{"rendered":"inLab CAD\/CAM"},"content":{"rendered":"<h5>Megold\u00e1sok fogtechnikai laborok sz\u00e1m\u00e1ra<\/h5>\n<p style=\"text-align: justify;\">A digit\u00e1lis fog\u00e1szati \u200b\u200bfolyamatoknak t\u00fckr\u00f6zni\u00fck kell a ma l\u00e9tez\u0151 fogorvosi \u00e9s anyag felhaszn\u00e1l\u00e1si lehet\u0151s\u00e9gek sokas\u00e1g\u00e1t. Fel kell k\u00e9sz\u00fclni\u00fck a CAD\/CAM \u00e1ltal t\u00e1mogatott teljes fog\u00e1szati \u200b\u200bmunka kezel\u00e9s\u00e9re is a j\u00f6v\u0151ben. A szoftver \u00e9s hardver \u00f6sszetev\u0151k rugalmas kombin\u00e1ci\u00f3j\u00e1val az inLab sz\u00e1mos p\u00e1ciens-specifikus megold\u00e1st tesz lehet\u0151v\u00e9 a tervez\u00e9s \u00e9s az anyagfeldolgoz\u00e1s sz\u00e1m\u00e1ra, kiterjedt anyag felhaszn\u00e1l\u00e1si k\u00edn\u00e1lattal.<\/p>\n<table>\n<tbody>\n<tr>\n<td width=\"200\"><img loading=\"lazy\" decoding=\"async\" class=\"alignnone size-full wp-image-894\" src=\"https:\/\/www.fogaszatikeszulek.hu\/wp-content\/uploads\/2018\/03\/inlab1.jpg\" alt=\"\" width=\"364\" height=\"113\" srcset=\"https:\/\/www.fogaszatikeszulek.hu\/wp-content\/uploads\/2018\/03\/inlab1.jpg 364w, https:\/\/www.fogaszatikeszulek.hu\/wp-content\/uploads\/2018\/03\/inlab1-300x93.jpg 300w, https:\/\/www.fogaszatikeszulek.hu\/wp-content\/uploads\/2018\/03\/inlab1-230x71.jpg 230w, https:\/\/www.fogaszatikeszulek.hu\/wp-content\/uploads\/2018\/03\/inlab1-350x109.jpg 350w\" sizes=\"auto, (max-width: 364px) 100vw, 364px\" \/><\/td>\n<td width=\"200\"><img loading=\"lazy\" decoding=\"async\" class=\"alignnone size-full wp-image-895\" src=\"https:\/\/www.fogaszatikeszulek.hu\/wp-content\/uploads\/2018\/03\/inlab2.jpg\" alt=\"\" width=\"364\" height=\"113\" srcset=\"https:\/\/www.fogaszatikeszulek.hu\/wp-content\/uploads\/2018\/03\/inlab2.jpg 364w, https:\/\/www.fogaszatikeszulek.hu\/wp-content\/uploads\/2018\/03\/inlab2-300x93.jpg 300w, https:\/\/www.fogaszatikeszulek.hu\/wp-content\/uploads\/2018\/03\/inlab2-230x71.jpg 230w, https:\/\/www.fogaszatikeszulek.hu\/wp-content\/uploads\/2018\/03\/inlab2-350x109.jpg 350w\" sizes=\"auto, (max-width: 364px) 100vw, 364px\" \/><\/td>\n<td width=\"200\"><img loading=\"lazy\" decoding=\"async\" class=\"alignnone size-full wp-image-896\" src=\"https:\/\/www.fogaszatikeszulek.hu\/wp-content\/uploads\/2018\/03\/inlab3.jpg\" alt=\"\" width=\"364\" height=\"113\" srcset=\"https:\/\/www.fogaszatikeszulek.hu\/wp-content\/uploads\/2018\/03\/inlab3.jpg 364w, https:\/\/www.fogaszatikeszulek.hu\/wp-content\/uploads\/2018\/03\/inlab3-300x93.jpg 300w, https:\/\/www.fogaszatikeszulek.hu\/wp-content\/uploads\/2018\/03\/inlab3-230x71.jpg 230w, https:\/\/www.fogaszatikeszulek.hu\/wp-content\/uploads\/2018\/03\/inlab3-350x109.jpg 350w\" sizes=\"auto, (max-width: 364px) 100vw, 364px\" \/><\/td>\n<\/tr>\n<tr>\n<td style=\"text-align: top;\" width=\"200\">\n<p style=\"text-align: top;\"><strong>Szkennel\u00e9s<\/strong><\/p>\n<p style=\"text-align: top;\">Hagyja, hogy az ultra prec\u00edz inEos X5 asztali szkenner a kiv\u00e1l\u00f3 min\u0151s\u00e9g\u0171 fogtechnikai munka kiindul\u00f3pontja legyen &#8211; egy k\u00e9nyelmes, prec\u00edz digit\u00e1lis prot\u00e9zis munkafolyamat sz\u00e1m\u00e1ra. Vagy haszn\u00e1lja a Sirona Connect-ot, hogy k\u00f6zvetlen digit\u00e1lis lenyomatot k\u00e9rjen a fogorvost\u00f3l.<\/p>\n<\/td>\n<td style=\"text-align: top;\" width=\"200\">\n<p style=\"text-align: top;\"><strong>Tervez\u00e9s<\/strong><\/p>\n<p style=\"text-align: top;\">Eszk\u00f6zei r\u00e9v\u00e9n az inLab CAD szoftver virtu\u00e1lis tervez\u00e9st tesz lehet\u0151v\u00e9 minden prot\u00e9zis indik\u00e1ci\u00f3 ter\u00fcleten &#8211; \u00e9s \u00edgy kiel\u00e9g\u00edti a modern fogtechnikusok ig\u00e9nyeit a legkorszer\u0171bb tervez\u00e9si szoftver megold\u00e1sokhoz.<\/p>\n<\/td>\n<td style=\"text-align: top;\" width=\"200\">\n<p style=\"text-align: top;\"><strong>Gy\u00e1rt\u00e1s<\/strong><\/p>\n<p style=\"text-align: top;\">Az anyagok sokf\u00e9les\u00e9ge t\u00f6k\u00e9letesen illeszkedik az inLab MC X5 \u00e9s az inLab MC XL egys\u00e9gek megmunk\u00e1l\u00e1si lehet\u0151s\u00e9geihez. Anyagt\u00f3l f\u00fcgg\u0151en t\u00e1mogatj\u00e1k az \u00d6n \u00e1ltal megtervezett restaur\u00e1ci\u00f3 mar\u00e1s\u00e1t, csiszol\u00e1s\u00e1t, nedves vagy sz\u00e1raz feldolgoz\u00e1s\u00e1t.<\/p>\n<\/td>\n<\/tr>\n<\/tbody>\n<\/table>\n<h5>&nbsp;<\/h5>\n<h5>Szkenner, szoftver, fr\u00e9z egys\u00e9g,&nbsp; anyag<\/h5>\n<p>A Dentsply Sirona inLab \u00f6sszetev\u0151it a fogtechnikusok napi rutinj\u00e1ra optimaliz\u00e1lt\u00e1k.&nbsp;<\/p>\n<ul>\n<li>Rugalmas:&nbsp;A h\u00e1zon bel\u00fcli \u00e9s a k\u00f6zponti gy\u00e1rt\u00e1s k\u00f6z\u00f6tt b\u00e1rmikor v\u00e1laszthat<\/li>\n<li>Ny\u00edlt:&nbsp;Haszn\u00e1lja a DentsplySirona CAD\/CAM \u00f6sszetev\u0151it egy rendszerk\u00e9nt vagy \u00f6tv\u00f6zze m\u00e1s gy\u00e1rt\u00f3k megold\u00e1saival<\/li>\n<li>V\u00e1ltozatos:&nbsp;A v\u00e1ltozatos anyagfelhaszn\u00e1l\u00e1s nagyobb teret enged a napi munkav\u00e9gz\u00e9s sor\u00e1n<\/li>\n<li>Gazdas\u00e1gos:&nbsp;Haszn\u00e1lja ki a gazdas\u00e1goss\u00e1gi lehet\u0151s\u00e9geket, amelyeket a rendszer vari\u00e1lhat\u00f3s\u00e1ga tesz lehet\u0151v\u00e9<br \/>\n&nbsp;<\/li>\n<\/ul>\n<table>\n<tbody>\n<tr>\n<td width=\"180\"><img loading=\"lazy\" decoding=\"async\" class=\"alignnone size-full wp-image-901\" src=\"https:\/\/www.fogaszatikeszulek.hu\/wp-content\/uploads\/2018\/03\/1487942864833.png\" alt=\"\" width=\"570\" height=\"342\" srcset=\"https:\/\/www.fogaszatikeszulek.hu\/wp-content\/uploads\/2018\/03\/1487942864833.png 570w, https:\/\/www.fogaszatikeszulek.hu\/wp-content\/uploads\/2018\/03\/1487942864833-300x180.png 300w, https:\/\/www.fogaszatikeszulek.hu\/wp-content\/uploads\/2018\/03\/1487942864833-230x138.png 230w, https:\/\/www.fogaszatikeszulek.hu\/wp-content\/uploads\/2018\/03\/1487942864833-350x210.png 350w, https:\/\/www.fogaszatikeszulek.hu\/wp-content\/uploads\/2018\/03\/1487942864833-480x288.png 480w\" sizes=\"auto, (max-width: 570px) 100vw, 570px\" \/>&nbsp;<\/td>\n<td width=\"10\">&nbsp;<\/td>\n<td width=\"250\">\n<p style=\"text-align: justify;\"><a href=\"https:\/\/www.fogaszatikeszulek.hu\/index.php\/ineos-x5\/\"><span style=\"text-align: left; font-family: inherit; font-size: inherit;\"><b>Szkennel\u00e9s<\/b><\/span><\/a><\/p>\n<p style=\"text-align: justify;\"><span style=\"text-align: left; font-family: inherit; font-size: inherit;\">Az inEos X5 teljes\u00edtm\u00e9nye \u00e9s pontoss\u00e1ga, mint \u00f6n\u00e1ll\u00f3 digit\u00e1lis eleme a labor termel\u00e9snek vagy a digit\u00e1lis h\u00e1zon bel\u00fcli munkafolyamat r\u00e9szek\u00e9nt, az alapj\u00e1t k\u00e9pezi a k\u00e9s\u0151bbi restaur\u00e1ci\u00f3 magas sz\u00ednvonal\u00e1nak.<br \/>\n<\/span><\/p>\n<\/td>\n<\/tr>\n<tr>\n<td width=\"180\"><img loading=\"lazy\" decoding=\"async\" class=\"alignnone size-full wp-image-902\" src=\"https:\/\/www.fogaszatikeszulek.hu\/wp-content\/uploads\/2018\/03\/1487253537965.png\" alt=\"\" width=\"570\" height=\"342\" srcset=\"https:\/\/www.fogaszatikeszulek.hu\/wp-content\/uploads\/2018\/03\/1487253537965.png 570w, https:\/\/www.fogaszatikeszulek.hu\/wp-content\/uploads\/2018\/03\/1487253537965-300x180.png 300w, https:\/\/www.fogaszatikeszulek.hu\/wp-content\/uploads\/2018\/03\/1487253537965-230x138.png 230w, https:\/\/www.fogaszatikeszulek.hu\/wp-content\/uploads\/2018\/03\/1487253537965-350x210.png 350w, https:\/\/www.fogaszatikeszulek.hu\/wp-content\/uploads\/2018\/03\/1487253537965-480x288.png 480w\" sizes=\"auto, (max-width: 570px) 100vw, 570px\" \/>&nbsp;<\/td>\n<td width=\"10\">&nbsp;<\/td>\n<td width=\"250\">\n<p style=\"text-align: justify;\"><a href=\"https:\/\/www.fogaszatikeszulek.hu\/index.php\/cadszoftver\/\"><strong>Tervez\u00e9s<\/strong><\/a><\/p>\n<p style=\"text-align: justify;\">Az inLab CAD szoftver sz\u00e1m\u00edt\u00f3g\u00e9ppel t\u00e1mogatott tervez\u00e9si lehet\u0151s\u00e9gei sz\u00e1mos indik\u00e1ci\u00f3t lefednek. Ak\u00e1r veneer, inlay, onlay, korona, h\u00edd, vagy implant\u00e1tummal ell\u00e1tott restaur\u00e1ci\u00f3r\u00f3l van sz\u00f3, megvan a v\u00e1laszt\u00e1s lehet\u0151s\u00e9ge, hogy szabadon azt tervezze, amit szeretne.<\/p>\n<\/td>\n<\/tr>\n<tr>\n<td width=\"180\"><img loading=\"lazy\" decoding=\"async\" class=\"alignnone size-full wp-image-903\" src=\"https:\/\/www.fogaszatikeszulek.hu\/wp-content\/uploads\/2018\/03\/1489776428190.png\" alt=\"\" width=\"570\" height=\"342\" srcset=\"https:\/\/www.fogaszatikeszulek.hu\/wp-content\/uploads\/2018\/03\/1489776428190.png 570w, https:\/\/www.fogaszatikeszulek.hu\/wp-content\/uploads\/2018\/03\/1489776428190-300x180.png 300w, https:\/\/www.fogaszatikeszulek.hu\/wp-content\/uploads\/2018\/03\/1489776428190-230x138.png 230w, https:\/\/www.fogaszatikeszulek.hu\/wp-content\/uploads\/2018\/03\/1489776428190-350x210.png 350w, https:\/\/www.fogaszatikeszulek.hu\/wp-content\/uploads\/2018\/03\/1489776428190-480x288.png 480w\" sizes=\"auto, (max-width: 570px) 100vw, 570px\" \/>&nbsp;<\/td>\n<td width=\"10\">&nbsp;<\/td>\n<td width=\"250\">\n<p style=\"text-align: justify;\"><a href=\"https:\/\/www.fogaszatikeszulek.hu\/index.php\/gyartas\/\"><strong>Gy\u00e1rt\u00e1s<\/strong><\/a><\/p>\n<p style=\"text-align: justify;\">A funkcion\u00e1lis \u00e9s eszt\u00e9tikai fogp\u00f3tl\u00e1s &#8222;legjobbja&#8221; a fogorvos \u00e9s a fogtechnikus k\u00f6z\u00f6tti t\u00f6k\u00e9letes egy\u00fcttm\u0171k\u00f6d\u00e9sen alapul &#8211; a beteggel egy\u00fctt. A digit\u00e1lis restaur\u00e1ci\u00f3val kapcsolatos munkafolyamatok sor\u00e1n a harmoniz\u00e1lt inLab CAD\/CAM \u00f6sszetev\u0151k d\u00f6nt\u0151 jelent\u0151s\u00e9ggel b\u00edrnak, megb\u00edzhat\u00f3 min\u0151s\u00e9get biztos\u00edtanak a k\u00edv\u00e1nt restaur\u00e1ci\u00f3hoz.<\/p>\n<\/td>\n<\/tr>\n<tr>\n<td width=\"180\"><img loading=\"lazy\" decoding=\"async\" class=\"alignnone size-full wp-image-906\" src=\"https:\/\/www.fogaszatikeszulek.hu\/wp-content\/uploads\/2018\/03\/1489330389361.png\" alt=\"\" width=\"570\" height=\"342\" srcset=\"https:\/\/www.fogaszatikeszulek.hu\/wp-content\/uploads\/2018\/03\/1489330389361.png 570w, https:\/\/www.fogaszatikeszulek.hu\/wp-content\/uploads\/2018\/03\/1489330389361-300x180.png 300w, https:\/\/www.fogaszatikeszulek.hu\/wp-content\/uploads\/2018\/03\/1489330389361-230x138.png 230w, https:\/\/www.fogaszatikeszulek.hu\/wp-content\/uploads\/2018\/03\/1489330389361-350x210.png 350w, https:\/\/www.fogaszatikeszulek.hu\/wp-content\/uploads\/2018\/03\/1489330389361-480x288.png 480w\" sizes=\"auto, (max-width: 570px) 100vw, 570px\" \/>&nbsp;<\/td>\n<td width=\"10\">&nbsp;<\/td>\n<td width=\"250\">\n<p style=\"text-align: justify;\"><strong>CAD\/CAM anyagok fog\u00e1szati laborok r\u00e9sz\u00e9re<\/strong><\/p>\n<p style=\"text-align: justify;\">A DentsplySirona az InLab term\u00e9kcsal\u00e1dhoz szabott anyagok sz\u00e9les v\u00e1laszt\u00e9k\u00e1t k\u00edn\u00e1lja, amelyek megfelelnek a min\u0151s\u00e9gi \u00e9s gy\u00e1rt\u00e1si elv\u00e1r\u00e1sok magas k\u00f6vetelm\u00e9nyeinek.<\/p>\n<\/td>\n<\/tr>\n<\/tbody>\n<\/table>\n<p>&nbsp;<\/p>\n<h5>&nbsp;<\/h5>\n<h5>Let\u00f6lthet\u0151 dokumentumok<\/h5>\n<ul>\n<li><a href=\"https:\/\/www.fogaszatikeszulek.hu\/wp-content\/uploads\/2018\/pdf\/dentsply-sirona-inlab-brochure_EN.pdf\" target=\"_blank\" rel=\"noopener\">inLab prospektus (angol nyelv\u0171)<\/a><\/li>\n<\/ul>\n<p>&nbsp;<\/p>\n","protected":false},"excerpt":{"rendered":"<p>Megold\u00e1sok fogtechnikai laborok sz\u00e1m\u00e1ra A digit\u00e1lis fog\u00e1szati \u200b\u200bfolyamatoknak t\u00fckr\u00f6zni\u00fck kell a ma l\u00e9tez\u0151 fogorvosi \u00e9s anyag felhaszn\u00e1l\u00e1si lehet\u0151s\u00e9gek sokas\u00e1g\u00e1t. Fel kell k\u00e9sz\u00fclni\u00fck a CAD\/CAM \u00e1ltal t\u00e1mogatott teljes fog\u00e1szati \u200b\u200bmunka kezel\u00e9s\u00e9re is a j\u00f6v\u0151ben. A szoftver \u00e9s hardver \u00f6sszetev\u0151k rugalmas kombin\u00e1ci\u00f3j\u00e1val az inLab sz\u00e1mos p\u00e1ciens-specifikus megold\u00e1st tesz lehet\u0151v\u00e9 a tervez\u00e9s \u00e9s az anyagfeldolgoz\u00e1s sz\u00e1m\u00e1ra, kiterjedt anyag [&hellip;]<\/p>\n","protected":false},"author":1,"featured_media":0,"parent":0,"menu_order":0,"comment_status":"closed","ping_status":"closed","template":"","meta":{"ngg_post_thumbnail":0,"footnotes":""},"class_list":["post-891","page","type-page","status-publish","hentry"],"_links":{"self":[{"href":"https:\/\/www.fogaszatikeszulek.hu\/index.php\/wp-json\/wp\/v2\/pages\/891","targetHints":{"allow":["GET"]}}],"collection":[{"href":"https:\/\/www.fogaszatikeszulek.hu\/index.php\/wp-json\/wp\/v2\/pages"}],"about":[{"href":"https:\/\/www.fogaszatikeszulek.hu\/index.php\/wp-json\/wp\/v2\/types\/page"}],"author":[{"embeddable":true,"href":"https:\/\/www.fogaszatikeszulek.hu\/index.php\/wp-json\/wp\/v2\/users\/1"}],"replies":[{"embeddable":true,"href":"https:\/\/www.fogaszatikeszulek.hu\/index.php\/wp-json\/wp\/v2\/comments?post=891"}],"version-history":[{"count":28,"href":"https:\/\/www.fogaszatikeszulek.hu\/index.php\/wp-json\/wp\/v2\/pages\/891\/revisions"}],"predecessor-version":[{"id":1480,"href":"https:\/\/www.fogaszatikeszulek.hu\/index.php\/wp-json\/wp\/v2\/pages\/891\/revisions\/1480"}],"wp:attachment":[{"href":"https:\/\/www.fogaszatikeszulek.hu\/index.php\/wp-json\/wp\/v2\/media?parent=891"}],"curies":[{"name":"wp","href":"https:\/\/api.w.org\/{rel}","templated":true}]}}