{"id":857,"date":"2018-03-14T10:27:15","date_gmt":"2018-03-14T10:27:15","guid":{"rendered":"http:\/\/www.fogaszatikeszulek.hu\/?page_id=857"},"modified":"2019-03-08T11:43:10","modified_gmt":"2019-03-08T11:43:10","slug":"szinterezes-es-zomanc-keszites","status":"publish","type":"page","link":"https:\/\/www.fogaszatikeszulek.hu\/index.php\/szinterezes-es-zomanc-keszites\/","title":{"rendered":"Szinterez\u00e9s \u00e9s zom\u00e1nc k\u00e9sz\u00edt\u00e9s"},"content":{"rendered":"<h5>CEREC SpeedFire<\/h5>\n<h5 style=\"text-align: left;\"><img decoding=\"async\" class=\"size-full wp-image-860 alignleft\" src=\"https:\/\/www.fogaszatikeszulek.hu\/wp-content\/uploads\/2018\/03\/1487601740954-1.png\" alt=\"\" width=\"460\" srcset=\"https:\/\/www.fogaszatikeszulek.hu\/wp-content\/uploads\/2018\/03\/1487601740954-1.png 1919w, https:\/\/www.fogaszatikeszulek.hu\/wp-content\/uploads\/2018\/03\/1487601740954-1-300x210.png 300w, https:\/\/www.fogaszatikeszulek.hu\/wp-content\/uploads\/2018\/03\/1487601740954-1-768x537.png 768w, https:\/\/www.fogaszatikeszulek.hu\/wp-content\/uploads\/2018\/03\/1487601740954-1-1024x716.png 1024w, https:\/\/www.fogaszatikeszulek.hu\/wp-content\/uploads\/2018\/03\/1487601740954-1-830x580.png 830w, https:\/\/www.fogaszatikeszulek.hu\/wp-content\/uploads\/2018\/03\/1487601740954-1-230x161.png 230w, https:\/\/www.fogaszatikeszulek.hu\/wp-content\/uploads\/2018\/03\/1487601740954-1-350x245.png 350w, https:\/\/www.fogaszatikeszulek.hu\/wp-content\/uploads\/2018\/03\/1487601740954-1-480x335.png 480w\" sizes=\"(max-width: 1919px) 100vw, 1919px\" \/>Full kont\u00far cirk\u00f3nium restaur\u00e1ci\u00f3k egy\u00fcl\u00e9sben<\/h5>\n<p style=\"text-align: justify;\">A CEREC SpeedFire a legkisebb \u00e9s leggyorsabb sz\u00ednterez\u0151 k\u00e1lyha a piacon, egy koron\u00e1t 10-15 perc alatt sz\u00ednterez. A full kont\u00far cirk\u00f3nium el\u0151nyei, \u00edgy a chairside kezel\u00e9sekn\u00e9l is haszn\u00e1lhat\u00f3k. Egy k\u00e9sz\u00fcl\u00e9kben egyes\u00edti a sz\u00ednterez\u00e9si \u00e9s individualiz\u00e1l\u00e1si (fest\u00e9k \u00e9s leplez\u00e9s) elj\u00e1r\u00e1sokat. A CEREC Zirconia mellett a k\u00e1lyh\u00e1ban m\u00e1s gy\u00e1rt\u00f3k anyagai is feldolgozhat\u00f3k, p\u00e9ld\u00e1ul az IPS e.max CAD (Ivoclar Vivadent) vagy a Suprinity PC (VITA).<\/p>\n<p>&nbsp;<br \/>\n&nbsp;<\/p>\n<table>\n<tbody>\n<tr>\n<td width=\"200\"><img loading=\"lazy\" decoding=\"async\" class=\"alignnone size-full wp-image-865\" src=\"https:\/\/www.fogaszatikeszulek.hu\/wp-content\/uploads\/2018\/03\/4.jpg\" alt=\"\" width=\"200\" height=\"200\" srcset=\"https:\/\/www.fogaszatikeszulek.hu\/wp-content\/uploads\/2018\/03\/4.jpg 200w, https:\/\/www.fogaszatikeszulek.hu\/wp-content\/uploads\/2018\/03\/4-150x150.jpg 150w\" sizes=\"auto, (max-width: 200px) 100vw, 200px\" \/><\/td>\n<td width=\"200\"><img loading=\"lazy\" decoding=\"async\" class=\"alignnone size-full wp-image-866\" src=\"https:\/\/www.fogaszatikeszulek.hu\/wp-content\/uploads\/2018\/03\/5.jpg\" alt=\"\" width=\"200\" height=\"200\" srcset=\"https:\/\/www.fogaszatikeszulek.hu\/wp-content\/uploads\/2018\/03\/5.jpg 200w, https:\/\/www.fogaszatikeszulek.hu\/wp-content\/uploads\/2018\/03\/5-150x150.jpg 150w\" sizes=\"auto, (max-width: 200px) 100vw, 200px\" \/><\/td>\n<td width=\"200\"><img loading=\"lazy\" decoding=\"async\" class=\"alignnone size-full wp-image-867\" src=\"https:\/\/www.fogaszatikeszulek.hu\/wp-content\/uploads\/2018\/03\/6.jpg\" alt=\"\" width=\"200\" height=\"200\" srcset=\"https:\/\/www.fogaszatikeszulek.hu\/wp-content\/uploads\/2018\/03\/6.jpg 200w, https:\/\/www.fogaszatikeszulek.hu\/wp-content\/uploads\/2018\/03\/6-150x150.jpg 150w\" sizes=\"auto, (max-width: 200px) 100vw, 200px\" \/><\/td>\n<\/tr>\n<tr>\n<td width=\"200\">\n<h5 style=\"text-align: center;\">Adatok automatikus k\u00fcld\u00e9se<\/h5>\n<p style=\"text-align: center;\">A CEREC szoftver az \u00f6sszes inform\u00e1ci\u00f3t k\u00f6zvetlen\u00fcl a k\u00e1lyh\u00e1hoz k\u00fcldi.<\/p>\n<\/td>\n<td width=\"200\">\n<h5 style=\"text-align: center;\">Indukci\u00f3s technol\u00f3gia<\/h5>\n<p style=\"text-align: center;\">P\u00e1ratlanul r\u00f6vid sz\u00ednterez\u0151 \u00e9s zom\u00e1nc k\u00e9sz\u00edt\u00e9si id\u0151t tesz lehet\u0151v\u00e9.<\/p>\n<\/td>\n<td width=\"200\">\n<h5 style=\"text-align: center;\">Mind\u00f6ssze 10-15 perc<\/h5>\n<p style=\"text-align: center;\">sz\u00fcks\u00e9ges egy full kont\u00far cirk\u00f3nium korona sz\u00ednterez\u00e9s\u00e9hez.<\/p>\n<\/td>\n<\/tr>\n<\/tbody>\n<\/table>\n<h5>&nbsp;<\/h5>\n<h5><span style=\"font-size: 16px;\">CEREC SpeedFire k\u00e1lyha funkci\u00f3i<\/span>&nbsp;<\/h5>\n<ul>\n<li style=\"text-align: justify;\">LED-es st\u00e1tusz kijelz\u00e9s<br \/>\nA k\u00fcl\u00f6nb\u00f6z\u0151 sz\u00ednek jelzik a folyamat aktu\u00e1lis \u00e1llapot\u00e1t<\/li>\n<li>\u00c9rint\u0151k\u00e9perny\u0151, intuit\u00edv m\u0171k\u00f6d\u00e9s<\/li>\n<li>Szuper gyors m\u0171k\u00f6d\u00e9s<br \/>\nAk\u00e1r 3 korona vagy egy 3-4 egys\u00e9gb\u0151l \u00e1ll\u00f3 h\u00edd k\u00e9sz\u00edt\u00e9se (max. 31mm szinterez\u0151 hossz)<\/li>\n<li>Indukci\u00f3s technol\u00f3gia<br \/>\n300\u00b0C\/min felmeleged\u00e9si sebess\u00e9g&nbsp;<\/li>\n<li>Intelligens Ethernet vagy vezet\u00e9k n\u00e9lk\u00fcli csatlakoztat\u00e1s<br \/>\nA CEREC szoftver az \u00f6sszes inform\u00e1ci\u00f3t k\u00f6zvetlen\u00fcl a k\u00e1lyh\u00e1hoz k\u00fcldi.<\/li>\n<\/ul>\n<p>&nbsp;<\/p>\n<h5>CEREC SpeedFire k\u00e1lyha<\/h5>\nngg_shortcode_0_placeholder\n<h5>&nbsp;<\/h5>\n<iframe loading=\"lazy\"  id=\"_ytid_55261\"  width=\"1170\" height=\"658\"  data-origwidth=\"1170\" data-origheight=\"658\" src=\"https:\/\/www.youtube.com\/embed\/o0ttqTh1TV0?enablejsapi=1&autoplay=0&cc_load_policy=0&cc_lang_pref=&iv_load_policy=1&loop=0&rel=1&fs=1&playsinline=0&autohide=2&theme=dark&color=red&controls=1&disablekb=0&\" class=\"__youtube_prefs__  no-lazyload\" title=\"YouTube player\"  allow=\"fullscreen; accelerometer; autoplay; clipboard-write; encrypted-media; gyroscope; picture-in-picture; web-share\" referrerpolicy=\"strict-origin-when-cross-origin\" allowfullscreen data-no-lazy=\"1\" data-skipgform_ajax_framebjll=\"\"><\/iframe>\n<h5>&nbsp;<\/h5>\n<h5>Let\u00f6lthet\u0151 dokumentumok<\/h5>\n<ul>\n<li><a href=\"https:\/\/www.fogaszatikeszulek.hu\/wp-content\/uploads\/pdf\/Cerec.pdf\" target=\"_blank\" rel=\"noopener\">CEREC prospektus (angol nyelv\u0171)<\/a><\/li>\n<\/ul>\n<p>&nbsp;<\/p>\n","protected":false},"excerpt":{"rendered":"<p>CEREC SpeedFire Full kont\u00far cirk\u00f3nium restaur\u00e1ci\u00f3k egy\u00fcl\u00e9sben A CEREC SpeedFire a legkisebb \u00e9s leggyorsabb sz\u00ednterez\u0151 k\u00e1lyha a piacon, egy koron\u00e1t 10-15 perc alatt sz\u00ednterez. A full kont\u00far cirk\u00f3nium el\u0151nyei, \u00edgy a chairside kezel\u00e9sekn\u00e9l is haszn\u00e1lhat\u00f3k. Egy k\u00e9sz\u00fcl\u00e9kben egyes\u00edti a sz\u00ednterez\u00e9si \u00e9s individualiz\u00e1l\u00e1si (fest\u00e9k \u00e9s leplez\u00e9s) elj\u00e1r\u00e1sokat. A CEREC Zirconia mellett a k\u00e1lyh\u00e1ban m\u00e1s gy\u00e1rt\u00f3k anyagai [&hellip;]<\/p>\n","protected":false},"author":1,"featured_media":0,"parent":0,"menu_order":0,"comment_status":"closed","ping_status":"closed","template":"","meta":{"ngg_post_thumbnail":0,"footnotes":""},"class_list":["post-857","page","type-page","status-publish","hentry"],"_links":{"self":[{"href":"https:\/\/www.fogaszatikeszulek.hu\/index.php\/wp-json\/wp\/v2\/pages\/857","targetHints":{"allow":["GET"]}}],"collection":[{"href":"https:\/\/www.fogaszatikeszulek.hu\/index.php\/wp-json\/wp\/v2\/pages"}],"about":[{"href":"https:\/\/www.fogaszatikeszulek.hu\/index.php\/wp-json\/wp\/v2\/types\/page"}],"author":[{"embeddable":true,"href":"https:\/\/www.fogaszatikeszulek.hu\/index.php\/wp-json\/wp\/v2\/users\/1"}],"replies":[{"embeddable":true,"href":"https:\/\/www.fogaszatikeszulek.hu\/index.php\/wp-json\/wp\/v2\/comments?post=857"}],"version-history":[{"count":21,"href":"https:\/\/www.fogaszatikeszulek.hu\/index.php\/wp-json\/wp\/v2\/pages\/857\/revisions"}],"predecessor-version":[{"id":1479,"href":"https:\/\/www.fogaszatikeszulek.hu\/index.php\/wp-json\/wp\/v2\/pages\/857\/revisions\/1479"}],"wp:attachment":[{"href":"https:\/\/www.fogaszatikeszulek.hu\/index.php\/wp-json\/wp\/v2\/media?parent=857"}],"curies":[{"name":"wp","href":"https:\/\/api.w.org\/{rel}","templated":true}]}}