{"id":795,"date":"2018-03-14T08:38:25","date_gmt":"2018-03-14T08:38:25","guid":{"rendered":"http:\/\/www.fogaszatikeszulek.hu\/?page_id=795"},"modified":"2019-03-07T15:30:19","modified_gmt":"2019-03-07T15:30:19","slug":"gyartas-a-cerec-el","status":"publish","type":"page","link":"https:\/\/www.fogaszatikeszulek.hu\/index.php\/gyartas-a-cerec-el\/","title":{"rendered":"Gy\u00e1rt\u00e1s a CEREC-el"},"content":{"rendered":"<h5>A CEREC mar\u00f3 \u00e9s csiszol\u00f3 egys\u00e9gek<\/h5>\n<h5 style=\"text-align: justify;\"><img loading=\"lazy\" decoding=\"async\" class=\"wp-image-797 alignleft\" src=\"https:\/\/www.fogaszatikeszulek.hu\/wp-content\/uploads\/2018\/03\/1487065054510.png\" alt=\"\" width=\"460\" height=\"276\" srcset=\"https:\/\/www.fogaszatikeszulek.hu\/wp-content\/uploads\/2018\/03\/1487065054510.png 1000w, https:\/\/www.fogaszatikeszulek.hu\/wp-content\/uploads\/2018\/03\/1487065054510-300x180.png 300w, https:\/\/www.fogaszatikeszulek.hu\/wp-content\/uploads\/2018\/03\/1487065054510-768x461.png 768w, https:\/\/www.fogaszatikeszulek.hu\/wp-content\/uploads\/2018\/03\/1487065054510-830x498.png 830w, https:\/\/www.fogaszatikeszulek.hu\/wp-content\/uploads\/2018\/03\/1487065054510-230x138.png 230w, https:\/\/www.fogaszatikeszulek.hu\/wp-content\/uploads\/2018\/03\/1487065054510-350x210.png 350w, https:\/\/www.fogaszatikeszulek.hu\/wp-content\/uploads\/2018\/03\/1487065054510-480x288.png 480w\" sizes=\"auto, (max-width: 460px) 100vw, 460px\" \/>A legjobb eredm\u00e9ny \u00e9rdek\u00e9ben<\/h5>\n<p style=\"text-align: justify;\">A CEREC mar\u00f3 \u00e9s csiszol\u00f3 egys\u00e9gek \u00e9s a CEREC szoftver optim\u00e1lisan szinkroniz\u00e1lhat\u00f3 egym\u00e1ssal. A mar\u00f3 \u00e9s csiszol\u00f3 tervez\u00e9s rendk\u00edv\u00fcl pontos, ez\u00e1ltal sima fel\u00fcletet eredm\u00e9nyez a restaur\u00e1ci\u00f3kban. M\u00e9g a legapr\u00f3bb fissz\u00far\u00e1k is prec\u00edzen el\u0151 vannak k\u00e9sz\u00edtve \u00e9s a sarkok nagyon egyenletesek. Az \u00faj egys\u00e9g a sz\u00e1raz mar\u00e1st is lehet\u0151v\u00e9 teszi.<\/p>\n<p>El\u0151ny\u00f6k<\/p>\n<ul>\n<li>K\u00fcl\u00f6nb\u00f6z\u0151 anyagok gyors \u00e9s prec\u00edz gy\u00e1rt\u00e1sa<\/li>\n<li>P\u00e1ciensre szabott kezel\u00e9si \u00fatmutat\u00f3k \u00e9s abutmentek\/csavaros koron\u00e1k el\u0151\u00e1ll\u00edt\u00e1s\u00e1nk lehet\u0151s\u00e9ge<\/li>\n<\/ul>\n<h5>&nbsp;<\/h5>\n<h5><span style=\"font-size: 16px;\">Kimagasl\u00f3 restaur\u00e1ci\u00f3s javaslatok<\/span>&nbsp;<\/h5>\n<p>Egy digit\u00e1lis lenyomatv\u00e9tel elk\u00e9sz\u00edt\u00e9se a CEREC Omnicam seg\u00edts\u00e9g\u00e9vel egy folyamatos video feldolgoz\u00e1s. Egyszer\u0171en fogja meg a szkennert \u00e9s vezesse a CEREC Omnicam-t k\u00f6zel a fogak ment\u00e9n. Nincs sz\u00fcks\u00e9g id\u0151ig\u00e9nyes el\u0151k\u00e9sz\u00fcletekre egy prec\u00edz sz\u00e1jon bel\u00fcli lenyomatv\u00e9telhez.<br \/>\n&nbsp;<\/p>\n<table>\n<tbody>\n<tr>\n<td width=\"200\"><img loading=\"lazy\" decoding=\"async\" class=\"alignnone size-full wp-image-803\" src=\"https:\/\/www.fogaszatikeszulek.hu\/wp-content\/uploads\/2018\/03\/1-2.jpg\" alt=\"\" width=\"384\" height=\"237\" srcset=\"https:\/\/www.fogaszatikeszulek.hu\/wp-content\/uploads\/2018\/03\/1-2.jpg 384w, https:\/\/www.fogaszatikeszulek.hu\/wp-content\/uploads\/2018\/03\/1-2-300x185.jpg 300w, https:\/\/www.fogaszatikeszulek.hu\/wp-content\/uploads\/2018\/03\/1-2-230x142.jpg 230w, https:\/\/www.fogaszatikeszulek.hu\/wp-content\/uploads\/2018\/03\/1-2-350x216.jpg 350w\" sizes=\"auto, (max-width: 384px) 100vw, 384px\" \/><\/td>\n<td width=\"200\"><img loading=\"lazy\" decoding=\"async\" class=\"alignnone size-full wp-image-800\" src=\"https:\/\/www.fogaszatikeszulek.hu\/wp-content\/uploads\/2018\/03\/2.jpg\" alt=\"\" width=\"384\" height=\"237\" srcset=\"https:\/\/www.fogaszatikeszulek.hu\/wp-content\/uploads\/2018\/03\/2.jpg 384w, https:\/\/www.fogaszatikeszulek.hu\/wp-content\/uploads\/2018\/03\/2-300x185.jpg 300w, https:\/\/www.fogaszatikeszulek.hu\/wp-content\/uploads\/2018\/03\/2-230x142.jpg 230w, https:\/\/www.fogaszatikeszulek.hu\/wp-content\/uploads\/2018\/03\/2-350x216.jpg 350w\" sizes=\"auto, (max-width: 384px) 100vw, 384px\" \/><\/td>\n<td width=\"200\"><img loading=\"lazy\" decoding=\"async\" class=\"alignnone size-full wp-image-801\" src=\"https:\/\/www.fogaszatikeszulek.hu\/wp-content\/uploads\/2018\/03\/3.jpg\" alt=\"\" width=\"384\" height=\"237\" srcset=\"https:\/\/www.fogaszatikeszulek.hu\/wp-content\/uploads\/2018\/03\/3.jpg 384w, https:\/\/www.fogaszatikeszulek.hu\/wp-content\/uploads\/2018\/03\/3-300x185.jpg 300w, https:\/\/www.fogaszatikeszulek.hu\/wp-content\/uploads\/2018\/03\/3-230x142.jpg 230w, https:\/\/www.fogaszatikeszulek.hu\/wp-content\/uploads\/2018\/03\/3-350x216.jpg 350w\" sizes=\"auto, (max-width: 384px) 100vw, 384px\" \/><\/td>\n<\/tr>\n<tr>\n<td width=\"200\">\n<p style=\"text-align: center;\">A CEREC mar\u00f3 \u00e9s csiszol\u00f3 egys\u00e9g k\u00fcl\u00f6nb\u00f6z\u0151 v\u00e1ltozatai<\/p>\n<\/td>\n<td width=\"200\">ameddig egy restaur\u00e1ci\u00f3 mar\u00e1sa\/csiszol\u00e1sa tart anyagt\u00f3l \u00e9s indik\u00e1ci\u00f3t\u00f3l f\u00fcgg\u0151en<\/td>\n<td width=\"200\">\n<p style=\"text-align: center;\">A CEREC mar\u00f3egys\u00e9gek \u00e1ltal biztos\u00edtott pontoss\u00e1g<\/p>\n<\/td>\n<\/tr>\n<\/tbody>\n<\/table>\n<h5>&nbsp;<\/h5>\n<h5><iframe loading=\"lazy\"  id=\"_ytid_55263\"  width=\"1170\" height=\"658\"  data-origwidth=\"1170\" data-origheight=\"658\" src=\"https:\/\/www.youtube.com\/embed\/dzzUMhiz6BM?enablejsapi=1&autoplay=0&cc_load_policy=0&cc_lang_pref=&iv_load_policy=1&loop=0&rel=1&fs=1&playsinline=0&autohide=2&theme=dark&color=red&controls=1&disablekb=0&\" class=\"__youtube_prefs__  no-lazyload\" title=\"YouTube player\"  allow=\"fullscreen; accelerometer; autoplay; clipboard-write; encrypted-media; gyroscope; picture-in-picture; web-share\" referrerpolicy=\"strict-origin-when-cross-origin\" allowfullscreen data-no-lazy=\"1\" data-skipgform_ajax_framebjll=\"\"><\/iframe>&nbsp;<\/h5>\n<h5><span style=\"font-size: 16px;\">A CEREC mar\u00f3 \u00e9s csiszol\u00f3 egys\u00e9geinek el\u0151nyei<\/span>&nbsp;<\/h5>\n<p style=\"text-align: justify;\">H\u00e1rom k\u00fcl\u00f6nb\u00f6z\u0151 egys\u00e9g kialak\u00edt\u00e1s az ig\u00e9nyeknek megfelel\u0151en. Mind a h\u00e1rom egys\u00e9g prec\u00edz restaur\u00e1ci\u00f3kat mar \u00e9s\/vagy csiszol n\u00e9h\u00e1ny perc leforg\u00e1sa alatt 25 \u03bcm prec\u00edzi\u00f3val. &nbsp;<\/p>\n<table>\n<tbody>\n<tr>\n<td width=\"250\">\n<p style=\"text-align: justify;\"><span style=\"text-align: left; font-family: inherit; font-size: inherit;\"><b>CEREC MC<\/b><\/span><\/p>\n<p style=\"text-align: justify;\"><span style=\"text-align: left; font-family: inherit; font-size: inherit;\">Legyen sz\u00f3 ak\u00e1r inlayekr\u0151l<\/span><span style=\"text-align: left; font-family: inherit; font-size: inherit;\">, onlayekr\u0151l, koron\u00e1kr\u00f3l vagy veneerekr\u0151l &#8211; full kont\u00faros fog restaur\u00e1ci\u00f3kat k\u00e9sz\u00edthet maximum 20mm nagys\u00e1g\u00fa blokkal. A chairside anyagok nagy r\u00e9sz\u00e9vel dolgozhat. A CEREC MC-vel 100% -os eredm\u00e9nyeket \u00e9rhet el alacsony \u00e1ron.<\/span><\/p>\n<ul>\n<li style=\"text-align: justify;\">Teljesen anat\u00f3miai, egy\u00e9ni fogp\u00f3tl\u00e1s, 20mm-es blokkm\u00e9rettel<\/li>\n<li style=\"text-align: justify;\">T\u00f6k\u00e9letes CAD\/CAM kezd\u0151knek<\/li>\n<\/ul>\n<\/td>\n<td width=\"10\">&nbsp;<\/td>\n<td width=\"180\">\n<p style=\"text-align: left;\"><img loading=\"lazy\" decoding=\"async\" class=\"alignnone size-full wp-image-813\" src=\"https:\/\/www.fogaszatikeszulek.hu\/wp-content\/uploads\/2018\/03\/1487193844441.png\" alt=\"\" width=\"1919\" height=\"1357\" srcset=\"https:\/\/www.fogaszatikeszulek.hu\/wp-content\/uploads\/2018\/03\/1487193844441.png 1919w, https:\/\/www.fogaszatikeszulek.hu\/wp-content\/uploads\/2018\/03\/1487193844441-300x212.png 300w, https:\/\/www.fogaszatikeszulek.hu\/wp-content\/uploads\/2018\/03\/1487193844441-768x543.png 768w, https:\/\/www.fogaszatikeszulek.hu\/wp-content\/uploads\/2018\/03\/1487193844441-1024x724.png 1024w, https:\/\/www.fogaszatikeszulek.hu\/wp-content\/uploads\/2018\/03\/1487193844441-830x587.png 830w, https:\/\/www.fogaszatikeszulek.hu\/wp-content\/uploads\/2018\/03\/1487193844441-230x163.png 230w, https:\/\/www.fogaszatikeszulek.hu\/wp-content\/uploads\/2018\/03\/1487193844441-350x247.png 350w, https:\/\/www.fogaszatikeszulek.hu\/wp-content\/uploads\/2018\/03\/1487193844441-480x339.png 480w\" sizes=\"auto, (max-width: 1919px) 100vw, 1919px\" \/><\/p>\n<\/td>\n<\/tr>\n<tr>\n<td width=\"250\">&nbsp;<\/td>\n<td width=\"10\">&nbsp;<\/td>\n<td width=\"180\">&nbsp;<\/td>\n<\/tr>\n<tr>\n<td width=\"250\">\n<p style=\"text-align: justify;\"><span style=\"text-align: left; font-family: inherit; font-size: inherit;\"><b>CEREC MC X<\/b><\/span><\/p>\n<p style=\"text-align: justify;\"><span style=\"text-align: left; font-family: inherit; font-size: inherit;\">Az inlayek<\/span><span style=\"text-align: left; font-family: inherit; font-size: inherit;\">, onlayek, koron\u00e1k \u00e9s veneerek mellett a CEREC MC X-el hidakat, fel\u00e9p\u00edtm\u00e9nyeket \u00e9s m\u0171t\u00e9ti sablonokat is tud k\u00e9sz\u00edteni. Pontosan \u00e9s gyorsan csiszol.<\/span><\/p>\n<ul>\n<li style=\"text-align: justify;\">Teljesk\u00f6r\u0171 chairside kezel\u00e9s maximum 40mm blokk m\u00e9rettel, bele\u00e9rtve a hidakat \u00e9s fel\u00e9p\u00edtm\u00e9nyeket<\/li>\n<li style=\"text-align: justify;\">CEREC Guide 2 m\u0171t\u00e9ti sablon gy\u00e1rt\u00e1s\u00e1nak lehet\u0151s\u00e9ge<\/li>\n<\/ul>\n<\/td>\n<td width=\"10\">&nbsp;<\/td>\n<td width=\"180\">\n<p style=\"text-align: justify;\"><img loading=\"lazy\" decoding=\"async\" class=\"alignnone size-full wp-image-820\" src=\"https:\/\/www.fogaszatikeszulek.hu\/wp-content\/uploads\/2018\/03\/1487193844603.png\" alt=\"\" width=\"1919\" height=\"1357\" srcset=\"https:\/\/www.fogaszatikeszulek.hu\/wp-content\/uploads\/2018\/03\/1487193844603.png 1919w, https:\/\/www.fogaszatikeszulek.hu\/wp-content\/uploads\/2018\/03\/1487193844603-300x212.png 300w, https:\/\/www.fogaszatikeszulek.hu\/wp-content\/uploads\/2018\/03\/1487193844603-768x543.png 768w, https:\/\/www.fogaszatikeszulek.hu\/wp-content\/uploads\/2018\/03\/1487193844603-1024x724.png 1024w, https:\/\/www.fogaszatikeszulek.hu\/wp-content\/uploads\/2018\/03\/1487193844603-830x587.png 830w, https:\/\/www.fogaszatikeszulek.hu\/wp-content\/uploads\/2018\/03\/1487193844603-230x163.png 230w, https:\/\/www.fogaszatikeszulek.hu\/wp-content\/uploads\/2018\/03\/1487193844603-350x247.png 350w, https:\/\/www.fogaszatikeszulek.hu\/wp-content\/uploads\/2018\/03\/1487193844603-480x339.png 480w\" sizes=\"auto, (max-width: 1919px) 100vw, 1919px\" \/><\/p>\n<\/td>\n<\/tr>\n<tr>\n<td width=\"250\">&nbsp;<\/td>\n<td width=\"10\">&nbsp;<\/td>\n<td width=\"180\">&nbsp;<\/td>\n<\/tr>\n<tr>\n<td width=\"250\">\n<p style=\"text-align: justify;\"><span style=\"text-align: left; font-family: inherit; font-size: inherit;\"><b>CEREC MC XL Pr\u00e9mium Package<\/b><\/span><\/p>\n<p style=\"text-align: justify;\"><span style=\"text-align: left; font-family: inherit; font-size: inherit;\">Az inlayek<\/span><span style=\"text-align: left; font-family: inherit; font-size: inherit;\">, onlayek, veneerek, koron\u00e1k, hidak, abutmentek \u00e9s&nbsp; \u00e9s m\u0171t\u00e9ti sablonok mellett, teljes CAD\/CAM indik\u00e1ci\u00f3 a rendel\u0151n bel\u00fcli fogtechnikai laborok sz\u00e1m\u00e1ra. B\u00e1rmilyen CAD\/CAM anyag (m\u0171anyag, ker\u00e1mia \u00e9s f\u00e9m) haszn\u00e1lhat\u00f3. Haszn\u00e1lata k\u00e9nyelmes a n\u00e9gy motornak \u00e9s a felhaszn\u00e1l\u00f3bar\u00e1t \u00e9rint\u0151k\u00e9perny\u0151nek k\u00f6sz\u00f6nhet\u0151en.<\/span><\/p>\n<ul>\n<li style=\"text-align: justify;\">Teljes chairside kezel\u00e9s \u00e9s fogtechnikai labor alkalmaz\u00e1sok maximum 85mm-es blokkb\u00f3l<\/li>\n<li style=\"text-align: justify;\">CEREC Guide 2 m\u0171t\u00e9ti sablon gy\u00e1rt\u00e1s\u00e1nak lehet\u0151s\u00e9ge<\/li>\n<li style=\"text-align: justify;\">Extra finom csiszol\u00e1si lehet\u0151s\u00e9g<\/li>\n<\/ul>\n<\/td>\n<td width=\"10\">&nbsp;<\/td>\n<td width=\"180\">\n<p style=\"text-align: justify;\"><img loading=\"lazy\" decoding=\"async\" class=\"alignnone size-full wp-image-822\" src=\"https:\/\/www.fogaszatikeszulek.hu\/wp-content\/uploads\/2018\/03\/1487193843638.png\" alt=\"\" width=\"1920\" height=\"1358\" srcset=\"https:\/\/www.fogaszatikeszulek.hu\/wp-content\/uploads\/2018\/03\/1487193843638.png 1920w, https:\/\/www.fogaszatikeszulek.hu\/wp-content\/uploads\/2018\/03\/1487193843638-300x212.png 300w, https:\/\/www.fogaszatikeszulek.hu\/wp-content\/uploads\/2018\/03\/1487193843638-768x543.png 768w, https:\/\/www.fogaszatikeszulek.hu\/wp-content\/uploads\/2018\/03\/1487193843638-1024x724.png 1024w, https:\/\/www.fogaszatikeszulek.hu\/wp-content\/uploads\/2018\/03\/1487193843638-830x587.png 830w, https:\/\/www.fogaszatikeszulek.hu\/wp-content\/uploads\/2018\/03\/1487193843638-230x163.png 230w, https:\/\/www.fogaszatikeszulek.hu\/wp-content\/uploads\/2018\/03\/1487193843638-350x248.png 350w, https:\/\/www.fogaszatikeszulek.hu\/wp-content\/uploads\/2018\/03\/1487193843638-480x340.png 480w\" sizes=\"auto, (max-width: 1920px) 100vw, 1920px\" \/><\/p>\n<\/td>\n<\/tr>\n<\/tbody>\n<\/table>\n<h5>&nbsp;<\/h5>\n<h5><span style=\"font-size: 16px;\">Az eredm\u00e9ny<\/span>&nbsp;<\/h5>\nngg_shortcode_0_placeholder\n<h5>&nbsp;<\/h5>\n<h5>Let\u00f6lthet\u0151 dokumentumok<\/h5>\n<ul>\n<li><a href=\"https:\/\/www.fogaszatikeszulek.hu\/wp-content\/uploads\/pdf\/Cerec.pdf\">CEREC prospektus (angol nyelv\u0171)<\/a><\/li>\n<\/ul>\n<p>&nbsp;<\/p>\n","protected":false},"excerpt":{"rendered":"<p>A CEREC mar\u00f3 \u00e9s csiszol\u00f3 egys\u00e9gek A legjobb eredm\u00e9ny \u00e9rdek\u00e9ben A CEREC mar\u00f3 \u00e9s csiszol\u00f3 egys\u00e9gek \u00e9s a CEREC szoftver optim\u00e1lisan szinkroniz\u00e1lhat\u00f3 egym\u00e1ssal. A mar\u00f3 \u00e9s csiszol\u00f3 tervez\u00e9s rendk\u00edv\u00fcl pontos, ez\u00e1ltal sima fel\u00fcletet eredm\u00e9nyez a restaur\u00e1ci\u00f3kban. M\u00e9g a legapr\u00f3bb fissz\u00far\u00e1k is prec\u00edzen el\u0151 vannak k\u00e9sz\u00edtve \u00e9s a sarkok nagyon egyenletesek. Az \u00faj egys\u00e9g a sz\u00e1raz [&hellip;]<\/p>\n","protected":false},"author":1,"featured_media":0,"parent":0,"menu_order":0,"comment_status":"closed","ping_status":"closed","template":"","meta":{"ngg_post_thumbnail":0,"footnotes":""},"class_list":["post-795","page","type-page","status-publish","hentry"],"_links":{"self":[{"href":"https:\/\/www.fogaszatikeszulek.hu\/index.php\/wp-json\/wp\/v2\/pages\/795","targetHints":{"allow":["GET"]}}],"collection":[{"href":"https:\/\/www.fogaszatikeszulek.hu\/index.php\/wp-json\/wp\/v2\/pages"}],"about":[{"href":"https:\/\/www.fogaszatikeszulek.hu\/index.php\/wp-json\/wp\/v2\/types\/page"}],"author":[{"embeddable":true,"href":"https:\/\/www.fogaszatikeszulek.hu\/index.php\/wp-json\/wp\/v2\/users\/1"}],"replies":[{"embeddable":true,"href":"https:\/\/www.fogaszatikeszulek.hu\/index.php\/wp-json\/wp\/v2\/comments?post=795"}],"version-history":[{"count":29,"href":"https:\/\/www.fogaszatikeszulek.hu\/index.php\/wp-json\/wp\/v2\/pages\/795\/revisions"}],"predecessor-version":[{"id":1478,"href":"https:\/\/www.fogaszatikeszulek.hu\/index.php\/wp-json\/wp\/v2\/pages\/795\/revisions\/1478"}],"wp:attachment":[{"href":"https:\/\/www.fogaszatikeszulek.hu\/index.php\/wp-json\/wp\/v2\/media?parent=795"}],"curies":[{"name":"wp","href":"https:\/\/api.w.org\/{rel}","templated":true}]}}