{"id":781,"date":"2018-03-13T14:30:52","date_gmt":"2018-03-13T14:30:52","guid":{"rendered":"http:\/\/www.fogaszatikeszulek.hu\/?page_id=781"},"modified":"2019-03-08T11:59:00","modified_gmt":"2019-03-08T11:59:00","slug":"tervezes-a-cerec-el","status":"publish","type":"page","link":"https:\/\/www.fogaszatikeszulek.hu\/index.php\/tervezes-a-cerec-el\/","title":{"rendered":"Tervez\u00e9s a CEREC-el"},"content":{"rendered":"<h5>CEREC szoftver<\/h5>\n<h5 style=\"text-align: justify;\"><img loading=\"lazy\" decoding=\"async\" class=\"wp-image-782 alignleft\" src=\"https:\/\/www.fogaszatikeszulek.hu\/wp-content\/uploads\/2018\/03\/1487161929086.png\" alt=\"\" width=\"460\" height=\"312\" srcset=\"https:\/\/www.fogaszatikeszulek.hu\/wp-content\/uploads\/2018\/03\/1487161929086.png 1240w, https:\/\/www.fogaszatikeszulek.hu\/wp-content\/uploads\/2018\/03\/1487161929086-300x204.png 300w, https:\/\/www.fogaszatikeszulek.hu\/wp-content\/uploads\/2018\/03\/1487161929086-768x521.png 768w, https:\/\/www.fogaszatikeszulek.hu\/wp-content\/uploads\/2018\/03\/1487161929086-1024x695.png 1024w, https:\/\/www.fogaszatikeszulek.hu\/wp-content\/uploads\/2018\/03\/1487161929086-830x564.png 830w, https:\/\/www.fogaszatikeszulek.hu\/wp-content\/uploads\/2018\/03\/1487161929086-230x156.png 230w, https:\/\/www.fogaszatikeszulek.hu\/wp-content\/uploads\/2018\/03\/1487161929086-350x238.png 350w, https:\/\/www.fogaszatikeszulek.hu\/wp-content\/uploads\/2018\/03\/1487161929086-480x326.png 480w\" sizes=\"auto, (max-width: 460px) 100vw, 460px\" \/>Kiv\u00e1l\u00f3 restaur\u00e1ci\u00f3 aj\u00e1nlatok \u00e9s k\u00f6nny\u0171 kezelhet\u0151s\u00e9g<\/h5>\n<p style=\"text-align: justify;\">Gyors \u00e9s k\u00f6nny\u0171 tervez\u00e9s: a CEREC szoftver az eg\u00e9sz k\u00e9pet analiz\u00e1lja \u00e9s az eredm\u00e9nyeket kiv\u00e1l\u00f3 restaur\u00e1ci\u00f3s aj\u00e1nlatok kidolgoz\u00e1s\u00e1hoz haszn\u00e1lja. Ezzel id\u0151t nyer mag\u00e1nak \u00e9s&nbsp; gyorsabban juthat a folyamat utols\u00f3 l\u00e9p\u00e9s\u00e9he &#8211; a gy\u00e1rt\u00e1shoz. Az intelligens automatiz\u00e1l\u00e1s lehet\u0151v\u00e9 teszi a gyors, k\u00f6nnyed folyamatot. A CEREC szoftverrel biztos lehet benne, hogy a p\u00e1ciensek sz\u00e1m\u00e1ra mindig a legmagasabb min\u0151s\u00e9get \u00e9s eszt\u00e9tik\u00e1t k\u00edn\u00e1lja.<\/p>\n<p>&nbsp;<\/p>\n<h5>CEREC szoftver el\u0151nyei<\/h5>\n<ul>\n<li>K\u00f6nny\u0171, felhaszn\u00e1l\u00f3bar\u00e1t m\u0171k\u00f6d\u00e9s<\/li>\n<li>Biog\u00e9n sz\u00e1m\u00edt\u00e1son alapul\u00f3 eszt\u00e9tikai helyre\u00e1ll\u00edt\u00e1si javaslatok<\/li>\n<li>Gyors folyamat az automatiz\u00e1l\u00e1s \u00e9s fogsz\u00edn meghat\u00e1roz\u00e1s magas fok\u00e1nak k\u00f6sz\u00f6nhet\u0151en<\/li>\n<\/ul>\n<h5>&nbsp;<\/h5>\n<h5><span style=\"font-size: 16px;\">Kimagasl\u00f3 restaur\u00e1ci\u00f3s javaslatok<\/span>&nbsp;<\/h5>\n<p>Egy digit\u00e1lis lenyomatv\u00e9tel elk\u00e9sz\u00edt\u00e9se a CEREC Omnicam seg\u00edts\u00e9g\u00e9vel egy folyamatos video feldolgoz\u00e1s. Egyszer\u0171en fogja meg a szkennert \u00e9s vezesse a CEREC Omnicam-t k\u00f6zel a fogak ment\u00e9n. Nincs sz\u00fcks\u00e9g id\u0151ig\u00e9nyes el\u0151k\u00e9sz\u00fcletekre egy prec\u00edz sz\u00e1jon bel\u00fcli lenyomatv\u00e9telhez.<br \/>\n&nbsp;<\/p>\n<table>\n<tbody>\n<tr>\n<td width=\"250\">\n<p style=\"text-align: justify;\"><span style=\"text-align: left; font-family: inherit; font-size: inherit;\"><b>Biojaw<\/b><\/span><\/p>\n<p style=\"text-align: justify;\"><span style=\"text-align: left; font-family: inherit; font-size: inherit;\">A CEREC szoftver cs\u00facspontja a Biojaw folyamat. A szoftver biostatikus elj\u00e1r\u00e1st alkalmazva p\u00e1ciensre szabott kezd\u0151 restaur\u00e1ci\u00f3s aj\u00e1nlatot k\u00e9sz\u00edt a beszkennelt fogak alapj\u00e1n. A legt\u00f6bb esetben ez a javaslat k\u00f6zvetlen\u00fcl a gy\u00e1rt\u00e1si folyamatra l\u00e9phet.&nbsp;<\/span><\/p>\n<\/td>\n<td width=\"10\">&nbsp;<\/td>\n<td width=\"180\">\n<p style=\"text-align: left;\"><img loading=\"lazy\" decoding=\"async\" class=\"alignnone size-full wp-image-786\" src=\"https:\/\/www.fogaszatikeszulek.hu\/wp-content\/uploads\/2018\/03\/1489420965638.png\" alt=\"\" width=\"570\" height=\"342\" srcset=\"https:\/\/www.fogaszatikeszulek.hu\/wp-content\/uploads\/2018\/03\/1489420965638.png 570w, https:\/\/www.fogaszatikeszulek.hu\/wp-content\/uploads\/2018\/03\/1489420965638-300x180.png 300w, https:\/\/www.fogaszatikeszulek.hu\/wp-content\/uploads\/2018\/03\/1489420965638-230x138.png 230w, https:\/\/www.fogaszatikeszulek.hu\/wp-content\/uploads\/2018\/03\/1489420965638-350x210.png 350w, https:\/\/www.fogaszatikeszulek.hu\/wp-content\/uploads\/2018\/03\/1489420965638-480x288.png 480w\" sizes=\"auto, (max-width: 570px) 100vw, 570px\" \/><\/p>\n<\/td>\n<\/tr>\n<tr>\n<td width=\"250\">\n<p style=\"text-align: justify;\"><span style=\"text-align: left; font-family: inherit; font-size: inherit;\"><b>Egyszer\u0171 haszn\u00e1lat<\/b><\/span><\/p>\n<p style=\"text-align: justify;\"><span style=\"text-align: left; font-family: inherit; font-size: inherit;\">A j\u00f3l fel\u00e9p\u00edtett, intuit\u00edv felhaszn\u00e1l\u00f3i fel\u00fclet, valamint a s\u00fag\u00f3 funkci\u00f3k cs\u00f6kkentik a tanul\u00e1si id\u0151t \u00e9s biztos\u00edtj\u00e1k, hogy a&nbsp; szoftver a kezdetekt\u0151l fogva k\u00f6nnyen haszn\u00e1lhat\u00f3 legyen.<br \/>\n<\/span><\/p>\n<\/td>\n<td width=\"10\">&nbsp;<\/td>\n<td width=\"180\">\n<p style=\"text-align: justify;\"><img loading=\"lazy\" decoding=\"async\" class=\"alignnone size-full wp-image-787\" src=\"https:\/\/www.fogaszatikeszulek.hu\/wp-content\/uploads\/2018\/03\/1489421010249.png\" alt=\"\" width=\"570\" height=\"342\" srcset=\"https:\/\/www.fogaszatikeszulek.hu\/wp-content\/uploads\/2018\/03\/1489421010249.png 570w, https:\/\/www.fogaszatikeszulek.hu\/wp-content\/uploads\/2018\/03\/1489421010249-300x180.png 300w, https:\/\/www.fogaszatikeszulek.hu\/wp-content\/uploads\/2018\/03\/1489421010249-230x138.png 230w, https:\/\/www.fogaszatikeszulek.hu\/wp-content\/uploads\/2018\/03\/1489421010249-350x210.png 350w, https:\/\/www.fogaszatikeszulek.hu\/wp-content\/uploads\/2018\/03\/1489421010249-480x288.png 480w\" sizes=\"auto, (max-width: 570px) 100vw, 570px\" \/><\/p>\n<\/td>\n<\/tr>\n<tr>\n<td width=\"250\">\n<p style=\"text-align: justify;\"><strong>Magas fok\u00fa automatiz\u00e1ci\u00f3<\/strong><\/p>\n<p style=\"text-align: justify;\">A szoftver automatikusan felismer olyan inform\u00e1ci\u00f3kat, mint a restaur\u00e1ci\u00f3 t\u00edpusa, a beilleszt\u00e9si tengely optim\u00e1lis be\u00e1ll\u00edt\u00e1sa \u00e9s a bukk\u00e1lis regisztr\u00e1l\u00e1s. Id\u0151t takar\u00edt meg \u00e9s az eszt\u00e9tikai eredm\u00e9nyekhez kevesebb l\u00e9p\u00e9s sz\u00fcks\u00e9ges.<\/p>\n<\/td>\n<td width=\"10\">&nbsp;<\/td>\n<td width=\"180\">\n<p style=\"text-align: justify;\"><img loading=\"lazy\" decoding=\"async\" class=\"alignnone size-full wp-image-789\" src=\"https:\/\/www.fogaszatikeszulek.hu\/wp-content\/uploads\/2018\/03\/1489397088029.png\" alt=\"\" width=\"570\" height=\"342\" srcset=\"https:\/\/www.fogaszatikeszulek.hu\/wp-content\/uploads\/2018\/03\/1489397088029.png 570w, https:\/\/www.fogaszatikeszulek.hu\/wp-content\/uploads\/2018\/03\/1489397088029-300x180.png 300w, https:\/\/www.fogaszatikeszulek.hu\/wp-content\/uploads\/2018\/03\/1489397088029-230x138.png 230w, https:\/\/www.fogaszatikeszulek.hu\/wp-content\/uploads\/2018\/03\/1489397088029-350x210.png 350w, https:\/\/www.fogaszatikeszulek.hu\/wp-content\/uploads\/2018\/03\/1489397088029-480x288.png 480w\" sizes=\"auto, (max-width: 570px) 100vw, 570px\" \/><\/p>\n<\/td>\n<\/tr>\n<tr>\n<td width=\"250\">\n<p style=\"text-align: justify;\"><strong>Fogsz\u00edn meghat\u00e1roz\u00e1s<\/strong><\/p>\n<p style=\"text-align: justify;\">A szoftver seg\u00edt a megfelel\u0151 sz\u00edn\u00e1rnyalat kiv\u00e1laszt\u00e1s\u00e1ban az \u00faj &#8222;Shade Detection&#8221; funkci\u00f3nak k\u00f6sz\u00f6nhet\u0151en.<\/p>\n<\/td>\n<td width=\"10\">&nbsp;<\/td>\n<td width=\"180\">\n<p style=\"text-align: justify;\"><img loading=\"lazy\" decoding=\"async\" class=\"alignnone size-full wp-image-776\" src=\"https:\/\/www.fogaszatikeszulek.hu\/wp-content\/uploads\/2018\/03\/1496064978518.png\" alt=\"\" width=\"570\" height=\"342\" srcset=\"https:\/\/www.fogaszatikeszulek.hu\/wp-content\/uploads\/2018\/03\/1496064978518.png 570w, https:\/\/www.fogaszatikeszulek.hu\/wp-content\/uploads\/2018\/03\/1496064978518-300x180.png 300w, https:\/\/www.fogaszatikeszulek.hu\/wp-content\/uploads\/2018\/03\/1496064978518-230x138.png 230w, https:\/\/www.fogaszatikeszulek.hu\/wp-content\/uploads\/2018\/03\/1496064978518-350x210.png 350w, https:\/\/www.fogaszatikeszulek.hu\/wp-content\/uploads\/2018\/03\/1496064978518-480x288.png 480w\" sizes=\"auto, (max-width: 570px) 100vw, 570px\" \/><\/p>\n<\/td>\n<\/tr>\n<tr>\n<td width=\"250\">\n<p style=\"text-align: justify;\"><strong>Virtu\u00e1lis artikul\u00e1tor<\/strong><\/p>\n<p style=\"text-align: justify;\">Az artikul\u00e1tor funkci\u00f3val meghat\u00e1rozza mind a statikus, mind a dinamikus \u00e9rintkez\u00e9si fel\u00fcleteket, \u00e9s megfelel\u0151 funkcion\u00e1lis z\u00e1r\u00f3d\u00e1st \u00e9r el.<\/p>\n<\/td>\n<td width=\"10\">&nbsp;<\/td>\n<td width=\"180\">\n<p style=\"text-align: justify;\"><img loading=\"lazy\" decoding=\"async\" class=\"alignnone size-full wp-image-790\" src=\"https:\/\/www.fogaszatikeszulek.hu\/wp-content\/uploads\/2018\/03\/1489397088265.png\" alt=\"\" width=\"570\" height=\"342\" srcset=\"https:\/\/www.fogaszatikeszulek.hu\/wp-content\/uploads\/2018\/03\/1489397088265.png 570w, https:\/\/www.fogaszatikeszulek.hu\/wp-content\/uploads\/2018\/03\/1489397088265-300x180.png 300w, https:\/\/www.fogaszatikeszulek.hu\/wp-content\/uploads\/2018\/03\/1489397088265-230x138.png 230w, https:\/\/www.fogaszatikeszulek.hu\/wp-content\/uploads\/2018\/03\/1489397088265-350x210.png 350w, https:\/\/www.fogaszatikeszulek.hu\/wp-content\/uploads\/2018\/03\/1489397088265-480x288.png 480w\" sizes=\"auto, (max-width: 570px) 100vw, 570px\" \/><\/p>\n<\/td>\n<\/tr>\n<\/tbody>\n<\/table>\n<h5>&nbsp;<\/h5>\n<h5>Let\u00f6lthet\u0151 dokumentumok<\/h5>\n<ul>\n<li><a href=\"https:\/\/www.fogaszatikeszulek.hu\/wp-content\/uploads\/pdf\/Cerec.pdf\" target=\"_blank\" rel=\"noopener\">CEREC prospektus (angol nyelv\u0171)<\/a><\/li>\n<\/ul>\n<p>&nbsp;<\/p>\n","protected":false},"excerpt":{"rendered":"<p>CEREC szoftver Kiv\u00e1l\u00f3 restaur\u00e1ci\u00f3 aj\u00e1nlatok \u00e9s k\u00f6nny\u0171 kezelhet\u0151s\u00e9g Gyors \u00e9s k\u00f6nny\u0171 tervez\u00e9s: a CEREC szoftver az eg\u00e9sz k\u00e9pet analiz\u00e1lja \u00e9s az eredm\u00e9nyeket kiv\u00e1l\u00f3 restaur\u00e1ci\u00f3s aj\u00e1nlatok kidolgoz\u00e1s\u00e1hoz haszn\u00e1lja. Ezzel id\u0151t nyer mag\u00e1nak \u00e9s&nbsp; gyorsabban juthat a folyamat utols\u00f3 l\u00e9p\u00e9s\u00e9he &#8211; a gy\u00e1rt\u00e1shoz. Az intelligens automatiz\u00e1l\u00e1s lehet\u0151v\u00e9 teszi a gyors, k\u00f6nnyed folyamatot. A CEREC szoftverrel biztos lehet [&hellip;]<\/p>\n","protected":false},"author":1,"featured_media":0,"parent":0,"menu_order":0,"comment_status":"closed","ping_status":"closed","template":"","meta":{"ngg_post_thumbnail":0,"footnotes":""},"class_list":["post-781","page","type-page","status-publish","hentry"],"_links":{"self":[{"href":"https:\/\/www.fogaszatikeszulek.hu\/index.php\/wp-json\/wp\/v2\/pages\/781","targetHints":{"allow":["GET"]}}],"collection":[{"href":"https:\/\/www.fogaszatikeszulek.hu\/index.php\/wp-json\/wp\/v2\/pages"}],"about":[{"href":"https:\/\/www.fogaszatikeszulek.hu\/index.php\/wp-json\/wp\/v2\/types\/page"}],"author":[{"embeddable":true,"href":"https:\/\/www.fogaszatikeszulek.hu\/index.php\/wp-json\/wp\/v2\/users\/1"}],"replies":[{"embeddable":true,"href":"https:\/\/www.fogaszatikeszulek.hu\/index.php\/wp-json\/wp\/v2\/comments?post=781"}],"version-history":[{"count":10,"href":"https:\/\/www.fogaszatikeszulek.hu\/index.php\/wp-json\/wp\/v2\/pages\/781\/revisions"}],"predecessor-version":[{"id":1629,"href":"https:\/\/www.fogaszatikeszulek.hu\/index.php\/wp-json\/wp\/v2\/pages\/781\/revisions\/1629"}],"wp:attachment":[{"href":"https:\/\/www.fogaszatikeszulek.hu\/index.php\/wp-json\/wp\/v2\/media?parent=781"}],"curies":[{"name":"wp","href":"https:\/\/api.w.org\/{rel}","templated":true}]}}