{"id":693,"date":"2018-03-02T16:31:42","date_gmt":"2018-03-02T16:31:42","guid":{"rendered":"http:\/\/www.fogaszatikeszulek.hu\/?page_id=693"},"modified":"2019-03-08T11:14:13","modified_gmt":"2019-03-08T11:14:13","slug":"sirolaser-advance-xtend","status":"publish","type":"page","link":"https:\/\/www.fogaszatikeszulek.hu\/index.php\/sirolaser-advance-xtend\/","title":{"rendered":"SiroLaser Advance &#038; Xtend"},"content":{"rendered":"<h5><img loading=\"lazy\" decoding=\"async\" class=\"alignleft wp-image-660\" src=\"https:\/\/www.fogaszatikeszulek.hu\/wp-content\/uploads\/2018\/03\/sirolaseradvancextend.png\" alt=\"\" width=\"460\" height=\"675\">A l\u00e9zeres kezel\u00e9sek \u00faj dimenzi\u00f3ja<\/h5>\n<p style=\"text-align: justify;\">A l\u00e9zerter\u00e1pia a legmodernebb fog\u00e1szati \u00e9s betegell\u00e1t\u00e1st jelenti. N\u00f6velje gyakorlat\u00e1t, biztos\u00edtson jobb eredm\u00e9nyeket \u00e9s boldogabb p\u00e1cienseket. Mindezt stressz n\u00e9lk\u00fcl. A gyors \u00e9s sikeres haszn\u00e1latot az intuit\u00edv m\u00f3don m\u0171k\u00f6d\u0151 l\u00e9zerek SiroLaser Advance \u00e9s SiroLaser Xtend biztos\u00edtj\u00e1k.<\/p>\n<h5>Haszn\u00e1lja ki sz\u00e1mos k\u00e9nyelmes el\u0151ny\u00e9t<\/h5>\n<p><strong>Intuit\u00edv kezel\u00e9s<\/strong><\/p>\n<ul>\n<li>\u00c9rint\u0151k\u00e9perny\u0151s navig\u00e1ci\u00f3<\/li>\n<li>Egy\u00e9rtelm\u0171 felhaszn\u00e1l\u00f3i utas\u00edt\u00e1sok<\/li>\n<li>Egyszer\u0171 men\u00fc ikonok<\/li>\n<\/ul>\n<p><strong>Azonnali kezel\u00e9s<\/strong><\/p>\n<ul>\n<li>El\u0151re be\u00e1ll\u00edtott programok a legfontosabb kezel\u00e9sekhez<\/li>\n<li>S\u00fag\u00f3 men\u00fc a be\u00e1ll\u00edtott programokhoz a kev\u00e9sb\u00e9 tapasztalt felhaszn\u00e1l\u00f3k r\u00e9sz\u00e9re<\/li>\n<\/ul>\n<p><strong>Egy\u00e9ni testreszab\u00e1s<\/strong><\/p>\n<ul>\n<li>24 programozhat\u00f3 alkalmaz\u00e1s<\/li>\n<li>12 kedvenc programhoz gyorsgomb alkalmaz\u00e1s<\/li>\n<li>Felhaszn\u00e1l\u00f3i profilok, mindegyiknek szem\u00e9lyes hozz\u00e1f\u00e9r\u00e9si k\u00f3dja van<\/li>\n<\/ul>\n<p><strong>Sokoldal\u00fa m\u0171k\u00f6d\u00e9s<\/strong><\/p>\n<ul>\n<li>Ergon\u00f3mikus k\u00e9zidarab k\u00f6nny\u0171 \u00e9rint\u00e9sre reag\u00e1l\u00f3 kapcsol\u00f3val<\/li>\n<li>Akkumul\u00e1toros m\u0171k\u00f6d\u00e9s a k\u00f6nnyebb hordozhat\u00f3s\u00e1g \u00e9rdek\u00e9ben<\/li>\n<li>V\u00e1laszthat\u00f3 vezet\u00e9k n\u00e9lk\u00fcli l\u00e1bkapcsol\u00f3<\/li>\n<\/ul>\n<p>&nbsp;<\/p>\n<h5>Indik\u00e1ci\u00f3k<\/h5>\n<ul>\n<li><strong>Endodoncia<\/strong><br \/>\nA gy\u00f6k\u00e9rcsatorn\u00e1k el\u0151k\u00e9sz\u00edt\u00e9se \u00e9s \u00f6bl\u00edt\u00e9se ut\u00e1n a l\u00e9zert a hagyom\u00e1nyos kezel\u00e9s mellett haszn\u00e1lj\u00e1k. A l\u00e9zer hat\u00e9konyan cs\u00f6kkenti a bakt\u00e9riumokat azokon a ter\u00fcleteken, ahol az \u00e1t\u00f6bl\u00edt\u0151 folyad\u00e9k soha nem \u00e9rhet el.<\/li>\n<li><strong>Parodontol\u00f3gia<\/strong><br \/>\nPeriodontikus bakteri\u00e1lis redukci\u00f3, Peri implantitis, Sulcular debridement stb<\/li>\n<li><strong>Seb\u00e9szet<\/strong><br \/>\nGingivaplasztika, implant\u00e1tum felt\u00e1r\u00e1s, bemetsz\u00e9sek\/kiv\u00e1g\u00e1sok<\/li>\n<li><strong>Egy\u00e9b<\/strong><br \/>\nHiper\u00e9rz\u00e9kenys\u00e9g kezel\u00e9se.<\/li>\n<li style=\"list-style-type: none;\"><\/li>\n<\/ul>\n<p>&nbsp;<\/p>\n<h5>SiroLaser Blue &#8211; A k\u00f6vetkez\u0151 szint a l\u00e9zer fog\u00e1szatban<\/h5>\n<iframe loading=\"lazy\"  id=\"_ytid_91562\"  width=\"1170\" height=\"658\"  data-origwidth=\"1170\" data-origheight=\"658\" src=\"https:\/\/www.youtube.com\/embed\/rlYvFyiccmA?enablejsapi=1&autoplay=0&cc_load_policy=0&cc_lang_pref=&iv_load_policy=1&loop=0&rel=1&fs=1&playsinline=0&autohide=2&theme=dark&color=red&controls=1&disablekb=0&\" class=\"__youtube_prefs__  no-lazyload\" title=\"YouTube player\"  allow=\"fullscreen; accelerometer; autoplay; clipboard-write; encrypted-media; gyroscope; picture-in-picture; web-share\" referrerpolicy=\"strict-origin-when-cross-origin\" allowfullscreen data-no-lazy=\"1\" data-skipgform_ajax_framebjll=\"\"><\/iframe>\n<h5>&nbsp;<\/h5>\n<h5>\u00d6sszehasonl\u00edt\u00e1s<\/h5>\n<table>\n<tbody>\n<tr>\n<td width=\"250\"><strong>&nbsp;SiroLaser Xtend<\/strong><\/td>\n<td width=\"10\">&nbsp;<\/td>\n<td width=\"250\"><strong>&nbsp;SiroLaser Advance<\/strong><\/td>\n<\/tr>\n<tr>\n<td style=\"text-align: justify;\" width=\"250\">Intuit\u00edv felhaszn\u00e1l\u00f3i navig\u00e1ci\u00f3, el\u0151re be\u00e1ll\u00edtott ter\u00e1pi\u00e1s programok \u00e9s teljes rugalmass\u00e1g. Hamarosan elk\u00e9pzelhetetlen az \u00e9let a l\u00e9zerek n\u00e9lk\u00fcl a gyakorlatban!<\/td>\n<td width=\"10\">&nbsp;<\/td>\n<td style=\"text-align: justify;\" width=\"250\">A vezet\u00e9k n\u00e9lk\u00fcli akkumul\u00e1tort\u00f6lt\u00e9snek k\u00f6sz\u00f6nhet\u0151en a rendel\u0151k k\u00f6z\u00f6tt mozoghat\u00f3 eg\u00e9sz nap, k\u00f6t\u00f6tts\u00e9g n\u00e9lk\u00fcl. Az opcion\u00e1lis l\u00e1bszab\u00e1lyz\u00f3val a SIROLaser Advance nem hagy k\u00edv\u00e1nnival\u00f3t maga ut\u00e1n.<\/td>\n<\/tr>\n<tr>\n<td style=\"text-align: justify;\" width=\"250\"><strong>&nbsp;Konfigur\u00e1ci\u00f3<\/strong><\/td>\n<td style=\"text-align: left;\" width=\"10\">&nbsp;<\/td>\n<td style=\"text-align: justify;\" width=\"250\">&nbsp;<\/td>\n<\/tr>\n<tr>\n<td style=\"text-align: justify;\" width=\"250\">El\u0151re be\u00e1ll\u00edtott ter\u00e1pi\u00e1s programok, s\u00fag\u00f3 men\u00fc, 24 szabadon programozhat\u00f3 alkalmaz\u00e1s<\/td>\n<td width=\"10\">&nbsp;<\/td>\n<td style=\"text-align: justify;\" width=\"250\">El\u0151re be\u00e1ll\u00edtott ter\u00e1pi\u00e1s programok, s\u00fag\u00f3 men\u00fc, 24 szabadon programozhat\u00f3 alkalmaz\u00e1s<\/td>\n<\/tr>\n<tr>\n<td style=\"text-align: justify;\" width=\"250\">Hozz\u00e1f\u00e9r\u00e9si k\u00f3dok 2 felhaszn\u00e1l\u00f3 sz\u00e1m\u00e1ra<\/td>\n<td width=\"10\">&nbsp;<\/td>\n<td style=\"text-align: justify;\" width=\"250\">Hozz\u00e1f\u00e9r\u00e9si k\u00f3dok 6 felhaszn\u00e1l\u00f3 sz\u00e1m\u00e1ra<\/td>\n<\/tr>\n<tr>\n<td style=\"text-align: justify;\" width=\"250\">1 k\u00e9zidarab<\/td>\n<td width=\"10\">&nbsp;<\/td>\n<td style=\"text-align: justify;\" width=\"250\">2 k\u00e9zidarab a v\u00e1ltakoz\u00f3 m\u0171k\u00f6d\u00e9shez<\/td>\n<\/tr>\n<tr>\n<td style=\"text-align: justify;\" width=\"250\">Friss\u00edt\u00e9sk\u00e9nt el\u00e9rhet\u0151: gyorsbillenty\u0171k 12 kedvencekhez, kezel\u00e9si dokument\u00e1ci\u00f3, \u00fajrat\u00f6lthet\u0151 akkumul\u00e1tor mobil haszn\u00e1lathoz<\/td>\n<td style=\"text-align: left;\" width=\"10\">&nbsp;<\/td>\n<td style=\"text-align: justify;\" width=\"250\">Gyorsbillenty\u0171k 12 kedvencekhez, kezel\u00e9si dokument\u00e1ci\u00f3<\/td>\n<\/tr>\n<tr>\n<td style=\"text-align: justify;\" width=\"250\">&nbsp;<\/td>\n<td style=\"text-align: left;\" width=\"10\">&nbsp;<\/td>\n<td style=\"text-align: justify;\" width=\"250\">\u00dajrat\u00f6lthet\u0151 akkumul\u00e1tor<\/td>\n<\/tr>\n<tr>\n<td width=\"250\">&nbsp;<\/td>\n<td width=\"10\">&nbsp;<\/td>\n<td style=\"text-align: justify;\" width=\"250\">Opcion\u00e1lis: Vezet\u00e9k n\u00e9lk\u00fcli l\u00e1btart\u00f3 a testre szabott munk\u00e1hoz<\/td>\n<\/tr>\n<tr>\n<td style=\"text-align: justify;\" width=\"250\">Teljes\u00edtm\u00e9ny: ak\u00e1r 10 watt<\/td>\n<td style=\"text-align: left;\" width=\"10\">&nbsp;<\/td>\n<td style=\"text-align: justify;\" width=\"250\">Teljes\u00edtm\u00e9ny: max 14 watt<\/td>\n<\/tr>\n<\/tbody>\n<\/table>\n<h5>&nbsp;<\/h5>\n<h5>Let\u00f6lthet\u0151 dokumentumok<\/h5>\n<ul>\n<li><a href=\"https:\/\/www.fogaszatikeszulek.hu\/wp-content\/uploads\/2018\/pdf\/SirolaserAdvanceandXtend.pdf\" target=\"_blank\" rel=\"noopener\">SiroLaser Advance and Xtend prospektus (angol nyelv\u0171)<\/a><\/li>\n<\/ul>\n","protected":false},"excerpt":{"rendered":"<p>A l\u00e9zeres kezel\u00e9sek \u00faj dimenzi\u00f3ja A l\u00e9zerter\u00e1pia a legmodernebb fog\u00e1szati \u00e9s betegell\u00e1t\u00e1st jelenti. N\u00f6velje gyakorlat\u00e1t, biztos\u00edtson jobb eredm\u00e9nyeket \u00e9s boldogabb p\u00e1cienseket. Mindezt stressz n\u00e9lk\u00fcl. A gyors \u00e9s sikeres haszn\u00e1latot az intuit\u00edv m\u00f3don m\u0171k\u00f6d\u0151 l\u00e9zerek SiroLaser Advance \u00e9s SiroLaser Xtend biztos\u00edtj\u00e1k. Haszn\u00e1lja ki sz\u00e1mos k\u00e9nyelmes el\u0151ny\u00e9t Intuit\u00edv kezel\u00e9s \u00c9rint\u0151k\u00e9perny\u0151s navig\u00e1ci\u00f3 Egy\u00e9rtelm\u0171 felhaszn\u00e1l\u00f3i utas\u00edt\u00e1sok Egyszer\u0171 men\u00fc ikonok [&hellip;]<\/p>\n","protected":false},"author":1,"featured_media":0,"parent":0,"menu_order":0,"comment_status":"closed","ping_status":"closed","template":"","meta":{"ngg_post_thumbnail":0,"footnotes":""},"class_list":["post-693","page","type-page","status-publish","hentry"],"_links":{"self":[{"href":"https:\/\/www.fogaszatikeszulek.hu\/index.php\/wp-json\/wp\/v2\/pages\/693","targetHints":{"allow":["GET"]}}],"collection":[{"href":"https:\/\/www.fogaszatikeszulek.hu\/index.php\/wp-json\/wp\/v2\/pages"}],"about":[{"href":"https:\/\/www.fogaszatikeszulek.hu\/index.php\/wp-json\/wp\/v2\/types\/page"}],"author":[{"embeddable":true,"href":"https:\/\/www.fogaszatikeszulek.hu\/index.php\/wp-json\/wp\/v2\/users\/1"}],"replies":[{"embeddable":true,"href":"https:\/\/www.fogaszatikeszulek.hu\/index.php\/wp-json\/wp\/v2\/comments?post=693"}],"version-history":[{"count":16,"href":"https:\/\/www.fogaszatikeszulek.hu\/index.php\/wp-json\/wp\/v2\/pages\/693\/revisions"}],"predecessor-version":[{"id":1220,"href":"https:\/\/www.fogaszatikeszulek.hu\/index.php\/wp-json\/wp\/v2\/pages\/693\/revisions\/1220"}],"wp:attachment":[{"href":"https:\/\/www.fogaszatikeszulek.hu\/index.php\/wp-json\/wp\/v2\/media?parent=693"}],"curies":[{"name":"wp","href":"https:\/\/api.w.org\/{rel}","templated":true}]}}