{"id":686,"date":"2018-03-02T16:23:41","date_gmt":"2018-03-02T16:23:41","guid":{"rendered":"http:\/\/www.fogaszatikeszulek.hu\/?page_id=686"},"modified":"2019-03-08T11:26:56","modified_gmt":"2019-03-08T11:26:56","slug":"sirolaser-advance-plus","status":"publish","type":"page","link":"https:\/\/www.fogaszatikeszulek.hu\/index.php\/sirolaser-advance-plus\/","title":{"rendered":"SiroLaser Advance Plus"},"content":{"rendered":"<h5>Egy kis plusz a rendel\u0151be<img loading=\"lazy\" decoding=\"async\" class=\"alignleft wp-image-658\" style=\"text-align: justify; font-size: 16px;\" src=\"https:\/\/www.fogaszatikeszulek.hu\/wp-content\/uploads\/2018\/03\/sirolaseradvanceplus.png\" alt=\"\" width=\"460\" height=\"259\"><\/h5>\n<p style=\"text-align: justify;\">A fog\u00e1szati di\u00f3da\u200b\u200bl\u00e9zerek egy\u00e9rtelm\u0171 el\u0151ny\u00f6kkel j\u00e1rnak a hagyom\u00e1nyos kezel\u00e9si m\u00f3dokn\u00e1l. A SiroLaser Advance Plus egy infrav\u00f6r\u00f6s \u00e9s v\u00f6r\u00f6s di\u00f3d\u00e1val ell\u00e1tott di\u00f3dal\u00e9zer. A j\u00f3l bev\u00e1lt 970 nm-es hull\u00e1mhossz minden indik\u00e1ci\u00f3hoz alkalmas a l\u00e1gysz\u00f6vet seb\u00e9szetben, a parodontol\u00f3gi\u00e1ban \u00e9s a gy\u00f6k\u00e9rkezel\u00e9sben. A 660 nm-es szonda alkalmas a &#8222;Kisteljes\u00edtm\u00e9ny\u0171 l\u00e9zerkezel\u00e9sekhez&#8221; (LLLT). T\u00f6bb, mint 20 kezel\u00e9st\u00edpust foglal mag\u00e1ban, \u00edgy sokoldal\u00fa lehet\u0151s\u00e9get ny\u00fajt a rendel\u0151 mindennapos munk\u00e1j\u00e1ban.<\/p>\n<h5>&nbsp;<\/h5>\n<h5>Haszn\u00e1lja ki sz\u00e1mos k\u00e9nyelmes el\u0151ny\u00e9t<\/h5>\n<p><strong>Cs\u00f6kkenti a bakteri\u00e1lis fert\u0151z\u00e9s es\u00e9ly\u00e9t<\/strong><\/p>\n<ul>\n<li>A 970nm f\u00e9ny a bakteri\u00e1lis fert\u0151z\u00e9s es\u00e9ly\u00e9nek lehet\u0151s\u00e9g\u00e9t cs\u00f6kkenti a parodontol\u00f3gia \u00e9s endodoncia ter\u00fclet\u00e9n.<\/li>\n<\/ul>\n<p><strong>Enyh\u00e9bb m\u0171t\u00e9t ut\u00e1ni f\u00e1jdalom<\/strong><\/p>\n<p><strong>Intuit\u00edv haszn\u00e1lat<\/strong><\/p>\n<ul>\n<li>\u00c9rint\u0151k\u00e9perny\u0151s navig\u00e1ci\u00f3<\/li>\n<li>Egy\u00e9rtelm\u0171 felhaszn\u00e1l\u00f3i utas\u00edt\u00e1sok<\/li>\n<li>Egy\u00e9rtelm\u0171 men\u00fc ikonok<\/li>\n<\/ul>\n<p><strong>Azonnali kezel\u00e9s<\/strong><\/p>\n<ul>\n<li>El\u0151re be\u00e1ll\u00edtott programok a legfontosabb kezel\u00e9sekhez<\/li>\n<li>Opcion\u00e1lis s\u00fag\u00f3 men\u00fc a be\u00e1ll\u00edtott programokhoz a kev\u00e9sb\u00e9 tapasztalt felhaszn\u00e1l\u00f3k r\u00e9sz\u00e9re<\/li>\n<li>Sterilen sz\u00e1ll\u00edtott egyszer haszn\u00e1latos sz\u00e1lak<\/li>\n<\/ul>\n<p><strong>Egy\u00e9ni testreszab\u00e1s<\/strong><\/p>\n<ul>\n<li>24 programozhat\u00f3 alkalmaz\u00e1s<\/li>\n<li>Felhaszn\u00e1l\u00f3i profilok, mindegyiknek szem\u00e9lyes hozz\u00e1f\u00e9r\u00e9si k\u00f3dja van<\/li>\n<\/ul>\n<p><strong>Vertik\u00e1lis m\u0171k\u00f6d\u00e9s<\/strong><\/p>\n<ul>\n<li>Ergon\u00f3mikus k\u00e9zidarab k\u00f6nny\u0171 \u00e9rint\u00e9s kapcsol\u00f3val<\/li>\n<li>Akkumul\u00e1toros m\u0171k\u00f6d\u00e9s a jobb hordozhat\u00f3s\u00e1g \u00e9rdek\u00e9ben<\/li>\n<li>660nm-es di\u00f3da alacsony szint\u0171 l\u00e9zerter\u00e1pi\u00e1hoz (LLLT)<\/li>\n<\/ul>\n<p>&nbsp;<\/p>\n<h5>Indik\u00e1ci\u00f3k<\/h5>\n<ul>\n<li style=\"text-align: justify;\"><strong>Implantol\u00f3gia<br \/>\n<\/strong>Kezel\u00e9s az implant\u00e1tum k\u00f6r\u00fcl, p\u00e9ld\u00e1ul az implant\u00e1tum felt\u00e1r\u00e1sa.<\/li>\n<li style=\"text-align: justify;\"><strong>Endodoncia<\/strong><br \/>\nA gy\u00f6k\u00e9rcsatorn\u00e1k el\u0151k\u00e9sz\u00edt\u00e9se \u00e9s \u00f6bl\u00edt\u00e9se ut\u00e1n a l\u00e9zert a hagyom\u00e1nyos kezel\u00e9s mellett haszn\u00e1lj\u00e1k. A l\u00e9zer hat\u00e9konyan cs\u00f6kkenti a bakt\u00e9riumokat azokon a ter\u00fcleteken, ahol az \u00e1t\u00f6bl\u00edt\u0151 folyad\u00e9k soha nem \u00e9rhet el.<\/li>\n<li style=\"text-align: justify;\"><strong>CEREC\/prot\u00e9zisek<\/strong><br \/>\nA szulkusz kiterjeszt\u00e9se \u00e9s\/vagy a hemoszt\u00e1zis benoym\u00e1sk\u00e9sz\u00edt\u00e9sre val\u00f3 felk\u00e9sz\u00fcl\u00e9s.<\/li>\n<li style=\"text-align: justify;\"><strong>Parodontol\u00f3gia<\/strong><br \/>\nA l\u00e9zert a hagyom\u00e1nyos kezel\u00e9sek mellett az \u00ednytasak kezel\u00e9s\u00e9re is haszn\u00e1lhatjuk: p\u00e9ld\u00e1ul a cs\u00edra \u00e9s a bakt\u00e9riumok cs\u00f6kkent\u00e9s\u00e9re a hagyom\u00e1nyos \u00f6bl\u00edt\u00e9s mellett. A l\u00e9zer gyorsan, j\u00f3 eredm\u00e9nnyel j\u00e1r.<\/li>\n<li style=\"text-align: justify;\"><strong>Seb\u00e9szet<\/strong><br \/>\nA l\u00e9zert a hagyom\u00e1nyos kezel\u00e9si m\u00f3dszerek alternat\u00edv\u00e1jak\u00e9nt haszn\u00e1lj\u00e1k. A m\u0171t\u00e9t el\u0151nye t\u00f6bbnyire v\u00e9rmentes \u00e9s steril seb\u00e9szeti ter\u00fclet. A p\u00e1ciensnek jelent\u0151sen kevesebb posztoperat\u00edv sebfert\u0151z\u00e9se van, gyakran nem ig\u00e9nyel antibiotikumot, \u00e9s t\u00f6bbnyire hegmentes gy\u00f3gyul\u00e1st jelent.<\/li>\n<li style=\"text-align: justify;\"><strong>L\u00e9zer ter\u00e1pia<br \/>\n<\/strong>A SiroLaser Blue az alacsony szint\u0171 l\u00e9zerter\u00e1pia sok ter\u00fclet\u00e9t lefedi integr\u00e1lt l\u00e1gy l\u00e9zer\u00e9vel, p\u00e9ld\u00e1ul sebgy\u00f3gy\u00edt\u00e1s.<\/li>\n<li style=\"text-align: justify;\"><strong>Orvosi feh\u00e9r\u00edt\u00e9s<\/strong><br \/>\nEndodontiai ut\u00f3kezel\u00e9sk\u00e9nt.<\/li>\n<li style=\"text-align: justify;\"><strong>Deszenzibiliz\u00e1l\u00e1s<\/strong><br \/>\nHiper\u00e9rz\u00e9kenys\u00e9g kezel\u00e9se.<\/li>\n<\/ul>\n<p>&nbsp;<\/p>\n<h5>SiroLaser Blue &#8211; A k\u00f6vetkez\u0151 szint a l\u00e9zer fog\u00e1szatban<\/h5>\n<iframe loading=\"lazy\"  id=\"_ytid_88624\"  width=\"1170\" height=\"658\"  data-origwidth=\"1170\" data-origheight=\"658\" src=\"https:\/\/www.youtube.com\/embed\/rlYvFyiccmA?enablejsapi=1&autoplay=0&cc_load_policy=0&cc_lang_pref=&iv_load_policy=1&loop=0&rel=1&fs=1&playsinline=0&autohide=2&theme=dark&color=red&controls=1&disablekb=0&\" class=\"__youtube_prefs__  no-lazyload\" title=\"YouTube player\"  allow=\"fullscreen; accelerometer; autoplay; clipboard-write; encrypted-media; gyroscope; picture-in-picture; web-share\" referrerpolicy=\"strict-origin-when-cross-origin\" allowfullscreen data-no-lazy=\"1\" data-skipgform_ajax_framebjll=\"\"><\/iframe>\n<h5>&nbsp;<\/h5>\n<h5>Let\u00f6lthet\u0151 dokumentumok<\/h5>\n<ul>\n<li><a href=\"https:\/\/www.fogaszatikeszulek.hu\/wp-content\/uploads\/2018\/pdf\/SirolaserAdvancedPlus.pdf\" target=\"_blank\" rel=\"noopener\">SiroLaser Advance Plus prospektus (angol nyelv\u0171)<\/a><\/li>\n<\/ul>\n","protected":false},"excerpt":{"rendered":"<p>Egy kis plusz a rendel\u0151be A fog\u00e1szati di\u00f3da\u200b\u200bl\u00e9zerek egy\u00e9rtelm\u0171 el\u0151ny\u00f6kkel j\u00e1rnak a hagyom\u00e1nyos kezel\u00e9si m\u00f3dokn\u00e1l. A SiroLaser Advance Plus egy infrav\u00f6r\u00f6s \u00e9s v\u00f6r\u00f6s di\u00f3d\u00e1val ell\u00e1tott di\u00f3dal\u00e9zer. A j\u00f3l bev\u00e1lt 970 nm-es hull\u00e1mhossz minden indik\u00e1ci\u00f3hoz alkalmas a l\u00e1gysz\u00f6vet seb\u00e9szetben, a parodontol\u00f3gi\u00e1ban \u00e9s a gy\u00f6k\u00e9rkezel\u00e9sben. A 660 nm-es szonda alkalmas a &#8222;Kisteljes\u00edtm\u00e9ny\u0171 l\u00e9zerkezel\u00e9sekhez&#8221; (LLLT). T\u00f6bb, mint 20 [&hellip;]<\/p>\n","protected":false},"author":1,"featured_media":0,"parent":0,"menu_order":0,"comment_status":"closed","ping_status":"closed","template":"","meta":{"ngg_post_thumbnail":0,"footnotes":""},"class_list":["post-686","page","type-page","status-publish","hentry"],"_links":{"self":[{"href":"https:\/\/www.fogaszatikeszulek.hu\/index.php\/wp-json\/wp\/v2\/pages\/686","targetHints":{"allow":["GET"]}}],"collection":[{"href":"https:\/\/www.fogaszatikeszulek.hu\/index.php\/wp-json\/wp\/v2\/pages"}],"about":[{"href":"https:\/\/www.fogaszatikeszulek.hu\/index.php\/wp-json\/wp\/v2\/types\/page"}],"author":[{"embeddable":true,"href":"https:\/\/www.fogaszatikeszulek.hu\/index.php\/wp-json\/wp\/v2\/users\/1"}],"replies":[{"embeddable":true,"href":"https:\/\/www.fogaszatikeszulek.hu\/index.php\/wp-json\/wp\/v2\/comments?post=686"}],"version-history":[{"count":13,"href":"https:\/\/www.fogaszatikeszulek.hu\/index.php\/wp-json\/wp\/v2\/pages\/686\/revisions"}],"predecessor-version":[{"id":1218,"href":"https:\/\/www.fogaszatikeszulek.hu\/index.php\/wp-json\/wp\/v2\/pages\/686\/revisions\/1218"}],"wp:attachment":[{"href":"https:\/\/www.fogaszatikeszulek.hu\/index.php\/wp-json\/wp\/v2\/media?parent=686"}],"curies":[{"name":"wp","href":"https:\/\/api.w.org\/{rel}","templated":true}]}}