{"id":668,"date":"2018-03-02T14:45:05","date_gmt":"2018-03-02T14:45:05","guid":{"rendered":"http:\/\/www.fogaszatikeszulek.hu\/?page_id=668"},"modified":"2021-07-27T15:33:16","modified_gmt":"2021-07-27T15:33:16","slug":"sirolaser-blue","status":"publish","type":"page","link":"https:\/\/www.fogaszatikeszulek.hu\/index.php\/sirolaser-blue\/","title":{"rendered":"SiroLaser Blue"},"content":{"rendered":"<h5>Sokoldal\u00fa lehet\u0151s\u00e9g<img loading=\"lazy\" decoding=\"async\" class=\"alignleft wp-image-658\" style=\"text-align: justify; font-size: 16px;\" src=\"https:\/\/www.fogaszatikeszulek.hu\/wp-content\/uploads\/2018\/03\/sirolaserblue.png\" alt=\"\" width=\"460\" height=\"259\" srcset=\"https:\/\/www.fogaszatikeszulek.hu\/wp-content\/uploads\/2018\/03\/sirolaserblue.png 1200w, https:\/\/www.fogaszatikeszulek.hu\/wp-content\/uploads\/2018\/03\/sirolaserblue-300x169.png 300w, https:\/\/www.fogaszatikeszulek.hu\/wp-content\/uploads\/2018\/03\/sirolaserblue-768x432.png 768w, https:\/\/www.fogaszatikeszulek.hu\/wp-content\/uploads\/2018\/03\/sirolaserblue-1024x576.png 1024w, https:\/\/www.fogaszatikeszulek.hu\/wp-content\/uploads\/2018\/03\/sirolaserblue-830x467.png 830w, https:\/\/www.fogaszatikeszulek.hu\/wp-content\/uploads\/2018\/03\/sirolaserblue-230x129.png 230w, https:\/\/www.fogaszatikeszulek.hu\/wp-content\/uploads\/2018\/03\/sirolaserblue-350x197.png 350w, https:\/\/www.fogaszatikeszulek.hu\/wp-content\/uploads\/2018\/03\/sirolaserblue-480x270.png 480w\" sizes=\"auto, (max-width: 460px) 100vw, 460px\" \/><\/h5>\n<p style=\"text-align: justify;\">A fog\u00e1szati \u200b\u200bl\u00e9zerek sz\u00e1mos el\u0151nnyel j\u00e1rnak a hagyom\u00e1nyos kezel\u00e9si m\u00f3dokkal szemben, hegmentes sebgy\u00f3gyul\u00e1st \u00e9s jobb cs\u00edr\u00e1tlan\u00edt\u00e1st biztos\u00edt. A p\u00e1ciensek sz\u00e1m\u00e1ra a m\u0171t\u00e9t ut\u00e1ni f\u00e1jdalom cs\u00f6kken\u00e9s\u00e9t jelentheti. A SiroLaser Blue az els\u0151 fog\u00e1szati \u200b\u200bl\u00e9zer, amely k\u00e9k, infrav\u00f6r\u00f6s \u00e9s v\u00f6r\u00f6s szond\u00e1kkal rendelkezik. T\u00f6bb mint 20 f\u00e9le kezel\u00e9st\u00edpushoz, \u00edgy sokoldal\u00fa alkalmaz\u00e1si ter\u00fcletet biztos\u00edt a gyakorlatban.<\/p>\n<h5>Haszn\u00e1lja ki sz\u00e1mos k\u00e9nyelmes el\u0151ny\u00e9t<\/h5>\n<ul>\n<li style=\"text-align: justify;\"><strong>Cs\u00f6kkenti a bakteri\u00e1lis fert\u0151z\u00e9s es\u00e9ly\u00e9t<\/strong><br \/>\nA 970nm f\u00e9ny a bakteri\u00e1lis fert\u0151z\u00e9s es\u00e9ly\u00e9nek lehet\u0151s\u00e9g\u00e9t cs\u00f6kkenti a parodontol\u00f3gia \u00e9s endodoncia ter\u00fclet\u00e9n.<\/li>\n<li style=\"text-align: justify;\"><strong>Enyh\u00e9bb m\u0171t\u00e9t ut\u00e1ni f\u00e1jdalom<\/strong><br \/>\nA fogorvos \u00e9s a p\u00e1ciens sz\u00e1m\u00e1ra is egyar\u00e1nt megnyugtat\u00f3 eredm\u00e9nyt ny\u00fajt, intenz\u00edv gy\u00f3gyul\u00e1st tesz lehet\u0151v\u00e9, cs\u00f6kkenti a m\u0171t\u00e9t ut\u00e1ni f\u00e1jdalmat.<\/li>\n<li style=\"text-align: justify;\"><strong>Legink\u00e1bb sebmentes gy\u00f3gyul\u00e1s<\/strong><br \/>\nGyakran sz\u00fcks\u00e9gtelenek a varratok, \u00e1ltal\u00e1ban a sebek hegmentes gy\u00f3gyul\u00e1s\u00e1t biztos\u00edtj\u00e1k. M\u00e1sik nagy el\u0151nye,&nbsp; hogy sok esetben endodontiai, parodontiai vagy seb\u00e9szi kezel\u00e9sek ut\u00e1n az antibiotikumok elhagyhat\u00f3ak.<\/li>\n<\/ul>\n<p style=\"text-align: justify;\">&nbsp;<br \/>\nL\u00e1gysz\u00f6vet-m\u0171t\u00e9t, endodoncia, parodontol\u00f3gia vagy implantol\u00f3gia &#8211; a SiroLaser Blue mindegyik ter\u00fcleten haszn\u00e1lhat\u00f3. H\u00e1rom k\u00fcl\u00f6nb\u00f6z\u0151 hull\u00e1mhossza sz\u00e1mos kezel\u00e9si lehet\u0151s\u00e9get nyit meg. T\u00f6bb mint 20 k\u00fcl\u00f6nb\u00f6z\u0151 indik\u00e1ci\u00f3n\u00e1l haszn\u00e1lhat\u00f3.<\/p>\n<p>&nbsp;<\/p>\n<h5>Indik\u00e1ci\u00f3k<\/h5>\n<ul>\n<li style=\"text-align: justify;\">Implantol\u00f3gia<\/li>\n<li style=\"text-align: justify;\">Endodoncia<br \/>\nA gy\u00f6k\u00e9rcsatorn\u00e1k el\u0151k\u00e9sz\u00edt\u00e9se \u00e9s \u00f6bl\u00edt\u00e9se ut\u00e1n a l\u00e9zert a hagyom\u00e1nyos kezel\u00e9s mellett haszn\u00e1lj\u00e1k. A l\u00e9zer hat\u00e9konyan cs\u00f6kkenti a bakt\u00e9riumokat azokon a ter\u00fcleteken, ahol az \u00e1t\u00f6bl\u00edt\u0151 folyad\u00e9k soha nem \u00e9rhet el.<\/li>\n<li style=\"text-align: justify;\">CEREC\/prot\u00e9zisek<br \/>\nA szulkusz kiterjeszt\u00e9se \u00e9s\/vagy a hemoszt\u00e1zis cs\u00f6kkent\u00e9se.<\/li>\n<li style=\"text-align: justify;\">Parodontol\u00f3gia<\/li>\n<li style=\"text-align: justify;\">Seb\u00e9szet<\/li>\n<li style=\"text-align: justify;\">Orvosi fogfeh\u00e9r\u00edt\u00e9s<br \/>\nEndodontiai ut\u00f3kezel\u00e9sk\u00e9nt<\/li>\n<li style=\"text-align: justify;\">Deszenzibiliz\u00e1l\u00e1s<br \/>\nHiper\u00e9rz\u00e9kenys\u00e9g kezel\u00e9se.<\/li>\n<\/ul>\n<p>&nbsp;<\/p>\n<h5>SiroLaser Blue &#8211; A k\u00f6vetkez\u0151 szint a l\u00e9zer fog\u00e1szatban<\/h5>\n<iframe loading=\"lazy\"  id=\"_ytid_41581\"  width=\"1170\" height=\"658\"  data-origwidth=\"1170\" data-origheight=\"658\" src=\"https:\/\/www.youtube.com\/embed\/CRhXhTXQ_GQ\">https:\/\/www.youtube.com\/watch?enablejsapi=1&autoplay=0&cc_load_policy=0&cc_lang_pref=&iv_load_policy=1&loop=0&rel=1&fs=1&playsinline=0&autohide=2&theme=dark&color=red&controls=1&disablekb=0&\" class=\"__youtube_prefs__  no-lazyload\" title=\"YouTube player\"  allow=\"fullscreen; accelerometer; autoplay; clipboard-write; encrypted-media; gyroscope; picture-in-picture; web-share\" referrerpolicy=\"strict-origin-when-cross-origin\" allowfullscreen data-no-lazy=\"1\" data-skipgform_ajax_framebjll=\"\"><\/iframe>\n<h5>&nbsp;<\/h5>\n<h5>Let\u00f6lthet\u0151 dokumentumok<\/h5>\n<ul>\n<li><a href=\"https:\/\/www.fogaszatikeszulek.hu\/wp-content\/uploads\/2020\/06\/DS-SiroslaserBlue.pdf\">SiroLaser Blue magyar nyelv\u0171 prospektus (PDF)<\/a><\/li>\n<\/ul>\n","protected":false},"excerpt":{"rendered":"<p>Sokoldal\u00fa lehet\u0151s\u00e9g A fog\u00e1szati \u200b\u200bl\u00e9zerek sz\u00e1mos el\u0151nnyel j\u00e1rnak a hagyom\u00e1nyos kezel\u00e9si m\u00f3dokkal szemben, hegmentes sebgy\u00f3gyul\u00e1st \u00e9s jobb cs\u00edr\u00e1tlan\u00edt\u00e1st biztos\u00edt. A p\u00e1ciensek sz\u00e1m\u00e1ra a m\u0171t\u00e9t ut\u00e1ni f\u00e1jdalom cs\u00f6kken\u00e9s\u00e9t jelentheti. A SiroLaser Blue az els\u0151 fog\u00e1szati \u200b\u200bl\u00e9zer, amely k\u00e9k, infrav\u00f6r\u00f6s \u00e9s v\u00f6r\u00f6s szond\u00e1kkal rendelkezik. T\u00f6bb mint 20 f\u00e9le kezel\u00e9st\u00edpushoz, \u00edgy sokoldal\u00fa alkalmaz\u00e1si ter\u00fcletet biztos\u00edt a gyakorlatban. Haszn\u00e1lja [&hellip;]<\/p>\n","protected":false},"author":1,"featured_media":0,"parent":0,"menu_order":0,"comment_status":"closed","ping_status":"closed","template":"","meta":{"ngg_post_thumbnail":0,"footnotes":""},"class_list":["post-668","page","type-page","status-publish","hentry"],"_links":{"self":[{"href":"https:\/\/www.fogaszatikeszulek.hu\/index.php\/wp-json\/wp\/v2\/pages\/668","targetHints":{"allow":["GET"]}}],"collection":[{"href":"https:\/\/www.fogaszatikeszulek.hu\/index.php\/wp-json\/wp\/v2\/pages"}],"about":[{"href":"https:\/\/www.fogaszatikeszulek.hu\/index.php\/wp-json\/wp\/v2\/types\/page"}],"author":[{"embeddable":true,"href":"https:\/\/www.fogaszatikeszulek.hu\/index.php\/wp-json\/wp\/v2\/users\/1"}],"replies":[{"embeddable":true,"href":"https:\/\/www.fogaszatikeszulek.hu\/index.php\/wp-json\/wp\/v2\/comments?post=668"}],"version-history":[{"count":21,"href":"https:\/\/www.fogaszatikeszulek.hu\/index.php\/wp-json\/wp\/v2\/pages\/668\/revisions"}],"predecessor-version":[{"id":2570,"href":"https:\/\/www.fogaszatikeszulek.hu\/index.php\/wp-json\/wp\/v2\/pages\/668\/revisions\/2570"}],"wp:attachment":[{"href":"https:\/\/www.fogaszatikeszulek.hu\/index.php\/wp-json\/wp\/v2\/media?parent=668"}],"curies":[{"name":"wp","href":"https:\/\/api.w.org\/{rel}","templated":true}]}}