{"id":66,"date":"2018-02-13T10:55:14","date_gmt":"2018-02-13T10:55:14","guid":{"rendered":"http:\/\/www.fogaszatikeszulek.hu\/?page_id=66"},"modified":"2019-02-21T14:18:02","modified_gmt":"2019-02-21T14:18:02","slug":"lezer","status":"publish","type":"page","link":"https:\/\/www.fogaszatikeszulek.hu\/index.php\/lezer\/","title":{"rendered":"Dentsply Sirona l\u00e9zerek"},"content":{"rendered":"<p>&nbsp;<\/p>\n<table style=\"width: 800px;\" border=\"0\">\n<tbody>\n<tr>\n<td width=\"339\"><img loading=\"lazy\" decoding=\"async\" class=\"alignnone size-full wp-image-658\" src=\"https:\/\/www.fogaszatikeszulek.hu\/wp-content\/uploads\/2018\/03\/sirolaserblue.png\" alt=\"\" width=\"1200\" height=\"675\" srcset=\"https:\/\/www.fogaszatikeszulek.hu\/wp-content\/uploads\/2018\/03\/sirolaserblue.png 1200w, https:\/\/www.fogaszatikeszulek.hu\/wp-content\/uploads\/2018\/03\/sirolaserblue-300x169.png 300w, https:\/\/www.fogaszatikeszulek.hu\/wp-content\/uploads\/2018\/03\/sirolaserblue-768x432.png 768w, https:\/\/www.fogaszatikeszulek.hu\/wp-content\/uploads\/2018\/03\/sirolaserblue-1024x576.png 1024w, https:\/\/www.fogaszatikeszulek.hu\/wp-content\/uploads\/2018\/03\/sirolaserblue-830x467.png 830w, https:\/\/www.fogaszatikeszulek.hu\/wp-content\/uploads\/2018\/03\/sirolaserblue-230x129.png 230w, https:\/\/www.fogaszatikeszulek.hu\/wp-content\/uploads\/2018\/03\/sirolaserblue-350x197.png 350w, https:\/\/www.fogaszatikeszulek.hu\/wp-content\/uploads\/2018\/03\/sirolaserblue-480x270.png 480w\" sizes=\"auto, (max-width: 1200px) 100vw, 1200px\" \/><\/td>\n<td width=\"10\">&nbsp;<\/td>\n<td width=\"339\"><img loading=\"lazy\" decoding=\"async\" class=\"alignnone size-full wp-image-659\" src=\"https:\/\/www.fogaszatikeszulek.hu\/wp-content\/uploads\/2018\/03\/sirolaseradvanceplus.png\" alt=\"\" width=\"1200\" height=\"675\" srcset=\"https:\/\/www.fogaszatikeszulek.hu\/wp-content\/uploads\/2018\/03\/sirolaseradvanceplus.png 1200w, https:\/\/www.fogaszatikeszulek.hu\/wp-content\/uploads\/2018\/03\/sirolaseradvanceplus-300x169.png 300w, https:\/\/www.fogaszatikeszulek.hu\/wp-content\/uploads\/2018\/03\/sirolaseradvanceplus-768x432.png 768w, https:\/\/www.fogaszatikeszulek.hu\/wp-content\/uploads\/2018\/03\/sirolaseradvanceplus-1024x576.png 1024w, https:\/\/www.fogaszatikeszulek.hu\/wp-content\/uploads\/2018\/03\/sirolaseradvanceplus-830x467.png 830w, https:\/\/www.fogaszatikeszulek.hu\/wp-content\/uploads\/2018\/03\/sirolaseradvanceplus-230x129.png 230w, https:\/\/www.fogaszatikeszulek.hu\/wp-content\/uploads\/2018\/03\/sirolaseradvanceplus-350x197.png 350w, https:\/\/www.fogaszatikeszulek.hu\/wp-content\/uploads\/2018\/03\/sirolaseradvanceplus-480x270.png 480w\" sizes=\"auto, (max-width: 1200px) 100vw, 1200px\" \/><\/td>\n<td width=\"10\">&nbsp;<\/td>\n<td width=\"339\"><img loading=\"lazy\" decoding=\"async\" class=\"alignnone size-full wp-image-660\" src=\"https:\/\/www.fogaszatikeszulek.hu\/wp-content\/uploads\/2018\/03\/sirolaseradvancextend.png\" alt=\"\" width=\"1200\" height=\"675\" srcset=\"https:\/\/www.fogaszatikeszulek.hu\/wp-content\/uploads\/2018\/03\/sirolaseradvancextend.png 1200w, https:\/\/www.fogaszatikeszulek.hu\/wp-content\/uploads\/2018\/03\/sirolaseradvancextend-300x169.png 300w, https:\/\/www.fogaszatikeszulek.hu\/wp-content\/uploads\/2018\/03\/sirolaseradvancextend-768x432.png 768w, https:\/\/www.fogaszatikeszulek.hu\/wp-content\/uploads\/2018\/03\/sirolaseradvancextend-1024x576.png 1024w, https:\/\/www.fogaszatikeszulek.hu\/wp-content\/uploads\/2018\/03\/sirolaseradvancextend-830x467.png 830w, https:\/\/www.fogaszatikeszulek.hu\/wp-content\/uploads\/2018\/03\/sirolaseradvancextend-230x129.png 230w, https:\/\/www.fogaszatikeszulek.hu\/wp-content\/uploads\/2018\/03\/sirolaseradvancextend-350x197.png 350w, https:\/\/www.fogaszatikeszulek.hu\/wp-content\/uploads\/2018\/03\/sirolaseradvancextend-480x270.png 480w\" sizes=\"auto, (max-width: 1200px) 100vw, 1200px\" \/><\/td>\n<\/tr>\n<tr>\n<td width=\"260\">\n<h5 style=\"text-align: justify;\"><a href=\"https:\/\/www.fogaszatikeszulek.hu\/index.php\/sirolaser-blue\/\"><strong>SiroLaser Blue<\/strong><\/a><\/h5>\n<p style=\"text-align: justify;\">A SiroLaser Blue vil\u00e1gszerte az els\u0151 fog\u00e1szati \u200b\u200bl\u00e9zer k\u00e9k, infrav\u00f6r\u00f6s \u00e9s v\u00f6r\u00f6s hull\u00e1mhosszal. T\u00f6bb mint 20 f\u00e9le indik\u00e1ci\u00f3 felfedez\u00e9s\u00e9hez, \u00edgy&nbsp; sokoldal\u00fa alkalmaz\u00e1si lehet\u0151s\u00e9geket biztos\u00edt a gyakorlatban.<\/p>\n<p style=\"text-align: justify;\"><a href=\"https:\/\/www.fogaszatikeszulek.hu\/index.php\/sirolaser-blue\/\">Tov\u00e1bbi inform\u00e1ci\u00f3&#8230;<\/a><\/p>\n<\/td>\n<td width=\"10\">&nbsp;<\/td>\n<td width=\"260\">\n<h5 style=\"text-align: justify;\"><a href=\"https:\/\/www.fogaszatikeszulek.hu\/index.php\/sirolaser-advance-plus\/\"><strong>SiroLaser Advance Plus&nbsp;<\/strong><\/a><\/h5>\n<p style=\"text-align: justify;\">A SiroLaser Advance Plus-t szak\u00e9rt\u0151k \u00e9s kev\u00e9sb\u00e9 tapsztalt felhaszn\u00e1l\u00f3k sz\u00e1m\u00e1ra tervezt\u00e9k. Haszn\u00e1lat\u00e1val intuit\u00edv \u00e9s sokoldal\u00fa felhaszn\u00e1l\u00e1si lehet\u0151s\u00e9get kap a betegek teljes ell\u00e1t\u00e1s\u00e1ra.<\/p>\n<p style=\"text-align: justify;\"><a href=\"https:\/\/www.fogaszatikeszulek.hu\/index.php\/sirolaser-advance-plus\/\">Tov\u00e1bbi inform\u00e1ci\u00f3&#8230;<\/a><\/p>\n<\/td>\n<td width=\"10\">&nbsp;<\/td>\n<td valign=\"top\" width=\"260\">\n<h5 style=\"text-align: justify;\"><a href=\"https:\/\/www.fogaszatikeszulek.hu\/index.php\/sirolaser-advance-xtend\/\"><span style=\"vertical-align: top;\"><strong>Si<\/strong><\/span><span style=\"vertical-align: top;\"><strong>roLaser<br \/>\nAdvance<\/strong><\/span>&nbsp;<strong>&amp; Xtend<\/strong><\/a><\/h5>\n<p style=\"text-align: justify;\">A gyors \u00e9s sikeres felhaszn\u00e1l\u00e1st biztos\u00edtanak az intuit\u00edv m\u00f3don m\u0171k\u00f6d\u0151 l\u00e9zerek SiroLaser Advance \u00e9s SiroLaser Xtend.&nbsp;<\/p>\n<p style=\"text-align: justify;\"><a href=\"https:\/\/www.fogaszatikeszulek.hu\/index.php\/sirolaser-advance-xtend\/\">Tov\u00e1bbi inform\u00e1ci\u00f3&#8230;<\/a><\/p>\n<\/td>\n<\/tr>\n<\/tbody>\n<\/table>\n<h5>&nbsp;<\/h5>\n<h5>Let\u00f6lthet\u0151 dokumentumok<\/h5>\n<ul>\n<li><a href=\"https:\/\/www.fogaszatikeszulek.hu\/wp-content\/uploads\/2018\/pdf\/SirolaserBlue.pdf\" target=\"_blank\" rel=\"noopener\">SiroLaser Blue prospektus (angol nyelv\u0171)<\/a><\/li>\n<li><a href=\"https:\/\/www.fogaszatikeszulek.hu\/wp-content\/uploads\/2018\/pdf\/SirolaserAdvanceandXtend.pdf\" target=\"_blank\" rel=\"noopener\">SiroLaser &#8211; Advance \u00e9s Xtend prospektus (angol nyelv\u0171)<\/a><\/li>\n<li><a href=\"https:\/\/www.fogaszatikeszulek.hu\/wp-content\/uploads\/2018\/pdf\/SirolaserAdvancedPlus.pdf\" target=\"_blank\" rel=\"noopener\">SiroLaser Advance Plus prospektus (angol nyelv\u0171)<\/a><\/li>\n<\/ul>\n","protected":false},"excerpt":{"rendered":"<p>&nbsp; &nbsp; &nbsp; SiroLaser Blue A SiroLaser Blue vil\u00e1gszerte az els\u0151 fog\u00e1szati \u200b\u200bl\u00e9zer k\u00e9k, infrav\u00f6r\u00f6s \u00e9s v\u00f6r\u00f6s hull\u00e1mhosszal. T\u00f6bb mint 20 f\u00e9le indik\u00e1ci\u00f3 felfedez\u00e9s\u00e9hez, \u00edgy&nbsp; sokoldal\u00fa alkalmaz\u00e1si lehet\u0151s\u00e9geket biztos\u00edt a gyakorlatban. Tov\u00e1bbi inform\u00e1ci\u00f3&#8230; &nbsp; SiroLaser Advance Plus&nbsp; A SiroLaser Advance Plus-t szak\u00e9rt\u0151k \u00e9s kev\u00e9sb\u00e9 tapsztalt felhaszn\u00e1l\u00f3k sz\u00e1m\u00e1ra tervezt\u00e9k. Haszn\u00e1lat\u00e1val intuit\u00edv \u00e9s sokoldal\u00fa felhaszn\u00e1l\u00e1si lehet\u0151s\u00e9get kap [&hellip;]<\/p>\n","protected":false},"author":1,"featured_media":0,"parent":0,"menu_order":0,"comment_status":"closed","ping_status":"closed","template":"","meta":{"ngg_post_thumbnail":0,"footnotes":""},"class_list":["post-66","page","type-page","status-publish","hentry"],"_links":{"self":[{"href":"https:\/\/www.fogaszatikeszulek.hu\/index.php\/wp-json\/wp\/v2\/pages\/66","targetHints":{"allow":["GET"]}}],"collection":[{"href":"https:\/\/www.fogaszatikeszulek.hu\/index.php\/wp-json\/wp\/v2\/pages"}],"about":[{"href":"https:\/\/www.fogaszatikeszulek.hu\/index.php\/wp-json\/wp\/v2\/types\/page"}],"author":[{"embeddable":true,"href":"https:\/\/www.fogaszatikeszulek.hu\/index.php\/wp-json\/wp\/v2\/users\/1"}],"replies":[{"embeddable":true,"href":"https:\/\/www.fogaszatikeszulek.hu\/index.php\/wp-json\/wp\/v2\/comments?post=66"}],"version-history":[{"count":42,"href":"https:\/\/www.fogaszatikeszulek.hu\/index.php\/wp-json\/wp\/v2\/pages\/66\/revisions"}],"predecessor-version":[{"id":1597,"href":"https:\/\/www.fogaszatikeszulek.hu\/index.php\/wp-json\/wp\/v2\/pages\/66\/revisions\/1597"}],"wp:attachment":[{"href":"https:\/\/www.fogaszatikeszulek.hu\/index.php\/wp-json\/wp\/v2\/media?parent=66"}],"curies":[{"name":"wp","href":"https:\/\/api.w.org\/{rel}","templated":true}]}}