{"id":64,"date":"2018-02-13T10:55:09","date_gmt":"2018-02-13T10:55:09","guid":{"rendered":"http:\/\/www.fogaszatikeszulek.hu\/?page_id=64"},"modified":"2020-06-25T12:01:22","modified_gmt":"2020-06-25T12:01:22","slug":"digitalis-radiologia","status":"publish","type":"page","link":"https:\/\/www.fogaszatikeszulek.hu\/index.php\/digitalis-radiologia\/","title":{"rendered":"Digit\u00e1lis radiol\u00f3gia"},"content":{"rendered":"<h5>K\u00e9palkot\u00e1s<\/h5>\n<p><img loading=\"lazy\" decoding=\"async\" class=\"alignright wp-image-1770\" src=\"https:\/\/www.fogaszatikeszulek.hu\/wp-content\/uploads\/2019\/11\/radiologia.jpg\" alt=\"\" width=\"500\" height=\"310\" srcset=\"https:\/\/www.fogaszatikeszulek.hu\/wp-content\/uploads\/2019\/11\/radiologia.jpg 786w, https:\/\/www.fogaszatikeszulek.hu\/wp-content\/uploads\/2019\/11\/radiologia-300x186.jpg 300w, https:\/\/www.fogaszatikeszulek.hu\/wp-content\/uploads\/2019\/11\/radiologia-768x477.jpg 768w, https:\/\/www.fogaszatikeszulek.hu\/wp-content\/uploads\/2019\/11\/radiologia-230x143.jpg 230w, https:\/\/www.fogaszatikeszulek.hu\/wp-content\/uploads\/2019\/11\/radiologia-350x217.jpg 350w, https:\/\/www.fogaszatikeszulek.hu\/wp-content\/uploads\/2019\/11\/radiologia-480x298.jpg 480w\" sizes=\"auto, (max-width: 500px) 100vw, 500px\" \/>T\u00f6bbet l\u00e1tni. Jobban csin\u00e1lni.<\/p>\n<p style=\"text-align: justify;\">A DentsplySirona k\u00e9palkot\u00f3 rendszerei t\u00f6bb mint 120 \u00e9ve ny\u00fajtanak hat\u00e9kony \u00e9s biztons\u00e1gos megold\u00e1sokat. P\u00e1ratlan diagnosztikai k\u00e9pmin\u0151s\u00e9get biztos\u00edtanak a legalacsonyabb sug\u00e1rz\u00e1s mellett, mik\u00f6zben intuit\u00edvak \u00e9s k\u00f6nnyen kezelhet\u0151ek. Integr\u00e1lva a k\u00e9palkot\u00f3 rendszereket \u00e9s szoftvereket lehet\u0151v\u00e9 v\u00e1lik, hogy val\u00f3ban jobb, biztons\u00e1gosabb \u00e9s gyorsabb elj\u00e1r\u00e1sok j\u00f6jjenek l\u00e9tre.<\/p>\n<p>&nbsp;<\/p>\n<h5>K\u00e9palkot\u00f3 rendszerek<\/h5>\n<table>\n<tbody>\n<tr>\n<td width=\"250\"><img loading=\"lazy\" decoding=\"async\" class=\"alignnone size-full wp-image-2067\" src=\"https:\/\/www.fogaszatikeszulek.hu\/wp-content\/uploads\/2020\/06\/dentsplysirona-orthophos-e.jpg\" alt=\"\" width=\"525\" height=\"375\" srcset=\"https:\/\/www.fogaszatikeszulek.hu\/wp-content\/uploads\/2020\/06\/dentsplysirona-orthophos-e.jpg 525w, https:\/\/www.fogaszatikeszulek.hu\/wp-content\/uploads\/2020\/06\/dentsplysirona-orthophos-e-300x214.jpg 300w, https:\/\/www.fogaszatikeszulek.hu\/wp-content\/uploads\/2020\/06\/dentsplysirona-orthophos-e-230x164.jpg 230w, https:\/\/www.fogaszatikeszulek.hu\/wp-content\/uploads\/2020\/06\/dentsplysirona-orthophos-e-350x250.jpg 350w, https:\/\/www.fogaszatikeszulek.hu\/wp-content\/uploads\/2020\/06\/dentsplysirona-orthophos-e-480x343.jpg 480w\" sizes=\"auto, (max-width: 525px) 100vw, 525px\" \/><\/td>\n<td width=\"250\"><img loading=\"lazy\" decoding=\"async\" class=\"alignnone size-full wp-image-2068\" src=\"https:\/\/www.fogaszatikeszulek.hu\/wp-content\/uploads\/2020\/06\/dentsplysirona-orthophos-s.jpg\" alt=\"\" width=\"525\" height=\"375\" srcset=\"https:\/\/www.fogaszatikeszulek.hu\/wp-content\/uploads\/2020\/06\/dentsplysirona-orthophos-s.jpg 525w, https:\/\/www.fogaszatikeszulek.hu\/wp-content\/uploads\/2020\/06\/dentsplysirona-orthophos-s-300x214.jpg 300w, https:\/\/www.fogaszatikeszulek.hu\/wp-content\/uploads\/2020\/06\/dentsplysirona-orthophos-s-230x164.jpg 230w, https:\/\/www.fogaszatikeszulek.hu\/wp-content\/uploads\/2020\/06\/dentsplysirona-orthophos-s-350x250.jpg 350w, https:\/\/www.fogaszatikeszulek.hu\/wp-content\/uploads\/2020\/06\/dentsplysirona-orthophos-s-480x343.jpg 480w\" sizes=\"auto, (max-width: 525px) 100vw, 525px\" \/><\/td>\n<td width=\"250\"><img loading=\"lazy\" decoding=\"async\" class=\"alignnone size-full wp-image-2069\" src=\"https:\/\/www.fogaszatikeszulek.hu\/wp-content\/uploads\/2020\/06\/dentsplysirona-orthophos-sl.jpg\" alt=\"\" width=\"525\" height=\"375\" srcset=\"https:\/\/www.fogaszatikeszulek.hu\/wp-content\/uploads\/2020\/06\/dentsplysirona-orthophos-sl.jpg 525w, https:\/\/www.fogaszatikeszulek.hu\/wp-content\/uploads\/2020\/06\/dentsplysirona-orthophos-sl-300x214.jpg 300w, https:\/\/www.fogaszatikeszulek.hu\/wp-content\/uploads\/2020\/06\/dentsplysirona-orthophos-sl-230x164.jpg 230w, https:\/\/www.fogaszatikeszulek.hu\/wp-content\/uploads\/2020\/06\/dentsplysirona-orthophos-sl-350x250.jpg 350w, https:\/\/www.fogaszatikeszulek.hu\/wp-content\/uploads\/2020\/06\/dentsplysirona-orthophos-sl-480x343.jpg 480w\" sizes=\"auto, (max-width: 525px) 100vw, 525px\" \/><\/td>\n<\/tr>\n<tr>\n<td width=\"250\">\n<h5 style=\"text-align: center;\"><a href=\"https:\/\/www.fogaszatikeszulek.hu\/index.php\/orthophos-e\/\">Orthophos E (2D)<\/a><\/h5>\n<\/td>\n<td width=\"250\">\n<h5 style=\"text-align: center;\"><a href=\"https:\/\/www.fogaszatikeszulek.hu\/index.php\/orthophos-s-2d-3d\/\">Orthophos S (2D\/3D)<\/a><\/h5>\n<\/td>\n<td width=\"250\">\n<h5 style=\"text-align: center;\"><a href=\"https:\/\/www.fogaszatikeszulek.hu\/index.php\/orthophos-sl-2d-3d\/\">Orthophos SL (2D\/3D)<\/a><\/h5>\n<\/td>\n<\/tr>\n<tr>\n<td width=\"250\"><img loading=\"lazy\" decoding=\"async\" class=\"alignnone size-full wp-image-1764\" src=\"https:\/\/www.fogaszatikeszulek.hu\/wp-content\/uploads\/2019\/11\/sidexis.jpg\" alt=\"\" width=\"525\" height=\"375\" srcset=\"https:\/\/www.fogaszatikeszulek.hu\/wp-content\/uploads\/2019\/11\/sidexis.jpg 525w, https:\/\/www.fogaszatikeszulek.hu\/wp-content\/uploads\/2019\/11\/sidexis-300x214.jpg 300w, https:\/\/www.fogaszatikeszulek.hu\/wp-content\/uploads\/2019\/11\/sidexis-230x164.jpg 230w, https:\/\/www.fogaszatikeszulek.hu\/wp-content\/uploads\/2019\/11\/sidexis-350x250.jpg 350w, https:\/\/www.fogaszatikeszulek.hu\/wp-content\/uploads\/2019\/11\/sidexis-480x343.jpg 480w\" sizes=\"auto, (max-width: 525px) 100vw, 525px\" \/><\/td>\n<td width=\"250\"><img loading=\"lazy\" decoding=\"async\" class=\"alignnone size-full wp-image-1205\" src=\"https:\/\/www.fogaszatikeszulek.hu\/wp-content\/uploads\/2018\/03\/1487841064695.png\" alt=\"\" width=\"525\" height=\"375\" srcset=\"https:\/\/www.fogaszatikeszulek.hu\/wp-content\/uploads\/2018\/03\/1487841064695.png 525w, https:\/\/www.fogaszatikeszulek.hu\/wp-content\/uploads\/2018\/03\/1487841064695-300x214.png 300w, https:\/\/www.fogaszatikeszulek.hu\/wp-content\/uploads\/2018\/03\/1487841064695-230x164.png 230w, https:\/\/www.fogaszatikeszulek.hu\/wp-content\/uploads\/2018\/03\/1487841064695-350x250.png 350w, https:\/\/www.fogaszatikeszulek.hu\/wp-content\/uploads\/2018\/03\/1487841064695-480x343.png 480w\" sizes=\"auto, (max-width: 525px) 100vw, 525px\" \/><\/td>\n<td width=\"250\"><img loading=\"lazy\" decoding=\"async\" class=\"alignnone size-full wp-image-1765\" src=\"https:\/\/www.fogaszatikeszulek.hu\/wp-content\/uploads\/2019\/11\/heliodent.jpg\" alt=\"\" width=\"525\" height=\"375\" srcset=\"https:\/\/www.fogaszatikeszulek.hu\/wp-content\/uploads\/2019\/11\/heliodent.jpg 525w, https:\/\/www.fogaszatikeszulek.hu\/wp-content\/uploads\/2019\/11\/heliodent-300x214.jpg 300w, https:\/\/www.fogaszatikeszulek.hu\/wp-content\/uploads\/2019\/11\/heliodent-230x164.jpg 230w, https:\/\/www.fogaszatikeszulek.hu\/wp-content\/uploads\/2019\/11\/heliodent-350x250.jpg 350w, https:\/\/www.fogaszatikeszulek.hu\/wp-content\/uploads\/2019\/11\/heliodent-480x343.jpg 480w\" sizes=\"auto, (max-width: 525px) 100vw, 525px\" \/><\/td>\n<\/tr>\n<tr>\n<td width=\"250\">\n<h5 style=\"text-align: center;\"><a href=\"https:\/\/www.fogaszatikeszulek.hu\/index.php\/kepfeldolgozo-szoftver\/\">Sidexis 4<\/a><\/h5>\n<\/td>\n<td width=\"250\">\n<h5 style=\"text-align: center;\"><a href=\"https:\/\/www.fogaszatikeszulek.hu\/index.php\/xiosxg\/\">Xios XG Supreme<\/a><\/h5>\n<\/td>\n<td width=\"250\">\n<h5 style=\"text-align: center;\"><a href=\"https:\/\/www.fogaszatikeszulek.hu\/index.php\/intraoralis-rontgen-egysegek\/\">Heliodent Plus<\/a><\/h5>\n<\/td>\n<\/tr>\n<tr>\n<td width=\"250\"><img loading=\"lazy\" decoding=\"async\" class=\"alignnone size-full wp-image-1206\" src=\"https:\/\/www.fogaszatikeszulek.hu\/wp-content\/uploads\/2018\/03\/1506944525565.png\" alt=\"\" width=\"525\" height=\"375\" srcset=\"https:\/\/www.fogaszatikeszulek.hu\/wp-content\/uploads\/2018\/03\/1506944525565.png 525w, https:\/\/www.fogaszatikeszulek.hu\/wp-content\/uploads\/2018\/03\/1506944525565-300x214.png 300w, https:\/\/www.fogaszatikeszulek.hu\/wp-content\/uploads\/2018\/03\/1506944525565-230x164.png 230w, https:\/\/www.fogaszatikeszulek.hu\/wp-content\/uploads\/2018\/03\/1506944525565-350x250.png 350w, https:\/\/www.fogaszatikeszulek.hu\/wp-content\/uploads\/2018\/03\/1506944525565-480x343.png 480w\" sizes=\"auto, (max-width: 525px) 100vw, 525px\" \/><\/td>\n<td width=\"250\"><img loading=\"lazy\" decoding=\"async\" class=\"alignnone size-full wp-image-1766\" src=\"https:\/\/www.fogaszatikeszulek.hu\/wp-content\/uploads\/2019\/11\/sirocamUAFPlus.png\" alt=\"\" width=\"525\" height=\"375\" srcset=\"https:\/\/www.fogaszatikeszulek.hu\/wp-content\/uploads\/2019\/11\/sirocamUAFPlus.png 525w, https:\/\/www.fogaszatikeszulek.hu\/wp-content\/uploads\/2019\/11\/sirocamUAFPlus-300x214.png 300w, https:\/\/www.fogaszatikeszulek.hu\/wp-content\/uploads\/2019\/11\/sirocamUAFPlus-230x164.png 230w, https:\/\/www.fogaszatikeszulek.hu\/wp-content\/uploads\/2019\/11\/sirocamUAFPlus-350x250.png 350w, https:\/\/www.fogaszatikeszulek.hu\/wp-content\/uploads\/2019\/11\/sirocamUAFPlus-480x343.png 480w\" sizes=\"auto, (max-width: 525px) 100vw, 525px\" \/><\/td>\n<td width=\"250\">&nbsp;<\/td>\n<\/tr>\n<tr>\n<td width=\"250\">\n<h5 style=\"text-align: center;\"><a href=\"https:\/\/www.fogaszatikeszulek.hu\/index.php\/intraoral-psp-szkenner\/\">Xios Scan<\/a><\/h5>\n<\/td>\n<td width=\"250\">\n<h5 style=\"text-align: center;\">SiroCam UAF Plus<\/h5>\n<\/td>\n<td width=\"250\">&nbsp;<\/td>\n<\/tr>\n<\/tbody>\n<\/table>\n<h5 style=\"text-align: center;\">&nbsp;<\/h5>\n","protected":false},"excerpt":{"rendered":"<p>K\u00e9palkot\u00e1s T\u00f6bbet l\u00e1tni. Jobban csin\u00e1lni. A DentsplySirona k\u00e9palkot\u00f3 rendszerei t\u00f6bb mint 120 \u00e9ve ny\u00fajtanak hat\u00e9kony \u00e9s biztons\u00e1gos megold\u00e1sokat. P\u00e1ratlan diagnosztikai k\u00e9pmin\u0151s\u00e9get biztos\u00edtanak a legalacsonyabb sug\u00e1rz\u00e1s mellett, mik\u00f6zben intuit\u00edvak \u00e9s k\u00f6nnyen kezelhet\u0151ek. Integr\u00e1lva a k\u00e9palkot\u00f3 rendszereket \u00e9s szoftvereket lehet\u0151v\u00e9 v\u00e1lik, hogy val\u00f3ban jobb, biztons\u00e1gosabb \u00e9s gyorsabb elj\u00e1r\u00e1sok j\u00f6jjenek l\u00e9tre. &nbsp; K\u00e9palkot\u00f3 rendszerek Orthophos E (2D) Orthophos [&hellip;]<\/p>\n","protected":false},"author":1,"featured_media":0,"parent":0,"menu_order":0,"comment_status":"closed","ping_status":"closed","template":"","meta":{"ngg_post_thumbnail":0,"footnotes":""},"class_list":["post-64","page","type-page","status-publish","hentry"],"_links":{"self":[{"href":"https:\/\/www.fogaszatikeszulek.hu\/index.php\/wp-json\/wp\/v2\/pages\/64","targetHints":{"allow":["GET"]}}],"collection":[{"href":"https:\/\/www.fogaszatikeszulek.hu\/index.php\/wp-json\/wp\/v2\/pages"}],"about":[{"href":"https:\/\/www.fogaszatikeszulek.hu\/index.php\/wp-json\/wp\/v2\/types\/page"}],"author":[{"embeddable":true,"href":"https:\/\/www.fogaszatikeszulek.hu\/index.php\/wp-json\/wp\/v2\/users\/1"}],"replies":[{"embeddable":true,"href":"https:\/\/www.fogaszatikeszulek.hu\/index.php\/wp-json\/wp\/v2\/comments?post=64"}],"version-history":[{"count":23,"href":"https:\/\/www.fogaszatikeszulek.hu\/index.php\/wp-json\/wp\/v2\/pages\/64\/revisions"}],"predecessor-version":[{"id":2073,"href":"https:\/\/www.fogaszatikeszulek.hu\/index.php\/wp-json\/wp\/v2\/pages\/64\/revisions\/2073"}],"wp:attachment":[{"href":"https:\/\/www.fogaszatikeszulek.hu\/index.php\/wp-json\/wp\/v2\/media?parent=64"}],"curies":[{"name":"wp","href":"https:\/\/api.w.org\/{rel}","templated":true}]}}