{"id":62,"date":"2018-02-13T10:54:57","date_gmt":"2018-02-13T10:54:57","guid":{"rendered":"http:\/\/www.fogaszatikeszulek.hu\/?page_id=62"},"modified":"2021-01-31T20:34:14","modified_gmt":"2021-01-31T20:34:14","slug":"cad-cam","status":"publish","type":"page","link":"https:\/\/www.fogaszatikeszulek.hu\/index.php\/cad-cam\/","title":{"rendered":"CAD\/CAM"},"content":{"rendered":"<h5>CAD\/CAM megold\u00e1sok fog\u00e1szati \u200b\u200brendel\u0151kh\u00f6z<\/h5>\n<p style=\"text-align: justify;\">K\u00e9pzelje el, hogy p\u00e1cienseinek egy l\u00e1togat\u00e1s alatt fogp\u00f3tl\u00e1st tud felaj\u00e1nlani &#8211; k\u00fcl\u00f6nb\u00f6z\u0151 anyagokkal. Mi lenne, ha implantos \u00e9s fogszab\u00e1lyoz\u00f3s kezel\u00e9seket is ny\u00fajtani tudna a rendszerrel? Milyen lehet\u0151s\u00e9geket nyitna ez meg \u00d6nnek? Hat\u00e9konys\u00e1g, nagyobb hozz\u00e1adott \u00e9rt\u00e9k \u00e9s biztons\u00e1g; a CEREC pont ezt teszi lehet\u0151v\u00e9. A p\u00e1cienseknek a CEREC &#8211; anyagt\u00f3l f\u00fcggetlen\u00fcl &#8211; a gyorsas\u00e1got \u00e9s a k\u00e9nyelmes kezel\u00e9st jelenti lenyomatv\u00e9teli kan\u00e1l n\u00e9lk\u00fcl, zavar\u00f3 ut\u00f3\u00e9rzet n\u00e9lk\u00fcl. Ez egy win to win szitu\u00e1ci\u00f3: a CEREC rendszert \u00f6vez\u0151 nagy \u00e9rdekl\u0151d\u00e9s mellett a p\u00e1ciensek a legjobb kezel\u00e9st kapj\u00e1k.<\/p>\n<iframe loading=\"lazy\"  id=\"_ytid_99164\"  width=\"1170\" height=\"658\"  data-origwidth=\"1170\" data-origheight=\"658\" src=\"https:\/\/www.youtube.com\/embed\/u2_Nc0kZQXU?enablejsapi=1&autoplay=0&cc_load_policy=0&cc_lang_pref=&iv_load_policy=1&loop=0&rel=1&fs=1&playsinline=0&autohide=2&theme=dark&color=red&controls=1&disablekb=0&\" class=\"__youtube_prefs__  no-lazyload\" title=\"YouTube player\"  allow=\"fullscreen; accelerometer; autoplay; clipboard-write; encrypted-media; gyroscope; picture-in-picture; web-share\" referrerpolicy=\"strict-origin-when-cross-origin\" allowfullscreen data-no-lazy=\"1\" data-skipgform_ajax_framebjll=\"\"><\/iframe>\n<p>&nbsp;<\/p>\n<table>\n<tbody>\n<tr>\n<td width=\"150\"><img loading=\"lazy\" decoding=\"async\" class=\"alignnone wp-image-734\" src=\"https:\/\/www.fogaszatikeszulek.hu\/wp-content\/uploads\/2018\/03\/cerec.jpg\" alt=\"\" width=\"94\" height=\"715\">&nbsp;<\/td>\n<td width=\"10\">&nbsp;<\/td>\n<td width=\"300\">\n<p style=\"text-align: justify;\"><strong>1. l\u00e9p\u00e9s: scan<\/strong><\/p>\n<p style=\"text-align: justify;\">K\u00edm\u00e9lje meg p\u00e1cienseit a hagyom\u00e1nyos lenyomatv\u00e9teli kan\u00e1l kellemetlens\u00e9g\u00e9t\u0151l. Haszn\u00e1lja a CEREC Omnicam-et, prec\u00edz 3D k\u00e9pek\u00e9rt, term\u00e9szetes sz\u00ednekkel. \u00dajdons\u00e1gk\u00e9nt: haszn\u00e1lja az Open Scan Export-ot, hogy k\u00f6nnyen export\u00e1lhassa a beszkennelt eseteket STL form\u00e1tumban.<br \/>\n&nbsp;<\/p>\n<p style=\"text-align: justify;\"><strong>2. l\u00e9p\u00e9s: tervez\u00e9s<\/strong><\/p>\n<p style=\"text-align: justify;\">A teljes scan feldolgoz\u00e1sa ut\u00e1n a CEREC szoftver kiv\u00e1l\u00f3 restaur\u00e1l\u00f3 javaslatokat tesz. Ez felgyors\u00edtja a gy\u00e1rt\u00e1shoz vezet\u0151 utat.<br \/>\n&nbsp;<\/p>\n<p style=\"text-align: justify;\"><strong>3. l\u00e9p\u00e9s: gy\u00e1rt\u00e1s<\/strong><\/p>\n<p style=\"text-align: justify;\">A CEREC farag\u00f3 \u00e9s csiszol\u00f3 egys\u00e9ge \u00e9s a CEREC szoftver kapcsolata optim\u00e1lis. A restaur\u00e1ci\u00f3 tervez\u00e9se nagyon prec\u00edz, sima fel\u00fcleteket \u00e9s sarkokat, sz\u00e9p bar\u00e1zd\u00e1kat ad a restaur\u00e1ci\u00f3knak.<\/p>\n<p>&nbsp;<\/p>\n<p style=\"text-align: justify;\"><strong>4. l\u00e9p\u00e9s: szinterez\u00e9s, zom\u00e1nc<\/strong><\/p>\n<p style=\"text-align: justify;\">A restaur\u00e1ci\u00f3kat&nbsp; a CEREC SpeedFire k\u00e1lyh\u00e1ban szinterezik \u00e9s zom\u00e1ncozz\u00e1k rendel\u0151i k\u00f6rnyezetben. A technol\u00f3gi\u00e1nak k\u00f6sz\u00f6nhet\u0151en a szinterez\u0151 \u00e9s ki\u00e9get\u00e9si id\u0151 rendk\u00edv\u00fcl r\u00f6vid.<\/p>\n<\/td>\n<\/tr>\n<\/tbody>\n<\/table>\n<p>&nbsp;<\/p>\n<p>&nbsp;<\/p>\n<table>\n<tbody>\n<tr>\n<td width=\"180\"><img loading=\"lazy\" decoding=\"async\" class=\"alignnone size-full wp-image-748\" src=\"https:\/\/www.fogaszatikeszulek.hu\/wp-content\/uploads\/2018\/03\/egyuleses.png\" alt=\"\" width=\"570\" height=\"342\" srcset=\"https:\/\/www.fogaszatikeszulek.hu\/wp-content\/uploads\/2018\/03\/egyuleses.png 570w, https:\/\/www.fogaszatikeszulek.hu\/wp-content\/uploads\/2018\/03\/egyuleses-300x180.png 300w, https:\/\/www.fogaszatikeszulek.hu\/wp-content\/uploads\/2018\/03\/egyuleses-230x138.png 230w, https:\/\/www.fogaszatikeszulek.hu\/wp-content\/uploads\/2018\/03\/egyuleses-350x210.png 350w, https:\/\/www.fogaszatikeszulek.hu\/wp-content\/uploads\/2018\/03\/egyuleses-480x288.png 480w\" sizes=\"auto, (max-width: 570px) 100vw, 570px\" \/><\/td>\n<td width=\"10\">&nbsp;<\/td>\n<td width=\"250\">\n<p style=\"text-align: justify;\"><strong>Egy\u00fcl\u00e9ses fog\u00e1szat<\/strong><\/p>\n<p style=\"text-align: left;\">Restaur\u00e1ci\u00f3 egy\u00fcl\u00e9ses fog\u00e1szatban az el\u00e9rhet\u0151 anyagok sz\u00e9les v\u00e1laszt\u00e9k\u00e1val a lenyomatt\u00f3l a beragaszt\u00e1sig kompletten csak a CEREC-el lehets\u00e9ges.<\/p>\n<\/td>\n<\/tr>\n<tr>\n<td width=\"180\"><img loading=\"lazy\" decoding=\"async\" class=\"alignnone size-full wp-image-750\" src=\"https:\/\/www.fogaszatikeszulek.hu\/wp-content\/uploads\/2018\/03\/ortho.png\" alt=\"\" width=\"1920\" height=\"1280\" srcset=\"https:\/\/www.fogaszatikeszulek.hu\/wp-content\/uploads\/2018\/03\/ortho.png 1920w, https:\/\/www.fogaszatikeszulek.hu\/wp-content\/uploads\/2018\/03\/ortho-300x200.png 300w, https:\/\/www.fogaszatikeszulek.hu\/wp-content\/uploads\/2018\/03\/ortho-768x512.png 768w, https:\/\/www.fogaszatikeszulek.hu\/wp-content\/uploads\/2018\/03\/ortho-1024x683.png 1024w, https:\/\/www.fogaszatikeszulek.hu\/wp-content\/uploads\/2018\/03\/ortho-830x553.png 830w, https:\/\/www.fogaszatikeszulek.hu\/wp-content\/uploads\/2018\/03\/ortho-230x153.png 230w, https:\/\/www.fogaszatikeszulek.hu\/wp-content\/uploads\/2018\/03\/ortho-350x233.png 350w, https:\/\/www.fogaszatikeszulek.hu\/wp-content\/uploads\/2018\/03\/ortho-480x320.png 480w\" sizes=\"auto, (max-width: 1920px) 100vw, 1920px\" \/><\/td>\n<td width=\"10\">&nbsp;<\/td>\n<td width=\"250\">\n<p style=\"text-align: justify;\"><strong>Fogszab\u00e1lyoz\u00e1s a CEREC-el<\/strong><\/p>\n<p style=\"text-align: justify;\">A CEREC Omnicam szkennerrel \u00e9s a CEREC Ortho szoftverrel k\u00f6nnyed\u00e9n \u00e9s gyorsan hozhat l\u00e9tre digit\u00e1lis lenyomatot az eg\u00e9sz \u00e1llkapocsr\u00f3l. A lenyomatv\u00e9teli adatok felhaszn\u00e1lhat\u00f3k&nbsp; fogszab\u00e1lyoz\u00f3&nbsp; k\u00e9sz\u00fcl\u00e9kek tervez\u00e9s\u00e9re \u00e9s gy\u00e1rt\u00e1s\u00e1ra &#8211; p\u00e9ld\u00e1ul az Invisalign\u00ae clear aligner kezel\u00e9se. Rengeteg id\u0151t takar\u00edthat meg a hagyom\u00e1nyos m\u00f3dszerekhez k\u00e9pest, nincs sz\u00fcks\u00e9g fizikai modellek k\u00e9sz\u00edt\u00e9s\u00e9re \u00e9s sz\u00e1ll\u00edt\u00e1s\u00e1ra. A kezel\u00e9s sok esetben j\u00f3val kor\u00e1bban elkezd\u0151dhet, mint \u00e1ltal\u00e1ban.<\/p>\n<\/td>\n<\/tr>\n<tr>\n<td width=\"180\"><img loading=\"lazy\" decoding=\"async\" class=\"alignnone size-full wp-image-749\" src=\"https:\/\/www.fogaszatikeszulek.hu\/wp-content\/uploads\/2018\/03\/implant.png\" alt=\"\" width=\"595\" height=\"354\" srcset=\"https:\/\/www.fogaszatikeszulek.hu\/wp-content\/uploads\/2018\/03\/implant.png 595w, https:\/\/www.fogaszatikeszulek.hu\/wp-content\/uploads\/2018\/03\/implant-300x178.png 300w, https:\/\/www.fogaszatikeszulek.hu\/wp-content\/uploads\/2018\/03\/implant-230x137.png 230w, https:\/\/www.fogaszatikeszulek.hu\/wp-content\/uploads\/2018\/03\/implant-350x208.png 350w, https:\/\/www.fogaszatikeszulek.hu\/wp-content\/uploads\/2018\/03\/implant-480x286.png 480w\" sizes=\"auto, (max-width: 595px) 100vw, 595px\" \/><\/td>\n<td width=\"10\">&nbsp;<\/td>\n<td width=\"250\">\n<p style=\"text-align: justify;\"><strong>Implantol\u00f3gia&nbsp; a CEREC-el<\/strong><\/p>\n<p style=\"text-align: justify;\">A CEREC rendszer ide\u00e1lis&nbsp; az \u00d6n sz\u00e1m\u00e1ra, hogy mint fogorvos, minden folyamatot a saj\u00e1t rendel\u0151j\u00e9ben tartson.<\/p>\n<\/td>\n<\/tr>\n<tr>\n<td width=\"180\"><img loading=\"lazy\" decoding=\"async\" class=\"alignnone size-full wp-image-747\" src=\"https:\/\/www.fogaszatikeszulek.hu\/wp-content\/uploads\/2018\/03\/anyagok.png\" alt=\"\" width=\"545\" height=\"370\" srcset=\"https:\/\/www.fogaszatikeszulek.hu\/wp-content\/uploads\/2018\/03\/anyagok.png 545w, https:\/\/www.fogaszatikeszulek.hu\/wp-content\/uploads\/2018\/03\/anyagok-300x204.png 300w, https:\/\/www.fogaszatikeszulek.hu\/wp-content\/uploads\/2018\/03\/anyagok-230x156.png 230w, https:\/\/www.fogaszatikeszulek.hu\/wp-content\/uploads\/2018\/03\/anyagok-350x238.png 350w, https:\/\/www.fogaszatikeszulek.hu\/wp-content\/uploads\/2018\/03\/anyagok-480x326.png 480w\" sizes=\"auto, (max-width: 545px) 100vw, 545px\" \/><\/td>\n<td width=\"10\">&nbsp;<\/td>\n<td width=\"250\">\n<p style=\"text-align: justify;\"><strong>CAD\/CAM anyagok<\/strong><\/p>\n<p style=\"text-align: justify;\">A CEREC rendszer a felhaszn\u00e1lhat\u00f3 anyagok sz\u00e9les sk\u00e1l\u00e1j\u00e1t biztos\u00edtja &#8211; egyedi fogp\u00f3tl\u00e1sokhoz, mint koron\u00e1k, inlayek, onlayek, h\u00e9jak, hidak, abutmentek.<\/p>\n<\/td>\n<\/tr>\n<\/tbody>\n<\/table>\n<h5>&nbsp;<\/h5>\n<h5>Let\u00f6lthet\u0151 dokumentumok<\/h5>\n<ul>\n<li><a href=\"https:\/\/www.fogaszatikeszulek.hu\/wp-content\/uploads\/pdf\/Cerec.pdf\" target=\"_blank\" rel=\"noopener\">CEREC prospektus (angol nyelv\u0171)<\/a><\/li>\n<\/ul>\n","protected":false},"excerpt":{"rendered":"<p>CAD\/CAM megold\u00e1sok fog\u00e1szati \u200b\u200brendel\u0151kh\u00f6z K\u00e9pzelje el, hogy p\u00e1cienseinek egy l\u00e1togat\u00e1s alatt fogp\u00f3tl\u00e1st tud felaj\u00e1nlani &#8211; k\u00fcl\u00f6nb\u00f6z\u0151 anyagokkal. Mi lenne, ha implantos \u00e9s fogszab\u00e1lyoz\u00f3s kezel\u00e9seket is ny\u00fajtani tudna a rendszerrel? Milyen lehet\u0151s\u00e9geket nyitna ez meg \u00d6nnek? Hat\u00e9konys\u00e1g, nagyobb hozz\u00e1adott \u00e9rt\u00e9k \u00e9s biztons\u00e1g; a CEREC pont ezt teszi lehet\u0151v\u00e9. A p\u00e1cienseknek a CEREC &#8211; anyagt\u00f3l f\u00fcggetlen\u00fcl &#8211; [&hellip;]<\/p>\n","protected":false},"author":1,"featured_media":0,"parent":0,"menu_order":0,"comment_status":"closed","ping_status":"closed","template":"","meta":{"ngg_post_thumbnail":0,"footnotes":""},"class_list":["post-62","page","type-page","status-publish","hentry"],"_links":{"self":[{"href":"https:\/\/www.fogaszatikeszulek.hu\/index.php\/wp-json\/wp\/v2\/pages\/62","targetHints":{"allow":["GET"]}}],"collection":[{"href":"https:\/\/www.fogaszatikeszulek.hu\/index.php\/wp-json\/wp\/v2\/pages"}],"about":[{"href":"https:\/\/www.fogaszatikeszulek.hu\/index.php\/wp-json\/wp\/v2\/types\/page"}],"author":[{"embeddable":true,"href":"https:\/\/www.fogaszatikeszulek.hu\/index.php\/wp-json\/wp\/v2\/users\/1"}],"replies":[{"embeddable":true,"href":"https:\/\/www.fogaszatikeszulek.hu\/index.php\/wp-json\/wp\/v2\/comments?post=62"}],"version-history":[{"count":30,"href":"https:\/\/www.fogaszatikeszulek.hu\/index.php\/wp-json\/wp\/v2\/pages\/62\/revisions"}],"predecessor-version":[{"id":2170,"href":"https:\/\/www.fogaszatikeszulek.hu\/index.php\/wp-json\/wp\/v2\/pages\/62\/revisions\/2170"}],"wp:attachment":[{"href":"https:\/\/www.fogaszatikeszulek.hu\/index.php\/wp-json\/wp\/v2\/media?parent=62"}],"curies":[{"name":"wp","href":"https:\/\/api.w.org\/{rel}","templated":true}]}}