{"id":56,"date":"2018-02-13T09:37:35","date_gmt":"2018-02-13T09:37:35","guid":{"rendered":"http:\/\/www.fogaszatikeszulek.hu\/?page_id=56"},"modified":"2025-03-31T10:59:23","modified_gmt":"2025-03-31T10:59:23","slug":"kezeloegysegek","status":"publish","type":"page","link":"https:\/\/www.fogaszatikeszulek.hu\/index.php\/kezeloegysegek\/","title":{"rendered":"Dentsply Sirona kezel\u0151egys\u00e9g"},"content":{"rendered":"<p style=\"text-align: justify;\">A modern kezel\u0151egys\u00e9gnek fontos szerepe van az elj\u00e1r\u00e1sok hat\u00e9konys\u00e1g\u00e1ban, valamint a p\u00e1ciens fogorvosr\u00f3l kialak\u00edtott pozit\u00edv v\u00e9lem\u00e9ny kialak\u00edt\u00e1s\u00e1ban. A modern kialak\u00edt\u00e1ssal \u00e9s kiv\u00e1l\u00f3 min\u0151s\u00e9g\u0171 anyagokkal k\u00e9sz\u00fclt kezel\u0151egys\u00e9gek t\u00f6k\u00e9letesen integr\u00e1lhat\u00f3k b\u00e1rmely fogorvosi rendel\u0151be. Sz\u00e1mos innovat\u00edv funkci\u00f3t k\u00edn\u00e1lnak az integr\u00e1lt munkafolyamatok t\u00e1mogat\u00e1s\u00e1hoz olyan ter\u00fcleteken, mint az endodoncia \u00e9s az implantol\u00f3gia. A sima fel\u00fcletek \u00e9s az integr\u00e1lt higi\u00e9niai alkalmaz\u00e1sok biztos\u00edtj\u00e1k a lehet\u0151 legmagasabb higi\u00e9niai k\u00f6vetelm\u00e9nyeket. Az ergonomikus kialak\u00edt\u00e1s biztos\u00edtja az optim\u00e1lis munka poz\u00edci\u00f3t, lehet\u0151v\u00e9 t\u00e9ve a fogorvosok sz\u00e1m\u00e1ra, hogy a lehet\u0151 legjobb, legbiztons\u00e1gosabb \u00e9s leggyorsabban gondoskodjanak betegeikr\u0151l.\u200b<\/p>\n<table style=\"width: 800px;\" border=\"0\">\n<tbody>\n<tr>\n<td width=\"339\"><img loading=\"lazy\" decoding=\"async\" class=\"alignnone size-full wp-image-1460\" src=\"https:\/\/www.fogaszatikeszulek.hu\/wp-content\/uploads\/2018\/03\/intego-4.jpg\" alt=\"\" width=\"480\" height=\"343\" srcset=\"https:\/\/www.fogaszatikeszulek.hu\/wp-content\/uploads\/2018\/03\/intego-4.jpg 480w, https:\/\/www.fogaszatikeszulek.hu\/wp-content\/uploads\/2018\/03\/intego-4-300x214.jpg 300w, https:\/\/www.fogaszatikeszulek.hu\/wp-content\/uploads\/2018\/03\/intego-4-230x164.jpg 230w, https:\/\/www.fogaszatikeszulek.hu\/wp-content\/uploads\/2018\/03\/intego-4-350x250.jpg 350w\" sizes=\"auto, (max-width: 480px) 100vw, 480px\" \/><\/td>\n<td width=\"339\"><img loading=\"lazy\" decoding=\"async\" class=\"alignnone size-full wp-image-352\" src=\"https:\/\/www.fogaszatikeszulek.hu\/wp-content\/uploads\/2018\/02\/integopro2.jpg\" alt=\"\" width=\"525\" height=\"375\" srcset=\"https:\/\/www.fogaszatikeszulek.hu\/wp-content\/uploads\/2018\/02\/integopro2.jpg 525w, https:\/\/www.fogaszatikeszulek.hu\/wp-content\/uploads\/2018\/02\/integopro2-300x214.jpg 300w, https:\/\/www.fogaszatikeszulek.hu\/wp-content\/uploads\/2018\/02\/integopro2-230x164.jpg 230w, https:\/\/www.fogaszatikeszulek.hu\/wp-content\/uploads\/2018\/02\/integopro2-350x250.jpg 350w, https:\/\/www.fogaszatikeszulek.hu\/wp-content\/uploads\/2018\/02\/integopro2-480x343.jpg 480w\" sizes=\"auto, (max-width: 525px) 100vw, 525px\" \/><\/td>\n<\/tr>\n<tr>\n<td width=\"339\">\n<h5 style=\"text-align: center;\"><a href=\"https:\/\/www.fogaszatikeszulek.hu\/index.php\/intego\/\"><strong>Intego<\/strong><\/a><\/h5>\n<\/td>\n<td width=\"339\">\n<h5 style=\"text-align: center;\"><a href=\"https:\/\/www.fogaszatikeszulek.hu\/index.php\/intego-pro\/\">Intego Pro<\/a><\/h5>\n<\/td>\n<\/tr>\n<tr>\n<td width=\"339\"><img loading=\"lazy\" decoding=\"async\" class=\"alignnone size-full wp-image-2637\" src=\"https:\/\/www.fogaszatikeszulek.hu\/wp-content\/uploads\/2025\/03\/axano-ds.jpg\" alt=\"\" width=\"525\" height=\"375\" srcset=\"https:\/\/www.fogaszatikeszulek.hu\/wp-content\/uploads\/2025\/03\/axano-ds.jpg 525w, https:\/\/www.fogaszatikeszulek.hu\/wp-content\/uploads\/2025\/03\/axano-ds-300x214.jpg 300w, https:\/\/www.fogaszatikeszulek.hu\/wp-content\/uploads\/2025\/03\/axano-ds-230x164.jpg 230w, https:\/\/www.fogaszatikeszulek.hu\/wp-content\/uploads\/2025\/03\/axano-ds-350x250.jpg 350w, https:\/\/www.fogaszatikeszulek.hu\/wp-content\/uploads\/2025\/03\/axano-ds-480x343.jpg 480w\" sizes=\"auto, (max-width: 525px) 100vw, 525px\" \/><\/td>\n<td width=\"339\"><img loading=\"lazy\" decoding=\"async\" class=\"alignnone size-full wp-image-341\" src=\"https:\/\/www.fogaszatikeszulek.hu\/wp-content\/uploads\/2018\/02\/sinius.png\" alt=\"\" width=\"525\" height=\"375\" srcset=\"https:\/\/www.fogaszatikeszulek.hu\/wp-content\/uploads\/2018\/02\/sinius.png 525w, https:\/\/www.fogaszatikeszulek.hu\/wp-content\/uploads\/2018\/02\/sinius-300x214.png 300w, https:\/\/www.fogaszatikeszulek.hu\/wp-content\/uploads\/2018\/02\/sinius-230x164.png 230w, https:\/\/www.fogaszatikeszulek.hu\/wp-content\/uploads\/2018\/02\/sinius-350x250.png 350w, https:\/\/www.fogaszatikeszulek.hu\/wp-content\/uploads\/2018\/02\/sinius-480x343.png 480w\" sizes=\"auto, (max-width: 525px) 100vw, 525px\" \/><\/td>\n<\/tr>\n<tr>\n<td width=\"339\">\n<h5 style=\"text-align: center;\"><a href=\"https:\/\/www.fogaszatikeszulek.hu\/index.php\/axano\/\">Axano<\/a><\/h5>\n<\/td>\n<td width=\"339\">\n<h5 style=\"text-align: center;\"><a href=\"https:\/\/www.fogaszatikeszulek.hu\/index.php\/sinius\/\"><strong>Sinius<\/strong><\/a><\/h5>\n<\/td>\n<\/tr>\n<\/tbody>\n<\/table>\n","protected":false},"excerpt":{"rendered":"<p>A modern kezel\u0151egys\u00e9gnek fontos szerepe van az elj\u00e1r\u00e1sok hat\u00e9konys\u00e1g\u00e1ban, valamint a p\u00e1ciens fogorvosr\u00f3l kialak\u00edtott pozit\u00edv v\u00e9lem\u00e9ny kialak\u00edt\u00e1s\u00e1ban. A modern kialak\u00edt\u00e1ssal \u00e9s kiv\u00e1l\u00f3 min\u0151s\u00e9g\u0171 anyagokkal k\u00e9sz\u00fclt kezel\u0151egys\u00e9gek t\u00f6k\u00e9letesen integr\u00e1lhat\u00f3k b\u00e1rmely fogorvosi rendel\u0151be. Sz\u00e1mos innovat\u00edv funkci\u00f3t k\u00edn\u00e1lnak az integr\u00e1lt munkafolyamatok t\u00e1mogat\u00e1s\u00e1hoz olyan ter\u00fcleteken, mint az endodoncia \u00e9s az implantol\u00f3gia. A sima fel\u00fcletek \u00e9s az integr\u00e1lt higi\u00e9niai alkalmaz\u00e1sok [&hellip;]<\/p>\n","protected":false},"author":1,"featured_media":160,"parent":0,"menu_order":0,"comment_status":"closed","ping_status":"closed","template":"","meta":{"ngg_post_thumbnail":0,"footnotes":""},"class_list":["post-56","page","type-page","status-publish","has-post-thumbnail","hentry"],"_links":{"self":[{"href":"https:\/\/www.fogaszatikeszulek.hu\/index.php\/wp-json\/wp\/v2\/pages\/56","targetHints":{"allow":["GET"]}}],"collection":[{"href":"https:\/\/www.fogaszatikeszulek.hu\/index.php\/wp-json\/wp\/v2\/pages"}],"about":[{"href":"https:\/\/www.fogaszatikeszulek.hu\/index.php\/wp-json\/wp\/v2\/types\/page"}],"author":[{"embeddable":true,"href":"https:\/\/www.fogaszatikeszulek.hu\/index.php\/wp-json\/wp\/v2\/users\/1"}],"replies":[{"embeddable":true,"href":"https:\/\/www.fogaszatikeszulek.hu\/index.php\/wp-json\/wp\/v2\/comments?post=56"}],"version-history":[{"count":47,"href":"https:\/\/www.fogaszatikeszulek.hu\/index.php\/wp-json\/wp\/v2\/pages\/56\/revisions"}],"predecessor-version":[{"id":2638,"href":"https:\/\/www.fogaszatikeszulek.hu\/index.php\/wp-json\/wp\/v2\/pages\/56\/revisions\/2638"}],"wp:featuredmedia":[{"embeddable":true,"href":"https:\/\/www.fogaszatikeszulek.hu\/index.php\/wp-json\/wp\/v2\/media\/160"}],"wp:attachment":[{"href":"https:\/\/www.fogaszatikeszulek.hu\/index.php\/wp-json\/wp\/v2\/media?parent=56"}],"curies":[{"name":"wp","href":"https:\/\/api.w.org\/{rel}","templated":true}]}}