{"id":545,"date":"2018-02-22T11:29:54","date_gmt":"2018-02-22T11:29:54","guid":{"rendered":"http:\/\/www.fogaszatikeszulek.hu\/?page_id=545"},"modified":"2018-03-26T12:08:01","modified_gmt":"2018-03-26T12:08:01","slug":"dizajn","status":"publish","type":"page","link":"https:\/\/www.fogaszatikeszulek.hu\/index.php\/dizajn\/","title":{"rendered":"Diz\u00e1jn"},"content":{"rendered":"<h5>Ergon\u00f3mikus diz\u00e1jn, amelyre t\u00e1maszkodhat<\/h5>\n<p style=\"text-align: justify;\">A kezel\u0151egys\u00e9g a rendel\u0151 sz\u00edve. Az Intego t\u00f6k\u00e9letesen \u00f6tv\u00f6zi a megjelen\u00e9st \u00e9s a funkcionalit\u00e1st &#8211; \u00edgy k\u00e9nyelmesen dolgozhat optim\u00e1lis k\u00f6r\u00fclm\u00e9nyek k\u00f6z\u00f6tt. A harmonikus kialak\u00edt\u00e1son, a kieg\u00e9sz\u00edt\u0151k\u00f6n \u00e9s a sz\u00ednkombin\u00e1ci\u00f3k sokas\u00e1g\u00e1n t\u00fal az Intego kezel\u0151egys\u00e9gek megfelelnek az ergon\u00f3miai koncepci\u00f3 szigor\u00fa krit\u00e9riumainak. Az Intego illik a rendel\u00e9sed st\u00edlus\u00e1hoz &#8211; \u00e9s az \u00edzeidhez.<\/p>\n<h5>A h\u00e1rom sz\u00ednkombin\u00e1ci\u00f3<\/h5>\n<p style=\"text-align: justify;\">A k\u00e1rpit sz\u00ednek kiv\u00e1laszt\u00e1s\u00e1n\u00e1l sz\u00e1mos lehet\u0151s\u00e9g \u00e1ll rendelkez\u00e9s\u00e9re. A v\u00e1laszt\u00e1s megk\u00f6nny\u00edt\u00e9se \u00e9rdek\u00e9ben \u00e1rnyalat kombin\u00e1ci\u00f3kat k\u00edn\u00e1lunk.<\/p>\n<p><strong>Eleg\u00e1ns sz\u00ednvil\u00e1g<\/strong><\/p>\n<p><img loading=\"lazy\" decoding=\"async\" class=\"alignnone wp-image-548\" src=\"https:\/\/www.fogaszatikeszulek.hu\/wp-content\/uploads\/2018\/02\/elegans.png\" alt=\"\" width=\"900\" height=\"213\" srcset=\"https:\/\/www.fogaszatikeszulek.hu\/wp-content\/uploads\/2018\/02\/elegans.png 1200w, https:\/\/www.fogaszatikeszulek.hu\/wp-content\/uploads\/2018\/02\/elegans-300x71.png 300w, https:\/\/www.fogaszatikeszulek.hu\/wp-content\/uploads\/2018\/02\/elegans-768x182.png 768w, https:\/\/www.fogaszatikeszulek.hu\/wp-content\/uploads\/2018\/02\/elegans-1024x242.png 1024w, https:\/\/www.fogaszatikeszulek.hu\/wp-content\/uploads\/2018\/02\/elegans-830x196.png 830w, https:\/\/www.fogaszatikeszulek.hu\/wp-content\/uploads\/2018\/02\/elegans-230x54.png 230w, https:\/\/www.fogaszatikeszulek.hu\/wp-content\/uploads\/2018\/02\/elegans-350x83.png 350w, https:\/\/www.fogaszatikeszulek.hu\/wp-content\/uploads\/2018\/02\/elegans-480x114.png 480w\" sizes=\"auto, (max-width: 900px) 100vw, 900px\" \/><\/p>\n<p><strong>Term\u00e9szetes sz\u00ednvil\u00e1g<\/strong><\/p>\n<p><img loading=\"lazy\" decoding=\"async\" class=\"alignnone wp-image-550\" src=\"https:\/\/www.fogaszatikeszulek.hu\/wp-content\/uploads\/2018\/02\/termeszetes.png\" alt=\"\" width=\"900\" height=\"213\" srcset=\"https:\/\/www.fogaszatikeszulek.hu\/wp-content\/uploads\/2018\/02\/termeszetes.png 1200w, https:\/\/www.fogaszatikeszulek.hu\/wp-content\/uploads\/2018\/02\/termeszetes-300x71.png 300w, https:\/\/www.fogaszatikeszulek.hu\/wp-content\/uploads\/2018\/02\/termeszetes-768x182.png 768w, https:\/\/www.fogaszatikeszulek.hu\/wp-content\/uploads\/2018\/02\/termeszetes-1024x242.png 1024w, https:\/\/www.fogaszatikeszulek.hu\/wp-content\/uploads\/2018\/02\/termeszetes-830x196.png 830w, https:\/\/www.fogaszatikeszulek.hu\/wp-content\/uploads\/2018\/02\/termeszetes-230x54.png 230w, https:\/\/www.fogaszatikeszulek.hu\/wp-content\/uploads\/2018\/02\/termeszetes-350x83.png 350w, https:\/\/www.fogaszatikeszulek.hu\/wp-content\/uploads\/2018\/02\/termeszetes-480x114.png 480w\" sizes=\"auto, (max-width: 900px) 100vw, 900px\" \/><\/p>\n<p><strong>\u00c9lettel teli sz\u00ednvil\u00e1g<\/strong><\/p>\n<p><img loading=\"lazy\" decoding=\"async\" class=\"alignnone wp-image-549\" src=\"https:\/\/www.fogaszatikeszulek.hu\/wp-content\/uploads\/2018\/02\/elettelteli.png\" alt=\"\" width=\"900\" height=\"213\" srcset=\"https:\/\/www.fogaszatikeszulek.hu\/wp-content\/uploads\/2018\/02\/elettelteli.png 1200w, https:\/\/www.fogaszatikeszulek.hu\/wp-content\/uploads\/2018\/02\/elettelteli-300x71.png 300w, https:\/\/www.fogaszatikeszulek.hu\/wp-content\/uploads\/2018\/02\/elettelteli-768x182.png 768w, https:\/\/www.fogaszatikeszulek.hu\/wp-content\/uploads\/2018\/02\/elettelteli-1024x242.png 1024w, https:\/\/www.fogaszatikeszulek.hu\/wp-content\/uploads\/2018\/02\/elettelteli-830x196.png 830w, https:\/\/www.fogaszatikeszulek.hu\/wp-content\/uploads\/2018\/02\/elettelteli-230x54.png 230w, https:\/\/www.fogaszatikeszulek.hu\/wp-content\/uploads\/2018\/02\/elettelteli-350x83.png 350w, https:\/\/www.fogaszatikeszulek.hu\/wp-content\/uploads\/2018\/02\/elettelteli-480x114.png 480w\" sizes=\"auto, (max-width: 900px) 100vw, 900px\" \/><\/p>\n<h5>&nbsp;<\/h5>\n<h5>Egy\u00e9nre szabott lehet\u0151s\u00e9gek<\/h5>\nngg_shortcode_0_placeholder\n","protected":false},"excerpt":{"rendered":"<p>Ergon\u00f3mikus diz\u00e1jn, amelyre t\u00e1maszkodhat A kezel\u0151egys\u00e9g a rendel\u0151 sz\u00edve. Az Intego t\u00f6k\u00e9letesen \u00f6tv\u00f6zi a megjelen\u00e9st \u00e9s a funkcionalit\u00e1st &#8211; \u00edgy k\u00e9nyelmesen dolgozhat optim\u00e1lis k\u00f6r\u00fclm\u00e9nyek k\u00f6z\u00f6tt. A harmonikus kialak\u00edt\u00e1son, a kieg\u00e9sz\u00edt\u0151k\u00f6n \u00e9s a sz\u00ednkombin\u00e1ci\u00f3k sokas\u00e1g\u00e1n t\u00fal az Intego kezel\u0151egys\u00e9gek megfelelnek az ergon\u00f3miai koncepci\u00f3 szigor\u00fa krit\u00e9riumainak. Az Intego illik a rendel\u00e9sed st\u00edlus\u00e1hoz &#8211; \u00e9s az \u00edzeidhez. A [&hellip;]<\/p>\n","protected":false},"author":1,"featured_media":0,"parent":0,"menu_order":0,"comment_status":"closed","ping_status":"closed","template":"","meta":{"ngg_post_thumbnail":0,"footnotes":""},"class_list":["post-545","page","type-page","status-publish","hentry"],"_links":{"self":[{"href":"https:\/\/www.fogaszatikeszulek.hu\/index.php\/wp-json\/wp\/v2\/pages\/545","targetHints":{"allow":["GET"]}}],"collection":[{"href":"https:\/\/www.fogaszatikeszulek.hu\/index.php\/wp-json\/wp\/v2\/pages"}],"about":[{"href":"https:\/\/www.fogaszatikeszulek.hu\/index.php\/wp-json\/wp\/v2\/types\/page"}],"author":[{"embeddable":true,"href":"https:\/\/www.fogaszatikeszulek.hu\/index.php\/wp-json\/wp\/v2\/users\/1"}],"replies":[{"embeddable":true,"href":"https:\/\/www.fogaszatikeszulek.hu\/index.php\/wp-json\/wp\/v2\/comments?post=545"}],"version-history":[{"count":27,"href":"https:\/\/www.fogaszatikeszulek.hu\/index.php\/wp-json\/wp\/v2\/pages\/545\/revisions"}],"predecessor-version":[{"id":1332,"href":"https:\/\/www.fogaszatikeszulek.hu\/index.php\/wp-json\/wp\/v2\/pages\/545\/revisions\/1332"}],"wp:attachment":[{"href":"https:\/\/www.fogaszatikeszulek.hu\/index.php\/wp-json\/wp\/v2\/media?parent=545"}],"curies":[{"name":"wp","href":"https:\/\/api.w.org\/{rel}","templated":true}]}}