{"id":536,"date":"2018-02-22T10:18:20","date_gmt":"2018-02-22T10:18:20","guid":{"rendered":"http:\/\/www.fogaszatikeszulek.hu\/?page_id=536"},"modified":"2019-03-07T15:55:12","modified_gmt":"2019-03-07T15:55:12","slug":"ergonomia","status":"publish","type":"page","link":"https:\/\/www.fogaszatikeszulek.hu\/index.php\/ergonomia\/","title":{"rendered":"Ergon\u00f3mia"},"content":{"rendered":"<h5>T\u00f6k\u00e9letes eredm\u00e9nyek<\/h5>\n<p style=\"text-align: justify;\">Ergonomikus term\u00e9keink optim\u00e1lis hozz\u00e1f\u00e9r\u00e9st biztos\u00edtanak a p\u00e1cienshez \u00e9s a zavartalan kezel\u00e9si munkafolyamatokat ny\u00fajtanak magas szint\u0171 betegkomforttal. Az Intego egyes\u00edti az ergon\u00f3mia minden dimenzi\u00f3j\u00e1t, hogy megk\u00f6nny\u00edtse a kezel\u00e9st. T\u00f6k\u00e9letes eredm\u00e9nyeket \u00e9rhet el m\u00e9g egy hossz\u00fa munkanap v\u00e9g\u00e9n is &#8211; szak\u00e9rtelm\u00e9vel \u00e9s kezel\u00e9si egys\u00e9g\u00e9nek seg\u00edts\u00e9g\u00e9vel.<\/p>\n<p><img loading=\"lazy\" decoding=\"async\" class=\"alignnone wp-image-539\" src=\"https:\/\/www.fogaszatikeszulek.hu\/wp-content\/uploads\/2018\/02\/ergonom\u00f3ia.png\" alt=\"\" width=\"900\" height=\"507\" srcset=\"https:\/\/www.fogaszatikeszulek.hu\/wp-content\/uploads\/2018\/02\/ergonom\u00f3ia.png 1200w, https:\/\/www.fogaszatikeszulek.hu\/wp-content\/uploads\/2018\/02\/ergonom\u00f3ia-300x169.png 300w, https:\/\/www.fogaszatikeszulek.hu\/wp-content\/uploads\/2018\/02\/ergonom\u00f3ia-768x433.png 768w, https:\/\/www.fogaszatikeszulek.hu\/wp-content\/uploads\/2018\/02\/ergonom\u00f3ia-1024x577.png 1024w, https:\/\/www.fogaszatikeszulek.hu\/wp-content\/uploads\/2018\/02\/ergonom\u00f3ia-830x468.png 830w, https:\/\/www.fogaszatikeszulek.hu\/wp-content\/uploads\/2018\/02\/ergonom\u00f3ia-230x130.png 230w, https:\/\/www.fogaszatikeszulek.hu\/wp-content\/uploads\/2018\/02\/ergonom\u00f3ia-350x197.png 350w, https:\/\/www.fogaszatikeszulek.hu\/wp-content\/uploads\/2018\/02\/ergonom\u00f3ia-480x270.png 480w\" sizes=\"auto, (max-width: 900px) 100vw, 900px\" \/><\/p>\n<ol>\n<li>Intuit\u00edv \u00fcl\u00e9s\n<ol>\n<li>Nagyobb mozg\u00e1sszabads\u00e1g: a v\u00e9kony h\u00e1tt\u00e1ml\u00e1nak k\u00f6sz\u00f6nhet\u0151en nagyobb a mozg\u00e1sszabads\u00e1g a l\u00e1bakn\u00e1l<\/li>\n<li>Optimaliz\u00e1lt m\u0171szer elhelyez\u00e9s: a fogorvos \u00e9s asszisztens elemek elhelyez\u00e9se a t\u00e1lc\u00e1n l\u00e9v\u0151 karokban l\u00f3g\u00f3 t\u00f6ml\u0151kkel<\/li>\n<li>K\u00e9nyelmes orvosi sz\u00e9k: Hugo, Carl, Paul<\/li>\n<\/ol>\n<\/li>\n<li>K\u00e9nyelmes poz\u00edcion\u00e1l\u00e1s\n<ol>\n<li>A kezel\u0151egys\u00e9g egyszer\u0171 be\u00e1ll\u00edt\u00e1sa: rugalmas magass\u00e1g\u00e1ll\u00edt\u00e1s, forgathat\u00f3 k\u00f6p\u0151cs\u00e9sze<\/li>\n<li>Nagyobb p\u00e1ciens k\u00e9nyelem: k\u00f6nnyed sz\u00e9kemel\u00e9s, karfa, Vario l\u00e1btart\u00f3, k\u00e9nyelmes k\u00e1rpitoz\u00e1s, ErgoMotion<\/li>\n<\/ol>\n<\/li>\n<li>Optim\u00e1lis megvil\u00e1g\u00edt\u00e1s\n<ol>\n<li>A kezel\u00e9si ter\u00fclet t\u00f6k\u00e9letes megvil\u00e1g\u00edt\u00e1sa: LEDview Plus, LEDlight, vagy LED-es m\u0171szerf\u00e9ny<\/li>\n<li>Rugalmas fejt\u00e1masz: lapos vagy dupla csukl\u00f3s fejt\u00e1mla<\/li>\n<li>T\u00f6k\u00e9letes intraor\u00e1lis k\u00e9pek: SiroCam F, AF vagy AF+, 22&#8243; HD monitor a kezel\u0151egys\u00e9gen<\/li>\n<\/ol>\n<\/li>\n<li>Integr\u00e1lt munkafolyamat\n<ol>\n<li>Intuit\u00edv m\u0171k\u00f6d\u00e9s: EasyPad felhaszn\u00e1l\u00f3i fel\u00fclet vagy EasyTouch \u00e9rint\u0151k\u00e9perny\u0151<\/li>\n<li>Integr\u00e1lt asztali eszk\u00f6zfunkci\u00f3k: integr\u00e1lt nyomat\u00e9kszab\u00e1lyoz\u00e1s endodonci\u00e1hoz, apexlok\u00e1tor az EasyTouchon<\/li>\n<li>Modern felszerel\u00e9s: modern beteg kommunik\u00e1ci\u00f3s rendszer Sivision, USB, SD k\u00e1rtya \u00e9s Ethernet interf\u00e9sz<\/li>\n<\/ol>\n<\/li>\n<\/ol>\n<p><strong>T\u00f6k\u00e9letes eredm\u00e9nyek<\/strong><\/p>\n<ul>\n<li>Klinikailag t\u00f6k\u00e9letes<\/li>\n<li>Eszt\u00e9tikailag t\u00f6k\u00e9letes<\/li>\n<li>T\u00f6k\u00e9letesen illeszkedik rendel\u0151j\u00e9hez<\/li>\n<\/ul>\n","protected":false},"excerpt":{"rendered":"<p>T\u00f6k\u00e9letes eredm\u00e9nyek Ergonomikus term\u00e9keink optim\u00e1lis hozz\u00e1f\u00e9r\u00e9st biztos\u00edtanak a p\u00e1cienshez \u00e9s a zavartalan kezel\u00e9si munkafolyamatokat ny\u00fajtanak magas szint\u0171 betegkomforttal. Az Intego egyes\u00edti az ergon\u00f3mia minden dimenzi\u00f3j\u00e1t, hogy megk\u00f6nny\u00edtse a kezel\u00e9st. T\u00f6k\u00e9letes eredm\u00e9nyeket \u00e9rhet el m\u00e9g egy hossz\u00fa munkanap v\u00e9g\u00e9n is &#8211; szak\u00e9rtelm\u00e9vel \u00e9s kezel\u00e9si egys\u00e9g\u00e9nek seg\u00edts\u00e9g\u00e9vel. Intuit\u00edv \u00fcl\u00e9s Nagyobb mozg\u00e1sszabads\u00e1g: a v\u00e9kony h\u00e1tt\u00e1ml\u00e1nak k\u00f6sz\u00f6nhet\u0151en nagyobb a [&hellip;]<\/p>\n","protected":false},"author":1,"featured_media":0,"parent":0,"menu_order":0,"comment_status":"closed","ping_status":"closed","template":"","meta":{"ngg_post_thumbnail":0,"footnotes":""},"class_list":["post-536","page","type-page","status-publish","hentry"],"_links":{"self":[{"href":"https:\/\/www.fogaszatikeszulek.hu\/index.php\/wp-json\/wp\/v2\/pages\/536","targetHints":{"allow":["GET"]}}],"collection":[{"href":"https:\/\/www.fogaszatikeszulek.hu\/index.php\/wp-json\/wp\/v2\/pages"}],"about":[{"href":"https:\/\/www.fogaszatikeszulek.hu\/index.php\/wp-json\/wp\/v2\/types\/page"}],"author":[{"embeddable":true,"href":"https:\/\/www.fogaszatikeszulek.hu\/index.php\/wp-json\/wp\/v2\/users\/1"}],"replies":[{"embeddable":true,"href":"https:\/\/www.fogaszatikeszulek.hu\/index.php\/wp-json\/wp\/v2\/comments?post=536"}],"version-history":[{"count":7,"href":"https:\/\/www.fogaszatikeszulek.hu\/index.php\/wp-json\/wp\/v2\/pages\/536\/revisions"}],"predecessor-version":[{"id":1624,"href":"https:\/\/www.fogaszatikeszulek.hu\/index.php\/wp-json\/wp\/v2\/pages\/536\/revisions\/1624"}],"wp:attachment":[{"href":"https:\/\/www.fogaszatikeszulek.hu\/index.php\/wp-json\/wp\/v2\/media?parent=536"}],"curies":[{"name":"wp","href":"https:\/\/api.w.org\/{rel}","templated":true}]}}