{"id":491,"date":"2018-02-20T15:44:18","date_gmt":"2018-02-20T15:44:18","guid":{"rendered":"http:\/\/www.fogaszatikeszulek.hu\/?page_id=491"},"modified":"2019-03-07T15:59:33","modified_gmt":"2019-03-07T15:59:33","slug":"intego-biztonsagos-higienia","status":"publish","type":"page","link":"https:\/\/www.fogaszatikeszulek.hu\/index.php\/intego-biztonsagos-higienia\/","title":{"rendered":"Intego biztons\u00e1gos higi\u00e9nia"},"content":{"rendered":"<h5>Megb\u00edzhat\u00f3 min\u0151s\u00e9g, amire mindig sz\u00e1m\u00edthat<\/h5>\n<p style=\"text-align: justify;\">A fogorvosok a legmagasabb ig\u00e9nyeket t\u00e1masztj\u00e1k a betegek biztons\u00e1ga \u00e9s a koll\u00e9g\u00e1k ir\u00e1nt. Fert\u0151z\u00e9smegel\u0151z\u00e9si koncepci\u00f3j\u00e1t \u00fagy alak\u00edtott\u00e1k ki, hogy gyorsan \u00e9s egyszer\u0171en alkalmazkodhasson az \u00f6sszes fert\u0151z\u00e9s ellen\u0151rz\u00e9si szab\u00e1lyzatnak. Az asszisztens-elem \u00e9s a vizesblokk-kialak\u00edt\u00e1s megk\u00f6nny\u00edti a fert\u0151z\u00e9smegel\u0151z\u00e9si elj\u00e1r\u00e1sokat, \u00e9s kevesebb id\u0151t ig\u00e9nyel. Mindez garant\u00e1lja a t\u00f6k\u00e9letes kontrollt.<\/p>\n<p>&nbsp;<\/p>\n<h5>Intego Pro<\/h5>\n<p>A Comfort vizesblokk \u00e9s a seg\u00e9delem egy \u00e1tfog\u00f3 fert\u0151z\u00e9smegel\u0151z\u00e9si koncepci\u00f3ra \u00e9p\u00fcl.<\/p>\n<p><img loading=\"lazy\" decoding=\"async\" class=\"alignnone size-full wp-image-504\" src=\"https:\/\/www.fogaszatikeszulek.hu\/wp-content\/uploads\/2018\/02\/higieniai-ok.jpg\" alt=\"\" width=\"900\" height=\"501\" srcset=\"https:\/\/www.fogaszatikeszulek.hu\/wp-content\/uploads\/2018\/02\/higieniai-ok.jpg 900w, https:\/\/www.fogaszatikeszulek.hu\/wp-content\/uploads\/2018\/02\/higieniai-ok-300x167.jpg 300w, https:\/\/www.fogaszatikeszulek.hu\/wp-content\/uploads\/2018\/02\/higieniai-ok-768x428.jpg 768w, https:\/\/www.fogaszatikeszulek.hu\/wp-content\/uploads\/2018\/02\/higieniai-ok-830x462.jpg 830w, https:\/\/www.fogaszatikeszulek.hu\/wp-content\/uploads\/2018\/02\/higieniai-ok-230x128.jpg 230w, https:\/\/www.fogaszatikeszulek.hu\/wp-content\/uploads\/2018\/02\/higieniai-ok-350x195.jpg 350w, https:\/\/www.fogaszatikeszulek.hu\/wp-content\/uploads\/2018\/02\/higieniai-ok-480x267.jpg 480w\" sizes=\"auto, (max-width: 900px) 100vw, 900px\" \/><\/p>\n<p>&nbsp;<\/p>\n<table style=\"width: 800px;\" border=\"0\">\n<tbody>\n<tr>\n<td style=\"text-align: left;\" valign=\"top\" width=\"300\">\n<h6><strong>K\u00f6p\u0151cs\u00e9sze<\/strong><\/h6>\n<p>Kivehet\u0151 \u00e9s forgathat\u00f3, kiv\u00e1l\u00f3 min\u0151s\u00e9g\u0171 \u00fcvegb\u0151l.<\/td>\n<td style=\"text-align: left;\" width=\"300\">\n<h6><b>Sz\u00edv\u00f3rendszerek<\/b><\/h6>\n<p>Kompatibilis valamennyi hagyom\u00e1nyos, k\u00f6zponti, nedves vagy sz\u00e1raz sz\u00edv\u00f3rendszerrel, bele\u00e9rtve az amalg\u00e1m szepar\u00e1tort is.<\/td>\n<td style=\"text-align: left;\" valign=\"top\" width=\"300\">\n<h6><strong>Tiszt\u00edt\u00e1si funkci\u00f3<\/strong><\/h6>\n<p>Automatikusan tiszt\u00edtja az \u00f6sszes m\u0171szeres v\u00edzvonalat a fogorvos<br \/>\n\u00e9s az asszisztens oldal\u00e1n.<\/td>\n<\/tr>\n<tr>\n<td width=\"300\"><img loading=\"lazy\" decoding=\"async\" class=\"alignnone wp-image-507\" src=\"https:\/\/www.fogaszatikeszulek.hu\/wp-content\/uploads\/2018\/02\/higi1.png\" alt=\"\" width=\"300\" height=\"342\"><\/td>\n<td width=\"300\"><img loading=\"lazy\" decoding=\"async\" class=\"alignnone wp-image-508\" src=\"https:\/\/www.fogaszatikeszulek.hu\/wp-content\/uploads\/2018\/02\/higi2.png\" alt=\"\" width=\"300\" height=\"342\"><\/td>\n<td width=\"300\"><img loading=\"lazy\" decoding=\"async\" class=\"alignnone wp-image-509\" src=\"https:\/\/www.fogaszatikeszulek.hu\/wp-content\/uploads\/2018\/02\/higi3.png\" alt=\"\" width=\"300\" height=\"342\"><\/td>\n<\/tr>\n<tr>\n<td width=\"300\">\n<h6 style=\"text-align: left;\"><strong>Sima fel\u00fcletek<br \/>\n<\/strong><\/h6>\n<p style=\"text-align: left;\">A nagyr\u00e9szt r\u00e9smentes fel\u00fclet kialak\u00edt\u00e1s biztos\u00edtja a maxim\u00e1lis fert\u0151z\u00e9s kontrollt a lehet\u0151<br \/>\nlegr\u00f6videbb id\u0151 alatt.<\/p>\n<\/td>\n<td width=\"300\">\n<h6 style=\"text-align: left;\"><b>Integr\u00e1lt tiszt\u00edt\u00f3 adapterek<\/b><\/h6>\n<p style=\"text-align: left;\">M\u0171szeres t\u00f6ml\u0151k automatikus tiszt\u00edt\u00e1s\u00e1ra (Autopurge) \u00e9s a v\u00edzvezet\u00e9kek tiszt\u00edt\u00e1s\u00e1ra.<\/p>\n<\/td>\n<td width=\"300\">\n<h6 style=\"text-align: left;\"><strong>Vegyi sz\u00edv\u00f3t\u00f6ml\u0151k tiszt\u00edt\u00e1sa<\/strong><\/h6>\n<p style=\"text-align: left;\">Tiszt\u00edt\u00f3szer tart\u00e1ly a sz\u00edv\u00f3vezet\u00e9kek k\u00e9miai tiszt\u00edt\u00e1s\u00e1hoz. A tiszt\u00edt\u00f3szerek koncentr\u00e1ci\u00f3ja egyedileg be\u00e1ll\u00edthat\u00f3.<\/p>\n<\/td>\n<\/tr>\n<tr>\n<td width=\"300\"><img loading=\"lazy\" decoding=\"async\" class=\"alignnone size-full wp-image-515\" src=\"https:\/\/www.fogaszatikeszulek.hu\/wp-content\/uploads\/2018\/02\/higi4.png\" alt=\"\" width=\"570\" height=\"342\" srcset=\"https:\/\/www.fogaszatikeszulek.hu\/wp-content\/uploads\/2018\/02\/higi4.png 570w, https:\/\/www.fogaszatikeszulek.hu\/wp-content\/uploads\/2018\/02\/higi4-300x180.png 300w, https:\/\/www.fogaszatikeszulek.hu\/wp-content\/uploads\/2018\/02\/higi4-230x138.png 230w, https:\/\/www.fogaszatikeszulek.hu\/wp-content\/uploads\/2018\/02\/higi4-350x210.png 350w, https:\/\/www.fogaszatikeszulek.hu\/wp-content\/uploads\/2018\/02\/higi4-480x288.png 480w\" sizes=\"auto, (max-width: 570px) 100vw, 570px\" \/><\/td>\n<td width=\"300\">&nbsp;<\/td>\n<td width=\"300\">&nbsp;<\/td>\n<\/tr>\n<tr>\n<td width=\"300\">\n<h6 style=\"text-align: left;\"><strong>Integr\u00e1lt fert\u0151tlen\u00edt\u0151 rendszer<br \/>\n<\/strong><\/h6>\n<p style=\"text-align: left;\">A v\u00edzvezet\u00e9kek \u00e1lland\u00f3 fert\u0151tlen\u00edt\u00e9se Dentosept P-vel. Automatikus fert\u0151tlen\u00edt\u0151 funkci\u00f3 a rendszeres intenz\u00edv fert\u0151tlen\u00edt\u00e9shez. Haszn\u00e1lhat\u00f3 \u00f6n\u00e1ll\u00f3 v\u00edzell\u00e1t\u00e1ssal is.<\/p>\n<\/td>\n<td width=\"300\">&nbsp;<\/td>\n<td width=\"300\">&nbsp;<\/td>\n<\/tr>\n<\/tbody>\n<\/table>\n<p>&nbsp;<\/p>\n<h5>Intego<\/h5>\n<p>A Compact vizesblokk \u00e9s asszisztens elemek a szabadon v\u00e1laszthat\u00f3 sz\u00edv\u00f3rendszereknek \u00e9s a higi\u00e9niai rendszereknek k\u00f6sz\u00f6nhet\u0151en minden ig\u00e9nyhez igaz\u00edthat\u00f3k.<\/p>\n<p><img loading=\"lazy\" decoding=\"async\" class=\"alignnone size-full wp-image-531\" src=\"https:\/\/www.fogaszatikeszulek.hu\/wp-content\/uploads\/2018\/02\/intego-higi.jpg\" alt=\"\" width=\"900\" height=\"506\" srcset=\"https:\/\/www.fogaszatikeszulek.hu\/wp-content\/uploads\/2018\/02\/intego-higi.jpg 900w, https:\/\/www.fogaszatikeszulek.hu\/wp-content\/uploads\/2018\/02\/intego-higi-300x169.jpg 300w, https:\/\/www.fogaszatikeszulek.hu\/wp-content\/uploads\/2018\/02\/intego-higi-768x432.jpg 768w, https:\/\/www.fogaszatikeszulek.hu\/wp-content\/uploads\/2018\/02\/intego-higi-830x467.jpg 830w, https:\/\/www.fogaszatikeszulek.hu\/wp-content\/uploads\/2018\/02\/intego-higi-230x129.jpg 230w, https:\/\/www.fogaszatikeszulek.hu\/wp-content\/uploads\/2018\/02\/intego-higi-350x197.jpg 350w, https:\/\/www.fogaszatikeszulek.hu\/wp-content\/uploads\/2018\/02\/intego-higi-480x270.jpg 480w\" sizes=\"auto, (max-width: 900px) 100vw, 900px\" \/><\/p>\n<p>&nbsp;<\/p>\n<table style=\"width: 800px;\" border=\"0\">\n<tbody>\n<tr>\n<td style=\"text-align: left;\" valign=\"top\" width=\"300\">\n<h6><strong>K\u00f6p\u0151cs\u00e9sze<\/strong><\/h6>\n<p>Kivehet\u0151 \u00e9s forgathat\u00f3, kiv\u00e1l\u00f3 min\u0151s\u00e9g\u0171 \u00fcvegb\u0151l.<\/td>\n<td style=\"text-align: left;\" width=\"300\">\n<h6><b>Tiszt\u00edt\u00e1si funkci\u00f3<\/b><\/h6>\n<p>Automatikusan tiszt\u00edtja az \u00f6sszes m\u0171szeres v\u00edzvonalat a fogorvos<br \/>\n\u00e9s az asszisztens oldal\u00e1n.<\/td>\n<td style=\"text-align: left;\" valign=\"top\" width=\"300\">\n<h6><strong>Sz\u00edv\u00f3rendszerek<\/strong><\/h6>\n<p>Kompatibilis valamennyi hagyom\u00e1nyos, k\u00f6zponti, nedves vagy sz\u00e1raz sz\u00edv\u00f3rendszerrel, bele\u00e9rtve az amalg\u00e1m szepar\u00e1tort is.<\/td>\n<\/tr>\n<tr>\n<td width=\"300\"><img loading=\"lazy\" decoding=\"async\" class=\"alignnone wp-image-507\" src=\"https:\/\/www.fogaszatikeszulek.hu\/wp-content\/uploads\/2018\/02\/higi1.png\" alt=\"\" width=\"300\" height=\"342\"><\/td>\n<td width=\"300\"><img loading=\"lazy\" decoding=\"async\" class=\"alignnone size-full wp-image-533\" src=\"https:\/\/www.fogaszatikeszulek.hu\/wp-content\/uploads\/2018\/02\/higi5.png\" alt=\"\" width=\"570\" height=\"342\" srcset=\"https:\/\/www.fogaszatikeszulek.hu\/wp-content\/uploads\/2018\/02\/higi5.png 570w, https:\/\/www.fogaszatikeszulek.hu\/wp-content\/uploads\/2018\/02\/higi5-300x180.png 300w, https:\/\/www.fogaszatikeszulek.hu\/wp-content\/uploads\/2018\/02\/higi5-230x138.png 230w, https:\/\/www.fogaszatikeszulek.hu\/wp-content\/uploads\/2018\/02\/higi5-350x210.png 350w, https:\/\/www.fogaszatikeszulek.hu\/wp-content\/uploads\/2018\/02\/higi5-480x288.png 480w\" sizes=\"auto, (max-width: 570px) 100vw, 570px\" \/><\/td>\n<td width=\"300\"><img loading=\"lazy\" decoding=\"async\" class=\"alignnone size-full wp-image-534\" src=\"https:\/\/www.fogaszatikeszulek.hu\/wp-content\/uploads\/2018\/02\/higi6.png\" alt=\"\" width=\"570\" height=\"342\" srcset=\"https:\/\/www.fogaszatikeszulek.hu\/wp-content\/uploads\/2018\/02\/higi6.png 570w, https:\/\/www.fogaszatikeszulek.hu\/wp-content\/uploads\/2018\/02\/higi6-300x180.png 300w, https:\/\/www.fogaszatikeszulek.hu\/wp-content\/uploads\/2018\/02\/higi6-230x138.png 230w, https:\/\/www.fogaszatikeszulek.hu\/wp-content\/uploads\/2018\/02\/higi6-350x210.png 350w, https:\/\/www.fogaszatikeszulek.hu\/wp-content\/uploads\/2018\/02\/higi6-480x288.png 480w\" sizes=\"auto, (max-width: 570px) 100vw, 570px\" \/><\/td>\n<\/tr>\n<tr>\n<td width=\"300\">\n<h6 style=\"text-align: left;\"><strong>Sima fel\u00fcletek<br \/>\n<\/strong><\/h6>\n<p style=\"text-align: left;\">A nagyr\u00e9szt r\u00e9smentes fel\u00fclet kialak\u00edt\u00e1s biztos\u00edtja a maxim\u00e1lis fert\u0151z\u00e9s kontrollt a lehet\u0151<br \/>\nlegr\u00f6videbb id\u0151 alatt.<\/p>\n<\/td>\n<td width=\"300\">\n<h6 style=\"text-align: left;\"><b>Automatikus sz\u00edv\u00f3t\u00f6ml\u0151 tiszt\u00edt\u00e1s<\/b><\/h6>\n<p style=\"text-align: left;\">Tiszt\u00edt\u00f3 adapter a ny\u00e1lkiv\u00e1laszt\u00f3 \u00e9s sz\u00f3r\u00f3pisztoly automatikus tiszt\u00edt\u00e1s\u00e1hoz.<\/p>\n<\/td>\n<td width=\"300\">\n<h6 style=\"text-align: left;\"><strong>Friss vizes palack<\/strong><\/h6>\n<p style=\"text-align: left;\">A szab\u00e1lyozott v\u00edzmin\u0151s\u00e9g \u00e9rdek\u00e9ben. Felt\u00f6lthet\u0151 Dentosept P oldattal az \u00e1lland\u00f3 fert\u0151tlen\u00edt\u00e9shez \u00e9s a k\u00e9zi fert\u0151tlen\u00edt\u00e9shez.<\/p>\n<\/td>\n<\/tr>\n<\/tbody>\n<\/table>\n","protected":false},"excerpt":{"rendered":"<p>Megb\u00edzhat\u00f3 min\u0151s\u00e9g, amire mindig sz\u00e1m\u00edthat A fogorvosok a legmagasabb ig\u00e9nyeket t\u00e1masztj\u00e1k a betegek biztons\u00e1ga \u00e9s a koll\u00e9g\u00e1k ir\u00e1nt. Fert\u0151z\u00e9smegel\u0151z\u00e9si koncepci\u00f3j\u00e1t \u00fagy alak\u00edtott\u00e1k ki, hogy gyorsan \u00e9s egyszer\u0171en alkalmazkodhasson az \u00f6sszes fert\u0151z\u00e9s ellen\u0151rz\u00e9si szab\u00e1lyzatnak. Az asszisztens-elem \u00e9s a vizesblokk-kialak\u00edt\u00e1s megk\u00f6nny\u00edti a fert\u0151z\u00e9smegel\u0151z\u00e9si elj\u00e1r\u00e1sokat, \u00e9s kevesebb id\u0151t ig\u00e9nyel. Mindez garant\u00e1lja a t\u00f6k\u00e9letes kontrollt. &nbsp; Intego Pro A [&hellip;]<\/p>\n","protected":false},"author":1,"featured_media":0,"parent":0,"menu_order":0,"comment_status":"closed","ping_status":"closed","template":"","meta":{"ngg_post_thumbnail":0,"footnotes":""},"class_list":["post-491","page","type-page","status-publish","hentry"],"_links":{"self":[{"href":"https:\/\/www.fogaszatikeszulek.hu\/index.php\/wp-json\/wp\/v2\/pages\/491","targetHints":{"allow":["GET"]}}],"collection":[{"href":"https:\/\/www.fogaszatikeszulek.hu\/index.php\/wp-json\/wp\/v2\/pages"}],"about":[{"href":"https:\/\/www.fogaszatikeszulek.hu\/index.php\/wp-json\/wp\/v2\/types\/page"}],"author":[{"embeddable":true,"href":"https:\/\/www.fogaszatikeszulek.hu\/index.php\/wp-json\/wp\/v2\/users\/1"}],"replies":[{"embeddable":true,"href":"https:\/\/www.fogaszatikeszulek.hu\/index.php\/wp-json\/wp\/v2\/comments?post=491"}],"version-history":[{"count":25,"href":"https:\/\/www.fogaszatikeszulek.hu\/index.php\/wp-json\/wp\/v2\/pages\/491\/revisions"}],"predecessor-version":[{"id":1626,"href":"https:\/\/www.fogaszatikeszulek.hu\/index.php\/wp-json\/wp\/v2\/pages\/491\/revisions\/1626"}],"wp:attachment":[{"href":"https:\/\/www.fogaszatikeszulek.hu\/index.php\/wp-json\/wp\/v2\/media?parent=491"}],"curies":[{"name":"wp","href":"https:\/\/api.w.org\/{rel}","templated":true}]}}