{"id":472,"date":"2018-02-20T15:09:34","date_gmt":"2018-02-20T15:09:34","guid":{"rendered":"http:\/\/www.fogaszatikeszulek.hu\/?page_id=472"},"modified":"2019-03-07T16:01:59","modified_gmt":"2019-03-07T16:01:59","slug":"intego-felszerelesek-es-opciok","status":"publish","type":"page","link":"https:\/\/www.fogaszatikeszulek.hu\/index.php\/intego-felszerelesek-es-opciok\/","title":{"rendered":"Intego felszerel\u00e9sek \u00e9s opci\u00f3k"},"content":{"rendered":"<h5>Megb\u00edzhat\u00f3 min\u0151s\u00e9g, amire mindig sz\u00e1m\u00edthat<\/h5>\n<p style=\"text-align: justify;\">Munka sor\u00e1n k\u00fcl\u00f6nb\u00f6z\u0151 ig\u00e9nyek mer\u00fclnek fel a rendel\u0151ben. Az Intego t\u00f6k\u00e9letes megold\u00e1st k\u00edn\u00e1l: v\u00e1lasszon k\u00e9t olyan modell k\u00f6z\u00fcl, amelyeket rugalmasan konfigur\u00e1lhat. Ak\u00e1r az Intego Pro-t, ak\u00e1r az Intego-t v\u00e1lasztja, fels\u0151 vagy ak\u00e1r als\u00f3 karos kivitelben &#8211; mindegyik lehet\u0151s\u00e9g optim\u00e1lis teljes\u00edtm\u00e9nyt ny\u00fajt el\u00e9rhet\u0151 \u00e1ron.<\/p>\n<p>&nbsp;<\/p>\n<h5><img decoding=\"async\" class=\"size-medium wp-image-475 alignright\" src=\"https:\/\/www.fogaszatikeszulek.hu\/wp-content\/uploads\/2018\/02\/intego-2-300x175.png\" alt=\"\" width=\"300\" srcset=\"https:\/\/www.fogaszatikeszulek.hu\/wp-content\/uploads\/2018\/02\/intego-2-300x175.png 300w, https:\/\/www.fogaszatikeszulek.hu\/wp-content\/uploads\/2018\/02\/intego-2-768x448.png 768w, https:\/\/www.fogaszatikeszulek.hu\/wp-content\/uploads\/2018\/02\/intego-2-1024x597.png 1024w, https:\/\/www.fogaszatikeszulek.hu\/wp-content\/uploads\/2018\/02\/intego-2-830x484.png 830w, https:\/\/www.fogaszatikeszulek.hu\/wp-content\/uploads\/2018\/02\/intego-2-230x134.png 230w, https:\/\/www.fogaszatikeszulek.hu\/wp-content\/uploads\/2018\/02\/intego-2-350x204.png 350w, https:\/\/www.fogaszatikeszulek.hu\/wp-content\/uploads\/2018\/02\/intego-2-480x280.png 480w, https:\/\/www.fogaszatikeszulek.hu\/wp-content\/uploads\/2018\/02\/intego-2.png 1200w\" sizes=\"(max-width: 300px) 100vw, 300px\" \/>Intego Pro<\/h5>\n<ul>\n<li>Integr\u00e1lt higi\u00e9n\u00e9s koncepci\u00f3 az optim\u00e1lis eredm\u00e9ny \u00e9rdek\u00e9ben.<\/li>\n<li>Az EasyTouch \u00e9rint\u0151k\u00e9perny\u0151 \u00e9s az integr\u00e1lt l\u00e1bszab\u00e1lyoz\u00f3 koncepci\u00f3 az egyszer\u0171 m\u0171k\u00f6d\u00e9s \u00e9rdek\u00e9ben.<\/li>\n<li>Asszisztens elem k\u00e9t- vagy n\u00e9gykezes kezel\u00e9sre.<\/li>\n<li>Sz\u00e1mos felszerelts\u00e9g nagyszer\u0171 \u00e9rt\u00e9kkel.<\/li>\n<li>V\u00e1laszthat\u00f3 leng\u0151 t\u00f6ml\u0151kkel (TS modell) vagy fels\u0151karokkal (CS modell).<\/li>\n<\/ul>\n<p>&nbsp;<\/p>\n<h5><img decoding=\"async\" class=\"size-medium wp-image-475 alignright\" src=\"https:\/\/www.fogaszatikeszulek.hu\/wp-content\/uploads\/2018\/02\/intego-2-300x175.png\" alt=\"\" width=\"300\" srcset=\"https:\/\/www.fogaszatikeszulek.hu\/wp-content\/uploads\/2018\/02\/intego-2-300x175.png 300w, https:\/\/www.fogaszatikeszulek.hu\/wp-content\/uploads\/2018\/02\/intego-2-768x448.png 768w, https:\/\/www.fogaszatikeszulek.hu\/wp-content\/uploads\/2018\/02\/intego-2-1024x597.png 1024w, https:\/\/www.fogaszatikeszulek.hu\/wp-content\/uploads\/2018\/02\/intego-2-830x484.png 830w, https:\/\/www.fogaszatikeszulek.hu\/wp-content\/uploads\/2018\/02\/intego-2-230x134.png 230w, https:\/\/www.fogaszatikeszulek.hu\/wp-content\/uploads\/2018\/02\/intego-2-350x204.png 350w, https:\/\/www.fogaszatikeszulek.hu\/wp-content\/uploads\/2018\/02\/intego-2-480x280.png 480w, https:\/\/www.fogaszatikeszulek.hu\/wp-content\/uploads\/2018\/02\/intego-2.png 1200w\" sizes=\"(max-width: 300px) 100vw, 300px\" \/>Intego<\/h5>\n<ul>\n<li>Kompakt vizes blokkal az optim\u00e1lis hely kihaszn\u00e1l\u00e1shoz.<\/li>\n<li>EasyPad felhaszn\u00e1l\u00f3i fel\u00fclet az egyszer\u0171 kezelhet\u0151s\u00e9g\u00e9rt.<\/li>\n<li>Kompakt seg\u00e9delem, j\u00f3 mozg\u00e1sszabads\u00e1ggal.<\/li>\n<li>Ellen\u0151rz\u00f6tt v\u00edzmin\u0151s\u00e9g \u00f6n\u00e1ll\u00f3 friss v\u00edz-ell\u00e1t\u00f3 palackkal.<\/li>\n<li>V\u00e1laszthat\u00f3 leng\u0151 t\u00f6ml\u0151kkel (TS modell) vagy fels\u0151karokkal (CS modell).<\/li>\n<\/ul>\n<h5>&nbsp;<\/h5>\n<h5>&nbsp;<\/h5>\n<p>&nbsp;<\/p>\n<h5>Intego TS \/ Intego Pro TS \u2013 leng\u0151 t\u00f6ml\u0151kkel<\/h5>\n<ul>\n<li>A fogorvosi elemek ergon\u00f3mikus elhelyez\u00e9se k\u00f6sz\u00f6nhet\u0151en a kar rendszernek<\/li>\n<li>Funkcion\u00e1lis t\u00e1lca rendszer levehet\u0151 t\u00e1lc\u00e1val, amely rugalmasan \u00e1thelyezhet\u0151<\/li>\n<li>Integr\u00e1lt, \u00e1tfog\u00f3 fert\u0151z\u00e9smegel\u0151z\u00e9si koncepci\u00f3 az optim\u00e1lis eredm\u00e9nyek \u00e9rdek\u00e9ben<\/li>\n<\/ul>\n<p><img loading=\"lazy\" decoding=\"async\" class=\"alignnone wp-image-481\" src=\"https:\/\/www.fogaszatikeszulek.hu\/wp-content\/uploads\/2018\/02\/intego2-300x169.png\" alt=\"\" width=\"900\" height=\"506\" srcset=\"https:\/\/www.fogaszatikeszulek.hu\/wp-content\/uploads\/2018\/02\/intego2-300x169.png 300w, https:\/\/www.fogaszatikeszulek.hu\/wp-content\/uploads\/2018\/02\/intego2-768x432.png 768w, https:\/\/www.fogaszatikeszulek.hu\/wp-content\/uploads\/2018\/02\/intego2-1024x576.png 1024w, https:\/\/www.fogaszatikeszulek.hu\/wp-content\/uploads\/2018\/02\/intego2-830x467.png 830w, https:\/\/www.fogaszatikeszulek.hu\/wp-content\/uploads\/2018\/02\/intego2-230x129.png 230w, https:\/\/www.fogaszatikeszulek.hu\/wp-content\/uploads\/2018\/02\/intego2-350x197.png 350w, https:\/\/www.fogaszatikeszulek.hu\/wp-content\/uploads\/2018\/02\/intego2-480x270.png 480w, https:\/\/www.fogaszatikeszulek.hu\/wp-content\/uploads\/2018\/02\/intego2.png 1200w\" sizes=\"auto, (max-width: 900px) 100vw, 900px\" \/><\/p>\n","protected":false},"excerpt":{"rendered":"<p>Megb\u00edzhat\u00f3 min\u0151s\u00e9g, amire mindig sz\u00e1m\u00edthat Munka sor\u00e1n k\u00fcl\u00f6nb\u00f6z\u0151 ig\u00e9nyek mer\u00fclnek fel a rendel\u0151ben. Az Intego t\u00f6k\u00e9letes megold\u00e1st k\u00edn\u00e1l: v\u00e1lasszon k\u00e9t olyan modell k\u00f6z\u00fcl, amelyeket rugalmasan konfigur\u00e1lhat. Ak\u00e1r az Intego Pro-t, ak\u00e1r az Intego-t v\u00e1lasztja, fels\u0151 vagy ak\u00e1r als\u00f3 karos kivitelben &#8211; mindegyik lehet\u0151s\u00e9g optim\u00e1lis teljes\u00edtm\u00e9nyt ny\u00fajt el\u00e9rhet\u0151 \u00e1ron. &nbsp; Intego Pro Integr\u00e1lt higi\u00e9n\u00e9s koncepci\u00f3 az [&hellip;]<\/p>\n","protected":false},"author":1,"featured_media":0,"parent":0,"menu_order":0,"comment_status":"closed","ping_status":"closed","template":"","meta":{"ngg_post_thumbnail":0,"footnotes":""},"class_list":["post-472","page","type-page","status-publish","hentry"],"_links":{"self":[{"href":"https:\/\/www.fogaszatikeszulek.hu\/index.php\/wp-json\/wp\/v2\/pages\/472","targetHints":{"allow":["GET"]}}],"collection":[{"href":"https:\/\/www.fogaszatikeszulek.hu\/index.php\/wp-json\/wp\/v2\/pages"}],"about":[{"href":"https:\/\/www.fogaszatikeszulek.hu\/index.php\/wp-json\/wp\/v2\/types\/page"}],"author":[{"embeddable":true,"href":"https:\/\/www.fogaszatikeszulek.hu\/index.php\/wp-json\/wp\/v2\/users\/1"}],"replies":[{"embeddable":true,"href":"https:\/\/www.fogaszatikeszulek.hu\/index.php\/wp-json\/wp\/v2\/comments?post=472"}],"version-history":[{"count":15,"href":"https:\/\/www.fogaszatikeszulek.hu\/index.php\/wp-json\/wp\/v2\/pages\/472\/revisions"}],"predecessor-version":[{"id":1627,"href":"https:\/\/www.fogaszatikeszulek.hu\/index.php\/wp-json\/wp\/v2\/pages\/472\/revisions\/1627"}],"wp:attachment":[{"href":"https:\/\/www.fogaszatikeszulek.hu\/index.php\/wp-json\/wp\/v2\/media?parent=472"}],"curies":[{"name":"wp","href":"https:\/\/api.w.org\/{rel}","templated":true}]}}