{"id":2594,"date":"2023-10-02T13:29:34","date_gmt":"2023-10-02T13:29:34","guid":{"rendered":"http:\/\/www.fogaszatikeszulek.hu\/?page_id=2594"},"modified":"2023-10-02T14:51:39","modified_gmt":"2023-10-02T14:51:39","slug":"axano","status":"publish","type":"page","link":"https:\/\/www.fogaszatikeszulek.hu\/index.php\/axano\/","title":{"rendered":"Axano"},"content":{"rendered":"<h5><img loading=\"lazy\" decoding=\"async\" class=\"alignleft wp-image-2601 size-full\" src=\"https:\/\/www.fogaszatikeszulek.hu\/wp-content\/uploads\/2023\/10\/axano-tre-product-image-axano-innovation-meets-fascination.jpeg\" alt=\"\" width=\"570\" height=\"342\" srcset=\"https:\/\/www.fogaszatikeszulek.hu\/wp-content\/uploads\/2023\/10\/axano-tre-product-image-axano-innovation-meets-fascination.jpeg 570w, https:\/\/www.fogaszatikeszulek.hu\/wp-content\/uploads\/2023\/10\/axano-tre-product-image-axano-innovation-meets-fascination-300x180.jpeg 300w, https:\/\/www.fogaszatikeszulek.hu\/wp-content\/uploads\/2023\/10\/axano-tre-product-image-axano-innovation-meets-fascination-230x138.jpeg 230w, https:\/\/www.fogaszatikeszulek.hu\/wp-content\/uploads\/2023\/10\/axano-tre-product-image-axano-innovation-meets-fascination-350x210.jpeg 350w, https:\/\/www.fogaszatikeszulek.hu\/wp-content\/uploads\/2023\/10\/axano-tre-product-image-axano-innovation-meets-fascination-480x288.jpeg 480w\" sizes=\"auto, (max-width: 570px) 100vw, 570px\" \/>Leny\u0171g\u00f6z\u0151 innov\u00e1ci\u00f3<\/h5>\n<p style=\"text-align: justify;\">Az Axano olyan eleg\u00e1ns fog\u00e1szati sz\u00e9ke lehet, amely minden ig\u00e9ny\u00e9t kiel\u00e9g\u00edti. Az Axano \u00f6tv\u00f6zi az okos kialak\u00edt\u00e1st a hat\u00e9kony munkafolyamatokkal, ezzel kiemelked\u0151 \u00e9s ergon\u00f3mikus kezel\u00e9si \u00e9lm\u00e9nyt ny\u00fajtva.<\/p>\n<p style=\"text-align: justify;\">Az intelligens funkci\u00f3k t\u00f6k\u00e9letesen integr\u00e1ltak az Axanoban a Smart Touch, Smart Delivery Pro \u00e9s a Smart Control kialak\u00edt\u00e1ssal.<\/p>\n<p style=\"text-align: justify;\">A be\u00e9p\u00edtett ter\u00e1pi\u00e1s funkci\u00f3k t\u00e1mogatj\u00e1k munkafolyamatait \u00e9s biztons\u00e1got ny\u00fajtanak. Mindezen funkci\u00f3k kiemelked\u0151 \u00f6sszej\u00e1t\u00e9ka ny\u00fajtja a leny\u0171g\u00f6z\u0151 innov\u00e1ci\u00f3t.<\/p>\n<p>&nbsp;<\/p>\n<h4>Kiemelt Innov\u00e1ci\u00f3k<\/h4>\n<table>\n<tbody>\n<tr>\n<td width=\"300\"><img loading=\"lazy\" decoding=\"async\" class=\"alignnone size-full wp-image-2603\" src=\"https:\/\/www.fogaszatikeszulek.hu\/wp-content\/uploads\/2023\/10\/tre-people-image-axano-smart-touch.jpeg\" alt=\"\" width=\"500\" height=\"300\" srcset=\"https:\/\/www.fogaszatikeszulek.hu\/wp-content\/uploads\/2023\/10\/tre-people-image-axano-smart-touch.jpeg 500w, https:\/\/www.fogaszatikeszulek.hu\/wp-content\/uploads\/2023\/10\/tre-people-image-axano-smart-touch-300x180.jpeg 300w, https:\/\/www.fogaszatikeszulek.hu\/wp-content\/uploads\/2023\/10\/tre-people-image-axano-smart-touch-230x138.jpeg 230w, https:\/\/www.fogaszatikeszulek.hu\/wp-content\/uploads\/2023\/10\/tre-people-image-axano-smart-touch-350x210.jpeg 350w, https:\/\/www.fogaszatikeszulek.hu\/wp-content\/uploads\/2023\/10\/tre-people-image-axano-smart-touch-480x288.jpeg 480w\" sizes=\"auto, (max-width: 500px) 100vw, 500px\" \/><\/td>\n<td width=\"10\">&nbsp;<\/td>\n<td style=\"text-align: justify;\">\n<h5>Smart Touch<\/h5>\n<p>Az interakt\u00edv, intuit\u00edv, 10.3&#8221; m\u00e9ret\u0171 Smart Touch kijelz\u0151 az Axano sz\u00edve. A kijelz\u0151 vil\u00e1gos, rendezett funkci\u00f3kat ny\u00fajt az ultramodern multitouch technol\u00f3gi\u00e1val. R\u00e1ad\u00e1sk\u00e9nt a fel\u00fclet az utols\u00f3 r\u00e9szlet\u00e9g szem\u00e9lyre szabhat\u00f3.<\/td>\n<\/tr>\n<tr>\n<td width=\"300\"><img loading=\"lazy\" decoding=\"async\" class=\"alignnone size-full wp-image-2604\" src=\"https:\/\/www.fogaszatikeszulek.hu\/wp-content\/uploads\/2023\/10\/tre-product-image-axano-prune-configuration.jpeg\" alt=\"\" width=\"500\" height=\"300\" srcset=\"https:\/\/www.fogaszatikeszulek.hu\/wp-content\/uploads\/2023\/10\/tre-product-image-axano-prune-configuration.jpeg 500w, https:\/\/www.fogaszatikeszulek.hu\/wp-content\/uploads\/2023\/10\/tre-product-image-axano-prune-configuration-300x180.jpeg 300w, https:\/\/www.fogaszatikeszulek.hu\/wp-content\/uploads\/2023\/10\/tre-product-image-axano-prune-configuration-230x138.jpeg 230w, https:\/\/www.fogaszatikeszulek.hu\/wp-content\/uploads\/2023\/10\/tre-product-image-axano-prune-configuration-350x210.jpeg 350w, https:\/\/www.fogaszatikeszulek.hu\/wp-content\/uploads\/2023\/10\/tre-product-image-axano-prune-configuration-480x288.jpeg 480w\" sizes=\"auto, (max-width: 500px) 100vw, 500px\" \/><\/td>\n<td width=\"10\">&nbsp;<\/td>\n<td style=\"text-align: justify;\">\n<h5>Smart Delivery Pro<\/h5>\n<p>A motoros g\u00f6rd\u00fcl\u0151 \u00e1llv\u00e1nnyal az orvos asztal mindig el\u00e9rhet\u0151 t\u00e1vols\u00e1gban lehet. A magass\u00e1g\u00e1ll\u00edt\u00e1s funkci\u00f3val be\u00e1ll\u00edthatja saj\u00e1t magass\u00e1g\u00e1nak megfelel\u0151en a poz\u00edci\u00f3t \u00e9s a Smart Delivery Pro lehet\u0151v\u00e9 teszi, hogy ergon\u00f3mikusan, meger\u0151ltet\u00e9s n\u00e9lk\u00fcl kezelhessen a nap minden \u00f3r\u00e1j\u00e1ban.<\/td>\n<\/tr>\n<tr>\n<td width=\"300\"><img loading=\"lazy\" decoding=\"async\" class=\"alignnone size-full wp-image-2605\" src=\"https:\/\/www.fogaszatikeszulek.hu\/wp-content\/uploads\/2023\/10\/tre-product-image-axano-ambient-light.jpeg\" alt=\"\" width=\"500\" height=\"300\" srcset=\"https:\/\/www.fogaszatikeszulek.hu\/wp-content\/uploads\/2023\/10\/tre-product-image-axano-ambient-light.jpeg 500w, https:\/\/www.fogaszatikeszulek.hu\/wp-content\/uploads\/2023\/10\/tre-product-image-axano-ambient-light-300x180.jpeg 300w, https:\/\/www.fogaszatikeszulek.hu\/wp-content\/uploads\/2023\/10\/tre-product-image-axano-ambient-light-230x138.jpeg 230w, https:\/\/www.fogaszatikeszulek.hu\/wp-content\/uploads\/2023\/10\/tre-product-image-axano-ambient-light-350x210.jpeg 350w, https:\/\/www.fogaszatikeszulek.hu\/wp-content\/uploads\/2023\/10\/tre-product-image-axano-ambient-light-480x288.jpeg 480w\" sizes=\"auto, (max-width: 500px) 100vw, 500px\" \/><\/td>\n<td width=\"10\">&nbsp;<\/td>\n<td style=\"text-align: justify;\">\n<h5>Hangulatf\u00e9ny<\/h5>\n<p>A finom hangulatf\u00e9ny az orvos \u00e9s asszisztens elemen \u00e9s a Smart Delivery Pro-n kellemes, megnyugtat\u00f3 k\u00f6rnyezetet teremt. Tov\u00e1bb\u00e1 a sz\u00e9lesk\u00f6r\u0171 sz\u00ednv\u00e1laszt\u00e9k lehet\u0151v\u00e9 teszi, hogy rendel\u0151je vil\u00e1g\u00e1ba illeszked\u0151 designt v\u00e1lasszon. P\u00e9ld\u00e1ul a z\u00f6ld hangulatf\u00e9ny jelzi a higi\u00e9niai folyamat futtat\u00e1s\u00e1t. Ezen fel\u00fcl kiv\u00e1laszthatja a t\u00f6k\u00e9letes sz\u00ednt amely illeszkedik kezel\u0151sz\u00e9ke k\u00e1rpitj\u00e1hoz.<\/td>\n<\/tr>\n<tr>\n<td width=\"300\"><img loading=\"lazy\" decoding=\"async\" class=\"alignnone size-full wp-image-2606\" src=\"https:\/\/www.fogaszatikeszulek.hu\/wp-content\/uploads\/2023\/10\/tre-people-image-axano-smart-control.jpeg\" alt=\"\" width=\"500\" height=\"300\" srcset=\"https:\/\/www.fogaszatikeszulek.hu\/wp-content\/uploads\/2023\/10\/tre-people-image-axano-smart-control.jpeg 500w, https:\/\/www.fogaszatikeszulek.hu\/wp-content\/uploads\/2023\/10\/tre-people-image-axano-smart-control-300x180.jpeg 300w, https:\/\/www.fogaszatikeszulek.hu\/wp-content\/uploads\/2023\/10\/tre-people-image-axano-smart-control-230x138.jpeg 230w, https:\/\/www.fogaszatikeszulek.hu\/wp-content\/uploads\/2023\/10\/tre-people-image-axano-smart-control-350x210.jpeg 350w, https:\/\/www.fogaszatikeszulek.hu\/wp-content\/uploads\/2023\/10\/tre-people-image-axano-smart-control-480x288.jpeg 480w\" sizes=\"auto, (max-width: 500px) 100vw, 500px\" \/><\/td>\n<td width=\"10\">&nbsp;<\/td>\n<td style=\"text-align: justify;\">\n<h5>Smart Control<\/h5>\n<p>Az ergon\u00f3mikus, vezet\u00e9kn\u00e9kl\u00fcli, multifunkci\u00f3s l\u00e1bkapcsol\u00f3 seg\u00edt a kezel\u0151sz\u00e9k csak l\u00e1bbal t\u00f6rt\u00e9n\u0151 ir\u00e1ny\u00e1t\u00e1s\u00e1ban, lehet\u0151v\u00e9 t\u00e9ve az esszenci\u00e1lis funkci\u00f3k k\u00f6zvetlen, k\u00e9z n\u00e9lk\u00fcli el\u00e9r\u00e9s\u00e9t, a magas precizit\u00e1s\u00fa munk\u00e1\u00e9rt.<\/td>\n<\/tr>\n<\/tbody>\n<\/table>\n<p>&nbsp;<\/p>\n<h4>Felk\u00e9sz\u00fclts\u00e9g tal\u00e1lkoz\u00e1sa a biztons\u00e1ggal<\/h4>\n<table>\n<tbody>\n<tr>\n<td width=\"300\"><img loading=\"lazy\" decoding=\"async\" class=\"wp-image-2599 alignleft\" src=\"https:\/\/www.fogaszatikeszulek.hu\/wp-content\/uploads\/2023\/10\/axano-tre-people-image-axano-excellent-worklfow.jpeg\" alt=\"\" width=\"500\" height=\"300\" srcset=\"https:\/\/www.fogaszatikeszulek.hu\/wp-content\/uploads\/2023\/10\/axano-tre-people-image-axano-excellent-worklfow.jpeg 570w, https:\/\/www.fogaszatikeszulek.hu\/wp-content\/uploads\/2023\/10\/axano-tre-people-image-axano-excellent-worklfow-300x180.jpeg 300w, https:\/\/www.fogaszatikeszulek.hu\/wp-content\/uploads\/2023\/10\/axano-tre-people-image-axano-excellent-worklfow-230x138.jpeg 230w, https:\/\/www.fogaszatikeszulek.hu\/wp-content\/uploads\/2023\/10\/axano-tre-people-image-axano-excellent-worklfow-350x210.jpeg 350w, https:\/\/www.fogaszatikeszulek.hu\/wp-content\/uploads\/2023\/10\/axano-tre-people-image-axano-excellent-worklfow-480x288.jpeg 480w\" sizes=\"auto, (max-width: 500px) 100vw, 500px\" \/><\/td>\n<td width=\"10\">&nbsp;<\/td>\n<td style=\"text-align: justify;\">\n<h5 style=\"text-align: justify;\">Magassz\u00ednvonal\u00fa kezel\u00e9sek<\/h5>\n<p style=\"text-align: justify;\">Az Endo, Implant \u00e9s Face kezel\u00e9si funkci\u00f3k az Axanoban seg\u00edtik a munkafolyamatok egyszer\u0171s\u00edt\u00e9s\u00e9t \u00e9s jav\u00edtj\u00e1k a klinikai biztons\u00e1got a kezel\u00e9sek sor\u00e1n. Az Axano lehet\u0151v\u00e9 teszi, hogy maga m\u00f6g\u00f6tt hagyja a k\u00fcls\u0151 k\u00e9sz\u00fcl\u00e9keket a m\u00e9g hat\u00e9konyabb munk\u00e1\u00e9rt. Kezel\u00e9s sor\u00e1n minden l\u00e9p\u00e9s vil\u00e1gosan k\u00f6vethet\u0151 a Smart Touch felhaszn\u00e1l\u00f3i fel\u00fcleten. A rendszer intuit\u00edvan ir\u00e1ny\u00edthat\u00f3 a Smart Touch \u00e9s a Smart Control seg\u00edts\u00e9g\u00e9vel.<\/p>\n<\/td>\n<\/tr>\n<tr>\n<td width=\"300\"><img loading=\"lazy\" decoding=\"async\" class=\"alignnone size-full wp-image-2609\" src=\"https:\/\/www.fogaszatikeszulek.hu\/wp-content\/uploads\/2023\/10\/tre-people-image-axano-digital-experience-ease-of-use.jpeg\" alt=\"\" width=\"570\" height=\"342\" srcset=\"https:\/\/www.fogaszatikeszulek.hu\/wp-content\/uploads\/2023\/10\/tre-people-image-axano-digital-experience-ease-of-use.jpeg 570w, https:\/\/www.fogaszatikeszulek.hu\/wp-content\/uploads\/2023\/10\/tre-people-image-axano-digital-experience-ease-of-use-300x180.jpeg 300w, https:\/\/www.fogaszatikeszulek.hu\/wp-content\/uploads\/2023\/10\/tre-people-image-axano-digital-experience-ease-of-use-230x138.jpeg 230w, https:\/\/www.fogaszatikeszulek.hu\/wp-content\/uploads\/2023\/10\/tre-people-image-axano-digital-experience-ease-of-use-350x210.jpeg 350w, https:\/\/www.fogaszatikeszulek.hu\/wp-content\/uploads\/2023\/10\/tre-people-image-axano-digital-experience-ease-of-use-480x288.jpeg 480w\" sizes=\"auto, (max-width: 570px) 100vw, 570px\" \/><\/td>\n<td width=\"10\">&nbsp;<\/td>\n<td style=\"text-align: justify;\">\n<h5 style=\"text-align: justify;\">Endodonciai funkci\u00f3k<\/h5>\n<p style=\"text-align: justify;\">A file k\u00f6nyvt\u00e1r, a prec\u00edz nyomat\u00e9kkontroll \u00e9s az apexlok\u00e1tor leegyszer\u0171s\u00edti a gy\u00f6k\u00e9rkezel\u00e9st mik\u00f6zben fenntartja a magasszint\u0171 klinikai biztons\u00e1got. A t\u0171v\u00e1laszt\u00e1s \u00e9s a t\u0171halad\u00e1s kijelz\u00e9se tov\u00e1bb egyszer\u0171s\u00edtik a haszn\u00e1latot. Emellett a gy\u00f6k\u00e9rcsatorna bonyolults\u00e1g param\u00e9ter be\u00e1ll\u00edt\u00e1s\u00e1val optimaliz\u00e1lhatja a t\u0171 nyomat\u00e9k\u00e1t \u00e9s sebess\u00e9g\u00e9t, ezzel cs\u00f6kkentve a kock\u00e1zatot a p\u00e1ciens sz\u00e1m\u00e1ra.<\/p>\n<\/td>\n<\/tr>\n<tr>\n<td width=\"300\"><img loading=\"lazy\" decoding=\"async\" class=\"alignnone size-full wp-image-2610\" src=\"https:\/\/www.fogaszatikeszulek.hu\/wp-content\/uploads\/2023\/10\/tre-product-image-axano-implant-function.jpeg\" alt=\"\" width=\"570\" height=\"342\" srcset=\"https:\/\/www.fogaszatikeszulek.hu\/wp-content\/uploads\/2023\/10\/tre-product-image-axano-implant-function.jpeg 570w, https:\/\/www.fogaszatikeszulek.hu\/wp-content\/uploads\/2023\/10\/tre-product-image-axano-implant-function-300x180.jpeg 300w, https:\/\/www.fogaszatikeszulek.hu\/wp-content\/uploads\/2023\/10\/tre-product-image-axano-implant-function-230x138.jpeg 230w, https:\/\/www.fogaszatikeszulek.hu\/wp-content\/uploads\/2023\/10\/tre-product-image-axano-implant-function-350x210.jpeg 350w, https:\/\/www.fogaszatikeszulek.hu\/wp-content\/uploads\/2023\/10\/tre-product-image-axano-implant-function-480x288.jpeg 480w\" sizes=\"auto, (max-width: 570px) 100vw, 570px\" \/><\/td>\n<td width=\"10\">&nbsp;<\/td>\n<td style=\"text-align: justify;\">\n<h5>Implantol\u00f3giai funkci\u00f3k<\/h5>\n<p>Az implant funkci\u00f3ban a be\u00e9p\u00edtett k\u00f6nyvt\u00e1rb\u00f3l v\u00e1laszthatja ki a k\u00edv\u00e1nt implant\u00e1tum rendszert. Olyan param\u00e9terek, mint a sebess\u00e9g, a nyomat\u00e9k \u00e9s a h\u0171t\u0151folyad\u00e9k mennyis\u00e9ge el\u0151re be\u00e1ll\u00edt\u00e1sra ker\u00fcltek, lehet\u0151v\u00e9 t\u00e9ve a biztons\u00e1gos \u00e9s hat\u00e9kony implant\u00e1l\u00e1st. A kezel\u0151egys\u00e9g Sivision monitorj\u00e1n l\u00e9v\u0151 implant ir\u00e1ny\u00edt\u00f3 k\u00f6zponttal k\u00f6vetheti a kezel\u00e9st \u00e9s megb\u00edzhat\u00f3an dokument\u00e1lhatja a folyamatot.<\/td>\n<\/tr>\n<\/tbody>\n<\/table>\n<p>&nbsp;<\/p>\n<h3>El\u0151ny\u00f6k<\/h3>\n<h5>Fog\u00e1szati kezel\u00e9s \u00e9s a st\u00edlus tal\u00e1lkoz\u00e1sa<\/h5>\n<ul>\n<li style=\"text-align: justify;\"><strong>Smart Design:<\/strong>&nbsp;Az Axano \u00f6tv\u00f6zi az eszt\u00e9tik\u00e1t a k\u00e9nyelemmel. Finom vonalak, hangulatf\u00e9ny \u00e9s a Smart Touch felhaszn\u00e1l\u00f3i fel\u00fclet egy\u00fctt ny\u00fajtj\u00e1k a modern \u00e9s eleg\u00e1ns l\u00e1tv\u00e1nyt.<\/li>\n<li style=\"text-align: justify;\"><strong>Kiv\u00e1l\u00f3 munkafolyamatok:<\/strong>&nbsp;Optimaliz\u00e1lja munkafolyamatait az Axanoval a kezdeti diagn\u00f3zist\u00f3l a kezel\u00e9s befejez\u00e9s\u00e9ig. A kezel\u00e9si l\u00e9p\u00e9seket intuit\u00edvan \u00e9s k\u00e9nyelmesen viheti v\u00e9gig. A kezel\u00e9s hat\u00e9konyabb\u00e1, a higi\u00e9niai folyamatok pedig megb\u00edzhat\u00f3bb\u00e1 v\u00e1lnak. Ez nem csak \u00d6nnek, hanem p\u00e1cienseinek is el\u0151ny\u00f6s.<\/li>\n<li style=\"text-align: justify;\"><strong>Digit\u00e1lis \u00e9lm\u00e9ny:<\/strong> Az egyszer\u0171s\u00e9g fokozza az el\u00e9gedetts\u00e9get: A Smart Touch fel\u00fclettel olyan digit\u00e1lis t\u00e1mogat\u00e1si kap, amely az \u00d6n ig\u00e9nyeihez adapt\u00e1lhat\u00f3.<\/li>\n<\/ul>\n<p>&nbsp;<\/p>\n<h5>Axano Csomagopci\u00f3k<\/h5>\n<p><strong>Alapfelszerelts\u00e9g<\/strong><\/p>\n<table>\n<tbody>\n<tr>\n<td width=\"500\"><img loading=\"lazy\" decoding=\"async\" class=\"alignnone size-full wp-image-2614\" src=\"https:\/\/www.fogaszatikeszulek.hu\/wp-content\/uploads\/2023\/10\/tre-product-image-axano-patient-chair.jpeg\" alt=\"\" width=\"570\" height=\"342\" srcset=\"https:\/\/www.fogaszatikeszulek.hu\/wp-content\/uploads\/2023\/10\/tre-product-image-axano-patient-chair.jpeg 570w, https:\/\/www.fogaszatikeszulek.hu\/wp-content\/uploads\/2023\/10\/tre-product-image-axano-patient-chair-300x180.jpeg 300w, https:\/\/www.fogaszatikeszulek.hu\/wp-content\/uploads\/2023\/10\/tre-product-image-axano-patient-chair-230x138.jpeg 230w, https:\/\/www.fogaszatikeszulek.hu\/wp-content\/uploads\/2023\/10\/tre-product-image-axano-patient-chair-350x210.jpeg 350w, https:\/\/www.fogaszatikeszulek.hu\/wp-content\/uploads\/2023\/10\/tre-product-image-axano-patient-chair-480x288.jpeg 480w\" sizes=\"auto, (max-width: 570px) 100vw, 570px\" \/><\/td>\n<td width=\"10\">&nbsp;<\/td>\n<td style=\"text-align: justify;\">\n<h5>P\u00e1ciens sz\u00e9k<\/h5>\n<ul>\n<li>P\u00e1ciensspecifikus sz\u00e9kpoz\u00edci\u00f3k<\/li>\n<li>Motoros fejt\u00e1masz az automata fejt\u00e1masz be\u00e1ll\u00edt\u00e1shoz<\/li>\n<li>Der\u00e9kt\u00e1masz \/ Massz\u00e1zs funkci\u00f3<\/li>\n<li>Hangulatf\u00e9ny<\/li>\n<li>Premium Thermo k\u00e1rpit<\/li>\n<li>4-\u00e1ll\u00e1s\u00fa l\u00e1bkapcsol\u00f3<\/li>\n<li>Smart Control<\/li>\n<li>ErgoMotion<\/li>\n<li>\u00c1ll\u00edthat\u00f3 sz\u00e9kmozgat\u00e1si sebess\u00e9g<\/li>\n<\/ul>\n<\/td>\n<\/tr>\n<tr>\n<td width=\"500\"><img loading=\"lazy\" decoding=\"async\" class=\"alignnone size-full wp-image-2615\" src=\"https:\/\/www.fogaszatikeszulek.hu\/wp-content\/uploads\/2023\/10\/tre-product-image-axano-dentist-element.jpeg\" alt=\"\" width=\"570\" height=\"342\" srcset=\"https:\/\/www.fogaszatikeszulek.hu\/wp-content\/uploads\/2023\/10\/tre-product-image-axano-dentist-element.jpeg 570w, https:\/\/www.fogaszatikeszulek.hu\/wp-content\/uploads\/2023\/10\/tre-product-image-axano-dentist-element-300x180.jpeg 300w, https:\/\/www.fogaszatikeszulek.hu\/wp-content\/uploads\/2023\/10\/tre-product-image-axano-dentist-element-230x138.jpeg 230w, https:\/\/www.fogaszatikeszulek.hu\/wp-content\/uploads\/2023\/10\/tre-product-image-axano-dentist-element-350x210.jpeg 350w, https:\/\/www.fogaszatikeszulek.hu\/wp-content\/uploads\/2023\/10\/tre-product-image-axano-dentist-element-480x288.jpeg 480w\" sizes=\"auto, (max-width: 570px) 100vw, 570px\" \/><\/td>\n<td width=\"10\">&nbsp;<\/td>\n<td style=\"text-align: justify;\">\n<h5>Orvosi asztal<\/h5>\n<ul>\n<li>Smart Delivery Pro: Motoros v\u00edzszintes mozgat\u00e1s<\/li>\n<li>Smart Touch kijelz\u0151, a k\u00e9z n\u00e9lk\u00fcli kezel\u00e9shez kurzor kontrollal<\/li>\n<li>6 szabad hely a k\u00e9zidaraboknak, elt\u00e1vol\u00edthat\u00f3 foganty\u00fak \u00e9s instrument al\u00e1t\u00e9t<\/li>\n<li>H\u00e1rom motorhajt\u00e1s (motor vagy turbina)<\/li>\n<li>USB csatlakoz\u00f3<\/li>\n<\/ul>\n<\/td>\n<\/tr>\n<tr>\n<td width=\"500\"><img loading=\"lazy\" decoding=\"async\" class=\"alignnone size-full wp-image-2616\" src=\"https:\/\/www.fogaszatikeszulek.hu\/wp-content\/uploads\/2023\/10\/tre-product-image-axano-standard-equipment-assistant-element.jpeg\" alt=\"\" width=\"570\" height=\"342\" srcset=\"https:\/\/www.fogaszatikeszulek.hu\/wp-content\/uploads\/2023\/10\/tre-product-image-axano-standard-equipment-assistant-element.jpeg 570w, https:\/\/www.fogaszatikeszulek.hu\/wp-content\/uploads\/2023\/10\/tre-product-image-axano-standard-equipment-assistant-element-300x180.jpeg 300w, https:\/\/www.fogaszatikeszulek.hu\/wp-content\/uploads\/2023\/10\/tre-product-image-axano-standard-equipment-assistant-element-230x138.jpeg 230w, https:\/\/www.fogaszatikeszulek.hu\/wp-content\/uploads\/2023\/10\/tre-product-image-axano-standard-equipment-assistant-element-350x210.jpeg 350w, https:\/\/www.fogaszatikeszulek.hu\/wp-content\/uploads\/2023\/10\/tre-product-image-axano-standard-equipment-assistant-element-480x288.jpeg 480w\" sizes=\"auto, (max-width: 570px) 100vw, 570px\" \/><\/td>\n<td width=\"10\">&nbsp;<\/td>\n<td style=\"text-align: justify;\">\n<h5>Asszisztens oldal<\/h5>\n<ul>\n<li>Smart Pad kezel\u0151fel\u00fclet<\/li>\n<li>4 szabad hely, levehet\u0151 al\u00e1t\u00e9t<\/li>\n<li>Exhausztor<\/li>\n<li>Ny\u00e1lsz\u00edv\u00f3<\/li>\n<\/ul>\n<\/td>\n<\/tr>\n<tr>\n<td width=\"500\"><img loading=\"lazy\" decoding=\"async\" class=\"alignnone size-full wp-image-2617\" src=\"https:\/\/www.fogaszatikeszulek.hu\/wp-content\/uploads\/2023\/10\/tre-product-image-axano-water-unit.jpeg\" alt=\"\" width=\"570\" height=\"342\" srcset=\"https:\/\/www.fogaszatikeszulek.hu\/wp-content\/uploads\/2023\/10\/tre-product-image-axano-water-unit.jpeg 570w, https:\/\/www.fogaszatikeszulek.hu\/wp-content\/uploads\/2023\/10\/tre-product-image-axano-water-unit-300x180.jpeg 300w, https:\/\/www.fogaszatikeszulek.hu\/wp-content\/uploads\/2023\/10\/tre-product-image-axano-water-unit-230x138.jpeg 230w, https:\/\/www.fogaszatikeszulek.hu\/wp-content\/uploads\/2023\/10\/tre-product-image-axano-water-unit-350x210.jpeg 350w, https:\/\/www.fogaszatikeszulek.hu\/wp-content\/uploads\/2023\/10\/tre-product-image-axano-water-unit-480x288.jpeg 480w\" sizes=\"auto, (max-width: 570px) 100vw, 570px\" \/><\/td>\n<td width=\"10\">&nbsp;<\/td>\n<td style=\"text-align: justify;\">\n<h5>Vizes egys\u00e9g<\/h5>\n<ul>\n<li>Be\u00e9p\u00edtett k\u00e9miai tiszt\u00edt\u00f3 funkci\u00f3 az \u00e1lland\u00f3 fert\u0151tlen\u00edt\u00e9s\u00e9rt \u00e9s tiszt\u00edtas\u00e1g\u00e9rt<\/li>\n<li>Higi\u00e9niai rendszer elt\u00e1vol\u00edthat\u00f3 tiszt\u00edt\u00f3 elemekkel \u00e9s autopurge (\u00f6bl\u00edt\u00e9s) funkci\u00f3val<\/li>\n<li>K\u00e9miai tiszt\u00edt\u00e1s a sz\u00edv\u00f3cs\u00f6vekhez \u00e9s a k\u00f6p\u0151t\u00e1lhoz<\/li>\n<li>Motoros beford\u00edthat\u00f3 \u00fcveg k\u00f6p\u0151t\u00e1l (levehet\u0151)<\/li>\n<li>Aqua funkci\u00f3 (\u00f6n\u00e1ll\u00f3 v\u00edzell\u00e1t\u00e1s)<\/li>\n<li>K\u00f6p\u0151t\u00e1l szelep nedves elsz\u00edv\u00f3 rendszerhez<\/li>\n<\/ul>\n<\/td>\n<\/tr>\n<\/tbody>\n<\/table>\n<p>&nbsp;<\/p>\n<h3 style=\"text-align: justify;\">T\u00f6bb\u00e9ves szak\u00e9rtelem&nbsp;<\/h3>\n<p style=\"text-align: justify;\">A Dentsply Sirona hossz\u00fa \u00e9vek tapasztalat\u00e1ra alapozva \u00e1ll\u00edtotta \u00f6ssze az innovat\u00edv \u00e9rt\u00e9kn\u00f6vel\u0151 csomagokat az Axanohoz, melyek t\u00f6k\u00e9letesen illeszkednek az egyedi fog\u00e1szati rendel\u0151kh\u00f6z \u00e9s specializ\u00e1ci\u00f3khoz. Ez lehet\u0151v\u00e9 teszi, hogy gyorsan \u00e9s pontosan \u00f6ssze\u00e1ll\u00edthassa az \u00d6n sz\u00e1m\u00e1ra legide\u00e1lisabb munkak\u00f6rnyezetet.<\/p>\n<h5>&nbsp;<\/h5>\n<h5>Value Package Practice<\/h5>\n<ul>\n<li>2 db Sprayvit multifunkci\u00f3s v\u00edz-leveg\u0151 pisztoly az orvos \u00e9s az asszisztens oldalra<\/li>\n<li>2 db BL ISO F mikromotor (v\u00e1laszthat\u00f3 BL E)<\/li>\n<li>Turbina t\u00f6ml\u0151<\/li>\n<li>SiroSonic TL ultrahangos depur\u00e1tor<\/li>\n<li>LEDview Plus oper\u00e1ci\u00f3s l\u00e1mpa<\/li>\n<li>2 db orvosi \u00fcl\u0151ke kedvezm\u00e9nyes csomag\u00e1ron<\/li>\n<\/ul>\n<h5>&nbsp;<\/h5>\n<h5>Value Package Endodontics<\/h5>\n<ul>\n<li>Endodonciai funkci\u00f3k (tartalmazza a reciproc mozg\u00e1st)<\/li>\n<li>ApexLocator, kijelz\u00e9ssel a Sivision monitoron<\/li>\n<li>T1 Line Endo 6 L f\u00e9nyes k\u00f6ny\u00f6kdarab<\/li>\n<\/ul>\n<h5>&nbsp;<\/h5>\n<h5>Value Package Implantology<\/h5>\n<ul>\n<li>Implantol\u00f3giai funkci\u00f3k<\/li>\n<li>BL implant E f\u00e9nyes mikromotor<\/li>\n<li>Implant 20:1 k\u00f6ny\u00f6kdarab<\/li>\n<li>Be\u00e9p\u00edtett fiziol\u00f3gi\u00e1s s\u00f3oldat adagol\u00f3pumpa<\/li>\n<\/ul>\n<h5>&nbsp;<\/h5>\n<h5>Value Package Sivision<\/h5>\n<ul>\n<li>Kamera ki\u00e1ll\u00e1s az orvos asztalon<\/li>\n<li>SiroCam AF+<\/li>\n<li>22\u201d-os Sivision monitor<\/li>\n<li>Monitortart\u00f3 a l\u00e1mpaoszlopon (fel\u00e1r ellen\u00e9ben k\u00fcl\u00f6n t\u00e1lcatart\u00f3 a monitor tart\u00f3elemen)<\/li>\n<\/ul>\n","protected":false},"excerpt":{"rendered":"<p>Leny\u0171g\u00f6z\u0151 innov\u00e1ci\u00f3 Az Axano olyan eleg\u00e1ns fog\u00e1szati sz\u00e9ke lehet, amely minden ig\u00e9ny\u00e9t kiel\u00e9g\u00edti. Az Axano \u00f6tv\u00f6zi az okos kialak\u00edt\u00e1st a hat\u00e9kony munkafolyamatokkal, ezzel kiemelked\u0151 \u00e9s ergon\u00f3mikus kezel\u00e9si \u00e9lm\u00e9nyt ny\u00fajtva. Az intelligens funkci\u00f3k t\u00f6k\u00e9letesen integr\u00e1ltak az Axanoban a Smart Touch, Smart Delivery Pro \u00e9s a Smart Control kialak\u00edt\u00e1ssal. A be\u00e9p\u00edtett ter\u00e1pi\u00e1s funkci\u00f3k t\u00e1mogatj\u00e1k munkafolyamatait \u00e9s biztons\u00e1got [&hellip;]<\/p>\n","protected":false},"author":1,"featured_media":0,"parent":0,"menu_order":0,"comment_status":"closed","ping_status":"closed","template":"","meta":{"ngg_post_thumbnail":0,"footnotes":""},"class_list":["post-2594","page","type-page","status-publish","hentry"],"_links":{"self":[{"href":"https:\/\/www.fogaszatikeszulek.hu\/index.php\/wp-json\/wp\/v2\/pages\/2594","targetHints":{"allow":["GET"]}}],"collection":[{"href":"https:\/\/www.fogaszatikeszulek.hu\/index.php\/wp-json\/wp\/v2\/pages"}],"about":[{"href":"https:\/\/www.fogaszatikeszulek.hu\/index.php\/wp-json\/wp\/v2\/types\/page"}],"author":[{"embeddable":true,"href":"https:\/\/www.fogaszatikeszulek.hu\/index.php\/wp-json\/wp\/v2\/users\/1"}],"replies":[{"embeddable":true,"href":"https:\/\/www.fogaszatikeszulek.hu\/index.php\/wp-json\/wp\/v2\/comments?post=2594"}],"version-history":[{"count":17,"href":"https:\/\/www.fogaszatikeszulek.hu\/index.php\/wp-json\/wp\/v2\/pages\/2594\/revisions"}],"predecessor-version":[{"id":2624,"href":"https:\/\/www.fogaszatikeszulek.hu\/index.php\/wp-json\/wp\/v2\/pages\/2594\/revisions\/2624"}],"wp:attachment":[{"href":"https:\/\/www.fogaszatikeszulek.hu\/index.php\/wp-json\/wp\/v2\/media?parent=2594"}],"curies":[{"name":"wp","href":"https:\/\/api.w.org\/{rel}","templated":true}]}}