{"id":258,"date":"2018-02-19T08:44:29","date_gmt":"2018-02-19T08:44:29","guid":{"rendered":"http:\/\/www.fogaszatikeszulek.hu\/?page_id=258"},"modified":"2020-07-30T12:04:38","modified_gmt":"2020-07-30T12:04:38","slug":"intraoral","status":"publish","type":"page","link":"https:\/\/www.fogaszatikeszulek.hu\/index.php\/intraoral\/","title":{"rendered":"Intraor\u00e1lis k\u00e9palkot\u00e1s"},"content":{"rendered":"<h5>Minden rendel\u0151 m\u00e1s<\/h5>\n<p style=\"text-align: justify;\">Minden fogorvosnak megvan a saj\u00e1t ig\u00e9nye \u00e9s k\u00f6vetelm\u00e9nye. Minden rendel\u0151 m\u00e1s &#8211; a betegek sz\u00e1m\u00e1t\u00f3l a berendez\u00e9sig \u00e9s az \u00e9p\u00edt\u00e9szeti tervez\u00e9sig. Az intraor\u00e1lis r\u00f6ntgenk\u00e9sz\u00fcl\u00e9kek modularit\u00e1s\u00e1nak k\u00f6sz\u00f6nhet\u0151en a Dentsply Sirona t\u00f6k\u00e9letes r\u00f6ntgensugaras megold\u00e1st k\u00edn\u00e1l minden fogorvosnak \u00e9s minden rendel\u0151nek. Az intraor\u00e1lis r\u00f6ntgencsal\u00e1d mindig megfelel\u0151 v\u00e1laszt\u00e1s, lehet\u0151v\u00e9 teszi a teljes rugalmass\u00e1got \u00e9s az optim\u00e1lis munkafolyamatot minden k\u00f6vetelm\u00e9nyhez a hardver \u00e9s szoftver megold\u00e1sok t\u00f6k\u00e9letes kombin\u00e1ci\u00f3ja r\u00e9v\u00e9n.<\/p>\n<p><strong>Mi teszi annyira k\u00fcl\u00f6nlegess\u00e9 az intraor\u00e1lis csal\u00e1dot?<\/strong><\/p>\n<ul>\n<li>Rugalmass\u00e1g&nbsp;<br \/>\nK\u00fcl\u00f6nb\u00f6z\u0151 karhossz\u00fas\u00e1gok \u00e9s be\u00e9p\u00edt\u00e9si lehet\u0151s\u00e9gek, WiFi vagy USB opci\u00f3k, 3 szenzor m\u00e9ret.<\/li>\n<li>Hat\u00e9kony munkafolyamatok<br \/>\nSz\u00e9k melletti k\u00e9palkot\u00e1s a legmagasabb min\u0151s\u00e9ggel k\u00f6zvetlen el\u00e9rhet\u0151s\u00e9ggel.<\/li>\n<li>Optim\u00e1lis k\u00e9pmin\u0151s\u00e9g<br \/>\nLehet szenzor vagy szkenner, mindig \u00e9les, nagy felbont\u00e1s\u00fa k\u00e9pet kap a legalacsonyabb d\u00f3zis mellett az ALARA szerint.<\/li>\n<li>Szoftver integr\u00e1ci\u00f3<br \/>\nA Sidexis 4 k\u00e9palkot\u00f3 szoftverrel val\u00f3 intelligens be\u00e1gyaz\u00e1s nemcsak a kezel\u00e9shez biztos\u00edt t\u00f6bb lehet\u0151s\u00e9get, hanem a betegek kommunik\u00e1ci\u00f3j\u00e1hoz is.<\/li>\n<\/ul>\n<p>&nbsp;<\/p>\n<h5>Intraor\u00e1lis term\u00e9kcsal\u00e1d<\/h5>\n<p style=\"text-align: justify;\">A megfelel\u0151 megold\u00e1s minden munkafolyamat sz\u00e1m\u00e1ra. F\u00fcggetlen\u00fcl att\u00f3l, hogy els\u0151 l\u00e9p\u00e9seket teszi a digit\u00e1lis vil\u00e1g ir\u00e1ny\u00e1ba, vagy egy teljesen digit\u00e1lis rendel\u0151t hoz l\u00e9tre, az intraor\u00e1lis r\u00f6ntgencsal\u00e1d \u00e1ltal k\u00edn\u00e1lt megold\u00e1sok mindig megfelel\u0151 term\u00e9keket k\u00edn\u00e1lnak az \u00d6n egyedi munkafolyamat\u00e1hoz. F\u00fcggetlen\u00fcl att\u00f3l, hogy z\u00f6kken\u0151mentes \u00e1t\u00e1ll\u00e1st keres a f\u00e9lig digit\u00e1lisr\u00f3l a teljesen digit\u00e1lisra, vagy anal\u00f3gr\u00f3l digit\u00e1lisra.<\/p>\n<table>\n<tbody>\n<tr>\n<td style=\"text-align: top;\" width=\"200\"><img loading=\"lazy\" decoding=\"async\" class=\"alignnone size-full wp-image-1113\" src=\"https:\/\/www.fogaszatikeszulek.hu\/wp-content\/uploads\/2018\/03\/1489226161017.png\" alt=\"\" width=\"525\" height=\"375\" srcset=\"https:\/\/www.fogaszatikeszulek.hu\/wp-content\/uploads\/2018\/03\/1489226161017.png 525w, https:\/\/www.fogaszatikeszulek.hu\/wp-content\/uploads\/2018\/03\/1489226161017-300x214.png 300w, https:\/\/www.fogaszatikeszulek.hu\/wp-content\/uploads\/2018\/03\/1489226161017-230x164.png 230w, https:\/\/www.fogaszatikeszulek.hu\/wp-content\/uploads\/2018\/03\/1489226161017-350x250.png 350w, https:\/\/www.fogaszatikeszulek.hu\/wp-content\/uploads\/2018\/03\/1489226161017-480x343.png 480w\" sizes=\"auto, (max-width: 525px) 100vw, 525px\" \/><\/td>\n<td style=\"text-align: top;\" width=\"200\"><img loading=\"lazy\" decoding=\"async\" class=\"alignnone size-full wp-image-1112\" src=\"https:\/\/www.fogaszatikeszulek.hu\/wp-content\/uploads\/2018\/03\/1489226160876.png\" alt=\"\" width=\"525\" height=\"375\" srcset=\"https:\/\/www.fogaszatikeszulek.hu\/wp-content\/uploads\/2018\/03\/1489226160876.png 525w, https:\/\/www.fogaszatikeszulek.hu\/wp-content\/uploads\/2018\/03\/1489226160876-300x214.png 300w, https:\/\/www.fogaszatikeszulek.hu\/wp-content\/uploads\/2018\/03\/1489226160876-230x164.png 230w, https:\/\/www.fogaszatikeszulek.hu\/wp-content\/uploads\/2018\/03\/1489226160876-350x250.png 350w, https:\/\/www.fogaszatikeszulek.hu\/wp-content\/uploads\/2018\/03\/1489226160876-480x343.png 480w\" sizes=\"auto, (max-width: 525px) 100vw, 525px\" \/><\/td>\n<td width=\"200\"><img loading=\"lazy\" decoding=\"async\" class=\"alignnone size-full wp-image-1111\" src=\"https:\/\/www.fogaszatikeszulek.hu\/wp-content\/uploads\/2018\/03\/1489226160712.png\" alt=\"\" width=\"525\" height=\"375\" srcset=\"https:\/\/www.fogaszatikeszulek.hu\/wp-content\/uploads\/2018\/03\/1489226160712.png 525w, https:\/\/www.fogaszatikeszulek.hu\/wp-content\/uploads\/2018\/03\/1489226160712-300x214.png 300w, https:\/\/www.fogaszatikeszulek.hu\/wp-content\/uploads\/2018\/03\/1489226160712-230x164.png 230w, https:\/\/www.fogaszatikeszulek.hu\/wp-content\/uploads\/2018\/03\/1489226160712-350x250.png 350w, https:\/\/www.fogaszatikeszulek.hu\/wp-content\/uploads\/2018\/03\/1489226160712-480x343.png 480w\" sizes=\"auto, (max-width: 525px) 100vw, 525px\" \/><\/td>\n<td width=\"200\"><img loading=\"lazy\" decoding=\"async\" class=\"alignnone size-full wp-image-1110\" src=\"https:\/\/www.fogaszatikeszulek.hu\/wp-content\/uploads\/2018\/03\/1487841267842.png\" alt=\"\" width=\"525\" height=\"375\" srcset=\"https:\/\/www.fogaszatikeszulek.hu\/wp-content\/uploads\/2018\/03\/1487841267842.png 525w, https:\/\/www.fogaszatikeszulek.hu\/wp-content\/uploads\/2018\/03\/1487841267842-300x214.png 300w, https:\/\/www.fogaszatikeszulek.hu\/wp-content\/uploads\/2018\/03\/1487841267842-230x164.png 230w, https:\/\/www.fogaszatikeszulek.hu\/wp-content\/uploads\/2018\/03\/1487841267842-350x250.png 350w, https:\/\/www.fogaszatikeszulek.hu\/wp-content\/uploads\/2018\/03\/1487841267842-480x343.png 480w\" sizes=\"auto, (max-width: 525px) 100vw, 525px\" \/><\/td>\n<\/tr>\n<tr>\n<td style=\"text-align: center;\" valign=\"top\" width=\"200\"><a href=\"https:\/\/www.fogaszatikeszulek.hu\/index.php\/xiosxg\/\"><strong>Xios XG szenzor minden digit\u00e1lis el\u0151nnyel<\/strong><\/a><\/td>\n<td style=\"text-align: center;\" width=\"200\"><a href=\"https:\/\/www.fogaszatikeszulek.hu\/index.php\/intraoral-psp-szkenner\/\"><b>Xios Scan a digit\u00e1lis kezdetekhez<\/b><\/a><\/td>\n<td style=\"text-align: center;\" valign=\"top\" width=\"200\"><a href=\"https:\/\/www.fogaszatikeszulek.hu\/index.php\/intraoralis-rontgen-egysegek\/\"><strong>Heliodent Plus <\/strong><\/a><\/td>\n<td style=\"text-align: center;\" valign=\"top\" width=\"200\"><a href=\"https:\/\/www.fogaszatikeszulek.hu\/index.php\/kepfeldolgozo-szoftver\/\"><strong>Imaging szoftver Sidexis 4<\/strong><\/a><\/td>\n<\/tr>\n<\/tbody>\n<\/table>\n<h5>&nbsp;<\/h5>\n<h5>Let\u00f6lthet\u0151 dokumentumok<\/h5>\n<ul>\n<li><a href=\"https:\/\/www.fogaszatikeszulek.hu\/wp-content\/uploads\/2020\/07\/DS-Intraoralcsalad-hu.pdf\" target=\"_blank\" rel=\"noopener\">Intraor\u00e1lis r\u00f6ntgen csal\u00e1d prospektus (magyar nyelv\u0171)<\/a><\/li>\n<\/ul>\n<p>&nbsp;<\/p>\n","protected":false},"excerpt":{"rendered":"<p>Minden rendel\u0151 m\u00e1s Minden fogorvosnak megvan a saj\u00e1t ig\u00e9nye \u00e9s k\u00f6vetelm\u00e9nye. Minden rendel\u0151 m\u00e1s &#8211; a betegek sz\u00e1m\u00e1t\u00f3l a berendez\u00e9sig \u00e9s az \u00e9p\u00edt\u00e9szeti tervez\u00e9sig. Az intraor\u00e1lis r\u00f6ntgenk\u00e9sz\u00fcl\u00e9kek modularit\u00e1s\u00e1nak k\u00f6sz\u00f6nhet\u0151en a Dentsply Sirona t\u00f6k\u00e9letes r\u00f6ntgensugaras megold\u00e1st k\u00edn\u00e1l minden fogorvosnak \u00e9s minden rendel\u0151nek. Az intraor\u00e1lis r\u00f6ntgencsal\u00e1d mindig megfelel\u0151 v\u00e1laszt\u00e1s, lehet\u0151v\u00e9 teszi a teljes rugalmass\u00e1got \u00e9s az optim\u00e1lis [&hellip;]<\/p>\n","protected":false},"author":1,"featured_media":0,"parent":0,"menu_order":0,"comment_status":"closed","ping_status":"closed","template":"","meta":{"ngg_post_thumbnail":0,"footnotes":""},"class_list":["post-258","page","type-page","status-publish","hentry"],"_links":{"self":[{"href":"https:\/\/www.fogaszatikeszulek.hu\/index.php\/wp-json\/wp\/v2\/pages\/258","targetHints":{"allow":["GET"]}}],"collection":[{"href":"https:\/\/www.fogaszatikeszulek.hu\/index.php\/wp-json\/wp\/v2\/pages"}],"about":[{"href":"https:\/\/www.fogaszatikeszulek.hu\/index.php\/wp-json\/wp\/v2\/types\/page"}],"author":[{"embeddable":true,"href":"https:\/\/www.fogaszatikeszulek.hu\/index.php\/wp-json\/wp\/v2\/users\/1"}],"replies":[{"embeddable":true,"href":"https:\/\/www.fogaszatikeszulek.hu\/index.php\/wp-json\/wp\/v2\/comments?post=258"}],"version-history":[{"count":17,"href":"https:\/\/www.fogaszatikeszulek.hu\/index.php\/wp-json\/wp\/v2\/pages\/258\/revisions"}],"predecessor-version":[{"id":2108,"href":"https:\/\/www.fogaszatikeszulek.hu\/index.php\/wp-json\/wp\/v2\/pages\/258\/revisions\/2108"}],"wp:attachment":[{"href":"https:\/\/www.fogaszatikeszulek.hu\/index.php\/wp-json\/wp\/v2\/media?parent=258"}],"curies":[{"name":"wp","href":"https:\/\/api.w.org\/{rel}","templated":true}]}}