{"id":254,"date":"2018-02-19T08:44:13","date_gmt":"2018-02-19T08:44:13","guid":{"rendered":"http:\/\/www.fogaszatikeszulek.hu\/?page_id=254"},"modified":"2019-03-07T14:26:25","modified_gmt":"2019-03-07T14:26:25","slug":"2d-3d","status":"publish","type":"page","link":"https:\/\/www.fogaszatikeszulek.hu\/index.php\/2d-3d\/","title":{"rendered":"2D\/3D hibrid egys\u00e9gek"},"content":{"rendered":"<h5>2D\/3D hibrid egys\u00e9gek Orthophos SL, Orthophos XG<\/h5>\n<p style=\"text-align: justify;\"><img loading=\"lazy\" decoding=\"async\" class=\"alignleft wp-image-1026\" src=\"https:\/\/www.fogaszatikeszulek.hu\/wp-content\/uploads\/2018\/03\/1521125728278.png\" alt=\"\" width=\"460\" height=\"276\" srcset=\"https:\/\/www.fogaszatikeszulek.hu\/wp-content\/uploads\/2018\/03\/1521125728278.png 570w, https:\/\/www.fogaszatikeszulek.hu\/wp-content\/uploads\/2018\/03\/1521125728278-300x180.png 300w, https:\/\/www.fogaszatikeszulek.hu\/wp-content\/uploads\/2018\/03\/1521125728278-230x138.png 230w, https:\/\/www.fogaszatikeszulek.hu\/wp-content\/uploads\/2018\/03\/1521125728278-350x210.png 350w, https:\/\/www.fogaszatikeszulek.hu\/wp-content\/uploads\/2018\/03\/1521125728278-480x288.png 480w\" sizes=\"auto, (max-width: 460px) 100vw, 460px\" \/><strong>T\u00f6bbet l\u00e1tni. T\u00f6bbet csin\u00e1lni.<\/strong><\/p>\n<p style=\"text-align: justify;\">F\u00fcggetlen\u00fcl att\u00f3l, hogy a z\u00e1szl\u00f3shaj\u00f3 megold\u00e1st v\u00e1lasztja n\u00e9h\u00e1ny igaz\u00e1n forradalmi technol\u00f3gi\u00e1val (Orthophos SL 3D) vagy a vil\u00e1gszerte legn\u00e9pszer\u0171bb 2D \/ 3D hibrid egys\u00e9get (Orthophos XG 3D), mindig a legalacsonyabb d\u00f3zis mellett a legjobb k\u00e9pmin\u0151s\u00e9get kapja a jobb, biztons\u00e1gosabb \u00e9s gyorsabb fog\u00e1szat \u00e9rdek\u00e9ben.<\/p>\n<p style=\"text-align: justify;\">A Dentsply Sirona Imaging szoftver Sidexis 4-el kombin\u00e1lva a gyakorlatot sz\u00e1mos kezel\u00e9si lehet\u0151s\u00e9ggel gazdag\u00edtja t\u00f6bb szakter\u00fcleten, implantol\u00f3gi\u00e1ban, endodonci\u00e1ban \u00e9s alv\u00e1si apnoe kezel\u00e9sben.<\/p>\n<p>&nbsp;<\/p>\n<h5>Szembet\u0171n\u0151 el\u0151ny\u00f6k<\/h5>\n<ul>\n<li style=\"text-align: justify;\">Hat\u00e9kony diagnosztika rendk\u00edv\u00fcli k\u00e9pmin\u0151s\u00e9gnek k\u00f6sz\u00f6nhet\u0151en<br \/>\nAz ALARA elv betart\u00e1sa mellett 2D\/3D hibrid megold\u00e1saink biztos\u00edtj\u00e1k, hogy a lehet\u0151 legalacsonyabb d\u00f3zissal sz\u00e1moljon az adott jelz\u00e9shez sz\u00fcks\u00e9ges k\u00e9pmin\u0151s\u00e9gre.<\/li>\n<li style=\"text-align: justify;\">A k\u00f6nny\u0171 kezelhet\u0151s\u00e9gnek k\u00f6sz\u00f6nhet\u0151en reproduk\u00e1lhat\u00f3 eredm\u00e9nyek<br \/>\nA stabil p\u00e1ciens pozicion\u00e1l\u00f3 rendszereket, valamint az intuit\u00edv kezel\u0151panelt arra tervezt\u00e9k, hogy minim\u00e1lisra cs\u00f6kkents\u00e9k a tanul\u00e1si g\u00f6rb\u00e9t \u00e9s t\u00e1mogass\u00e1k a gyakorlat hat\u00e9konys\u00e1g\u00e1t.<\/li>\n<li style=\"text-align: justify;\">A bizony\u00edtott min\u0151s\u00e9gnek k\u00f6sz\u00f6nhet\u0151en megb\u00edzhat\u00f3an m\u0171k\u00f6dtetheti gyakorlat\u00e1t<br \/>\nB\u00fcszk\u00e9n &#8222;Made in Germany&#8221; \u00e9s vil\u00e1gszerte t\u00f6bb mint 100.000 alkalommal \u00e9rt\u00e9kes\u00edtett\u00fcnk, biztos lehet\u00fcnk abban, hogy az Orthophos egys\u00e9gek a legmagasabb szint\u0171 megb\u00edzhat\u00f3s\u00e1got k\u00e9pviselik.<\/li>\n<li style=\"text-align: justify;\">T\u00e1gabb gyakorlat a modern kezel\u00e9si megold\u00e1sokkal<br \/>\nIntelligens kezel\u00e9si megold\u00e1sunk t\u00f6k\u00e9letes t\u00e1rsa a r\u00f6ntgenk\u00e9sz\u00fcl\u00e9knek, \u00edgy \u00faj lehet\u0151s\u00e9geket k\u00edn\u00e1l a gyakorlat k\u00edn\u00e1lat\u00e1hoz, most vagy k\u00e9s\u0151bb.<\/li>\n<\/ul>\n<p>&nbsp;<\/p>\n<h5>3D k\u00e9palkot\u00e1s: tapasztalja meg a k\u00fcl\u00f6nbs\u00e9get!<\/h5>\n<p style=\"text-align: justify;\">A 3D-s technol\u00f3gia egyre ink\u00e1bb megalapozott a fog\u00e1szati \u200b\u200brendel\u0151kben vil\u00e1gszerte. A pontosabb diagn\u00f3zisok \u00e9s a kezel\u00e9s magyar\u00e1zataihoz a 3D r\u00f6ntgensugarak sz\u00e1mos el\u0151nnyel j\u00e1rnak. Az Orthophos XG 3D \u00e9s az Orthophos SL 3D n\u00e9h\u00e1ny m\u00e1sodperc alatt t\u00f6bb sz\u00e1z egyedi k\u00e9pet k\u00e9sz\u00edtenek a 3D r\u00f6ntgensug\u00e1rral. Ezen adatok felhaszn\u00e1l\u00e1s\u00e1val a szoftver egy 3D k\u00e9pet gener\u00e1l az \u00e1llkapocs r\u00e9szr\u0151l. &#8222;Virtu\u00e1lis t\u00far\u00e1t&#8221; tud k\u00e9sz\u00edteni a beolvasott k\u00f6tetr\u0151l \u00e9s \u00e9rt\u00e9kelni az adatokat minden dimenzi\u00f3b\u00f3l.<\/p>\n<p>&nbsp;<\/p>\n<h5>3D k\u00e9pek<\/h5>\nngg_shortcode_0_placeholder\n<h5>2D\/3D hibrid k\u00e9sz\u00fcl\u00e9kek<\/h5>\n<table>\n<tbody>\n<tr>\n<td width=\"390\"><img loading=\"lazy\" decoding=\"async\" class=\"alignnone size-full wp-image-1067\" src=\"https:\/\/www.fogaszatikeszulek.hu\/wp-content\/uploads\/2018\/03\/1.jpg\" alt=\"\" width=\"447\" height=\"275\" srcset=\"https:\/\/www.fogaszatikeszulek.hu\/wp-content\/uploads\/2018\/03\/1.jpg 447w, https:\/\/www.fogaszatikeszulek.hu\/wp-content\/uploads\/2018\/03\/1-300x185.jpg 300w, https:\/\/www.fogaszatikeszulek.hu\/wp-content\/uploads\/2018\/03\/1-230x141.jpg 230w, https:\/\/www.fogaszatikeszulek.hu\/wp-content\/uploads\/2018\/03\/1-350x215.jpg 350w\" sizes=\"auto, (max-width: 447px) 100vw, 447px\" \/><\/td>\n<td>&nbsp;<\/td>\n<td width=\"390\"><img loading=\"lazy\" decoding=\"async\" class=\"alignnone size-full wp-image-1068\" src=\"https:\/\/www.fogaszatikeszulek.hu\/wp-content\/uploads\/2018\/03\/2-1.jpg\" alt=\"\" width=\"447\" height=\"275\" srcset=\"https:\/\/www.fogaszatikeszulek.hu\/wp-content\/uploads\/2018\/03\/2-1.jpg 447w, https:\/\/www.fogaszatikeszulek.hu\/wp-content\/uploads\/2018\/03\/2-1-300x185.jpg 300w, https:\/\/www.fogaszatikeszulek.hu\/wp-content\/uploads\/2018\/03\/2-1-230x141.jpg 230w, https:\/\/www.fogaszatikeszulek.hu\/wp-content\/uploads\/2018\/03\/2-1-350x215.jpg 350w\" sizes=\"auto, (max-width: 447px) 100vw, 447px\" \/><\/td>\n<\/tr>\n<tr>\n<td valign=\"top\" width=\"390\"><strong>Orthophos SL 3D<\/strong><\/p>\n<p style=\"text-align: justify;\">A legv\u00e1ltozatosabb 2D\/3D hibrid k\u00e9sz\u00fcl\u00e9k forradalmi technol\u00f3gi\u00e1val \u00e9s szabadalmaztatott helymeghat\u00e1roz\u00e1si megold\u00e1sokkal rendelkezik. Opcion\u00e1lis kefalo-kar.<\/p>\n<\/td>\n<td>&nbsp;<\/td>\n<td width=\"390\"><strong>Orthophos XG 3D<\/strong><\/p>\n<p style=\"text-align: justify;\">Egyszer\u0171en megb\u00edzhat\u00f3. Minden nap. Ez \u00e9s az design, t\u00f6k\u00e9letesen illeszkedik a napi feladatokhoz. Az Orthophos XG 3D a vil\u00e1g legn\u00e9pszer\u0171bb 2D\/3D hibrid k\u00e9sz\u00fcl\u00e9ke.<\/p>\n<\/td>\n<\/tr>\n<\/tbody>\n<\/table>\n<p>&nbsp;<\/p>\n<h5>2D\/3D k\u00e9sz\u00fcl\u00e9kek jellemz\u0151i<\/h5>\n<table style=\"width: 800px;\" border=\"0\">\n<tbody>\n<tr>\n<td width=\"400\"><img loading=\"lazy\" decoding=\"async\" class=\"alignnone size-full wp-image-1042\" src=\"https:\/\/www.fogaszatikeszulek.hu\/wp-content\/uploads\/2018\/03\/1488720878726.png\" alt=\"\" width=\"570\" height=\"342\" srcset=\"https:\/\/www.fogaszatikeszulek.hu\/wp-content\/uploads\/2018\/03\/1488720878726.png 570w, https:\/\/www.fogaszatikeszulek.hu\/wp-content\/uploads\/2018\/03\/1488720878726-300x180.png 300w, https:\/\/www.fogaszatikeszulek.hu\/wp-content\/uploads\/2018\/03\/1488720878726-230x138.png 230w, https:\/\/www.fogaszatikeszulek.hu\/wp-content\/uploads\/2018\/03\/1488720878726-350x210.png 350w, https:\/\/www.fogaszatikeszulek.hu\/wp-content\/uploads\/2018\/03\/1488720878726-480x288.png 480w\" sizes=\"auto, (max-width: 570px) 100vw, 570px\" \/><\/td>\n<td width=\"10\">&nbsp;<\/td>\n<td>\n<h5 style=\"text-align: justify;\"><strong>K\u00fcl\u00f6nb\u00f6z\u0151 m\u00e9retek<\/strong><\/h5>\n<p style=\"text-align: justify;\">A 3D-s felhaszn\u00e1l\u00f3k v\u00e1laszthatnak a 8\u00d78 cm-es k\u00e9pm\u00e9ret (ide\u00e1lis \u00e1ltal\u00e1nos fogorvosok \u00e9s implantol\u00f3gusok sz\u00e1m\u00e1ra), vagy a 11\u00d710 cm-es k\u00e9pm\u00e9ret k\u00f6z\u00fcl, melyek tov\u00e1bb b\u0151v\u00edtik a rendel\u0151 \u00e1ltal k\u00edn\u00e1lt kezel\u00e9sek sor\u00e1t a p\u00e1ciens teljes fogazat\u00e1r\u00f3l k\u00e9sz\u00fclt felv\u00e9telekkel. A k\u00f6vetkez\u0151 m\u00e9retek el\u00e9rhet\u0151k: 5\u00d75,5 cm, 8\u00d75,5 cm, 8\u00d78 cm,11\u00d78 (als\u00f3 \u00e1llkapocs), 11\u00d77,5 cm (fels\u0151 \u00e1llkapocs), 11\u00d710 cm.<\/p>\n<\/td>\n<\/tr>\n<tr>\n<td><img loading=\"lazy\" decoding=\"async\" class=\"alignnone size-full wp-image-1043\" src=\"https:\/\/www.fogaszatikeszulek.hu\/wp-content\/uploads\/2018\/03\/1488721242898.png\" alt=\"\" width=\"570\" height=\"342\" srcset=\"https:\/\/www.fogaszatikeszulek.hu\/wp-content\/uploads\/2018\/03\/1488721242898.png 570w, https:\/\/www.fogaszatikeszulek.hu\/wp-content\/uploads\/2018\/03\/1488721242898-300x180.png 300w, https:\/\/www.fogaszatikeszulek.hu\/wp-content\/uploads\/2018\/03\/1488721242898-230x138.png 230w, https:\/\/www.fogaszatikeszulek.hu\/wp-content\/uploads\/2018\/03\/1488721242898-350x210.png 350w, https:\/\/www.fogaszatikeszulek.hu\/wp-content\/uploads\/2018\/03\/1488721242898-480x288.png 480w\" sizes=\"auto, (max-width: 570px) 100vw, 570px\" \/><\/td>\n<td width=\"10\">&nbsp;<\/td>\n<td>\n<h5 style=\"text-align: justify;\"><strong>Nincs visszacsillog\u00e1s a MARS-on<\/strong><\/h5>\n<p style=\"text-align: justify;\">A f\u00e9m t\u00e1rgyak kih\u00edv\u00e1st jelentenek a 3D k\u00e9palkot\u00e1sban. A sug\u00e1rz\u00e1st \u00e1t nem ereszt\u0151 t\u00e1rgyak \u00e1rny\u00e9kot \u00e9s cs\u00edkot hoznak l\u00e9tre.&nbsp; A f\u00e9mrestaur\u00e1ci\u00f3s p\u00e1ciensekn\u00e9l a torzul\u00e1s miatt a diagnosztika probl\u00e9m\u00e1t jelenthet. A MARS szoftver jelent\u0151sen cs\u00f6kkenti a f\u00e9m torzul\u00e1sokat a 3D k\u00e9peken. Ez l\u00e9nyegesen jav\u00edtja a k\u00e9p min\u0151s\u00e9get \u00e9s megk\u00f6nny\u00edti a diagnosztik\u00e1t.&nbsp;<\/p>\n<\/td>\n<\/tr>\n<tr>\n<td><img loading=\"lazy\" decoding=\"async\" class=\"alignnone size-full wp-image-1046\" src=\"https:\/\/www.fogaszatikeszulek.hu\/wp-content\/uploads\/2018\/03\/1489433350083.png\" alt=\"\" width=\"570\" height=\"342\" srcset=\"https:\/\/www.fogaszatikeszulek.hu\/wp-content\/uploads\/2018\/03\/1489433350083.png 570w, https:\/\/www.fogaszatikeszulek.hu\/wp-content\/uploads\/2018\/03\/1489433350083-300x180.png 300w, https:\/\/www.fogaszatikeszulek.hu\/wp-content\/uploads\/2018\/03\/1489433350083-230x138.png 230w, https:\/\/www.fogaszatikeszulek.hu\/wp-content\/uploads\/2018\/03\/1489433350083-350x210.png 350w, https:\/\/www.fogaszatikeszulek.hu\/wp-content\/uploads\/2018\/03\/1489433350083-480x288.png 480w\" sizes=\"auto, (max-width: 570px) 100vw, 570px\" \/>&nbsp;<\/td>\n<td width=\"10\">&nbsp;<\/td>\n<td>\n<h5 style=\"text-align: justify;\"><strong>HD m\u00f3d<\/strong><\/h5>\n<p style=\"text-align: justify;\">Az \u00e1ltal\u00e1nos be\u00e1ll\u00edt\u00e1sokban a Dentsply Sirona k\u00e9palkot\u00f3 egys\u00e9gek SD (Standard Definition) \u00fczemm\u00f3dra vannak \u00e1ll\u00edtva, a k\u00e9pmin\u0151s\u00e9g \u00e9s a d\u00f3zis\u00e9rt\u00e9k&nbsp;t\u00f6k\u00e9letes egyens\u00falyban van a mindennapi gyakorlatban. Bizonyos indik\u00e1ci\u00f3kn\u00e1l, pl a finom gy\u00f6k\u00e9rcsatorn\u00e1k megjelen\u00edt\u00e9s\u00e9hez a nagy felbont\u00e1s\u00fa (HD) m\u00f3d sz\u00fcks\u00e9ges eset\u00e9n el\u00e9rhet\u0151 egy gombnyom\u00e1ssal.<\/p>\n<\/td>\n<\/tr>\n<tr>\n<td><img loading=\"lazy\" decoding=\"async\" class=\"alignnone size-full wp-image-1047\" src=\"https:\/\/www.fogaszatikeszulek.hu\/wp-content\/uploads\/2018\/03\/1521128022142.png\" alt=\"\" width=\"1200\" height=\"675\" srcset=\"https:\/\/www.fogaszatikeszulek.hu\/wp-content\/uploads\/2018\/03\/1521128022142.png 1200w, https:\/\/www.fogaszatikeszulek.hu\/wp-content\/uploads\/2018\/03\/1521128022142-300x169.png 300w, https:\/\/www.fogaszatikeszulek.hu\/wp-content\/uploads\/2018\/03\/1521128022142-768x432.png 768w, https:\/\/www.fogaszatikeszulek.hu\/wp-content\/uploads\/2018\/03\/1521128022142-1024x576.png 1024w, https:\/\/www.fogaszatikeszulek.hu\/wp-content\/uploads\/2018\/03\/1521128022142-830x467.png 830w, https:\/\/www.fogaszatikeszulek.hu\/wp-content\/uploads\/2018\/03\/1521128022142-230x129.png 230w, https:\/\/www.fogaszatikeszulek.hu\/wp-content\/uploads\/2018\/03\/1521128022142-350x197.png 350w, https:\/\/www.fogaszatikeszulek.hu\/wp-content\/uploads\/2018\/03\/1521128022142-480x270.png 480w\" sizes=\"auto, (max-width: 1200px) 100vw, 1200px\" \/><\/td>\n<td width=\"10\">&nbsp;<\/td>\n<td>\n<h5 style=\"text-align: justify;\"><strong>P\u00e1ciens poz\u00edcion\u00e1l\u00e1s<\/strong><\/h5>\n<p style=\"text-align: justify;\">Biztons\u00e1gos m\u0171k\u00f6d\u00e9s, k\u00f6nny\u0171 pozicion\u00e1l\u00e1s, magas k\u00e9pmin\u0151s\u00e9g. A szabadalmaztatott harap\u00e1sblokk automatikusan meghat\u00e1rozza a p\u00e1ciens fej\u00e9nek megfelel\u0151 d\u0151l\u00e9s\u00e9t, a p\u00e1cienst gyorsan elhelyezi az okkluz\u00e1lis s\u00edkban, a 3 pontos fej r\u00f6gz\u00edt\u00e9ssel \u00e9s a stabil foganty\u00fakkal stabil helyzetet biztos\u00edt.<\/p>\n<\/td>\n<\/tr>\n<\/tbody>\n<\/table>\n<h5>&nbsp;<\/h5>\n<h5 style=\"text-align: justify;\">2D panor\u00e1ma k\u00e9palkot\u00e1s: forradalmi technol\u00f3gi\u00e1k&nbsp;<\/h5>\n<p style=\"text-align: justify;\">Annak ellen\u00e9re, hogy a 3D-s r\u00f6ntgensugarak egyre nagyobb sz\u00e1mban fordulnak el\u0151 a fog\u00e1szati \u200b\u200brendel\u0151ben, sok esetben a 2D k\u00e9palkot\u00e1s m\u00e9g mindig helye van, nagy m\u00e9rt\u00e9kben a sug\u00e1rhigi\u00e9nia miatt. Ez a modern fog\u00e1szati \u200b\u200bdiagnosztika legfontosabb eleme. A k\u00e9pmin\u0151s\u00e9g javul\u00e1s\u00e1val kapcsolatban a 2D technol\u00f3gi\u00e1ban rendelkez\u00e9sre \u00e1ll\u00f3 lehet\u0151s\u00e9gek messze nem mer\u00fclnek fel. A Dentsply Sirona 2D-s r\u00f6ntgensugaras k\u00e9sz\u00fcl\u00e9kei k\u00f6sz\u00f6nhet\u0151en a technikai innov\u00e1ci\u00f3knak, amelyek p\u00e1ratlan \u00e9les k\u00e9peket \u00e9s m\u0171veleteket tesznek lehet\u0151v\u00e9.<\/p>\n<p><img loading=\"lazy\" decoding=\"async\" class=\"alignnone size-full wp-image-1058\" src=\"https:\/\/www.fogaszatikeszulek.hu\/wp-content\/uploads\/2018\/03\/2d.jpg\" alt=\"\" width=\"1103\" height=\"519\" srcset=\"https:\/\/www.fogaszatikeszulek.hu\/wp-content\/uploads\/2018\/03\/2d.jpg 1103w, https:\/\/www.fogaszatikeszulek.hu\/wp-content\/uploads\/2018\/03\/2d-300x141.jpg 300w, https:\/\/www.fogaszatikeszulek.hu\/wp-content\/uploads\/2018\/03\/2d-768x361.jpg 768w, https:\/\/www.fogaszatikeszulek.hu\/wp-content\/uploads\/2018\/03\/2d-1024x482.jpg 1024w, https:\/\/www.fogaszatikeszulek.hu\/wp-content\/uploads\/2018\/03\/2d-830x391.jpg 830w, https:\/\/www.fogaszatikeszulek.hu\/wp-content\/uploads\/2018\/03\/2d-230x108.jpg 230w, https:\/\/www.fogaszatikeszulek.hu\/wp-content\/uploads\/2018\/03\/2d-350x165.jpg 350w, https:\/\/www.fogaszatikeszulek.hu\/wp-content\/uploads\/2018\/03\/2d-480x226.jpg 480w\" sizes=\"auto, (max-width: 1103px) 100vw, 1103px\" \/><\/p>\n<h5>&nbsp;<\/h5>\n<table style=\"width: 800px;\" border=\"0\">\n<tbody>\n<tr>\n<td width=\"400\"><img loading=\"lazy\" decoding=\"async\" class=\"alignnone size-full wp-image-1059\" src=\"https:\/\/www.fogaszatikeszulek.hu\/wp-content\/uploads\/2018\/03\/1489246348807.png\" alt=\"\" width=\"570\" height=\"342\" srcset=\"https:\/\/www.fogaszatikeszulek.hu\/wp-content\/uploads\/2018\/03\/1489246348807.png 570w, https:\/\/www.fogaszatikeszulek.hu\/wp-content\/uploads\/2018\/03\/1489246348807-300x180.png 300w, https:\/\/www.fogaszatikeszulek.hu\/wp-content\/uploads\/2018\/03\/1489246348807-230x138.png 230w, https:\/\/www.fogaszatikeszulek.hu\/wp-content\/uploads\/2018\/03\/1489246348807-350x210.png 350w, https:\/\/www.fogaszatikeszulek.hu\/wp-content\/uploads\/2018\/03\/1489246348807-480x288.png 480w\" sizes=\"auto, (max-width: 570px) 100vw, 570px\" \/><\/td>\n<td width=\"10\">&nbsp;<\/td>\n<td>\n<h5 style=\"text-align: justify;\"><strong>Kefalometri\u00e1s k\u00e9palkot\u00e1s<\/strong><\/h5>\n<p style=\"text-align: justify;\">Az ORTHOPHOS XG 3D \u00e9s az ORTHOPHOS SL 3D egyar\u00e1nt ell\u00e1that\u00f3 kefalometri\u00e1s karral (jobb vagy bal oldalra).&nbsp;<strong>Kefalo programok, amelyek minden ortodontikus ig\u00e9nyt lefednek.&nbsp;<\/strong>Egy szenzor haszn\u00e1lat\u00e1val oldal n\u00e9zeti \u00e9s szemb\u0151l n\u00e9zeti k\u00e9peket kapunk. Az elmozdult fogak eset\u00e9n a 3D r\u00f6ntgenfunkci\u00f3k seg\u00edts\u00e9g\u00e9vel meghat\u00e1rozhatja a fogak eredeti hely\u00e9t.<\/p>\n<\/td>\n<\/tr>\n<\/tbody>\n<\/table>\n<h5>&nbsp;<\/h5>\n<h5>Let\u00f6lthet\u0151 dokumentumok<\/h5>\n<ul>\n<li><a href=\"https:\/\/www.fogaszatikeszulek.hu\/wp-content\/uploads\/pdf\/3d.pdf\" target=\"_blank\" rel=\"noopener\">3D r\u00f6ntgen csal\u00e1d prospektus (angol nyelv\u0171)<\/a><\/li>\n<\/ul>\n","protected":false},"excerpt":{"rendered":"<p>2D\/3D hibrid egys\u00e9gek Orthophos SL, Orthophos XG T\u00f6bbet l\u00e1tni. T\u00f6bbet csin\u00e1lni. F\u00fcggetlen\u00fcl att\u00f3l, hogy a z\u00e1szl\u00f3shaj\u00f3 megold\u00e1st v\u00e1lasztja n\u00e9h\u00e1ny igaz\u00e1n forradalmi technol\u00f3gi\u00e1val (Orthophos SL 3D) vagy a vil\u00e1gszerte legn\u00e9pszer\u0171bb 2D \/ 3D hibrid egys\u00e9get (Orthophos XG 3D), mindig a legalacsonyabb d\u00f3zis mellett a legjobb k\u00e9pmin\u0151s\u00e9get kapja a jobb, biztons\u00e1gosabb \u00e9s gyorsabb fog\u00e1szat \u00e9rdek\u00e9ben. A Dentsply [&hellip;]<\/p>\n","protected":false},"author":1,"featured_media":0,"parent":0,"menu_order":0,"comment_status":"closed","ping_status":"closed","template":"","meta":{"ngg_post_thumbnail":0,"footnotes":""},"class_list":["post-254","page","type-page","status-publish","hentry"],"_links":{"self":[{"href":"https:\/\/www.fogaszatikeszulek.hu\/index.php\/wp-json\/wp\/v2\/pages\/254","targetHints":{"allow":["GET"]}}],"collection":[{"href":"https:\/\/www.fogaszatikeszulek.hu\/index.php\/wp-json\/wp\/v2\/pages"}],"about":[{"href":"https:\/\/www.fogaszatikeszulek.hu\/index.php\/wp-json\/wp\/v2\/types\/page"}],"author":[{"embeddable":true,"href":"https:\/\/www.fogaszatikeszulek.hu\/index.php\/wp-json\/wp\/v2\/users\/1"}],"replies":[{"embeddable":true,"href":"https:\/\/www.fogaszatikeszulek.hu\/index.php\/wp-json\/wp\/v2\/comments?post=254"}],"version-history":[{"count":29,"href":"https:\/\/www.fogaszatikeszulek.hu\/index.php\/wp-json\/wp\/v2\/pages\/254\/revisions"}],"predecessor-version":[{"id":1221,"href":"https:\/\/www.fogaszatikeszulek.hu\/index.php\/wp-json\/wp\/v2\/pages\/254\/revisions\/1221"}],"wp:attachment":[{"href":"https:\/\/www.fogaszatikeszulek.hu\/index.php\/wp-json\/wp\/v2\/media?parent=254"}],"curies":[{"name":"wp","href":"https:\/\/api.w.org\/{rel}","templated":true}]}}