{"id":248,"date":"2018-02-19T08:43:33","date_gmt":"2018-02-19T08:43:33","guid":{"rendered":"http:\/\/www.fogaszatikeszulek.hu\/?page_id=248"},"modified":"2019-03-06T13:33:47","modified_gmt":"2019-03-06T13:33:47","slug":"sinius","status":"publish","type":"page","link":"https:\/\/www.fogaszatikeszulek.hu\/index.php\/sinius\/","title":{"rendered":"Sinius"},"content":{"rendered":"<h5 style=\"text-align: justify;\"><img loading=\"lazy\" decoding=\"async\" class=\"alignleft wp-image-1301\" src=\"https:\/\/www.fogaszatikeszulek.hu\/wp-content\/uploads\/2018\/03\/sinius.gif\" alt=\"\" width=\"460\" height=\"276\">Nagyobb hat\u00e9konys\u00e1g<\/h5>\n<p style=\"text-align: justify;\">Az id\u0151 az egyik leg\u00e9rt\u00e9kesebb eszk\u00f6z\u00fcnk. A hat\u00e9kony megold\u00e1sok fejleszt\u00e9se lehet\u0151v\u00e9 teszi, hogy optim\u00e1lisan haszn\u00e1lhassa az idej\u00e9t. A Sinius kezel\u0151egys\u00e9g rendk\u00edv\u00fcl kompakt, vil\u00e1gos el\u0151ny\u00f6ket biztos\u00edt az id\u0151 \u00e9s a rugalmass\u00e1g szempontj\u00e1b\u00f3l. A leg\u00fajabb \u00e9rint\u0151k\u00e9perny\u0151s technol\u00f3gi\u00e1val \u00e9s sz\u00e1mos integr\u00e1lt funkci\u00f3val val\u00f3 intuit\u00edv m\u0171k\u00f6d\u00e9s.<\/p>\n<p style=\"text-align: left;\">&nbsp;<\/p>\n<ul style=\"text-align: justify;\">\n<li>Integr\u00e1lt kezel\u00e9si csomagok az implantol\u00f3gia \u00e9s az endodoncia sz\u00e1m\u00e1ra<\/li>\n<li>Integr\u00e1lt higi\u00e9niai funkci\u00f3<\/li>\n<li>Egyedi \u00e1r\/\u00e9rt\u00e9k ar\u00e1ny<\/li>\n<li>Felhaszn\u00e1l\u00f3bar\u00e1t EasyTouch fel\u00fclet<\/li>\n<li>H\u00e1rom kezel\u00e9si koncepci\u00f3 k\u00f6z\u00fcl v\u00e1laszthat, amelyek megfelelnek a szem\u00e9lyes m\u00f3dszereinek<\/li>\n<\/ul>\n<p style=\"text-align: left;\">&nbsp;<\/p>\n<p style=\"text-align: left;\"><iframe loading=\"lazy\"  id=\"_ytid_24627\"  width=\"1170\" height=\"658\"  data-origwidth=\"1170\" data-origheight=\"658\" src=\"https:\/\/www.youtube.com\/embed\/fvkwV_M0InM?enablejsapi=1&autoplay=0&cc_load_policy=0&cc_lang_pref=&iv_load_policy=1&loop=0&rel=1&fs=1&playsinline=0&autohide=2&theme=dark&color=red&controls=1&disablekb=0&\" class=\"__youtube_prefs__  no-lazyload\" title=\"YouTube player\"  allow=\"fullscreen; accelerometer; autoplay; clipboard-write; encrypted-media; gyroscope; picture-in-picture; web-share\" referrerpolicy=\"strict-origin-when-cross-origin\" allowfullscreen data-no-lazy=\"1\" data-skipgform_ajax_framebjll=\"\"><\/iframe><\/p>\n<h5 style=\"text-align: left;\">&nbsp;<\/h5>\n<h5 style=\"text-align: justify;\">H\u00e1rom kezel\u00e9si koncepci\u00f3<\/h5>\n<ul style=\"text-align: left;\">\n<li>Sinius &#8211; k\u00e9zi vez\u00e9rl\u00e9s\u0171 p\u00e1rhuzamos mozg\u00e1s\u00fa fogorvosi egys\u00e9g\n<ul>\n<li>Egyedi ergon\u00f3mikus kezel\u00e9si koncepci\u00f3<\/li>\n<li>A fogorvosi elem k\u00f6nnyen el\u0151re \u00e9s h\u00e1tra mozgathat\u00f3 k\u00e9zi vez\u00e9rl\u00e9ssel.<\/li>\n<li>A forgathat\u00f3 fogorvosi elem biztos\u00edtja, hogy minden a keze \u00fcgy\u00e9ben legyen<\/li>\n<\/ul>\n<\/li>\n<li>Sinius TS &#8211; the OTP arm design\n<ul>\n<li>Ergon\u00f3mikus poz\u00edcion\u00e1l\u00e1s f\u00fcggetlen\u00fcl mozgathat\u00f3 fogorvosi elemekkel \u00e9s t\u00e1lc\u00e1s rendszerekkel<\/li>\n<li>Funkcion\u00e1lis t\u00e1lc\u00e1s rendszer levehet\u0151 t\u00e1lc\u00e1val, amely rugalmasan helyezhet\u0151 el.<\/li>\n<li>Nagy ter\u00fclet a fogorvosi egys\u00e9gen \u00e9s a t\u00e1lc\u00e1n<\/li>\n<\/ul>\n<\/li>\n<li>Sinius CS &#8211; kontinent\u00e1lis, fels\u0151karos fogorvosi egys\u00e9g\n<ul>\n<li>A fogorvosi elemet legfeljebb 240 fokkal lehet elforgatni az optim\u00e1lis poz\u00edcion\u00e1l\u00e1shoz<\/li>\n<li>Maxim\u00e1lis t\u00e1vols\u00e1g a fogorvosi elem \u00e9s a m\u0171szerek k\u00f6z\u00f6tt 90cm<\/li>\n<li>Ide\u00e1lis a kezel\u00e9si helyzetek legsz\u00e9lesebb k\u00f6r\u0171 alkalmaz\u00e1s\u00e1ra egyed\u00fcl vagy csapat eset\u00e9n<\/li>\n<\/ul>\n<\/li>\n<\/ul>\n<h5 style=\"text-align: left;\">&nbsp;<\/h5>\n<h5 style=\"text-align: justify;\">Ergon\u00f3mikusabb a t\u00f6k\u00e9letes eredm\u00e9ny \u00e9rdek\u00e9ben<\/h5>\n<p style=\"text-align: justify;\">A Dentspy Sirona ergon\u00f3miai programja az ergon\u00f3mia \u00e9vtizedes tapasztalatain alapszik.&nbsp;<\/p>\n<p style=\"text-align: justify;\"><img loading=\"lazy\" decoding=\"async\" class=\"alignnone size-full wp-image-1304\" src=\"https:\/\/www.fogaszatikeszulek.hu\/wp-content\/uploads\/2018\/03\/1487919264523.png\" alt=\"\" width=\"1200\" height=\"676\" srcset=\"https:\/\/www.fogaszatikeszulek.hu\/wp-content\/uploads\/2018\/03\/1487919264523.png 1200w, https:\/\/www.fogaszatikeszulek.hu\/wp-content\/uploads\/2018\/03\/1487919264523-300x169.png 300w, https:\/\/www.fogaszatikeszulek.hu\/wp-content\/uploads\/2018\/03\/1487919264523-768x433.png 768w, https:\/\/www.fogaszatikeszulek.hu\/wp-content\/uploads\/2018\/03\/1487919264523-1024x577.png 1024w, https:\/\/www.fogaszatikeszulek.hu\/wp-content\/uploads\/2018\/03\/1487919264523-830x468.png 830w, https:\/\/www.fogaszatikeszulek.hu\/wp-content\/uploads\/2018\/03\/1487919264523-230x130.png 230w, https:\/\/www.fogaszatikeszulek.hu\/wp-content\/uploads\/2018\/03\/1487919264523-350x197.png 350w, https:\/\/www.fogaszatikeszulek.hu\/wp-content\/uploads\/2018\/03\/1487919264523-480x270.png 480w\" sizes=\"auto, (max-width: 1200px) 100vw, 1200px\" \/><\/p>\n<ol>\n<li style=\"text-align: justify;\"><strong>Intuit\u00edv \u00fcl\u00e9s<\/strong><br \/>\nNagyobb mozg\u00e1sszabads\u00e1g: vezet\u00e9k n\u00e9lk\u00fcli ped\u00e1l, k\u00e9zi cs\u00fasz\u00f3p\u00e1lya, forg\u00f3 kar vagy forg\u00f3 t\u00e1lca.<br \/>\nOptimaliz\u00e1lt el\u00e9r\u00e9si t\u00e1vols\u00e1gok: A fogorvos \u00e9s asszisztens elemek, a fogorvosi elemek \u00e9s a t\u00e1lca t\u00f6k\u00e9letes koordin\u00e1l\u00e1sa \u00e9s v\u00e1ltozatos elhelyez\u00e9se a Sinius \u00e9s Sinius TS-ben egym\u00e1st\u00f3l f\u00fcggetlen\u00fcl be\u00e1ll\u00edthat\u00f3<br \/>\nIntelligens fogorvosi sz\u00e9k: Hugo, Carl<\/li>\n<li><strong>K\u00e9nyelmes elhelyezked\u00e9s<\/strong><br \/>\nA kezel\u0151k\u00f6zpont t\u00f6k\u00e9letes be\u00e1ll\u00edt\u00e1sa: Rugalmas magass\u00e1g\u00e1ll\u00edt\u00e1s, optim\u00e1lis munkamagass\u00e1g a f\u00fcgg\u0151leges sz\u00e1jbe\u00e1ll\u00edt\u00e1son kereszt\u00fcl<br \/>\nA legjobb gerinct\u00e1mogat\u00e1s: ErgoMotion, \u00e1gy\u00e9ki t\u00e1masz funkci\u00f3<br \/>\nMagas p\u00e1ciens k\u00e9nyelem: Gentle lift drive, Pr\u00e9mium kl\u00edmaberendez\u00e9s, Lounge k\u00e1rpitoz\u00e1s<\/li>\n<li><strong>Optim\u00e1lis l\u00e1that\u00f3s\u00e1g<\/strong><br \/>\nLegjobb megvil\u00e1g\u00edt\u00e1s: LEDview Plus, LED m\u0171szerf\u00e9ny<br \/>\nRugalmas fejt\u00e1mla: motoros vagy dupla csukl\u00f3s fejt\u00e1mla<br \/>\nT\u00f6k\u00e9letes intraor\u00e1lis k\u00e9pek: SiroCam AF\/AF+ aut\u00f3f\u00f3kuszos kamera<\/li>\n<li><strong>Integr\u00e1lt munkafolyamat<\/strong><br \/>\nIntegr\u00e1lt funkci\u00f3k: implantol\u00f3gia, endodoncia, apexlok\u00e1tor kijelz\u0151vel a Sivision monitoron<br \/>\nIntuit\u00edv m\u0171k\u00f6d\u00e9s: EasyTouch felhaszn\u00e1l\u00f3i fel\u00fclet testreszabott m\u0171k\u00f6d\u00e9si koncepci\u00f3val<br \/>\nModern felszerel\u00e9s: innovat\u00edv eszk\u00f6z\u00f6k, modern Sivion kommunik\u00e1ci\u00f3s rendszer, USB \u00e9s Ethernet interf\u00e9sz<\/li>\n<\/ol>\n<p>&nbsp;<\/p>\n<h5>Hat\u00e9kony integr\u00e1l\u00e1s<\/h5>\n<table>\n<tbody>\n<tr>\n<td style=\"text-align: top;\" width=\"260\"><img loading=\"lazy\" decoding=\"async\" class=\"alignnone size-full wp-image-1307\" src=\"https:\/\/www.fogaszatikeszulek.hu\/wp-content\/uploads\/2018\/03\/1485271044790.png\" alt=\"\" width=\"646\" height=\"350\" srcset=\"https:\/\/www.fogaszatikeszulek.hu\/wp-content\/uploads\/2018\/03\/1485271044790.png 646w, https:\/\/www.fogaszatikeszulek.hu\/wp-content\/uploads\/2018\/03\/1485271044790-300x163.png 300w, https:\/\/www.fogaszatikeszulek.hu\/wp-content\/uploads\/2018\/03\/1485271044790-230x125.png 230w, https:\/\/www.fogaszatikeszulek.hu\/wp-content\/uploads\/2018\/03\/1485271044790-350x190.png 350w, https:\/\/www.fogaszatikeszulek.hu\/wp-content\/uploads\/2018\/03\/1485271044790-480x260.png 480w\" sizes=\"auto, (max-width: 646px) 100vw, 646px\" \/><\/td>\n<td width=\"10\">&nbsp;<\/td>\n<td style=\"text-align: top;\" width=\"400\">\n<h5 style=\"text-align: justify;\">Integr\u00e1lt implantol\u00f3gia<\/h5>\n<p style=\"text-align: justify;\">Az integr\u00e1lhat\u00f3 implant\u00e1ci\u00f3s funkci\u00f3 seg\u00edts\u00e9g\u00e9vel a steril h\u0171t\u0151folyad\u00e9k sebess\u00e9g\u00e9t, nyomat\u00e9k\u00e1t \u00e9s \u00e1raml\u00e1si sebess\u00e9g\u00e9t egyedileg be\u00e1ll\u00edthatja a szok\u00e1sos munkafolyamatokhoz.<\/p>\n<\/td>\n<\/tr>\n<tr>\n<td valign=\"top\" width=\"260\">\n<h5><img loading=\"lazy\" decoding=\"async\" class=\"alignnone size-full wp-image-1306\" src=\"https:\/\/www.fogaszatikeszulek.hu\/wp-content\/uploads\/2018\/03\/1485271043534.png\" alt=\"\" width=\"311\" height=\"168\" srcset=\"https:\/\/www.fogaszatikeszulek.hu\/wp-content\/uploads\/2018\/03\/1485271043534.png 311w, https:\/\/www.fogaszatikeszulek.hu\/wp-content\/uploads\/2018\/03\/1485271043534-300x162.png 300w, https:\/\/www.fogaszatikeszulek.hu\/wp-content\/uploads\/2018\/03\/1485271043534-230x124.png 230w\" sizes=\"auto, (max-width: 311px) 100vw, 311px\" \/><\/h5>\n<\/td>\n<td>&nbsp;<\/td>\n<td style=\"text-align: top;\" width=\"400\">\n<h5 style=\"text-align: justify;\">Integr\u00e1lhat\u00f3 endodoncia<\/h5>\n<p style=\"text-align: justify;\">Az integr\u00e1lhat\u00f3 endodonciai funkci\u00f3nak k\u00f6sz\u00f6nhet\u0151en a tablet egys\u00e9gek m\u00e1r a m\u00falt\u00e9, a pontos nyomat\u00e9kszab\u00e1lyoz\u00e1s mellett opcion\u00e1lisan rendelkez\u00e9sre \u00e1ll egy ApexLok\u00e1tor a maxim\u00e1lis rendel\u0151i biztons\u00e1g \u00e9rdek\u00e9ben.<\/p>\n<\/td>\n<\/tr>\n<tr>\n<td style=\"text-align: top;\" width=\"260\"><img loading=\"lazy\" decoding=\"async\" class=\"alignnone size-full wp-image-1308\" src=\"https:\/\/www.fogaszatikeszulek.hu\/wp-content\/uploads\/2018\/03\/1489441871102.png\" alt=\"\" width=\"570\" height=\"342\" srcset=\"https:\/\/www.fogaszatikeszulek.hu\/wp-content\/uploads\/2018\/03\/1489441871102.png 570w, https:\/\/www.fogaszatikeszulek.hu\/wp-content\/uploads\/2018\/03\/1489441871102-300x180.png 300w, https:\/\/www.fogaszatikeszulek.hu\/wp-content\/uploads\/2018\/03\/1489441871102-230x138.png 230w, https:\/\/www.fogaszatikeszulek.hu\/wp-content\/uploads\/2018\/03\/1489441871102-350x210.png 350w, https:\/\/www.fogaszatikeszulek.hu\/wp-content\/uploads\/2018\/03\/1489441871102-480x288.png 480w\" sizes=\"auto, (max-width: 570px) 100vw, 570px\" \/><\/td>\n<td width=\"10\">&nbsp;<\/td>\n<td style=\"text-align: top;\" width=\"400\">\n<h5 style=\"text-align: justify;\">Reciproc file rendszerekkel upgradelve<\/h5>\n<p style=\"text-align: justify;\">A DentsplySirona az egyetlen kezel\u0151egys\u00e9g gy\u00e1rt\u00f3 c\u00e9g, amely integr\u00e1lja a Dentsply Maillefer \u00e9s VDW reciproc f\u00e1jlrendszereit. Ez egyszer\u0171s\u00edti \u00e9s meggyors\u00edtja a munk\u00e1t. M\u00e1s f\u00e1jl rendszerekkel kieg\u00e9sz\u00edthet\u0151 a t\u00e1rhely.<\/p>\n<\/td>\n<\/tr>\n<\/tbody>\n<\/table>\n<p>&nbsp;<br \/>\n&nbsp;<\/p>\n<h5>Let\u00f6lthet\u0151 dokumentumok<\/h5>\n<ul>\n<li><a href=\"https:\/\/www.fogaszatikeszulek.hu\/wp-content\/uploads\/2018\/pdf\/Sinius.pdf\" target=\"_blank\" rel=\"noopener\">Sinius prospektus (angol nyelv\u0171)<\/a><\/li>\n<\/ul>\n<p>&nbsp;<\/p>\n","protected":false},"excerpt":{"rendered":"<p>Nagyobb hat\u00e9konys\u00e1g Az id\u0151 az egyik leg\u00e9rt\u00e9kesebb eszk\u00f6z\u00fcnk. A hat\u00e9kony megold\u00e1sok fejleszt\u00e9se lehet\u0151v\u00e9 teszi, hogy optim\u00e1lisan haszn\u00e1lhassa az idej\u00e9t. A Sinius kezel\u0151egys\u00e9g rendk\u00edv\u00fcl kompakt, vil\u00e1gos el\u0151ny\u00f6ket biztos\u00edt az id\u0151 \u00e9s a rugalmass\u00e1g szempontj\u00e1b\u00f3l. A leg\u00fajabb \u00e9rint\u0151k\u00e9perny\u0151s technol\u00f3gi\u00e1val \u00e9s sz\u00e1mos integr\u00e1lt funkci\u00f3val val\u00f3 intuit\u00edv m\u0171k\u00f6d\u00e9s. &nbsp; Integr\u00e1lt kezel\u00e9si csomagok az implantol\u00f3gia \u00e9s az endodoncia sz\u00e1m\u00e1ra Integr\u00e1lt [&hellip;]<\/p>\n","protected":false},"author":1,"featured_media":1308,"parent":0,"menu_order":0,"comment_status":"closed","ping_status":"closed","template":"","meta":{"ngg_post_thumbnail":0,"footnotes":""},"class_list":["post-248","page","type-page","status-publish","has-post-thumbnail","hentry"],"_links":{"self":[{"href":"https:\/\/www.fogaszatikeszulek.hu\/index.php\/wp-json\/wp\/v2\/pages\/248","targetHints":{"allow":["GET"]}}],"collection":[{"href":"https:\/\/www.fogaszatikeszulek.hu\/index.php\/wp-json\/wp\/v2\/pages"}],"about":[{"href":"https:\/\/www.fogaszatikeszulek.hu\/index.php\/wp-json\/wp\/v2\/types\/page"}],"author":[{"embeddable":true,"href":"https:\/\/www.fogaszatikeszulek.hu\/index.php\/wp-json\/wp\/v2\/users\/1"}],"replies":[{"embeddable":true,"href":"https:\/\/www.fogaszatikeszulek.hu\/index.php\/wp-json\/wp\/v2\/comments?post=248"}],"version-history":[{"count":15,"href":"https:\/\/www.fogaszatikeszulek.hu\/index.php\/wp-json\/wp\/v2\/pages\/248\/revisions"}],"predecessor-version":[{"id":1619,"href":"https:\/\/www.fogaszatikeszulek.hu\/index.php\/wp-json\/wp\/v2\/pages\/248\/revisions\/1619"}],"wp:featuredmedia":[{"embeddable":true,"href":"https:\/\/www.fogaszatikeszulek.hu\/index.php\/wp-json\/wp\/v2\/media\/1308"}],"wp:attachment":[{"href":"https:\/\/www.fogaszatikeszulek.hu\/index.php\/wp-json\/wp\/v2\/media?parent=248"}],"curies":[{"name":"wp","href":"https:\/\/api.w.org\/{rel}","templated":true}]}}