{"id":246,"date":"2018-02-19T08:43:24","date_gmt":"2018-02-19T08:43:24","guid":{"rendered":"http:\/\/www.fogaszatikeszulek.hu\/?page_id=246"},"modified":"2019-02-21T13:11:27","modified_gmt":"2019-02-21T13:11:27","slug":"intego-pro","status":"publish","type":"page","link":"https:\/\/www.fogaszatikeszulek.hu\/index.php\/intego-pro\/","title":{"rendered":"Intego Pro"},"content":{"rendered":"<p style=\"text-align: justify;\"><img loading=\"lazy\" decoding=\"async\" class=\"wp-image-1324 alignleft\" src=\"https:\/\/www.fogaszatikeszulek.hu\/wp-content\/uploads\/2018\/03\/integopro.png\" alt=\"\" width=\"460\" height=\"259\" srcset=\"https:\/\/www.fogaszatikeszulek.hu\/wp-content\/uploads\/2018\/03\/integopro.png 1200w, https:\/\/www.fogaszatikeszulek.hu\/wp-content\/uploads\/2018\/03\/integopro-300x169.png 300w, https:\/\/www.fogaszatikeszulek.hu\/wp-content\/uploads\/2018\/03\/integopro-768x432.png 768w, https:\/\/www.fogaszatikeszulek.hu\/wp-content\/uploads\/2018\/03\/integopro-1024x576.png 1024w, https:\/\/www.fogaszatikeszulek.hu\/wp-content\/uploads\/2018\/03\/integopro-830x467.png 830w, https:\/\/www.fogaszatikeszulek.hu\/wp-content\/uploads\/2018\/03\/integopro-230x129.png 230w, https:\/\/www.fogaszatikeszulek.hu\/wp-content\/uploads\/2018\/03\/integopro-350x197.png 350w, https:\/\/www.fogaszatikeszulek.hu\/wp-content\/uploads\/2018\/03\/integopro-480x270.png 480w\" sizes=\"auto, (max-width: 460px) 100vw, 460px\" \/><\/p>\n<h5>A megb\u00edzhat\u00f3 t\u00e1rs<\/h5>\n<p style=\"text-align: justify;\">A legjobb kezel\u0151egys\u00e9g az oszt\u00e1ly\u00e1ban. Az Intego Pro a&nbsp;hat\u00e9kony gyakorlat megb\u00edzhat\u00f3 partnerek\u00e9nt minden olyan funkci\u00f3val rendelkezik, amely optim\u00e1lis t\u00e1mogat\u00e1st ny\u00fajt: az ergonomikus kialak\u00edt\u00e1s a jobb munkafolyamatok\u00e9rt, a magas sz\u00ednvonal\u00fa kidolgoz\u00e1s \u00e9s formatervez\u00e9s, cs\u00facsmin\u0151s\u00e9g a kezel\u00e9sekhez.<\/p>\n<ul>\n<li>Kit\u0171n\u0151 \u00e1r\/\u00e9rt\u00e9k ar\u00e1ny<br \/>\nKiv\u00e1l\u00f3 teljes\u00edtm\u00e9ny \u00e9s innovat\u00edv funkci\u00f3k nagyszer\u0171 \u00e1ron, testre szabott opci\u00f3k.<\/li>\n<li>Ergon\u00f3mikus diz\u00e1jn<br \/>\nIntuit\u00edv kezel\u00e9sre, be\u00e9p\u00edtett munkafolyamatokhoz.<\/li>\n<li>N\u00e9met min\u0151s\u00e9g<br \/>\nMeghat\u00e1rozott min\u0151s\u00e9gbiztos\u00edt\u00e1si elj\u00e1r\u00e1sok, tart\u00f3s anyagok.<\/li>\n<\/ul>\n<p>&nbsp;<\/p>\n<iframe loading=\"lazy\"  id=\"_ytid_13379\"  width=\"1170\" height=\"658\"  data-origwidth=\"1170\" data-origheight=\"658\" src=\"https:\/\/www.youtube.com\/embed\/7spo5zE9-4U?enablejsapi=1&autoplay=0&cc_load_policy=0&cc_lang_pref=&iv_load_policy=1&loop=0&rel=1&fs=1&playsinline=0&autohide=2&theme=dark&color=red&controls=1&disablekb=0&\" class=\"__youtube_prefs__  no-lazyload\" title=\"YouTube player\"  allow=\"fullscreen; accelerometer; autoplay; clipboard-write; encrypted-media; gyroscope; picture-in-picture; web-share\" referrerpolicy=\"strict-origin-when-cross-origin\" allowfullscreen data-no-lazy=\"1\" data-skipgform_ajax_framebjll=\"\"><\/iframe>\n<p>&nbsp;<\/p>\n<p>Az Intego Pro el\u00e9rhet\u0151 fels\u0151karos vagy leng\u0151 t\u00f6ml\u0151s verzi\u00f3ban &#8211; optim\u00e1lis teljes\u00edtm\u00e9ny versenyk\u00e9pes \u00e1ron!<\/p>\n<ul>\n<li>Integr\u00e1lt, \u00e1tfog\u00f3 higi\u00e9n\u00e9s koncepci\u00f3 az optim\u00e1lis eredm\u00e9ny \u00e9rdek\u00e9ben.<\/li>\n<li>Az EasyTouch \u00e9rint\u0151k\u00e9perny\u0151 \u00e9s az integr\u00e1lt l\u00e1bkapcsol\u00f3 az egyszer\u0171, intuit\u00edv m\u0171k\u00f6d\u00e9s\u00e9rt.<\/li>\n<li>Rugalmas asszisztensi egys\u00e9g k\u00e9t- vagy n\u00e9gykezes kezel\u00e9sre.<\/li>\n<li>Sz\u00e1mos felszerelts\u00e9g opci\u00f3.<\/li>\n<li>TS modell leng\u0151 t\u00f6ml\u0151s kivitelben vagy CS modell fels\u0151karos verzi\u00f3ban..<\/li>\n<\/ul>\n<h5>&nbsp;<\/h5>\n<table style=\"width: 800px;\" border=\"0\">\n<tbody>\n<tr>\n<td>\n<h5 style=\"text-align: center;\">El\u00e9rhet\u0151 modellek<\/h5>\n<p style=\"text-align: center;\">Kiv\u00e1l\u00f3 teljes\u00edtm\u00e9ny \u00e9s innovat\u00edv funkci\u00f3k nagyszer\u0171 \u00e1ron, testre szabott lehet\u0151s\u00e9gek nagy \u00e9rt\u00e9k.<\/p>\n<p style=\"text-align: center;\"><strong><a href=\"https:\/\/www.fogaszatikeszulek.hu\/index.php\/intego-felszerelesek-es-opciok\/\">T\u00edpusok \u00e9s modellek&#8230;<\/a><\/strong><\/p>\n<p><img loading=\"lazy\" decoding=\"async\" class=\"alignnone wp-image-463\" src=\"https:\/\/www.fogaszatikeszulek.hu\/wp-content\/uploads\/2018\/02\/intego-fedezdfel1-300x169.png\" alt=\"\" width=\"350\" height=\"197\" srcset=\"https:\/\/www.fogaszatikeszulek.hu\/wp-content\/uploads\/2018\/02\/intego-fedezdfel1-300x169.png 300w, https:\/\/www.fogaszatikeszulek.hu\/wp-content\/uploads\/2018\/02\/intego-fedezdfel1-230x129.png 230w, https:\/\/www.fogaszatikeszulek.hu\/wp-content\/uploads\/2018\/02\/intego-fedezdfel1-350x197.png 350w, https:\/\/www.fogaszatikeszulek.hu\/wp-content\/uploads\/2018\/02\/intego-fedezdfel1-480x270.png 480w, https:\/\/www.fogaszatikeszulek.hu\/wp-content\/uploads\/2018\/02\/intego-fedezdfel1.png 576w\" sizes=\"auto, (max-width: 350px) 100vw, 350px\" \/><\/td>\n<td>\n<h5 style=\"text-align: center;\">Biztons\u00e1gos higi\u00e9nia<\/h5>\n<p style=\"text-align: center;\">Diz\u00e1jn kialak\u00edt\u00e1s\u00e1nak k\u00f6sz\u00f6nhet\u0151en gyorsan \u00e9s egyszer\u0171en megfelel minden higi\u00e9niai el\u0151\u00edr\u00e1snak.<\/p>\n<p style=\"text-align: center;\"><strong><a href=\"https:\/\/www.fogaszatikeszulek.hu\/index.php\/intego-biztonsagos-higienia\/\">Higi\u00e9niai koncepci\u00f3&#8230;<\/a><\/strong><\/p>\n<p><img loading=\"lazy\" decoding=\"async\" class=\"alignnone wp-image-464\" src=\"https:\/\/www.fogaszatikeszulek.hu\/wp-content\/uploads\/2018\/02\/intego-fedezdfel4-300x169.png\" alt=\"\" width=\"350\" height=\"197\" srcset=\"https:\/\/www.fogaszatikeszulek.hu\/wp-content\/uploads\/2018\/02\/intego-fedezdfel4-300x169.png 300w, https:\/\/www.fogaszatikeszulek.hu\/wp-content\/uploads\/2018\/02\/intego-fedezdfel4-230x129.png 230w, https:\/\/www.fogaszatikeszulek.hu\/wp-content\/uploads\/2018\/02\/intego-fedezdfel4-350x197.png 350w, https:\/\/www.fogaszatikeszulek.hu\/wp-content\/uploads\/2018\/02\/intego-fedezdfel4-480x270.png 480w, https:\/\/www.fogaszatikeszulek.hu\/wp-content\/uploads\/2018\/02\/intego-fedezdfel4.png 576w\" sizes=\"auto, (max-width: 350px) 100vw, 350px\" \/><\/td>\n<\/tr>\n<tr>\n<td>\n<h5 style=\"text-align: center;\">Ergon\u00f3mikus diz\u00e1jn<\/h5>\n<p style=\"text-align: center;\">Az intuit\u00edv kezel\u00e9shez \u00e9s az optimaliz\u00e1lt, integr\u00e1lt munkafolyamatokhoz tervezt\u00e9k<\/p>\n<p style=\"text-align: center;\"><strong><a href=\"https:\/\/www.fogaszatikeszulek.hu\/index.php\/ergonomia\/\">Ergon\u00f3mia&#8230;<\/a><\/strong><\/p>\n<p><img loading=\"lazy\" decoding=\"async\" class=\"alignnone wp-image-465\" src=\"https:\/\/www.fogaszatikeszulek.hu\/wp-content\/uploads\/2018\/02\/intego-fedezdfel2-300x169.png\" alt=\"\" width=\"350\" height=\"197\" srcset=\"https:\/\/www.fogaszatikeszulek.hu\/wp-content\/uploads\/2018\/02\/intego-fedezdfel2-300x169.png 300w, https:\/\/www.fogaszatikeszulek.hu\/wp-content\/uploads\/2018\/02\/intego-fedezdfel2-230x129.png 230w, https:\/\/www.fogaszatikeszulek.hu\/wp-content\/uploads\/2018\/02\/intego-fedezdfel2-350x197.png 350w, https:\/\/www.fogaszatikeszulek.hu\/wp-content\/uploads\/2018\/02\/intego-fedezdfel2-480x270.png 480w, https:\/\/www.fogaszatikeszulek.hu\/wp-content\/uploads\/2018\/02\/intego-fedezdfel2.png 576w\" sizes=\"auto, (max-width: 350px) 100vw, 350px\" \/><\/td>\n<td>\n<h5 style=\"text-align: center;\">Diz\u00e1jn<\/h5>\n<p style=\"text-align: center;\">A megjelen\u00e9st \u00e9s a funkcionalit\u00e1st kombin\u00e1lja &#8211; \u00edgy k\u00e9nyelmesen optim\u00e1lis k\u00f6r\u00fclm\u00e9nyek k\u00f6z\u00f6tt dolgozhat.<\/p>\n<p style=\"text-align: center;\"><strong><a href=\"https:\/\/www.fogaszatikeszulek.hu\/index.php\/dizajn\/\">Diz\u00e1jn lehet\u0151s\u00e9gek&#8230;<\/a><\/strong><\/p>\n<p><img loading=\"lazy\" decoding=\"async\" class=\"alignnone wp-image-466 aligncenter\" src=\"https:\/\/www.fogaszatikeszulek.hu\/wp-content\/uploads\/2018\/02\/intego-fedezdfel3-300x169.png\" alt=\"\" width=\"350\" height=\"197\" srcset=\"https:\/\/www.fogaszatikeszulek.hu\/wp-content\/uploads\/2018\/02\/intego-fedezdfel3-300x169.png 300w, https:\/\/www.fogaszatikeszulek.hu\/wp-content\/uploads\/2018\/02\/intego-fedezdfel3-230x129.png 230w, https:\/\/www.fogaszatikeszulek.hu\/wp-content\/uploads\/2018\/02\/intego-fedezdfel3-350x197.png 350w, https:\/\/www.fogaszatikeszulek.hu\/wp-content\/uploads\/2018\/02\/intego-fedezdfel3-480x270.png 480w, https:\/\/www.fogaszatikeszulek.hu\/wp-content\/uploads\/2018\/02\/intego-fedezdfel3.png 576w\" sizes=\"auto, (max-width: 350px) 100vw, 350px\" \/><\/td>\n<\/tr>\n<\/tbody>\n<\/table>\n<h5>&nbsp;<\/h5>\n<h5>&nbsp;<\/h5>\n<h5>Let\u00f6lthet\u0151 dokumentumok<\/h5>\n<ul>\n<li><a href=\"https:\/\/www.fogaszatikeszulek.hu\/wp-content\/uploads\/2018\/pdf\/Intego.pdf\" target=\"_blank\" rel=\"noopener\">Intego prospektus (angol nyelv\u0171)<\/a><\/li>\n<li><a href=\"https:\/\/www.fogaszatikeszulek.hu\/wp-content\/uploads\/2018\/pdf\/integopro.pdf\" target=\"_blank\" rel=\"noopener\">Intego Pro prospektus (angol nyelv\u0171)<\/a><\/li>\n<li><a href=\"https:\/\/www.fogaszatikeszulek.hu\/wp-content\/uploads\/2018\/pdf\/IntegoAmbidextrous.pdf\" target=\"_blank\" rel=\"noopener\">Intego Ambidextrous prospektus (angol nyelv\u0171)<\/a><\/li>\n<\/ul>\n","protected":false},"excerpt":{"rendered":"<p>A megb\u00edzhat\u00f3 t\u00e1rs A legjobb kezel\u0151egys\u00e9g az oszt\u00e1ly\u00e1ban. Az Intego Pro a&nbsp;hat\u00e9kony gyakorlat megb\u00edzhat\u00f3 partnerek\u00e9nt minden olyan funkci\u00f3val rendelkezik, amely optim\u00e1lis t\u00e1mogat\u00e1st ny\u00fajt: az ergonomikus kialak\u00edt\u00e1s a jobb munkafolyamatok\u00e9rt, a magas sz\u00ednvonal\u00fa kidolgoz\u00e1s \u00e9s formatervez\u00e9s, cs\u00facsmin\u0151s\u00e9g a kezel\u00e9sekhez. Kit\u0171n\u0151 \u00e1r\/\u00e9rt\u00e9k ar\u00e1ny Kiv\u00e1l\u00f3 teljes\u00edtm\u00e9ny \u00e9s innovat\u00edv funkci\u00f3k nagyszer\u0171 \u00e1ron, testre szabott opci\u00f3k. Ergon\u00f3mikus diz\u00e1jn Intuit\u00edv kezel\u00e9sre, [&hellip;]<\/p>\n","protected":false},"author":1,"featured_media":0,"parent":0,"menu_order":0,"comment_status":"closed","ping_status":"closed","template":"","meta":{"ngg_post_thumbnail":0,"footnotes":""},"class_list":["post-246","page","type-page","status-publish","hentry"],"_links":{"self":[{"href":"https:\/\/www.fogaszatikeszulek.hu\/index.php\/wp-json\/wp\/v2\/pages\/246","targetHints":{"allow":["GET"]}}],"collection":[{"href":"https:\/\/www.fogaszatikeszulek.hu\/index.php\/wp-json\/wp\/v2\/pages"}],"about":[{"href":"https:\/\/www.fogaszatikeszulek.hu\/index.php\/wp-json\/wp\/v2\/types\/page"}],"author":[{"embeddable":true,"href":"https:\/\/www.fogaszatikeszulek.hu\/index.php\/wp-json\/wp\/v2\/users\/1"}],"replies":[{"embeddable":true,"href":"https:\/\/www.fogaszatikeszulek.hu\/index.php\/wp-json\/wp\/v2\/comments?post=246"}],"version-history":[{"count":11,"href":"https:\/\/www.fogaszatikeszulek.hu\/index.php\/wp-json\/wp\/v2\/pages\/246\/revisions"}],"predecessor-version":[{"id":1465,"href":"https:\/\/www.fogaszatikeszulek.hu\/index.php\/wp-json\/wp\/v2\/pages\/246\/revisions\/1465"}],"wp:attachment":[{"href":"https:\/\/www.fogaszatikeszulek.hu\/index.php\/wp-json\/wp\/v2\/media?parent=246"}],"curies":[{"name":"wp","href":"https:\/\/api.w.org\/{rel}","templated":true}]}}