{"id":244,"date":"2018-02-19T08:43:16","date_gmt":"2018-02-19T08:43:16","guid":{"rendered":"http:\/\/www.fogaszatikeszulek.hu\/?page_id=244"},"modified":"2019-03-18T12:18:08","modified_gmt":"2019-03-18T12:18:08","slug":"dentsplysirona-intego-kezeloegyseg-fogaszati-kezeloegyseg","status":"publish","type":"page","link":"https:\/\/www.fogaszatikeszulek.hu\/index.php\/dentsplysirona-intego-kezeloegyseg-fogaszati-kezeloegyseg\/","title":{"rendered":"Intego"},"content":{"rendered":"<h5>Megb\u00edzhat\u00f3 min\u0151s\u00e9g, amire mindig sz\u00e1m\u00edthat<\/h5>\n<p style=\"text-align: justify;\"><img decoding=\"async\" class=\"size-medium wp-image-449 alignleft\" src=\"https:\/\/www.fogaszatikeszulek.hu\/wp-content\/uploads\/2018\/02\/intego-1-300x175.png\" alt=\"\" width=\"460\" srcset=\"https:\/\/www.fogaszatikeszulek.hu\/wp-content\/uploads\/2018\/02\/intego-1-300x175.png 300w, https:\/\/www.fogaszatikeszulek.hu\/wp-content\/uploads\/2018\/02\/intego-1-768x448.png 768w, https:\/\/www.fogaszatikeszulek.hu\/wp-content\/uploads\/2018\/02\/intego-1-1024x597.png 1024w, https:\/\/www.fogaszatikeszulek.hu\/wp-content\/uploads\/2018\/02\/intego-1-830x484.png 830w, https:\/\/www.fogaszatikeszulek.hu\/wp-content\/uploads\/2018\/02\/intego-1-230x134.png 230w, https:\/\/www.fogaszatikeszulek.hu\/wp-content\/uploads\/2018\/02\/intego-1-350x204.png 350w, https:\/\/www.fogaszatikeszulek.hu\/wp-content\/uploads\/2018\/02\/intego-1-480x280.png 480w, https:\/\/www.fogaszatikeszulek.hu\/wp-content\/uploads\/2018\/02\/intego-1.png 1200w\" sizes=\"(max-width: 300px) 100vw, 300px\" \/>Megb\u00edzhat\u00f3 partnerk\u00e9nt, az Intego minden olyan funkci\u00f3val rendelkezik, amely optim\u00e1lis t\u00e1mogat\u00e1st ad: ergon\u00f3mikus kialak\u00edt\u00e1s, kiv\u00e1l\u00f3 min\u0151s\u00e9g kivitelez\u00e9sben \u00e9s diz\u00e1jnban, valamint kit\u0171n\u0151 \u00e9rt\u00e9k &#8211; ez\u00e9rt az Intego csoportj\u00e1ban az oszt\u00e1ly els\u0151.<\/p>\n<ul>\n<li>Kit\u0171n\u0151 \u00e1r\/\u00e9rt\u00e9k ar\u00e1ny<\/li>\n<li>Ergon\u00f3mikus diz\u00e1jn<\/li>\n<li>N\u00e9met min\u0151s\u00e9g<\/li>\n<\/ul>\n<p>&nbsp;<\/p>\n<h5 style=\"text-align: justify;\">Intego m\u0171k\u00f6d\u00e9s k\u00f6zben<\/h5>\n<iframe loading=\"lazy\"  id=\"_ytid_51824\"  width=\"1170\" height=\"658\"  data-origwidth=\"1170\" data-origheight=\"658\" src=\"https:\/\/www.youtube.com\/embed\/9h11KKriv_4?enablejsapi=1&autoplay=0&cc_load_policy=0&cc_lang_pref=&iv_load_policy=1&loop=0&rel=1&fs=1&playsinline=0&autohide=2&theme=dark&color=red&controls=1&disablekb=0&\" class=\"__youtube_prefs__  no-lazyload\" title=\"YouTube player\"  allow=\"fullscreen; accelerometer; autoplay; clipboard-write; encrypted-media; gyroscope; picture-in-picture; web-share\" referrerpolicy=\"strict-origin-when-cross-origin\" allowfullscreen data-no-lazy=\"1\" data-skipgform_ajax_framebjll=\"\"><\/iframe>\n<p>&nbsp;<\/p>\n<table style=\"width: 800px;\" border=\"0\">\n<tbody>\n<tr>\n<td>\n<h5 style=\"text-align: center;\"><img loading=\"lazy\" decoding=\"async\" class=\"alignnone wp-image-452\" src=\"https:\/\/www.fogaszatikeszulek.hu\/wp-content\/uploads\/2018\/02\/Made-in-Germany.png\" alt=\"\" width=\"150\" height=\"104\" srcset=\"https:\/\/www.fogaszatikeszulek.hu\/wp-content\/uploads\/2018\/02\/Made-in-Germany.png 237w, https:\/\/www.fogaszatikeszulek.hu\/wp-content\/uploads\/2018\/02\/Made-in-Germany-230x160.png 230w\" sizes=\"auto, (max-width: 150px) 100vw, 150px\" \/><\/h5>\n<\/td>\n<td>\n<h5 style=\"text-align: left;\"><strong>Kiv\u00e1l\u00f3 n\u00e9met min\u0151s\u00e9g<\/strong><\/h5>\n<p style=\"text-align: left;\">Meghat\u00e1rozott min\u0151s\u00e9gbiztos\u00edt\u00e1si folyamatok, tart\u00f3s anyagok \u00e9s j\u00f6v\u0151k\u00e9pes kialak\u00edt\u00e1s.<\/p>\n<\/td>\n<\/tr>\n<\/tbody>\n<\/table>\n<p>&nbsp;<\/p>\n<table style=\"width: 800px;\" border=\"0\">\n<tbody>\n<tr>\n<td>\n<h5 style=\"text-align: center;\">El\u00e9rhet\u0151 modellek<\/h5>\n<p style=\"text-align: center;\">Kiv\u00e1l\u00f3 teljes\u00edtm\u00e9ny \u00e9s innovat\u00edv funkci\u00f3k nagyszer\u0171 \u00e1ron, testre szabott lehet\u0151s\u00e9gek nagy \u00e9rt\u00e9k.<\/p>\n<p style=\"text-align: center;\"><strong><a href=\"https:\/\/www.fogaszatikeszulek.hu\/index.php\/intego-felszerelesek-es-opciok\/\">T\u00edpusok \u00e9s modellek&#8230;<\/a><\/strong><\/p>\n<p><img loading=\"lazy\" decoding=\"async\" class=\"alignnone wp-image-463\" src=\"https:\/\/www.fogaszatikeszulek.hu\/wp-content\/uploads\/2018\/02\/intego-fedezdfel1-300x169.png\" alt=\"\" width=\"350\" height=\"197\" srcset=\"https:\/\/www.fogaszatikeszulek.hu\/wp-content\/uploads\/2018\/02\/intego-fedezdfel1-300x169.png 300w, https:\/\/www.fogaszatikeszulek.hu\/wp-content\/uploads\/2018\/02\/intego-fedezdfel1-230x129.png 230w, https:\/\/www.fogaszatikeszulek.hu\/wp-content\/uploads\/2018\/02\/intego-fedezdfel1-350x197.png 350w, https:\/\/www.fogaszatikeszulek.hu\/wp-content\/uploads\/2018\/02\/intego-fedezdfel1-480x270.png 480w, https:\/\/www.fogaszatikeszulek.hu\/wp-content\/uploads\/2018\/02\/intego-fedezdfel1.png 576w\" sizes=\"auto, (max-width: 350px) 100vw, 350px\" \/><\/td>\n<td>\n<h5 style=\"text-align: center;\">Biztons\u00e1gos higi\u00e9nia<\/h5>\n<p style=\"text-align: center;\">Diz\u00e1jn kialak\u00edt\u00e1s\u00e1nak k\u00f6sz\u00f6nhet\u0151en gyorsan \u00e9s egyszer\u0171en megfelel minden higi\u00e9niai el\u0151\u00edr\u00e1snak.<\/p>\n<p style=\"text-align: center;\"><strong><a href=\"https:\/\/www.fogaszatikeszulek.hu\/index.php\/intego-biztonsagos-higienia\/\">Higi\u00e9niai koncepci\u00f3&#8230;<\/a><\/strong><\/p>\n<p><img loading=\"lazy\" decoding=\"async\" class=\"alignnone wp-image-464\" src=\"https:\/\/www.fogaszatikeszulek.hu\/wp-content\/uploads\/2018\/02\/intego-fedezdfel4-300x169.png\" alt=\"\" width=\"350\" height=\"197\" srcset=\"https:\/\/www.fogaszatikeszulek.hu\/wp-content\/uploads\/2018\/02\/intego-fedezdfel4-300x169.png 300w, https:\/\/www.fogaszatikeszulek.hu\/wp-content\/uploads\/2018\/02\/intego-fedezdfel4-230x129.png 230w, https:\/\/www.fogaszatikeszulek.hu\/wp-content\/uploads\/2018\/02\/intego-fedezdfel4-350x197.png 350w, https:\/\/www.fogaszatikeszulek.hu\/wp-content\/uploads\/2018\/02\/intego-fedezdfel4-480x270.png 480w, https:\/\/www.fogaszatikeszulek.hu\/wp-content\/uploads\/2018\/02\/intego-fedezdfel4.png 576w\" sizes=\"auto, (max-width: 350px) 100vw, 350px\" \/><\/td>\n<\/tr>\n<tr>\n<td>\n<h5 style=\"text-align: center;\">Ergon\u00f3mikus diz\u00e1jn<\/h5>\n<p style=\"text-align: center;\">Az intuit\u00edv kezel\u00e9shez \u00e9s az optimaliz\u00e1lt, integr\u00e1lt munkafolyamatokhoz tervezt\u00e9k<\/p>\n<p style=\"text-align: center;\"><strong><a href=\"https:\/\/www.fogaszatikeszulek.hu\/index.php\/ergonomia\/\">Ergon\u00f3mia&#8230;<\/a><\/strong><\/p>\n<p><img loading=\"lazy\" decoding=\"async\" class=\"alignnone wp-image-465\" src=\"https:\/\/www.fogaszatikeszulek.hu\/wp-content\/uploads\/2018\/02\/intego-fedezdfel2-300x169.png\" alt=\"\" width=\"350\" height=\"197\" srcset=\"https:\/\/www.fogaszatikeszulek.hu\/wp-content\/uploads\/2018\/02\/intego-fedezdfel2-300x169.png 300w, https:\/\/www.fogaszatikeszulek.hu\/wp-content\/uploads\/2018\/02\/intego-fedezdfel2-230x129.png 230w, https:\/\/www.fogaszatikeszulek.hu\/wp-content\/uploads\/2018\/02\/intego-fedezdfel2-350x197.png 350w, https:\/\/www.fogaszatikeszulek.hu\/wp-content\/uploads\/2018\/02\/intego-fedezdfel2-480x270.png 480w, https:\/\/www.fogaszatikeszulek.hu\/wp-content\/uploads\/2018\/02\/intego-fedezdfel2.png 576w\" sizes=\"auto, (max-width: 350px) 100vw, 350px\" \/><\/td>\n<td>\n<h5 style=\"text-align: center;\">Diz\u00e1jn<\/h5>\n<p style=\"text-align: center;\">A megjelen\u00e9st \u00e9s a funkcionalit\u00e1st kombin\u00e1lja &#8211; \u00edgy k\u00e9nyelmesen optim\u00e1lis k\u00f6r\u00fclm\u00e9nyek k\u00f6z\u00f6tt dolgozhat.<\/p>\n<p style=\"text-align: center;\"><strong><a href=\"https:\/\/www.fogaszatikeszulek.hu\/index.php\/dizajn\/\">Diz\u00e1jn lehet\u0151s\u00e9gek&#8230;<\/a><\/strong><\/p>\n<p><img loading=\"lazy\" decoding=\"async\" class=\"alignnone wp-image-466 aligncenter\" src=\"https:\/\/www.fogaszatikeszulek.hu\/wp-content\/uploads\/2018\/02\/intego-fedezdfel3-300x169.png\" alt=\"\" width=\"350\" height=\"197\" srcset=\"https:\/\/www.fogaszatikeszulek.hu\/wp-content\/uploads\/2018\/02\/intego-fedezdfel3-300x169.png 300w, https:\/\/www.fogaszatikeszulek.hu\/wp-content\/uploads\/2018\/02\/intego-fedezdfel3-230x129.png 230w, https:\/\/www.fogaszatikeszulek.hu\/wp-content\/uploads\/2018\/02\/intego-fedezdfel3-350x197.png 350w, https:\/\/www.fogaszatikeszulek.hu\/wp-content\/uploads\/2018\/02\/intego-fedezdfel3-480x270.png 480w, https:\/\/www.fogaszatikeszulek.hu\/wp-content\/uploads\/2018\/02\/intego-fedezdfel3.png 576w\" sizes=\"auto, (max-width: 350px) 100vw, 350px\" \/><\/td>\n<\/tr>\n<\/tbody>\n<\/table>\n<h5>&nbsp;<\/h5>\n<h5>&nbsp;<\/h5>\n<h5>Let\u00f6lthet\u0151 dokumentumok<\/h5>\n<ul>\n<li><a href=\"https:\/\/www.fogaszatikeszulek.hu\/wp-content\/uploads\/2018\/pdf\/Intego.pdf\" target=\"_blank\" rel=\"noopener\">Intego prospektus (angol nyelv\u0171)<\/a><\/li>\n<li>Intego Pro prospektus (angol nyelv\u0171)<\/li>\n<li><a href=\"https:\/\/www.fogaszatikeszulek.hu\/wp-content\/uploads\/2018\/pdf\/IntegoAmbidextrous.pdf\" target=\"_blank\" rel=\"noopener\">Intego Ambidextrous prospektus (angol nyelv\u0171)<\/a><\/li>\n<\/ul>\n","protected":false},"excerpt":{"rendered":"<p>Megb\u00edzhat\u00f3 min\u0151s\u00e9g, amire mindig sz\u00e1m\u00edthat Megb\u00edzhat\u00f3 partnerk\u00e9nt, az Intego minden olyan funkci\u00f3val rendelkezik, amely optim\u00e1lis t\u00e1mogat\u00e1st ad: ergon\u00f3mikus kialak\u00edt\u00e1s, kiv\u00e1l\u00f3 min\u0151s\u00e9g kivitelez\u00e9sben \u00e9s diz\u00e1jnban, valamint kit\u0171n\u0151 \u00e9rt\u00e9k &#8211; ez\u00e9rt az Intego csoportj\u00e1ban az oszt\u00e1ly els\u0151. Kit\u0171n\u0151 \u00e1r\/\u00e9rt\u00e9k ar\u00e1ny Ergon\u00f3mikus diz\u00e1jn N\u00e9met min\u0151s\u00e9g &nbsp; Intego m\u0171k\u00f6d\u00e9s k\u00f6zben &nbsp; Kiv\u00e1l\u00f3 n\u00e9met min\u0151s\u00e9g Meghat\u00e1rozott min\u0151s\u00e9gbiztos\u00edt\u00e1si folyamatok, tart\u00f3s anyagok [&hellip;]<\/p>\n","protected":false},"author":1,"featured_media":0,"parent":0,"menu_order":0,"comment_status":"closed","ping_status":"closed","template":"","meta":{"ngg_post_thumbnail":0,"footnotes":""},"class_list":["post-244","page","type-page","status-publish","hentry"],"_links":{"self":[{"href":"https:\/\/www.fogaszatikeszulek.hu\/index.php\/wp-json\/wp\/v2\/pages\/244","targetHints":{"allow":["GET"]}}],"collection":[{"href":"https:\/\/www.fogaszatikeszulek.hu\/index.php\/wp-json\/wp\/v2\/pages"}],"about":[{"href":"https:\/\/www.fogaszatikeszulek.hu\/index.php\/wp-json\/wp\/v2\/types\/page"}],"author":[{"embeddable":true,"href":"https:\/\/www.fogaszatikeszulek.hu\/index.php\/wp-json\/wp\/v2\/users\/1"}],"replies":[{"embeddable":true,"href":"https:\/\/www.fogaszatikeszulek.hu\/index.php\/wp-json\/wp\/v2\/comments?post=244"}],"version-history":[{"count":27,"href":"https:\/\/www.fogaszatikeszulek.hu\/index.php\/wp-json\/wp\/v2\/pages\/244\/revisions"}],"predecessor-version":[{"id":1464,"href":"https:\/\/www.fogaszatikeszulek.hu\/index.php\/wp-json\/wp\/v2\/pages\/244\/revisions\/1464"}],"wp:attachment":[{"href":"https:\/\/www.fogaszatikeszulek.hu\/index.php\/wp-json\/wp\/v2\/media?parent=244"}],"curies":[{"name":"wp","href":"https:\/\/api.w.org\/{rel}","templated":true}]}}