{"id":2431,"date":"2021-05-21T08:31:58","date_gmt":"2021-05-21T08:31:58","guid":{"rendered":"http:\/\/www.fogaszatikeszulek.hu\/?page_id=2431"},"modified":"2021-05-21T09:04:32","modified_gmt":"2021-05-21T09:04:32","slug":"xios-ae","status":"publish","type":"page","link":"https:\/\/www.fogaszatikeszulek.hu\/index.php\/xios-ae\/","title":{"rendered":"Xios AE"},"content":{"rendered":"<p style=\"text-align: justify;\">A fejlett technol\u00f3gi\u00e1s Xios AE intraor\u00e1lis szenzor t\u00e1mogatja a hat\u00e9kony \u00e9s hat\u00e1sos munkafolyamatot. Seg\u00edt a lehet\u0151 legjobb kezel\u00e9st ny\u00fajtani \u00e9s egy kiv\u00e1l\u00f3 kezel\u00e9si \u00e9lm\u00e9nyben r\u00e9szes\u00edteni p\u00e1cienseit. Kombin\u00e1lja a kiv\u00e1l\u00f3 k\u00e9pfelbont\u00e1st az optimaliz\u00e1lt adatolvas\u00e1ssal \u00e9s exkluz\u00edv, innovat\u00edv filter funkci\u00f3kkal, hogy maximaliz\u00e1lja a diagnosztikai sikeress\u00e9get.<\/p>\n<p>&nbsp;<\/p>\n<h5 style=\"text-align: justify;\"><img loading=\"lazy\" decoding=\"async\" class=\"alignleft wp-image-2448\" src=\"https:\/\/www.fogaszatikeszulek.hu\/wp-content\/uploads\/2021\/05\/1567414106933.jpeg\" alt=\"\" width=\"400\" height=\"240\" srcset=\"https:\/\/www.fogaszatikeszulek.hu\/wp-content\/uploads\/2021\/05\/1567414106933.jpeg 582w, https:\/\/www.fogaszatikeszulek.hu\/wp-content\/uploads\/2021\/05\/1567414106933-300x180.jpeg 300w, https:\/\/www.fogaszatikeszulek.hu\/wp-content\/uploads\/2021\/05\/1567414106933-230x138.jpeg 230w, https:\/\/www.fogaszatikeszulek.hu\/wp-content\/uploads\/2021\/05\/1567414106933-350x210.jpeg 350w, https:\/\/www.fogaszatikeszulek.hu\/wp-content\/uploads\/2021\/05\/1567414106933-480x288.jpeg 480w\" sizes=\"auto, (max-width: 400px) 100vw, 400px\" \/>T\u00f6bb r\u00e9szlet a diagnosztikai siker maximaliz\u00e1l\u00e1s\u00e1\u00e9rt<\/h5>\n<p style=\"text-align: justify;\">A Xios AE szenzorok t\u00e1mogatj\u00e1k a magas klinikai teljes\u00edtm\u00e9nyt a magasszint\u0171 k\u00e9pmin\u0151s\u00e9ggel \u00e9s a fejlett filteres k\u00e9pjav\u00edt\u00e1ssal, hogy kiemelje a fontos anat\u00f3miai k\u00e9pleteket \u00e9s fokozza a pontos \u00e9s r\u00e9szletes diagn\u00f3zis lehet\u0151s\u00e9g\u00e9t. Alacsony zajszint\u0171 felv\u00e9telek, jobban l\u00e1that\u00f3 r\u00e9szletek, \u00e9s dedik\u00e1lt sz\u0171r\u0151k olyan indik\u00e1ci\u00f3khoz, mint az endodonciai esetek vagy a fogszuvasod\u00e1s, l\u00e9nyeges el\u0151nyt ny\u00fajtanak a diagnosztikai bizonyoss\u00e1ghoz \u00e9s seg\u00edtik a val\u00f3di magabiztoss\u00e1got a kezel\u00e9s \u00e9rt\u00e9kel\u00e9s\u00e9ben. Az okos kapcsolatokkal a hardware \u00e9s a Sidexis 4 software k\u00f6z\u00f6tt, \u00d6n t\u00f6k\u00e9letes partnert tudhat rendel\u0151j\u00e9ben.<\/p>\n<p>&nbsp;<\/p>\n<h5 style=\"text-align: justify;\">El\u0151ny\u00f6k \u00e1ttekint\u00e9se<\/h5>\n<p style=\"text-align: justify;\">Xios AE intraor\u00e1lis szenzora gyorsan v\u00e1lik kedvenc munkaeszk\u00f6z\u00e9v\u00e9. Hat\u00e9konyan \u00e9s fennakad\u00e1s n\u00e9lk\u00fcl integr\u00e1lhat\u00f3 munkafolyamat\u00e1ba. Fedezze fel az el\u0151ny\u00f6k sor\u00e1t rendel\u0151je sz\u00e1m\u00e1ra.<\/p>\n<p>&nbsp;<\/p>\n<h5 style=\"text-align: justify;\">Kiemelked\u0151 k\u00e9pmin\u0151s\u00e9g<\/h5>\n<p style=\"text-align: justify;\">A Xios AE elm\u00e9leti felbont\u00e1sa 33 lp\/mm \u00e9s pixelm\u00e9rete 15 \u00b5m. Kombin\u00e1lva a dedik\u00e1lt filtereket \u00e9s a fokozott dinamikus tartom\u00e1nyt, mely t\u00e1mogatja az \u00e1lland\u00f3 k\u00e9pmin\u0151s\u00e9get, \u00d6n kiv\u00e1l\u00f3 r\u00f6ntgenfelv\u00e9telekhez jut, melyek t\u00e1mogatj\u00e1k diagn\u00f3zis\u00e1t, az el\u0151h\u00edv\u00e1si vagy szkennel\u00e9si folyamatra val\u00f3 v\u00e1rakoz\u00e1s n\u00e9lk\u00fcl.<\/p>\n<p>&nbsp;<\/p>\n<h5 style=\"text-align: justify;\">Robusztus design \u00e9s biztons\u00e1gos befektet\u00e9s<\/h5>\n<p style=\"text-align: justify;\">A Xios AE intraor\u00e1lis szenzort \u00e9vekig tart\u00f3 rendszeres napi haszn\u00e1latra tervezt\u00e9k \u00e9s tesztelt\u00e9k, hossz\u00fa \u00e9letciklust biztos\u00edtva a k\u00e9sz\u00fcl\u00e9knek. A szenzor tart\u00f3s designj\u00e1t premium anyagok \u00e9s magassz\u00ednvonal\u00fa gy\u00e1rt\u00e1si folyamatok biztos\u00edtj\u00e1k. Minden szenzor egy ultrahanggal hegesztett szenzorh\u00e1zzal \u00e9s egy er\u0151s\u00edtett, cser\u00e9lhet\u0151 k\u00e1bellel rendelkezik.<br \/>\nT\u00f6bb lehet\u0151s\u00e9g, hogy illeszkedjen kezel\u0151helyis\u00e9geihez<\/p>\n<p style=\"text-align: justify;\">A Xios AE tervez\u00e9sekor figyelembe vett\u00e9k, hogy k\u00f6nnyen szem\u00e9lyre szabhat\u00f3 legyen, t\u00e1mogatva egy\u00e9ni munkafolyamatait. 3 szenzorm\u00e9ret (0, 1 \u00e9s 2) \u00e9s 3 k\u00e1bel hossz\u00fas\u00e1g (90 cm, 180 cm, 270 cm) v\u00e1laszthat\u00f3.<\/p>\n<p>&nbsp;<\/p>\n<h5 style=\"text-align: justify;\">Chairside k\u00e9palkot\u00e1s<\/h5>\n<p style=\"text-align: justify;\">A r\u00f6ntgenk\u00e9sz\u00fcl\u00e9k \u00e9s szenzorok be\u00e9p\u00edt\u00e9s\u00e9vel a kezel\u0151egys\u00e9g\u00e9be, igaz\u00e1b\u00f3l feln\u0151het a teljes chairside fog\u00e1szati megold\u00e1shoz.<\/p>\n<p>&nbsp;<\/p>\n<h5 style=\"text-align: justify;\">Tov\u00e1bbfejlesztett USB adattov\u00e1bb\u00edt\u00e1s<\/h5>\n<p style=\"text-align: justify;\">Az \u00faj USB 3 interf\u00e9sz gyors\u00edtott inform\u00e1ci\u00f3kiolvas\u00e1st \u00e9s optimaliz\u00e1lt adattov\u00e1bb\u00edt\u00e1st biztos\u00edt szenzora \u00e9s k\u00e9palkot\u00f3 software-e k\u00f6z\u00f6tt. A v\u00e9dett csatlakoz\u00f3k tov\u00e1bbi tart\u00f3ss\u00e1got ny\u00fajtanak a mindennapi rendel\u0151i haszn\u00e1latban.<\/p>\n<p style=\"text-align: left;\">Emelje intraor\u00e1lis k\u00e9palkot\u00e1s\u00e1t magasabb szintre a Xios AE-vel<\/p>\n<p style=\"text-align: left;\"><iframe loading=\"lazy\"  id=\"_ytid_63855\"  width=\"1170\" height=\"658\"  data-origwidth=\"1170\" data-origheight=\"658\" src=\"https:\/\/www.youtube.com\/embed\/SjCFKbRXuPA?enablejsapi=1&autoplay=0&cc_load_policy=0&cc_lang_pref=&iv_load_policy=1&loop=0&rel=1&fs=1&playsinline=0&autohide=2&theme=dark&color=red&controls=1&disablekb=0&\" class=\"__youtube_prefs__  no-lazyload\" title=\"YouTube player\"  allow=\"fullscreen; accelerometer; autoplay; clipboard-write; encrypted-media; gyroscope; picture-in-picture; web-share\" referrerpolicy=\"strict-origin-when-cross-origin\" allowfullscreen data-no-lazy=\"1\" data-skipgform_ajax_framebjll=\"\"><\/iframe><\/p>\n<p style=\"text-align: left;\">\u201eSzenzorok sor\u00e1t haszn\u00e1ltam m\u00e1r az \u00e9vek sor\u00e1n, de az \u00faj AE szenzorral a Dentsply Siron\u00e1t\u00f3l azonnal l\u00e1ttam a fejl\u0151d\u00e9st a k\u00e9pmin\u0151s\u00e9gben. A fejlett filteres feljav\u00edt\u00e1ssal \u00e9s optimaliz\u00e1l\u00e1ssal magabiztos vagyok, hogy minden sz\u00fcks\u00e9ges klinikai r\u00e9szletet l\u00e1tok a pontos diagn\u00f3zishoz.\u201d<br \/>\nDr. Douglas Schultz, Kansas, USA<\/p>\n<p>&nbsp;<\/p>\n<h5 style=\"text-align: justify;\">Megn\u00f6velt dinamikus tartom\u00e1ny<\/h5>\n<p style=\"text-align: justify;\">A megn\u00f6velt szenzor\u00e9rz\u00e9kenys\u00e9g \u00e9s a kiterjesztett alacsony d\u00f3zisra optimaliz\u00e1lt felv\u00e9teli spektrum ide\u00e1lis l\u00e1that\u00f3s\u00e1got \u00e9s diagn\u00f3zist biztos\u00edt cs\u00f6kkentett besug\u00e1rz\u00e1s mellett. Alul-expon\u00e1lt k\u00e9peket sikeresen ellens\u00falyoz, \u00e1lland\u00f3 k\u00e9pmin\u0151s\u00e9get \u00e9s rugalmas d\u00f3zislead\u00e1st biztos\u00edtva.<\/p>\n<p><img loading=\"lazy\" decoding=\"async\" class=\"alignnone size-full wp-image-2434\" src=\"https:\/\/www.fogaszatikeszulek.hu\/wp-content\/uploads\/2021\/05\/1569938836602.png\" alt=\"\" width=\"1200\" height=\"333\" srcset=\"https:\/\/www.fogaszatikeszulek.hu\/wp-content\/uploads\/2021\/05\/1569938836602.png 1200w, https:\/\/www.fogaszatikeszulek.hu\/wp-content\/uploads\/2021\/05\/1569938836602-300x83.png 300w, https:\/\/www.fogaszatikeszulek.hu\/wp-content\/uploads\/2021\/05\/1569938836602-768x213.png 768w, https:\/\/www.fogaszatikeszulek.hu\/wp-content\/uploads\/2021\/05\/1569938836602-1024x284.png 1024w, https:\/\/www.fogaszatikeszulek.hu\/wp-content\/uploads\/2021\/05\/1569938836602-830x230.png 830w, https:\/\/www.fogaszatikeszulek.hu\/wp-content\/uploads\/2021\/05\/1569938836602-230x64.png 230w, https:\/\/www.fogaszatikeszulek.hu\/wp-content\/uploads\/2021\/05\/1569938836602-350x97.png 350w, https:\/\/www.fogaszatikeszulek.hu\/wp-content\/uploads\/2021\/05\/1569938836602-480x133.png 480w\" sizes=\"auto, (max-width: 1200px) 100vw, 1200px\" \/><\/p>\n<p>&nbsp;<\/p>\n<h5 style=\"text-align: justify;\"><img loading=\"lazy\" decoding=\"async\" class=\"alignleft wp-image-2436\" src=\"https:\/\/www.fogaszatikeszulek.hu\/wp-content\/uploads\/2021\/05\/ae.jpeg\" alt=\"\" width=\"400\" height=\"286\" srcset=\"https:\/\/www.fogaszatikeszulek.hu\/wp-content\/uploads\/2021\/05\/ae.jpeg 525w, https:\/\/www.fogaszatikeszulek.hu\/wp-content\/uploads\/2021\/05\/ae-300x214.jpeg 300w, https:\/\/www.fogaszatikeszulek.hu\/wp-content\/uploads\/2021\/05\/ae-230x164.jpeg 230w, https:\/\/www.fogaszatikeszulek.hu\/wp-content\/uploads\/2021\/05\/ae-350x250.jpeg 350w, https:\/\/www.fogaszatikeszulek.hu\/wp-content\/uploads\/2021\/05\/ae-480x343.jpeg 480w\" sizes=\"auto, (max-width: 400px) 100vw, 400px\" \/><\/h5>\n<h5 style=\"text-align: justify;\">Az \u00d6n rendszere, az \u00d6n elv\u00e1r\u00e1saihoz<\/h5>\n<p style=\"text-align: justify;\">A Xios AE intraor\u00e1lis szenzorokat igaz\u00e1n modul\u00e1risra tervezt\u00e9k, \u00edgy k\u00edn\u00e1lva rugalmass\u00e1got a digit\u00e1lis k\u00e9palkot\u00e1si megold\u00e1sok szem\u00e9lyre szab\u00e1s\u00e1hoz rendel\u0151j\u00e9ben. A sz\u00e9lesk\u00f6r\u0171 v\u00e1laszt\u00e1si lehet\u0151s\u00e9gekkel a szenzor m\u00e9ret\u00e9t\u0151l a k\u00e1belhosszig kiv\u00e1laszthatja a technol\u00f3gi\u00e1t, amely legjobban lefedi ig\u00e9nyeit. Ezen t\u00fal minden platform elemet \u00fagy terveztek, hogy kompatibilis \u00e9s k\u00f6nnyen integr\u00e1lhat\u00f3 legyen sz\u00e1mos rendel\u0151i menedzsment programba. Mindezek seg\u00edts\u00e9g\u00e9vel l\u00e9p\u00e9st tarthat a v\u00e1ltoz\u00f3 ig\u00e9nyekkel an\u00e9lk\u00fcl, hogy meg k\u00e9ne v\u00e1ltoztatnia teljes rendszer\u00e9t. Ez azt is jelenti, hogy befektet\u00e9se \u00e9veken kereszt\u00fcl biztons\u00e1gban lesz.<\/p>\n<p>&nbsp;<\/p>\n<h5 style=\"text-align: justify;\"><img loading=\"lazy\" decoding=\"async\" class=\"alignright wp-image-2438\" src=\"https:\/\/www.fogaszatikeszulek.hu\/wp-content\/uploads\/2021\/05\/1577969261168.jpeg\" alt=\"\" width=\"400\" height=\"295\" srcset=\"https:\/\/www.fogaszatikeszulek.hu\/wp-content\/uploads\/2021\/05\/1577969261168.jpeg 570w, https:\/\/www.fogaszatikeszulek.hu\/wp-content\/uploads\/2021\/05\/1577969261168-300x221.jpeg 300w, https:\/\/www.fogaszatikeszulek.hu\/wp-content\/uploads\/2021\/05\/1577969261168-230x169.jpeg 230w, https:\/\/www.fogaszatikeszulek.hu\/wp-content\/uploads\/2021\/05\/1577969261168-350x258.jpeg 350w, https:\/\/www.fogaszatikeszulek.hu\/wp-content\/uploads\/2021\/05\/1577969261168-480x354.jpeg 480w\" sizes=\"auto, (max-width: 400px) 100vw, 400px\" \/><\/h5>\n<h5 style=\"text-align: justify;\">H\u00e1rom szenzorm\u00e9ret<\/h5>\n<p>A Xios AE szenzor az al\u00e1bbi h\u00e1rom m\u00e9retben \u00e9rhet\u0151 el:<\/p>\n<ul>\n<li>2. M\u00e9ret: Feln\u0151tt sz\u00e1rnyas felv\u00e9telek \u00e9s feln\u0151tt egy fog<\/li>\n<li>1. M\u00e9ret: Egyetlen fog felv\u00e9tele kisebb feln\u0151tteknek, keskeny sz\u00e1jpad\u00fa p\u00e1cienseknek \u00e9s sz\u00e1rnyas felv\u00e9tel nagyobb gyermekeknek<\/li>\n<li>0. M\u00e9ret: Gyermekfelv\u00e9telek<\/li>\n<\/ul>\n<h5>&nbsp;<\/h5>\n<h5 style=\"text-align: left;\"><img loading=\"lazy\" decoding=\"async\" class=\"alignleft wp-image-2442\" src=\"https:\/\/www.fogaszatikeszulek.hu\/wp-content\/uploads\/2021\/05\/kabelcsere.jpg\" alt=\"\" width=\"400\" height=\"238\" srcset=\"https:\/\/www.fogaszatikeszulek.hu\/wp-content\/uploads\/2021\/05\/kabelcsere.jpg 582w, https:\/\/www.fogaszatikeszulek.hu\/wp-content\/uploads\/2021\/05\/kabelcsere-300x179.jpg 300w, https:\/\/www.fogaszatikeszulek.hu\/wp-content\/uploads\/2021\/05\/kabelcsere-230x137.jpg 230w, https:\/\/www.fogaszatikeszulek.hu\/wp-content\/uploads\/2021\/05\/kabelcsere-350x209.jpg 350w, https:\/\/www.fogaszatikeszulek.hu\/wp-content\/uploads\/2021\/05\/kabelcsere-480x286.jpg 480w\" sizes=\"auto, (max-width: 400px) 100vw, 400px\" \/>K\u00f6nny\u0171 k\u00e1belcsere<\/h5>\n<p style=\"text-align: justify;\">Ha a k\u00e1bel megs\u00e9r\u00fcl, annak cser\u00e9j\u00e9t teljesen h\u00e1zon bel\u00fcl, n\u00e9h\u00e1ny perc alatt elv\u00e9gezheti. A k\u00e1belek cser\u00e9je egyszer\u0171en, k\u00e9t csavar kicsavar\u00e1s\u00e1val t\u00f6rt\u00e9nik, ezzel \u00d6n id\u0151t sp\u00f3rol, \u00e9s minimaliz\u00e1lja a kies\u0151 hat\u00e9konys\u00e1got, mik\u00f6zben megv\u00e9di befektet\u00e9s\u00e9t.<\/p>\n<h5>&nbsp;<\/h5>\n<p>&nbsp;<\/p>\n<h5 style=\"text-align: justify;\"><img loading=\"lazy\" decoding=\"async\" class=\"wp-image-2444 alignright\" src=\"https:\/\/www.fogaszatikeszulek.hu\/wp-content\/uploads\/2021\/05\/1610021481542.jpeg\" alt=\"\" width=\"400\" height=\"286\" srcset=\"https:\/\/www.fogaszatikeszulek.hu\/wp-content\/uploads\/2021\/05\/1610021481542.jpeg 525w, https:\/\/www.fogaszatikeszulek.hu\/wp-content\/uploads\/2021\/05\/1610021481542-300x214.jpeg 300w, https:\/\/www.fogaszatikeszulek.hu\/wp-content\/uploads\/2021\/05\/1610021481542-230x164.jpeg 230w, https:\/\/www.fogaszatikeszulek.hu\/wp-content\/uploads\/2021\/05\/1610021481542-350x250.jpeg 350w, https:\/\/www.fogaszatikeszulek.hu\/wp-content\/uploads\/2021\/05\/1610021481542-480x343.jpeg 480w\" sizes=\"auto, (max-width: 400px) 100vw, 400px\" \/>Magasan specializ\u00e1lt \u2013 Minden t\u00edpus\u00fa szakember sz\u00e1m\u00e1ra<\/h5>\n<p style=\"text-align: justify;\">A Dentsply Sirona Imaging Solutions-n\u00e9l, nem csak min\u0151s\u00e9gi k\u00e9sz\u00fcl\u00e9keket terveznek, de olyan megold\u00e1sokat is, mellyel \u00fcgyfeleinknek megadhatjuk azokat az eszk\u00f6z\u00f6ket \u00e9s t\u00e1mogat\u00e1st, amellyel a lehet\u0151 legjobb kezel\u00e9st ny\u00fajthatj\u00e1k p\u00e1cienseiknek. Ezekkel hat\u00e9konyan \u00e9s intuit\u00edvan el\u00e9rheti r\u00f6ntgenfelv\u00e9teleit, t\u00e1mogatja a kezel\u00e9st \u00e9s lehet\u0151v\u00e9 teszi rendel\u0151j\u00e9nek egy sz\u00e9lesebb, biztons\u00e1gosabb szolg\u00e1ltat\u00e1si k\u00f6r el\u00e9r\u00e9s\u00e9t.<\/p>\n<h5>&nbsp;<\/h5>\n<h5 style=\"text-align: justify;\">Xios AE \u2013 Minta felv\u00e9telek<\/h5>\nngg_shortcode_0_placeholder\n<h5>&nbsp;<\/h5>\n<h5 style=\"text-align: justify;\"><img loading=\"lazy\" decoding=\"async\" class=\"alignleft wp-image-2446\" src=\"https:\/\/www.fogaszatikeszulek.hu\/wp-content\/uploads\/2021\/05\/1617128716671.jpeg\" alt=\"\" width=\"400\" height=\"225\" srcset=\"https:\/\/www.fogaszatikeszulek.hu\/wp-content\/uploads\/2021\/05\/1617128716671.jpeg 1200w, https:\/\/www.fogaszatikeszulek.hu\/wp-content\/uploads\/2021\/05\/1617128716671-300x169.jpeg 300w, https:\/\/www.fogaszatikeszulek.hu\/wp-content\/uploads\/2021\/05\/1617128716671-768x432.jpeg 768w, https:\/\/www.fogaszatikeszulek.hu\/wp-content\/uploads\/2021\/05\/1617128716671-1024x576.jpeg 1024w, https:\/\/www.fogaszatikeszulek.hu\/wp-content\/uploads\/2021\/05\/1617128716671-830x467.jpeg 830w, https:\/\/www.fogaszatikeszulek.hu\/wp-content\/uploads\/2021\/05\/1617128716671-230x129.jpeg 230w, https:\/\/www.fogaszatikeszulek.hu\/wp-content\/uploads\/2021\/05\/1617128716671-350x197.jpeg 350w, https:\/\/www.fogaszatikeszulek.hu\/wp-content\/uploads\/2021\/05\/1617128716671-480x270.jpeg 480w\" sizes=\"auto, (max-width: 400px) 100vw, 400px\" \/>Dinamikus \u00e9less\u00e9g kontroll \u00e9s feljav\u00edtott felv\u00e9telek<\/h5>\n<p style=\"text-align: justify;\">A kiemelked\u0151 k\u00e9pmin\u0151s\u00e9g csak a kezdet a Xios szenzorokkal. A dinamikus \u00e9less\u00e9g kontroll lehet\u0151v\u00e9 teszi a felhaszn\u00e1l\u00f3nak a r\u00f6ntgenk\u00e9p m\u00f3dos\u00edt\u00e1s\u00e1t a Sidexis 4 programban \u00e9s saj\u00e1t ig\u00e9nyeihez adapt\u00e1lni azokat. N\u00e9gy k\u00fcl\u00f6nb\u00f6z\u0151 vizsg\u00e1lati m\u00f3d \u00e9rhet\u0151 el: \u00e1ltal\u00e1nos fog\u00e1szat, endodoncia, parodontol\u00f3gia \u00e9s restaurat\u00edv. Egyedien konfigur\u00e1lhatja a software-ben az olyan megjelen\u00edtett param\u00e9tereket, mint az \u00e9less\u00e9g, f\u00e9nyess\u00e9g \u00e9s kontraszt, hogy illeszkedjen saj\u00e1t preferenci\u00e1j\u00e1hoz.<\/p>\n<p style=\"text-align: justify;\">Egy vizsg\u00e1lati m\u00f3d kiv\u00e1laszt\u00e1s\u00e1t k\u00f6vet\u0151en a relev\u00e1ns param\u00e9terek alkalmaz\u00e1sra ker\u00fclnek a r\u00f6ntgenfelv\u00e9telen. Ez seg\u00edt \u00e9rt\u00e9kes id\u0151t sp\u00f3rolni a diagn\u00f3zishoz \u00e9s tov\u00e1bbi magabiztoss\u00e1got ny\u00fajt a kezel\u00e9s anal\u00edzis\u00e9ben.<\/p>\n<p>&nbsp;<\/p>\n<h5>Szenzor poz\u00edcion\u00e1l\u00e1s<\/h5>\n<iframe loading=\"lazy\"  id=\"_ytid_15073\"  width=\"1170\" height=\"658\"  data-origwidth=\"1170\" data-origheight=\"658\" src=\"https:\/\/www.youtube.com\/embed\/ZwjYLu9qaQQ?enablejsapi=1&autoplay=0&cc_load_policy=0&cc_lang_pref=&iv_load_policy=1&loop=0&rel=1&fs=1&playsinline=0&autohide=2&theme=dark&color=red&controls=1&disablekb=0&\" class=\"__youtube_prefs__  no-lazyload\" title=\"YouTube player\"  allow=\"fullscreen; accelerometer; autoplay; clipboard-write; encrypted-media; gyroscope; picture-in-picture; web-share\" referrerpolicy=\"strict-origin-when-cross-origin\" allowfullscreen data-no-lazy=\"1\" data-skipgform_ajax_framebjll=\"\"><\/iframe>\n","protected":false},"excerpt":{"rendered":"<p>A fejlett technol\u00f3gi\u00e1s Xios AE intraor\u00e1lis szenzor t\u00e1mogatja a hat\u00e9kony \u00e9s hat\u00e1sos munkafolyamatot. Seg\u00edt a lehet\u0151 legjobb kezel\u00e9st ny\u00fajtani \u00e9s egy kiv\u00e1l\u00f3 kezel\u00e9si \u00e9lm\u00e9nyben r\u00e9szes\u00edteni p\u00e1cienseit. Kombin\u00e1lja a kiv\u00e1l\u00f3 k\u00e9pfelbont\u00e1st az optimaliz\u00e1lt adatolvas\u00e1ssal \u00e9s exkluz\u00edv, innovat\u00edv filter funkci\u00f3kkal, hogy maximaliz\u00e1lja a diagnosztikai sikeress\u00e9get. &nbsp; T\u00f6bb r\u00e9szlet a diagnosztikai siker maximaliz\u00e1l\u00e1s\u00e1\u00e9rt A Xios AE szenzorok t\u00e1mogatj\u00e1k [&hellip;]<\/p>\n","protected":false},"author":1,"featured_media":0,"parent":0,"menu_order":0,"comment_status":"closed","ping_status":"closed","template":"","meta":{"ngg_post_thumbnail":0,"footnotes":""},"class_list":["post-2431","page","type-page","status-publish","hentry"],"_links":{"self":[{"href":"https:\/\/www.fogaszatikeszulek.hu\/index.php\/wp-json\/wp\/v2\/pages\/2431","targetHints":{"allow":["GET"]}}],"collection":[{"href":"https:\/\/www.fogaszatikeszulek.hu\/index.php\/wp-json\/wp\/v2\/pages"}],"about":[{"href":"https:\/\/www.fogaszatikeszulek.hu\/index.php\/wp-json\/wp\/v2\/types\/page"}],"author":[{"embeddable":true,"href":"https:\/\/www.fogaszatikeszulek.hu\/index.php\/wp-json\/wp\/v2\/users\/1"}],"replies":[{"embeddable":true,"href":"https:\/\/www.fogaszatikeszulek.hu\/index.php\/wp-json\/wp\/v2\/comments?post=2431"}],"version-history":[{"count":13,"href":"https:\/\/www.fogaszatikeszulek.hu\/index.php\/wp-json\/wp\/v2\/pages\/2431\/revisions"}],"predecessor-version":[{"id":2443,"href":"https:\/\/www.fogaszatikeszulek.hu\/index.php\/wp-json\/wp\/v2\/pages\/2431\/revisions\/2443"}],"wp:attachment":[{"href":"https:\/\/www.fogaszatikeszulek.hu\/index.php\/wp-json\/wp\/v2\/media?parent=2431"}],"curies":[{"name":"wp","href":"https:\/\/api.w.org\/{rel}","templated":true}]}}