{"id":232,"date":"2018-02-17T09:47:21","date_gmt":"2018-02-17T09:47:21","guid":{"rendered":"http:\/\/www.fogaszatikeszulek.hu\/?page_id=232"},"modified":"2018-03-23T17:17:41","modified_gmt":"2018-03-23T17:17:41","slug":"egyeb-keszulek","status":"publish","type":"page","link":"https:\/\/www.fogaszatikeszulek.hu\/index.php\/egyeb-keszulek\/","title":{"rendered":"Egy\u00e9b k\u00e9sz\u00fcl\u00e9k"},"content":{"rendered":"<p><em>Felt\u00f6lt\u00e9s alatt&#8230;<\/em><\/p>\n","protected":false},"excerpt":{"rendered":"<p>Felt\u00f6lt\u00e9s alatt&#8230;<\/p>\n","protected":false},"author":1,"featured_media":0,"parent":0,"menu_order":0,"comment_status":"closed","ping_status":"closed","template":"","meta":{"ngg_post_thumbnail":0,"footnotes":""},"class_list":["post-232","page","type-page","status-publish","hentry"],"_links":{"self":[{"href":"https:\/\/www.fogaszatikeszulek.hu\/index.php\/wp-json\/wp\/v2\/pages\/232","targetHints":{"allow":["GET"]}}],"collection":[{"href":"https:\/\/www.fogaszatikeszulek.hu\/index.php\/wp-json\/wp\/v2\/pages"}],"about":[{"href":"https:\/\/www.fogaszatikeszulek.hu\/index.php\/wp-json\/wp\/v2\/types\/page"}],"author":[{"embeddable":true,"href":"https:\/\/www.fogaszatikeszulek.hu\/index.php\/wp-json\/wp\/v2\/users\/1"}],"replies":[{"embeddable":true,"href":"https:\/\/www.fogaszatikeszulek.hu\/index.php\/wp-json\/wp\/v2\/comments?post=232"}],"version-history":[{"count":2,"href":"https:\/\/www.fogaszatikeszulek.hu\/index.php\/wp-json\/wp\/v2\/pages\/232\/revisions"}],"predecessor-version":[{"id":1230,"href":"https:\/\/www.fogaszatikeszulek.hu\/index.php\/wp-json\/wp\/v2\/pages\/232\/revisions\/1230"}],"wp:attachment":[{"href":"https:\/\/www.fogaszatikeszulek.hu\/index.php\/wp-json\/wp\/v2\/media?parent=232"}],"curies":[{"name":"wp","href":"https:\/\/api.w.org\/{rel}","templated":true}]}}