{"id":225,"date":"2018-02-17T09:45:29","date_gmt":"2018-02-17T09:45:29","guid":{"rendered":"http:\/\/www.fogaszatikeszulek.hu\/?page_id=225"},"modified":"2019-03-08T11:10:27","modified_gmt":"2019-03-08T11:10:27","slug":"kezidarabok","status":"publish","type":"page","link":"https:\/\/www.fogaszatikeszulek.hu\/index.php\/kezidarabok\/","title":{"rendered":"K\u00e9zidarabok"},"content":{"rendered":"<h5><a href=\"https:\/\/www.fogaszatikeszulek.hu\/index.php\/egyenes-es-konyokdarabok\/\" rel=\"noopener\">Egyenes- \u00e9s k\u00f6ny\u00f6kdarabok<\/a><\/h5>\n<p style=\"text-align: justify;\">Az optim\u00e1lis eredm\u00e9nyek el\u00e9r\u00e9s\u00e9hez a megfelel\u0151 eszk\u00f6z\u00f6k sz\u00fcks\u00e9gesek; csak k\u00f6nny\u0171 \u00e9s k\u00f6nnyen kezelhet\u0151 eszk\u00f6z\u00f6kkel lehet pontos eredm\u00e9nyeket el\u00e9rni.&nbsp; Alkalmaz\u00e1si ter\u00fcletek: kavit\u00e1s \u00e9s korona prepar\u00e1l\u00e1s, endodoncia, profilaxis, implantol\u00f3gia, seb\u00e9szet.<\/p>\n<table width=\"800\">\n<tbody>\n<tr>\n<td><img loading=\"lazy\" decoding=\"async\" class=\"alignnone wp-image-1356\" src=\"https:\/\/www.fogaszatikeszulek.hu\/wp-content\/uploads\/2018\/03\/1492074377213.png\" alt=\"\" width=\"190\" height=\"107\" srcset=\"https:\/\/www.fogaszatikeszulek.hu\/wp-content\/uploads\/2018\/03\/1492074377213.png 1200w, https:\/\/www.fogaszatikeszulek.hu\/wp-content\/uploads\/2018\/03\/1492074377213-300x169.png 300w, https:\/\/www.fogaszatikeszulek.hu\/wp-content\/uploads\/2018\/03\/1492074377213-768x432.png 768w, https:\/\/www.fogaszatikeszulek.hu\/wp-content\/uploads\/2018\/03\/1492074377213-1024x576.png 1024w, https:\/\/www.fogaszatikeszulek.hu\/wp-content\/uploads\/2018\/03\/1492074377213-830x467.png 830w, https:\/\/www.fogaszatikeszulek.hu\/wp-content\/uploads\/2018\/03\/1492074377213-230x129.png 230w, https:\/\/www.fogaszatikeszulek.hu\/wp-content\/uploads\/2018\/03\/1492074377213-350x197.png 350w, https:\/\/www.fogaszatikeszulek.hu\/wp-content\/uploads\/2018\/03\/1492074377213-480x270.png 480w\" sizes=\"auto, (max-width: 190px) 100vw, 190px\" \/><\/td>\n<td width=\"10\">&nbsp;<\/td>\n<td><img loading=\"lazy\" decoding=\"async\" class=\"alignnone wp-image-1357\" src=\"https:\/\/www.fogaszatikeszulek.hu\/wp-content\/uploads\/2018\/03\/1492074395761.png\" alt=\"\" width=\"190\" height=\"107\" srcset=\"https:\/\/www.fogaszatikeszulek.hu\/wp-content\/uploads\/2018\/03\/1492074395761.png 1200w, https:\/\/www.fogaszatikeszulek.hu\/wp-content\/uploads\/2018\/03\/1492074395761-300x169.png 300w, https:\/\/www.fogaszatikeszulek.hu\/wp-content\/uploads\/2018\/03\/1492074395761-768x432.png 768w, https:\/\/www.fogaszatikeszulek.hu\/wp-content\/uploads\/2018\/03\/1492074395761-1024x576.png 1024w, https:\/\/www.fogaszatikeszulek.hu\/wp-content\/uploads\/2018\/03\/1492074395761-830x467.png 830w, https:\/\/www.fogaszatikeszulek.hu\/wp-content\/uploads\/2018\/03\/1492074395761-230x129.png 230w, https:\/\/www.fogaszatikeszulek.hu\/wp-content\/uploads\/2018\/03\/1492074395761-350x197.png 350w, https:\/\/www.fogaszatikeszulek.hu\/wp-content\/uploads\/2018\/03\/1492074395761-480x270.png 480w\" sizes=\"auto, (max-width: 190px) 100vw, 190px\" \/><\/td>\n<td width=\"10\">&nbsp;<\/td>\n<td><img loading=\"lazy\" decoding=\"async\" class=\"alignnone wp-image-1358\" src=\"https:\/\/www.fogaszatikeszulek.hu\/wp-content\/uploads\/2018\/03\/1492614432853.png\" alt=\"\" width=\"190\" height=\"107\" srcset=\"https:\/\/www.fogaszatikeszulek.hu\/wp-content\/uploads\/2018\/03\/1492614432853.png 1200w, https:\/\/www.fogaszatikeszulek.hu\/wp-content\/uploads\/2018\/03\/1492614432853-300x169.png 300w, https:\/\/www.fogaszatikeszulek.hu\/wp-content\/uploads\/2018\/03\/1492614432853-768x432.png 768w, https:\/\/www.fogaszatikeszulek.hu\/wp-content\/uploads\/2018\/03\/1492614432853-1024x576.png 1024w, https:\/\/www.fogaszatikeszulek.hu\/wp-content\/uploads\/2018\/03\/1492614432853-830x467.png 830w, https:\/\/www.fogaszatikeszulek.hu\/wp-content\/uploads\/2018\/03\/1492614432853-230x129.png 230w, https:\/\/www.fogaszatikeszulek.hu\/wp-content\/uploads\/2018\/03\/1492614432853-350x197.png 350w, https:\/\/www.fogaszatikeszulek.hu\/wp-content\/uploads\/2018\/03\/1492614432853-480x270.png 480w\" sizes=\"auto, (max-width: 190px) 100vw, 190px\" \/><\/td>\n<td width=\"10\">&nbsp;<\/td>\n<td><img loading=\"lazy\" decoding=\"async\" class=\"alignnone wp-image-1359\" src=\"https:\/\/www.fogaszatikeszulek.hu\/wp-content\/uploads\/2018\/03\/1492614522028.png\" alt=\"\" width=\"190\" height=\"107\" srcset=\"https:\/\/www.fogaszatikeszulek.hu\/wp-content\/uploads\/2018\/03\/1492614522028.png 1200w, https:\/\/www.fogaszatikeszulek.hu\/wp-content\/uploads\/2018\/03\/1492614522028-300x169.png 300w, https:\/\/www.fogaszatikeszulek.hu\/wp-content\/uploads\/2018\/03\/1492614522028-768x432.png 768w, https:\/\/www.fogaszatikeszulek.hu\/wp-content\/uploads\/2018\/03\/1492614522028-1024x576.png 1024w, https:\/\/www.fogaszatikeszulek.hu\/wp-content\/uploads\/2018\/03\/1492614522028-830x467.png 830w, https:\/\/www.fogaszatikeszulek.hu\/wp-content\/uploads\/2018\/03\/1492614522028-230x129.png 230w, https:\/\/www.fogaszatikeszulek.hu\/wp-content\/uploads\/2018\/03\/1492614522028-350x197.png 350w, https:\/\/www.fogaszatikeszulek.hu\/wp-content\/uploads\/2018\/03\/1492614522028-480x270.png 480w\" sizes=\"auto, (max-width: 190px) 100vw, 190px\" \/><\/td>\n<\/tr>\n<tr>\n<td style=\"text-align: center;\">\n<h5>&nbsp;T1 Classic<\/h5>\n<\/td>\n<td style=\"text-align: center;\" width=\"10\">\n<h5>&nbsp;<\/h5>\n<\/td>\n<td style=\"text-align: center;\">\n<h5>&nbsp;T1 Line<\/h5>\n<\/td>\n<td style=\"text-align: center;\" width=\"10\">\n<h5>&nbsp;<\/h5>\n<\/td>\n<td style=\"text-align: center;\">\n<h5>T2 Line&nbsp;<\/h5>\n<\/td>\n<td style=\"text-align: center;\" width=\"10\">\n<h5>&nbsp;<\/h5>\n<\/td>\n<td style=\"text-align: center;\">\n<h5>T2 S-Line&nbsp;<\/h5>\n<\/td>\n<\/tr>\n<tr>\n<td><img loading=\"lazy\" decoding=\"async\" class=\"alignnone wp-image-1361\" src=\"https:\/\/www.fogaszatikeszulek.hu\/wp-content\/uploads\/2018\/03\/1499081663826.png\" alt=\"\" width=\"190\" height=\"107\" srcset=\"https:\/\/www.fogaszatikeszulek.hu\/wp-content\/uploads\/2018\/03\/1499081663826.png 1200w, https:\/\/www.fogaszatikeszulek.hu\/wp-content\/uploads\/2018\/03\/1499081663826-300x169.png 300w, https:\/\/www.fogaszatikeszulek.hu\/wp-content\/uploads\/2018\/03\/1499081663826-768x432.png 768w, https:\/\/www.fogaszatikeszulek.hu\/wp-content\/uploads\/2018\/03\/1499081663826-1024x576.png 1024w, https:\/\/www.fogaszatikeszulek.hu\/wp-content\/uploads\/2018\/03\/1499081663826-830x467.png 830w, https:\/\/www.fogaszatikeszulek.hu\/wp-content\/uploads\/2018\/03\/1499081663826-230x129.png 230w, https:\/\/www.fogaszatikeszulek.hu\/wp-content\/uploads\/2018\/03\/1499081663826-350x197.png 350w, https:\/\/www.fogaszatikeszulek.hu\/wp-content\/uploads\/2018\/03\/1499081663826-480x270.png 480w\" sizes=\"auto, (max-width: 190px) 100vw, 190px\" \/><\/td>\n<td width=\"10\">&nbsp;<\/td>\n<td><img loading=\"lazy\" decoding=\"async\" class=\"alignnone wp-image-1362\" src=\"https:\/\/www.fogaszatikeszulek.hu\/wp-content\/uploads\/2018\/03\/1499081728106.png\" alt=\"\" width=\"190\" height=\"107\" srcset=\"https:\/\/www.fogaszatikeszulek.hu\/wp-content\/uploads\/2018\/03\/1499081728106.png 1200w, https:\/\/www.fogaszatikeszulek.hu\/wp-content\/uploads\/2018\/03\/1499081728106-300x169.png 300w, https:\/\/www.fogaszatikeszulek.hu\/wp-content\/uploads\/2018\/03\/1499081728106-768x432.png 768w, https:\/\/www.fogaszatikeszulek.hu\/wp-content\/uploads\/2018\/03\/1499081728106-1024x576.png 1024w, https:\/\/www.fogaszatikeszulek.hu\/wp-content\/uploads\/2018\/03\/1499081728106-830x467.png 830w, https:\/\/www.fogaszatikeszulek.hu\/wp-content\/uploads\/2018\/03\/1499081728106-230x129.png 230w, https:\/\/www.fogaszatikeszulek.hu\/wp-content\/uploads\/2018\/03\/1499081728106-350x197.png 350w, https:\/\/www.fogaszatikeszulek.hu\/wp-content\/uploads\/2018\/03\/1499081728106-480x270.png 480w\" sizes=\"auto, (max-width: 190px) 100vw, 190px\" \/><\/td>\n<td width=\"10\">&nbsp;<\/td>\n<td><img loading=\"lazy\" decoding=\"async\" class=\"alignnone wp-image-1355\" src=\"https:\/\/www.fogaszatikeszulek.hu\/wp-content\/uploads\/2018\/03\/1489937489760.png\" alt=\"\" width=\"190\" height=\"107\" srcset=\"https:\/\/www.fogaszatikeszulek.hu\/wp-content\/uploads\/2018\/03\/1489937489760.png 1200w, https:\/\/www.fogaszatikeszulek.hu\/wp-content\/uploads\/2018\/03\/1489937489760-300x169.png 300w, https:\/\/www.fogaszatikeszulek.hu\/wp-content\/uploads\/2018\/03\/1489937489760-768x432.png 768w, https:\/\/www.fogaszatikeszulek.hu\/wp-content\/uploads\/2018\/03\/1489937489760-1024x576.png 1024w, https:\/\/www.fogaszatikeszulek.hu\/wp-content\/uploads\/2018\/03\/1489937489760-830x467.png 830w, https:\/\/www.fogaszatikeszulek.hu\/wp-content\/uploads\/2018\/03\/1489937489760-230x129.png 230w, https:\/\/www.fogaszatikeszulek.hu\/wp-content\/uploads\/2018\/03\/1489937489760-350x197.png 350w, https:\/\/www.fogaszatikeszulek.hu\/wp-content\/uploads\/2018\/03\/1489937489760-480x270.png 480w\" sizes=\"auto, (max-width: 190px) 100vw, 190px\" \/><\/td>\n<td width=\"10\">&nbsp;<\/td>\n<td>&nbsp;<\/td>\n<\/tr>\n<tr>\n<td style=\"text-align: center;\">\n<h5>T3 Line&nbsp;<\/h5>\n<\/td>\n<td width=\"10\">&nbsp;<\/td>\n<td>\n<h5 style=\"text-align: center;\">T3 S-Line&nbsp;<\/h5>\n<\/td>\n<td width=\"10\">&nbsp;<\/td>\n<td>\n<h5 style=\"text-align: center;\">T4 Line&nbsp;<\/h5>\n<\/td>\n<td width=\"10\">&nbsp;<\/td>\n<td>&nbsp;<\/td>\n<\/tr>\n<\/tbody>\n<\/table>\n<h5>&nbsp;<\/h5>\n<h5><a href=\"https:\/\/www.fogaszatikeszulek.hu\/index.php\/turbinak\/\">Turbin\u00e1k<\/a><\/h5>\n<p style=\"text-align: justify;\">Turbina port\u00f3li\u00f3nk minden ig\u00e9nyt kiel\u00e9g\u00edt\u0151 term\u00e9keket k\u00edn\u00e1l. Egy dolog minden turbin\u00e1ban k\u00f6z\u00f6s: maxim\u00e1lis teljes\u00edtm\u00e9nyen is minden az \u00d6n ir\u00e1ny\u00edt\u00e1sa alatt \u00e1ll &#8211; \u00e9s csendesebb, mint eddig b\u00e1rmikor.<\/p>\n<table width=\"800\">\n<tbody>\n<tr>\n<td><img decoding=\"async\" class=\"alignnone wp-image-1387\" src=\"https:\/\/www.fogaszatikeszulek.hu\/wp-content\/uploads\/2018\/03\/1489073493589.png\" alt=\"\" width=\"190\" srcset=\"https:\/\/www.fogaszatikeszulek.hu\/wp-content\/uploads\/2018\/03\/1489073493589.png 1200w, https:\/\/www.fogaszatikeszulek.hu\/wp-content\/uploads\/2018\/03\/1489073493589-300x169.png 300w, https:\/\/www.fogaszatikeszulek.hu\/wp-content\/uploads\/2018\/03\/1489073493589-768x432.png 768w, https:\/\/www.fogaszatikeszulek.hu\/wp-content\/uploads\/2018\/03\/1489073493589-1024x576.png 1024w, https:\/\/www.fogaszatikeszulek.hu\/wp-content\/uploads\/2018\/03\/1489073493589-830x467.png 830w, https:\/\/www.fogaszatikeszulek.hu\/wp-content\/uploads\/2018\/03\/1489073493589-230x129.png 230w, https:\/\/www.fogaszatikeszulek.hu\/wp-content\/uploads\/2018\/03\/1489073493589-350x197.png 350w, https:\/\/www.fogaszatikeszulek.hu\/wp-content\/uploads\/2018\/03\/1489073493589-480x270.png 480w\" sizes=\"(max-width: 1200px) 100vw, 1200px\" \/><\/td>\n<td width=\"10\">&nbsp;<\/td>\n<td><img decoding=\"async\" class=\"alignnone wp-image-1388\" src=\"https:\/\/www.fogaszatikeszulek.hu\/wp-content\/uploads\/2018\/03\/1489073504045.png\" alt=\"\" width=\"190\" srcset=\"https:\/\/www.fogaszatikeszulek.hu\/wp-content\/uploads\/2018\/03\/1489073504045.png 1200w, https:\/\/www.fogaszatikeszulek.hu\/wp-content\/uploads\/2018\/03\/1489073504045-300x169.png 300w, https:\/\/www.fogaszatikeszulek.hu\/wp-content\/uploads\/2018\/03\/1489073504045-768x432.png 768w, https:\/\/www.fogaszatikeszulek.hu\/wp-content\/uploads\/2018\/03\/1489073504045-1024x576.png 1024w, https:\/\/www.fogaszatikeszulek.hu\/wp-content\/uploads\/2018\/03\/1489073504045-830x467.png 830w, https:\/\/www.fogaszatikeszulek.hu\/wp-content\/uploads\/2018\/03\/1489073504045-230x129.png 230w, https:\/\/www.fogaszatikeszulek.hu\/wp-content\/uploads\/2018\/03\/1489073504045-350x197.png 350w, https:\/\/www.fogaszatikeszulek.hu\/wp-content\/uploads\/2018\/03\/1489073504045-480x270.png 480w\" sizes=\"(max-width: 1200px) 100vw, 1200px\" \/><\/td>\n<td width=\"10\">&nbsp;<\/td>\n<td><img decoding=\"async\" class=\"alignnone wp-image-1389\" src=\"https:\/\/www.fogaszatikeszulek.hu\/wp-content\/uploads\/2018\/03\/1489073587672.png\" alt=\"\" width=\"190\" srcset=\"https:\/\/www.fogaszatikeszulek.hu\/wp-content\/uploads\/2018\/03\/1489073587672.png 1200w, https:\/\/www.fogaszatikeszulek.hu\/wp-content\/uploads\/2018\/03\/1489073587672-300x169.png 300w, https:\/\/www.fogaszatikeszulek.hu\/wp-content\/uploads\/2018\/03\/1489073587672-768x432.png 768w, https:\/\/www.fogaszatikeszulek.hu\/wp-content\/uploads\/2018\/03\/1489073587672-1024x576.png 1024w, https:\/\/www.fogaszatikeszulek.hu\/wp-content\/uploads\/2018\/03\/1489073587672-830x467.png 830w, https:\/\/www.fogaszatikeszulek.hu\/wp-content\/uploads\/2018\/03\/1489073587672-230x129.png 230w, https:\/\/www.fogaszatikeszulek.hu\/wp-content\/uploads\/2018\/03\/1489073587672-350x197.png 350w, https:\/\/www.fogaszatikeszulek.hu\/wp-content\/uploads\/2018\/03\/1489073587672-480x270.png 480w\" sizes=\"(max-width: 1200px) 100vw, 1200px\" \/><\/td>\n<td width=\"10\">&nbsp;<\/td>\n<td><img decoding=\"async\" class=\"alignnone wp-image-1390\" src=\"https:\/\/www.fogaszatikeszulek.hu\/wp-content\/uploads\/2018\/03\/1494832189917.png\" alt=\"\" width=\"190\" srcset=\"https:\/\/www.fogaszatikeszulek.hu\/wp-content\/uploads\/2018\/03\/1494832189917.png 1200w, https:\/\/www.fogaszatikeszulek.hu\/wp-content\/uploads\/2018\/03\/1494832189917-300x169.png 300w, https:\/\/www.fogaszatikeszulek.hu\/wp-content\/uploads\/2018\/03\/1494832189917-768x432.png 768w, https:\/\/www.fogaszatikeszulek.hu\/wp-content\/uploads\/2018\/03\/1494832189917-1024x576.png 1024w, https:\/\/www.fogaszatikeszulek.hu\/wp-content\/uploads\/2018\/03\/1494832189917-830x467.png 830w, https:\/\/www.fogaszatikeszulek.hu\/wp-content\/uploads\/2018\/03\/1494832189917-230x129.png 230w, https:\/\/www.fogaszatikeszulek.hu\/wp-content\/uploads\/2018\/03\/1494832189917-350x197.png 350w, https:\/\/www.fogaszatikeszulek.hu\/wp-content\/uploads\/2018\/03\/1494832189917-480x270.png 480w\" sizes=\"(max-width: 1200px) 100vw, 1200px\" \/><\/td>\n<\/tr>\n<tr>\n<td style=\"text-align: center;\">\n<h5>&nbsp;T1 turbina<\/h5>\n<\/td>\n<td style=\"text-align: center;\" width=\"10\">\n<h5>&nbsp;<\/h5>\n<\/td>\n<td style=\"text-align: center;\">\n<h5>&nbsp;T1 turbina<\/h5>\n<\/td>\n<td style=\"text-align: center;\" width=\"10\">\n<h5>&nbsp;<\/h5>\n<\/td>\n<td style=\"text-align: center;\">\n<h5>T3 turbina &#8211;<br \/>\ngyors\u00edt\u00f3 kuplung<\/h5>\n<\/td>\n<td style=\"text-align: center;\" width=\"10\">\n<h5>&nbsp;<\/h5>\n<\/td>\n<td style=\"text-align: center;\">\n<h5>T3 turbina &#8211;<br \/>\nfix csatlakoz\u00e1s&nbsp;<\/h5>\n<\/td>\n<\/tr>\n<tr>\n<td><img loading=\"lazy\" decoding=\"async\" class=\"alignnone wp-image-1391\" src=\"https:\/\/www.fogaszatikeszulek.hu\/wp-content\/uploads\/2018\/03\/1505118410073.png\" alt=\"\" width=\"190\" height=\"107\" srcset=\"https:\/\/www.fogaszatikeszulek.hu\/wp-content\/uploads\/2018\/03\/1505118410073.png 1200w, https:\/\/www.fogaszatikeszulek.hu\/wp-content\/uploads\/2018\/03\/1505118410073-300x169.png 300w, https:\/\/www.fogaszatikeszulek.hu\/wp-content\/uploads\/2018\/03\/1505118410073-768x432.png 768w, https:\/\/www.fogaszatikeszulek.hu\/wp-content\/uploads\/2018\/03\/1505118410073-1024x576.png 1024w, https:\/\/www.fogaszatikeszulek.hu\/wp-content\/uploads\/2018\/03\/1505118410073-830x467.png 830w, https:\/\/www.fogaszatikeszulek.hu\/wp-content\/uploads\/2018\/03\/1505118410073-230x129.png 230w, https:\/\/www.fogaszatikeszulek.hu\/wp-content\/uploads\/2018\/03\/1505118410073-350x197.png 350w, https:\/\/www.fogaszatikeszulek.hu\/wp-content\/uploads\/2018\/03\/1505118410073-480x270.png 480w\" sizes=\"auto, (max-width: 190px) 100vw, 190px\" \/><\/td>\n<td width=\"10\">&nbsp;<\/td>\n<td>&nbsp;<\/td>\n<td width=\"10\">&nbsp;<\/td>\n<td>&nbsp;<\/td>\n<td width=\"10\">&nbsp;<\/td>\n<td>&nbsp;<\/td>\n<\/tr>\n<tr>\n<td style=\"text-align: center;\">\n<h5>T4 turbina&nbsp;<\/h5>\n<\/td>\n<td width=\"10\">&nbsp;<\/td>\n<td>\n<h5 style=\"text-align: center;\">&nbsp;<\/h5>\n<\/td>\n<td width=\"10\">&nbsp;<\/td>\n<td>\n<h5 style=\"text-align: center;\">&nbsp;<\/h5>\n<\/td>\n<td width=\"10\">&nbsp;<\/td>\n<td>&nbsp;<\/td>\n<\/tr>\n<\/tbody>\n<\/table>\n<h5>&nbsp;<\/h5>\n<h5>Let\u00f6lthet\u0151 dokumentumok<\/h5>\n<ul>\n<li><a href=\"https:\/\/www.fogaszatikeszulek.hu\/wp-content\/uploads\/pdf\/T1-T2-T3.pdf\" target=\"_blank\" rel=\"noopener\">T1, T2, T3 k\u00e9zidarabok prospektus (angol nyelv\u0171)<\/a><\/li>\n<\/ul>\n","protected":false},"excerpt":{"rendered":"<p>Egyenes- \u00e9s k\u00f6ny\u00f6kdarabok Az optim\u00e1lis eredm\u00e9nyek el\u00e9r\u00e9s\u00e9hez a megfelel\u0151 eszk\u00f6z\u00f6k sz\u00fcks\u00e9gesek; csak k\u00f6nny\u0171 \u00e9s k\u00f6nnyen kezelhet\u0151 eszk\u00f6z\u00f6kkel lehet pontos eredm\u00e9nyeket el\u00e9rni.&nbsp; Alkalmaz\u00e1si ter\u00fcletek: kavit\u00e1s \u00e9s korona prepar\u00e1l\u00e1s, endodoncia, profilaxis, implantol\u00f3gia, seb\u00e9szet. &nbsp; &nbsp; &nbsp; &nbsp;T1 Classic &nbsp; &nbsp;T1 Line &nbsp; T2 Line&nbsp; &nbsp; T2 S-Line&nbsp; &nbsp; &nbsp; &nbsp; &nbsp; T3 Line&nbsp; &nbsp; T3 S-Line&nbsp; &nbsp; [&hellip;]<\/p>\n","protected":false},"author":1,"featured_media":0,"parent":0,"menu_order":0,"comment_status":"closed","ping_status":"closed","template":"","meta":{"ngg_post_thumbnail":0,"footnotes":""},"class_list":["post-225","page","type-page","status-publish","hentry"],"_links":{"self":[{"href":"https:\/\/www.fogaszatikeszulek.hu\/index.php\/wp-json\/wp\/v2\/pages\/225","targetHints":{"allow":["GET"]}}],"collection":[{"href":"https:\/\/www.fogaszatikeszulek.hu\/index.php\/wp-json\/wp\/v2\/pages"}],"about":[{"href":"https:\/\/www.fogaszatikeszulek.hu\/index.php\/wp-json\/wp\/v2\/types\/page"}],"author":[{"embeddable":true,"href":"https:\/\/www.fogaszatikeszulek.hu\/index.php\/wp-json\/wp\/v2\/users\/1"}],"replies":[{"embeddable":true,"href":"https:\/\/www.fogaszatikeszulek.hu\/index.php\/wp-json\/wp\/v2\/comments?post=225"}],"version-history":[{"count":16,"href":"https:\/\/www.fogaszatikeszulek.hu\/index.php\/wp-json\/wp\/v2\/pages\/225\/revisions"}],"predecessor-version":[{"id":1406,"href":"https:\/\/www.fogaszatikeszulek.hu\/index.php\/wp-json\/wp\/v2\/pages\/225\/revisions\/1406"}],"wp:attachment":[{"href":"https:\/\/www.fogaszatikeszulek.hu\/index.php\/wp-json\/wp\/v2\/media?parent=225"}],"curies":[{"name":"wp","href":"https:\/\/api.w.org\/{rel}","templated":true}]}}