{"id":2222,"date":"2021-02-19T09:55:52","date_gmt":"2021-02-19T09:55:52","guid":{"rendered":"http:\/\/www.fogaszatikeszulek.hu\/?page_id=2222"},"modified":"2021-02-21T19:11:20","modified_gmt":"2021-02-21T19:11:20","slug":"cerec-primemill","status":"publish","type":"page","link":"https:\/\/www.fogaszatikeszulek.hu\/index.php\/cerec-primemill\/","title":{"rendered":"CEREC Primemill"},"content":{"rendered":"<h5>Kiv\u00e1l\u00f3s\u00e1g egyszer\u0171en<\/h5>\n<iframe loading=\"lazy\"  id=\"_ytid_34875\"  width=\"1170\" height=\"658\"  data-origwidth=\"1170\" data-origheight=\"658\" src=\"https:\/\/www.youtube.com\/embed\/KWEn3nYYcQA?enablejsapi=1&autoplay=0&cc_load_policy=0&cc_lang_pref=&iv_load_policy=1&loop=0&rel=1&fs=1&playsinline=0&autohide=2&theme=dark&color=red&controls=1&disablekb=0&\" class=\"__youtube_prefs__  no-lazyload\" title=\"YouTube player\"  allow=\"fullscreen; accelerometer; autoplay; clipboard-write; encrypted-media; gyroscope; picture-in-picture; web-share\" referrerpolicy=\"strict-origin-when-cross-origin\" allowfullscreen data-no-lazy=\"1\" data-skipgform_ajax_framebjll=\"\"><\/iframe>\n<p>&nbsp;<\/p>\n<h5 style=\"text-align: justify;\"><img loading=\"lazy\" decoding=\"async\" class=\"alignright wp-image-2225\" src=\"https:\/\/www.fogaszatikeszulek.hu\/wp-content\/uploads\/2021\/02\/1578568011021.jpeg\" alt=\"\" width=\"450\" height=\"270\" srcset=\"https:\/\/www.fogaszatikeszulek.hu\/wp-content\/uploads\/2021\/02\/1578568011021.jpeg 570w, https:\/\/www.fogaszatikeszulek.hu\/wp-content\/uploads\/2021\/02\/1578568011021-300x180.jpeg 300w, https:\/\/www.fogaszatikeszulek.hu\/wp-content\/uploads\/2021\/02\/1578568011021-230x138.jpeg 230w, https:\/\/www.fogaszatikeszulek.hu\/wp-content\/uploads\/2021\/02\/1578568011021-350x210.jpeg 350w, https:\/\/www.fogaszatikeszulek.hu\/wp-content\/uploads\/2021\/02\/1578568011021-480x288.jpeg 480w\" sizes=\"auto, (max-width: 450px) 100vw, 450px\" \/>Min\u0151s\u00e9g<\/h5>\n<p style=\"text-align: justify;\">Az \u00faj elektronika, szoftver, motorok \u00e9s mechanikai elemek kombin\u00e1ci\u00f3ja finomabb felbont\u00e1shoz \u00e9s fokozott dinamik\u00e1hoz vezetnek. Ez kiemelked\u0151en pontos sz\u00e9leket \u00e9s felsz\u00edni r\u00e9szleteket hoz l\u00e9tre a restaur\u00e1tumon, a szuperprec\u00edz eredm\u00e9ny\u00e9rt.<\/p>\n<p style=\"text-align: justify;\">Az \u00faj, nagyon pontos, 0,5 mm-es farag\u00f3eszk\u00f6z megb\u00edzhat\u00f3an hozza az els\u0151oszt\u00e1ly\u00fa klinikai eredm\u00e9nyeket. V\u00e1ltson Extra fine farag\u00f3 funkci\u00f3ra a magasszint\u0171 r\u00e9szletgadags\u00e1g\u00e9rt az occlusalis fissur\u00e1kban \u00e9s a hidak interdentalis ter\u00fcletein.<\/p>\n<p>&nbsp;<\/p>\n<h5 style=\"text-align: justify;\"><img loading=\"lazy\" decoding=\"async\" class=\"alignleft wp-image-2227\" src=\"https:\/\/www.fogaszatikeszulek.hu\/wp-content\/uploads\/2021\/02\/1578660493957.gif\" alt=\"\" width=\"450\" height=\"270\">Gyorsas\u00e1g<\/h5>\n<p style=\"text-align: justify;\">Gyorsas\u00e1gra \u00e9s precizit\u00e1sra fejlesztve, az \u00faj CEREC Primemill meg\u00f6r\u00f6k\u00f6lte el\u0151dei&nbsp; erej\u00e9t \u00e9s teljesen \u00faj magaslatokba emelte a teljes\u00edtm\u00e9nyt.<\/p>\n<p style=\"text-align: justify;\">Mostant\u00f3l Super Fast m\u00f3dban faraghatja cirk\u00f3nia p\u00f3tl\u00e1sait k\u00f6r\u00fclbel\u00fcl 5 perces id\u0151vel, \u00edgy kevesebb mint a fel\u00e9re cs\u00f6kkentve a feldolgoz\u00e1si id\u0151t. A tov\u00e1bbfejlesztett mar\u00e1si m\u00f3d a magasmin\u0151s\u00e9g\u0171 \u00fcvegker\u00e1mia anyagokhoz szint\u00e9n gyorsabb lett a kor\u00e1bbiakn\u00e1l. Az eredm\u00e9ny? El\u00e9gedett p\u00e1ciensek \u00e9s nagym\u00e9rt\u00e9k\u0171 produktivit\u00e1s.<\/p>\n<p>&nbsp;<\/p>\n<h5 style=\"text-align: justify;\"><img loading=\"lazy\" decoding=\"async\" class=\"alignright wp-image-2228\" src=\"https:\/\/www.fogaszatikeszulek.hu\/wp-content\/uploads\/2021\/02\/1578573004172.jpeg\" alt=\"\" width=\"450\" height=\"270\" srcset=\"https:\/\/www.fogaszatikeszulek.hu\/wp-content\/uploads\/2021\/02\/1578573004172.jpeg 570w, https:\/\/www.fogaszatikeszulek.hu\/wp-content\/uploads\/2021\/02\/1578573004172-300x180.jpeg 300w, https:\/\/www.fogaszatikeszulek.hu\/wp-content\/uploads\/2021\/02\/1578573004172-230x138.jpeg 230w, https:\/\/www.fogaszatikeszulek.hu\/wp-content\/uploads\/2021\/02\/1578573004172-350x210.jpeg 350w, https:\/\/www.fogaszatikeszulek.hu\/wp-content\/uploads\/2021\/02\/1578573004172-480x288.jpeg 480w\" sizes=\"auto, (max-width: 450px) 100vw, 450px\" \/>K\u00e9nyelem<\/h5>\n<p style=\"text-align: justify;\">Az \u00faj 7\u201d-os \u00e9rint\u0151k\u00e9perny\u0151 l\u00e9p\u00e9sr\u0151l l\u00e9p\u00e9sre \u00e1tvezeti a felhaszn\u00e1l\u00f3t a k\u00fcl\u00f6nb\u00f6z\u0151 munkafolyamatokon,&nbsp; kulcsfontoss\u00e1g\u00fa karbantart\u00e1son \u00e9s m\u00e1s rutin feladatokon egyar\u00e1nt, \u00edgy teljes nyugalommal r\u00e1b\u00edzhatja m\u00e1sra a farag\u00e1st. A be\u00e9p\u00edtett blokk-szkenner \u00faj, id\u0151takar\u00e9kos funkci\u00f3, mellyel beszkennelheti az adott blokk anyag\u00e1t a megfelel\u0151 m\u00e1trix k\u00f3dokkal \u00e9s r\u00f6gz\u00edtett inform\u00e1ci\u00f3kkal, mint a t\u00edpus, m\u00e9ret, sz\u00edn \u00e9s cirk\u00f3nia nagy\u00edt\u00e1si faktor. Minden CEREC Primemill f\u00far\u00f3eszk\u00f6z sz\u00ednk\u00f3dolt, RFID csippel ell\u00e1tott, melyet az RFID eszk\u00f6zolvas\u00f3 felismer \u00e9s megjelen\u00edti az eszk\u00f6z\u00f6k \u00e1llapot\u00e1t a kijelz\u0151n, jelezve a felhaszn\u00e1l\u00f3nak, ha azok esetleg cser\u00e9re szorulnak. Ez biztos\u00edtja, hogy az f\u00far\u00f3k mindig optim\u00e1lis szinten teljes\u00edtsenek.<\/p>\n<p>&nbsp;<\/p>\n<h5 style=\"text-align: justify;\"><img loading=\"lazy\" decoding=\"async\" class=\"alignleft wp-image-2230\" src=\"https:\/\/www.fogaszatikeszulek.hu\/wp-content\/uploads\/2021\/02\/1578674430577.gif\" alt=\"\" width=\"450\" height=\"270\">V\u00e1ltozatoss\u00e1g<\/h5>\n<p style=\"text-align: justify;\">\u00dcdv\u00f6z\u00f6lj\u00fck egy olyan vil\u00e1gban, ahol f\u00fcr\u00f6dhet a v\u00e1laszt\u00e9kban! Az \u00faj CEREC Primemill kombin\u00e1lja a nedves- \u00e9s sz\u00e1raz farag\u00e1st, valamint a nedves mar\u00e1st. B\u00e1rmilyen indik\u00e1ci\u00f3r\u00f3l legyen sz\u00f3, a CEREC Primemillel sz\u00e9lessk\u00e1l\u00e1n v\u00e1laszthat anyagokat ellen\u0151rz\u00f6tt partnereinkt\u0151l, ezzel rugalmass\u00e1got \u00e9s kisz\u00e1m\u00edthat\u00f3s\u00e1got ny\u00fajtva \u00d6nnek, hogy biztos\u00edthassa a legjobb kezel\u00e9st p\u00e1ciensei sz\u00e1m\u00e1ra.<\/p>\n<p style=\"text-align: justify;\">V\u00e1lasszon a g\u00e9pi megmunk\u00e1l\u00e1s teljes spektrum\u00e1b\u00f3l, ahol megtal\u00e1lhatja a cirk\u00f3nia sz\u00e1raz \u00e9s nedves farag\u00e1s\u00e1t vagy az \u00fcveg- \u00e9s hibridker\u00e1mi\u00e1k nedves mar\u00e1s\u00e1t is.<\/p>\n<p>&nbsp;<\/p>\n<p style=\"text-align: center;\"><iframe loading=\"lazy\"  id=\"_ytid_42777\"  width=\"1170\" height=\"658\"  data-origwidth=\"1170\" data-origheight=\"658\" src=\"https:\/\/www.youtube.com\/embed\/KUxNOgiDKN8?enablejsapi=1&autoplay=0&cc_load_policy=0&cc_lang_pref=&iv_load_policy=1&loop=0&rel=1&fs=1&playsinline=0&autohide=2&theme=dark&color=red&controls=1&disablekb=0&\" class=\"__youtube_prefs__  no-lazyload\" title=\"YouTube player\"  allow=\"fullscreen; accelerometer; autoplay; clipboard-write; encrypted-media; gyroscope; picture-in-picture; web-share\" referrerpolicy=\"strict-origin-when-cross-origin\" allowfullscreen data-no-lazy=\"1\" data-skipgform_ajax_framebjll=\"\"><\/iframe><\/p>\n<p>&nbsp;<\/p>\n<h4>\u00daj szint a farag\u00e1sban<\/h4>\n<p>A CEREC Primemill \u00faj szintre emeli a felhaszn\u00e1l\u00f3bar\u00e1t m\u0171k\u00f6d\u00e9st. \u00daj design \u00e9s m\u0171szaki adotts\u00e1gok teszik m\u00e9g k\u00f6nnyebb\u00e9 a rendszer be\u00e9p\u00edt\u00e9s\u00e9t a rendel\u0151be.<\/p>\n<table width=\"900\" border=\"0\">\n<tbody>\n<tr>\n<td width=\"300\"><img loading=\"lazy\" decoding=\"async\" class=\"alignnone wp-image-2232\" src=\"https:\/\/www.fogaszatikeszulek.hu\/wp-content\/uploads\/2021\/02\/1578660401068.gif\" alt=\"\" width=\"300\" height=\"180\"><\/td>\n<td width=\"300\"><img loading=\"lazy\" decoding=\"async\" class=\"alignnone wp-image-2234\" src=\"https:\/\/www.fogaszatikeszulek.hu\/wp-content\/uploads\/2021\/02\/1578573553594.jpeg\" alt=\"\" width=\"300\" height=\"180\" srcset=\"https:\/\/www.fogaszatikeszulek.hu\/wp-content\/uploads\/2021\/02\/1578573553594.jpeg 570w, https:\/\/www.fogaszatikeszulek.hu\/wp-content\/uploads\/2021\/02\/1578573553594-300x180.jpeg 300w, https:\/\/www.fogaszatikeszulek.hu\/wp-content\/uploads\/2021\/02\/1578573553594-230x138.jpeg 230w, https:\/\/www.fogaszatikeszulek.hu\/wp-content\/uploads\/2021\/02\/1578573553594-350x210.jpeg 350w, https:\/\/www.fogaszatikeszulek.hu\/wp-content\/uploads\/2021\/02\/1578573553594-480x288.jpeg 480w\" sizes=\"auto, (max-width: 300px) 100vw, 300px\" \/><\/td>\n<td width=\"300\"><img loading=\"lazy\" decoding=\"async\" class=\"alignnone wp-image-2235\" src=\"https:\/\/www.fogaszatikeszulek.hu\/wp-content\/uploads\/2021\/02\/1578661050917.jpeg\" alt=\"\" width=\"300\" height=\"180\" srcset=\"https:\/\/www.fogaszatikeszulek.hu\/wp-content\/uploads\/2021\/02\/1578661050917.jpeg 570w, https:\/\/www.fogaszatikeszulek.hu\/wp-content\/uploads\/2021\/02\/1578661050917-300x180.jpeg 300w, https:\/\/www.fogaszatikeszulek.hu\/wp-content\/uploads\/2021\/02\/1578661050917-230x138.jpeg 230w, https:\/\/www.fogaszatikeszulek.hu\/wp-content\/uploads\/2021\/02\/1578661050917-350x210.jpeg 350w, https:\/\/www.fogaszatikeszulek.hu\/wp-content\/uploads\/2021\/02\/1578661050917-480x288.jpeg 480w\" sizes=\"auto, (max-width: 300px) 100vw, 300px\" \/><\/td>\n<\/tr>\n<tr>\n<td>\n<h4>Innovat\u00edv LED f\u00e9ny<\/h4>\n<p>Mutatja a k\u00e9sz\u00fcl\u00e9k \u00e1llapot\u00e1t \u00e9s a farag\u00e1s vagy mar\u00e1s folyamat\u00e1t<\/td>\n<td>\n<h4>\u00daj fi\u00f3kos kialak\u00edt\u00e1s<\/h4>\n<p>K\u00f6zvetlen hozz\u00e1f\u00e9r\u00e9st biztos\u00edt a f\u00far\u00f3khoz \u00e9s a kieg\u00e9sz\u00edt\u0151kh\u00f6z<\/td>\n<td>\n<h4>V\u00e1ltozatos anyagok<\/h4>\n<p>V\u00e1lasszon a CAD\/CAM anyagok sz\u00e9les v\u00e1laszt\u00e9kb\u00f3l<\/td>\n<\/tr>\n<\/tbody>\n<\/table>\n<h5>&nbsp;<\/h5>\n<h5>Digit\u00e1lis chairside fog\u00e1szat. \u00dajragondolva.<\/h5>\n<p>Az \u00faj, oszt\u00e1ly\u00e1ban legjobb farag\u00f3egys\u00e9ggel \u00e9s a CEREC Primescanhez tartoz\u00f3 automatiz\u00e1lt, intuit\u00edv szoftverrel egy igaz\u00e1n j\u00f6v\u0151biztos megold\u00e1ssal szerelheti rendel\u0151j\u00e9t.<\/p>\n<ul>\n<li><strong>A teljesen \u00faj CEREC:<\/strong> A CEREC rendszer leg\u00fajabb gener\u00e1ci\u00f3ja m\u00e9g magasabb sz\u00ednvonalat biztos\u00edt, \u00edgy egyszerre ny\u00fajthat p\u00e1cienseinek egy\u00fcl\u00e9ses kezel\u00e9st \u00e9s kit\u0171n\u0151 min\u0151s\u00e9get.<\/li>\n<li><strong>Egyed\u00fcl\u00e1ll\u00f3 megold\u00e1s:&nbsp;<\/strong>A CEREC rendszer vil\u00e1gszint\u0171 elemekb\u0151l \u00e1ll \u00f6ssze, melyek t\u00f6k\u00e9letesen kapcsol\u00f3dnak, hogy biztos\u00edts\u00e1k a megszak\u00edt\u00e1s n\u00e9lk\u00fcli munkafolyamatokat. A CEREC Primescan, Cerec Software 5 \u00e9s CEREC Primemill seg\u00edts\u00e9g\u00e9vel a digit\u00e1lis chairside fog\u00e1szat gyorsabb, k\u00f6nnyebb \u00e9s megb\u00edzhat\u00f3bb, mint eddig b\u00e1rmikor.<\/li>\n<li><strong>Kiemelked\u0151 eredm\u00e9nyek:<\/strong>&nbsp;35 \u00e9v folyamatos fejleszt\u00e9s ut\u00e1n a CEREC olyan lehet\u0151s\u00e9geket ny\u00fajt, melyekre sz\u00fcks\u00e9ge van t\u00f6bbf\u00e9le indik\u00e1ci\u00f3 magabiztos kezel\u00e9s\u00e9hez, mindezt kiemelked\u0151 eredm\u00e9nyekkel.<\/li>\n<li>Az \u00faj CEREC Primemill amellett, hogy z\u00f6kken\u0151mentesen kommunik\u00e1l a t\u00f6bbi CEREC k\u00e9sz\u00fcl\u00e9kekkel, j\u00f3l is n\u00e9z ki. Letisztult kin\u00e9zet\u00e9vel t\u00f6k\u00e9letesen illeszkedik egy halad\u00f3 gondolkod\u00e1s\u00fa rendel\u0151be.<\/li>\n<\/ul>\n","protected":false},"excerpt":{"rendered":"<p>Kiv\u00e1l\u00f3s\u00e1g egyszer\u0171en &nbsp; Min\u0151s\u00e9g Az \u00faj elektronika, szoftver, motorok \u00e9s mechanikai elemek kombin\u00e1ci\u00f3ja finomabb felbont\u00e1shoz \u00e9s fokozott dinamik\u00e1hoz vezetnek. Ez kiemelked\u0151en pontos sz\u00e9leket \u00e9s felsz\u00edni r\u00e9szleteket hoz l\u00e9tre a restaur\u00e1tumon, a szuperprec\u00edz eredm\u00e9ny\u00e9rt. Az \u00faj, nagyon pontos, 0,5 mm-es farag\u00f3eszk\u00f6z megb\u00edzhat\u00f3an hozza az els\u0151oszt\u00e1ly\u00fa klinikai eredm\u00e9nyeket. V\u00e1ltson Extra fine farag\u00f3 funkci\u00f3ra a magasszint\u0171 r\u00e9szletgadags\u00e1g\u00e9rt az [&hellip;]<\/p>\n","protected":false},"author":1,"featured_media":0,"parent":0,"menu_order":0,"comment_status":"closed","ping_status":"closed","template":"","meta":{"ngg_post_thumbnail":0,"footnotes":""},"class_list":["post-2222","page","type-page","status-publish","hentry"],"_links":{"self":[{"href":"https:\/\/www.fogaszatikeszulek.hu\/index.php\/wp-json\/wp\/v2\/pages\/2222","targetHints":{"allow":["GET"]}}],"collection":[{"href":"https:\/\/www.fogaszatikeszulek.hu\/index.php\/wp-json\/wp\/v2\/pages"}],"about":[{"href":"https:\/\/www.fogaszatikeszulek.hu\/index.php\/wp-json\/wp\/v2\/types\/page"}],"author":[{"embeddable":true,"href":"https:\/\/www.fogaszatikeszulek.hu\/index.php\/wp-json\/wp\/v2\/users\/1"}],"replies":[{"embeddable":true,"href":"https:\/\/www.fogaszatikeszulek.hu\/index.php\/wp-json\/wp\/v2\/comments?post=2222"}],"version-history":[{"count":11,"href":"https:\/\/www.fogaszatikeszulek.hu\/index.php\/wp-json\/wp\/v2\/pages\/2222\/revisions"}],"predecessor-version":[{"id":2242,"href":"https:\/\/www.fogaszatikeszulek.hu\/index.php\/wp-json\/wp\/v2\/pages\/2222\/revisions\/2242"}],"wp:attachment":[{"href":"https:\/\/www.fogaszatikeszulek.hu\/index.php\/wp-json\/wp\/v2\/media?parent=2222"}],"curies":[{"name":"wp","href":"https:\/\/api.w.org\/{rel}","templated":true}]}}