{"id":2036,"date":"2020-06-24T20:11:06","date_gmt":"2020-06-24T20:11:06","guid":{"rendered":"http:\/\/www.fogaszatikeszulek.hu\/?page_id=2036"},"modified":"2020-06-30T11:07:26","modified_gmt":"2020-06-30T11:07:26","slug":"orthophos-sl-2d-3d","status":"publish","type":"page","link":"https:\/\/www.fogaszatikeszulek.hu\/index.php\/orthophos-sl-2d-3d\/","title":{"rendered":"Orthophos SL (2D\/3D)"},"content":{"rendered":"<p style=\"text-align: justify;\"><strong><img loading=\"lazy\" decoding=\"async\" class=\"alignleft wp-image-2042\" src=\"https:\/\/www.fogaszatikeszulek.hu\/wp-content\/uploads\/2020\/06\/sl-1.jpg\" alt=\"\" width=\"400\" height=\"337\" srcset=\"https:\/\/www.fogaszatikeszulek.hu\/wp-content\/uploads\/2020\/06\/sl-1.jpg 300w, https:\/\/www.fogaszatikeszulek.hu\/wp-content\/uploads\/2020\/06\/sl-1-230x194.jpg 230w\" sizes=\"auto, (max-width: 400px) 100vw, 400px\" \/>T\u00f6bbet l\u00e1tni. T\u00f6bbet csin\u00e1lni.<\/strong><\/p>\n<p style=\"text-align: justify;\">Cs\u00facsmin\u0151s\u00e9g\u0171 2D\/3D hibrid k\u00e9sz\u00fcl\u00e9k azok sz\u00e1m\u00e1ra, akik a legfejlettebb technol\u00f3gi\u00e1kkal dolgoznak \u00e9s azoknak, akik egyszer\u0171en t\u00f6bbre v\u00e1gynak. A be\u00e9p\u00edtett Direct Conversion Sensor (DCS) teljesen \u00fajrafogalmazza a panor\u00e1ma felv\u00e9telek standardj\u00e1t \u2013 kiv\u00e9teles \u00e9less\u00e9get ny\u00fajtva. A Sharp Layer technol\u00f3gia autof\u00f3kusz\u00e1lt panor\u00e1ma felv\u00e9teleket biztos\u00edt a bonyolult anat\u00f3miai esetekben is. Az Orthophos SL garant\u00e1lja a lehet\u0151 legk\u00f6nnyebb haszn\u00e1latot az automata p\u00e1cienspoz\u00edcion\u00e1l\u00e1ssal, az EasyPad-del val\u00f3 intuit\u00edv be\u00e1ll\u00edt\u00e1ssal \u00e9s szem\u00e9lyre szabhat\u00f3 hangulatf\u00e9nnyel is rendelkezik az exkluz\u00edv megjelen\u00e9s\u00e9rt. \u00c9s mivel a Dentsply Siron\u00e1n\u00e1l a j\u00f6v\u0151re val\u00f3 felk\u00e9sz\u00fcl\u00e9s els\u0151dleges, a cephalo kar \u00e9s a 3D fejleszt\u00e9s ak\u00e1rmikor ut\u00f3lagosan is be\u00e9p\u00edthet\u0151.<\/p>\n<p>&nbsp;<\/p>\n<h5>Az Orthophos SL k\u00e9sz\u00fcl\u00e9k el\u0151nyei<\/h5>\n<p>Az Orthophos SL-lel rendel\u0151je felk\u00e9sz\u00fclt a 2D \u00e9s 3D felv\u00e9teleket ig\u00e9nyl\u0151 esetek sz\u00e9les v\u00e1laszt\u00e9k\u00e1ra.<\/p>\n<ul>\n<li style=\"text-align: justify;\">Elk\u00e9peszt\u0151 felv\u00e9telek<br \/>\nEgyed\u00fcl\u00e1ll\u00f3 DCS szenzor a legjobb k\u00e9pmin\u0151s\u00e9g\u00e9rt.<\/li>\n<li style=\"text-align: justify;\">R\u00e9tegenk\u00e9nti f\u00f3kusza<br \/>\nA Sharp Layer technol\u00f3gia lehet\u0151s\u00e9get ad arra, hogy megb\u00edzhat\u00f3 \u00e9less\u00e9ggel jelen\u00edtsen meg k\u00fcl\u00f6nb\u00f6z\u0151 r\u00e9tegeket.<\/li>\n<li style=\"text-align: justify;\">Optim\u00e1lisan poz\u00edcion\u00e1lt felv\u00e9telek melyek k\u00f6nnyen reproduk\u00e1lhat\u00f3k<br \/>\nAz automata p\u00e1cienspoz\u00edcion\u00e1l\u00e1s az occlusalis harap\u00e1sr\u00f6gz\u00edt\u0151vel \u00e9s az intuit\u00edv EasyPad-del stabilit\u00e1s, kisz\u00e1m\u00edthat\u00f3s\u00e1got ny\u00fajt. Automatikusan be\u00e1ll\u00edtja a p\u00e1ciens fej\u00e9nek korrekt d\u0151l\u00e9ssz\u00f6g\u00e9t, \u00edgy v\u00e9gre elhagyhatja a sz\u00fcks\u00e9gtelenn\u00e9 v\u00e1lt ellen\u0151rz\u0151 felv\u00e9teleket.<\/li>\n<li style=\"text-align: justify;\">\u00c1tfog\u00f3 panor\u00e1ma \u00e9s cephalometri\u00e1s programok<br \/>\nSz\u00e1rnyas, sinus vagy cephalo felv\u00e9telekhez a jobb vagy bal cephalo kar opcion\u00e1lis \u00e9s b\u00e1rmikor ut\u00f3lagosan is be\u00e9p\u00edthet\u0151.<\/li>\n<li>3D felv\u00e9tel az \u00d6n ig\u00e9nyeinek megfelel\u0151en<br \/>\nA Low Dose \u00e9s HD funkci\u00f3k seg\u00edts\u00e9g\u00e9vel 3D felv\u00e9teleket k\u00e9sz\u00edthet ak\u00e1r m\u00e1r egy 2D r\u00f6ntgenfelv\u00e9tel d\u00f3zis\u00e1val \u00e9s HD felv\u00e9teleket 80 mikrom\u00e9teres felbont\u00e1sig.<\/li>\n<li>V\u00e1laszthat\u00f3 3D volumenek<br \/>\n5 x 5,5 cm-t\u0151l eg\u00e9szen 11 x 10 cm-ig.<\/li>\n<li>Biztons\u00e1gos \u00e9s bizony\u00edtott p\u00e1cienspoz\u00edcion\u00e1l\u00e1s<br \/>\nMotoros hal\u00e1nt\u00e9k- \u00e9s homlokt\u00e1masz, automata fejm\u00e9ret m\u00e9r\u00e9s, f\u00e9ny lokaliz\u00e1torok \u00e9s er\u0151s foganty\u00fak<\/li>\n<li>Kellemes k\u00f6rnyezet<br \/>\nA hangulatf\u00e9ny t\u00f6bb mint 30 sz\u00ednnel el\u00e9rhet\u0151<\/li>\n<\/ul>\n<h5>&nbsp;<\/h5>\n<h5>&nbsp;DCS \u2013 Egyed\u00fcl\u00e1ll\u00f3 \u00e9less\u00e9g a finom r\u00e9szletek\u00e9rt<\/h5>\n<p style=\"text-align: justify;\">A Direct Conversion Sensor (DCS) \u00fajrafogalmazta a panor\u00e1ma felv\u00e9telek standardj\u00e1t. A r\u00f6ntgensugarak egyenesen elektromos jell\u00e9 alak\u00edt\u00f3dnak \u00e1t \u2013 szemben a konvencion\u00e1lis rendszerekkel, nincs jelvesztes\u00e9g a f\u00e9ny konverzi\u00f3 sor\u00e1n. Ez az \u00d6n sz\u00e1m\u00e1ra t\u00f6bb k\u00e9pinform\u00e1ci\u00f3t jelent. Az eredm\u00e9ny, egyed\u00fcl\u00e1ll\u00f3an magas szint\u0171 \u00e9less\u00e9ggel b\u00edr\u00f3 felv\u00e9telek, m\u00e9g extr\u00e9m alacsony d\u00f3zis eset\u00e9n is.<\/p>\n<p><img loading=\"lazy\" decoding=\"async\" class=\"alignnone wp-image-2043\" src=\"https:\/\/www.fogaszatikeszulek.hu\/wp-content\/uploads\/2020\/06\/dcs2-1.jpg\" alt=\"\" width=\"900\" height=\"506\" srcset=\"https:\/\/www.fogaszatikeszulek.hu\/wp-content\/uploads\/2020\/06\/dcs2-1.jpg 1200w, https:\/\/www.fogaszatikeszulek.hu\/wp-content\/uploads\/2020\/06\/dcs2-1-300x169.jpg 300w, https:\/\/www.fogaszatikeszulek.hu\/wp-content\/uploads\/2020\/06\/dcs2-1-768x432.jpg 768w, https:\/\/www.fogaszatikeszulek.hu\/wp-content\/uploads\/2020\/06\/dcs2-1-1024x576.jpg 1024w, https:\/\/www.fogaszatikeszulek.hu\/wp-content\/uploads\/2020\/06\/dcs2-1-830x467.jpg 830w, https:\/\/www.fogaszatikeszulek.hu\/wp-content\/uploads\/2020\/06\/dcs2-1-230x129.jpg 230w, https:\/\/www.fogaszatikeszulek.hu\/wp-content\/uploads\/2020\/06\/dcs2-1-350x197.jpg 350w, https:\/\/www.fogaszatikeszulek.hu\/wp-content\/uploads\/2020\/06\/dcs2-1-480x270.jpg 480w\" sizes=\"auto, (max-width: 900px) 100vw, 900px\" \/><\/p>\n<h5>&nbsp;<\/h5>\n<h5>Sharp Layer Technol\u00f3gia<\/h5>\n<p style=\"text-align: justify;\">A Sharp Layer technol\u00f3gia lehet\u0151s\u00e9get ad arra, hogy megb\u00edzhat\u00f3 \u00e9less\u00e9ggel jelen\u00edtsen meg k\u00fcl\u00f6nb\u00f6z\u0151 r\u00e9tegeket.<\/p>\n<p>&nbsp;<\/p>\n<h5>Autof\u00f3kusz \u2013 Automatikusan a leg\u00e9lesebb k\u00e9p<\/h5>\n<p style=\"text-align: justify;\">Bizonyoss\u00e1g a t\u00f6bbet l\u00e1t\u00e1sban: Nagy felbont\u00e1s\u00fa panor\u00e1ma r\u00f6ntgenfelv\u00e9telhez a j\u00f3 f\u00f3kusz\u00e1lts\u00e1g esszenci\u00e1lis. Az \u00e1llcsontnak mindig a k\u00e9sz\u00fcl\u00e9k \u00e9les k\u00e9pr\u00e9teg\u00e9be kell essen. Ehhez az Orthophos t\u00f6bbezer k\u00fcl\u00f6n k\u00e9pet k\u00e9sz\u00edt egyetlen felv\u00e9telkor \u00e9s automatikusan felismeri azokat a ter\u00fcleteket, ahol az \u00e1llcsont optim\u00e1lis poz\u00edci\u00f3ban helyezkedik el. Ezeket egyetlen maxim\u00e1lis \u00e9less\u00e9g\u0171 k\u00e9pp\u00e9 alak\u00edtja, mindenf\u00e9le k\u00f6zti l\u00e9p\u00e9s n\u00e9lk\u00fcl.<\/p>\n<h5>&nbsp;<\/h5>\n<h5><img loading=\"lazy\" decoding=\"async\" class=\"alignleft wp-image-1963\" src=\"https:\/\/www.fogaszatikeszulek.hu\/wp-content\/uploads\/2020\/06\/kefalo.jpg\" alt=\"\" width=\"400\" height=\"240\" srcset=\"https:\/\/www.fogaszatikeszulek.hu\/wp-content\/uploads\/2020\/06\/kefalo.jpg 570w, https:\/\/www.fogaszatikeszulek.hu\/wp-content\/uploads\/2020\/06\/kefalo-300x180.jpg 300w, https:\/\/www.fogaszatikeszulek.hu\/wp-content\/uploads\/2020\/06\/kefalo-230x138.jpg 230w, https:\/\/www.fogaszatikeszulek.hu\/wp-content\/uploads\/2020\/06\/kefalo-350x210.jpg 350w, https:\/\/www.fogaszatikeszulek.hu\/wp-content\/uploads\/2020\/06\/kefalo-480x288.jpg 480w\" sizes=\"auto, (max-width: 400px) 100vw, 400px\" \/>Cephalometri\u00e1s felv\u00e9tel<\/h5>\n<p style=\"text-align: justify;\">Az Orthophos SL 3D-n\u00e9l lehet\u0151s\u00e9g van cephalometri\u00e1s kar felszerel\u00e9se b\u00e1rmikor, ak\u00e1r ut\u00f3lag is. \u00c9s, hogy biztosan illeszkedjen r\u00f6ntgenhelyis\u00e9g\u00e9be v\u00e1laszthat\u00f3 jobb- vagy baloldali kivitelben.<\/p>\n<p style=\"text-align: justify;\"><strong>Cephalometri\u00e1s programok, melyek lefedik az \u00f6sszes orthodonciai ig\u00e9nyt<\/strong><\/p>\n<p style=\"text-align: justify;\">Dedik\u00e1lt szenzorral k\u00e9sz\u00edthet later\u00e1lis \u00e9s szimmetrikus postero-anterior vagy antero-posterior felv\u00e9telt, valamint carpus k\u00e9pet.<\/p>\n<h5>&nbsp;<\/h5>\n<h5>K\u00f6nny\u0171 haszn\u00e1lat, biztons\u00e1gos poz\u00edcion\u00e1l\u00e1s<\/h5>\n<p style=\"text-align: justify;\">\u00d6nnek, a r\u00f6ntgenk\u00e9sz\u00fcl\u00e9k haszn\u00e1lata k\u00e9t dologr\u00f3l sz\u00f3l: A lehet\u0151 legszebb felv\u00e9tel \u00e9s a p\u00e1ciens k\u00e9nyelme. Az Orthophos SL 3D mindkett\u0151t biztos\u00edtja egyed\u00fcl\u00e1ll\u00f3, lev\u00e9dett megold\u00e1saival:<\/p>\n<ul>\n<li>Intuit\u00edv felhaszn\u00e1l\u00f3i fel\u00fclet az EasyPad-del<\/li>\n<li>Automatikus poz\u00edcion\u00e1l\u00f3 elemek, mint az occlusalis harap\u00e1sr\u00f6gz\u00edt\u0151 \u00e9s a h\u00e1rompontos fejt\u00e1masz<\/li>\n<li>Integr\u00e1lt fejm\u00e9ret meghat\u00e1roz\u00e1s<\/li>\n<\/ul>\n<p>&nbsp;<\/p>\n<h5><img loading=\"lazy\" decoding=\"async\" class=\"alignright wp-image-1976\" src=\"https:\/\/www.fogaszatikeszulek.hu\/wp-content\/uploads\/2020\/06\/ambient.jpg\" alt=\"\" width=\"330\" height=\"198\" srcset=\"https:\/\/www.fogaszatikeszulek.hu\/wp-content\/uploads\/2020\/06\/ambient.jpg 582w, https:\/\/www.fogaszatikeszulek.hu\/wp-content\/uploads\/2020\/06\/ambient-300x180.jpg 300w, https:\/\/www.fogaszatikeszulek.hu\/wp-content\/uploads\/2020\/06\/ambient-230x138.jpg 230w, https:\/\/www.fogaszatikeszulek.hu\/wp-content\/uploads\/2020\/06\/ambient-350x210.jpg 350w, https:\/\/www.fogaszatikeszulek.hu\/wp-content\/uploads\/2020\/06\/ambient-480x288.jpg 480w\" sizes=\"auto, (max-width: 330px) 100vw, 330px\" \/>Hangulatf\u00e9ny<\/h5>\n<p style=\"text-align: justify;\">A t\u00f6bb mint 30 f\u00e9le hangulatf\u00e9nnyel az Orthophos SL 3D kellemes atmoszf\u00e9r\u00e1t ny\u00fajt \u00d6nnek \u00e9s p\u00e1cienseinek, valamint t\u00f6k\u00e9letesen illeszkedik az \u00d6n \u00e1ltal v\u00e1lasztott modern rendel\u0151i kin\u00e9zethez.<\/p>\n<h5>&nbsp;<\/h5>\n<h5>V\u00e1ltozatos volumenek<\/h5>\n<p style=\"text-align: justify;\">L\u00e1t\u00f3ter\u00fcnket az \u00d6n ig\u00e9nyeihez igaz\u00edtottuk. Kezdve az 5&#215;5,5 cm-es FoV-vel endodonciai vagy egy implantos esetekhez, eg\u00e9szen a 11&#215;10 cm-es FoV-ig a komplett fogazat \u00e9s a fels\u0151 l\u00e9gutak anal\u00edzis\u00e9hez, eld\u00f6ntheti melyik volumen a legmegfelel\u0151bb az \u00d6n sz\u00e1m\u00e1ra.<\/p>\n<h5>&nbsp;<\/h5>\n<h5>3D k\u00e9pek<\/h5>\nngg_shortcode_0_placeholder\n<h5>MARS a f\u00e9nyess\u00e9g kik\u00fcsz\u00f6b\u00f6l\u00e9s\u00e9re<\/h5>\n<p style=\"text-align: justify;\"><img loading=\"lazy\" decoding=\"async\" class=\"wp-image-1043 alignright\" src=\"https:\/\/www.fogaszatikeszulek.hu\/wp-content\/uploads\/2018\/03\/1488721242898.png\" alt=\"\" width=\"400\" height=\"240\" srcset=\"https:\/\/www.fogaszatikeszulek.hu\/wp-content\/uploads\/2018\/03\/1488721242898.png 570w, https:\/\/www.fogaszatikeszulek.hu\/wp-content\/uploads\/2018\/03\/1488721242898-300x180.png 300w, https:\/\/www.fogaszatikeszulek.hu\/wp-content\/uploads\/2018\/03\/1488721242898-230x138.png 230w, https:\/\/www.fogaszatikeszulek.hu\/wp-content\/uploads\/2018\/03\/1488721242898-350x210.png 350w, https:\/\/www.fogaszatikeszulek.hu\/wp-content\/uploads\/2018\/03\/1488721242898-480x288.png 480w\" sizes=\"auto, (max-width: 400px) 100vw, 400px\" \/>A f\u00e9m idegentestek jelenl\u00e9te nagy kih\u00edv\u00e1st jelent a 3D felv\u00e9telekn\u00e9l. A 3D rekonstrukci\u00f3n\u00e1l a radiopak t\u00e1rgyak \u00e1rny\u00e9kolnak \u00e9s cs\u00edkokat, sugarakat hoznak l\u00e9tre a r\u00f6ntgenk\u00e9pen. Ez k\u00fcl\u00f6n\u00f6sen igaz a f\u00e9mrestaur\u00e1ci\u00f3kkal rendelkez\u0151 p\u00e1ciensekre, ahol ezek az effektek megnehez\u00edtik a diagn\u00f3zist. A MARS (Metal Artifact Reduction Software) cs\u00f6kkenti a f\u00e9mek zaj\u00e1t a 3D felv\u00e9teleken. Ez jav\u00edtja a k\u00e9pmin\u0151s\u00e9get \u00e9s seg\u00edti a diagn\u00f3zist, az azt nehez\u00edt\u0151 t\u00e9nyez\u0151k kiiktat\u00e1s\u00e1val.<\/p>\n<h5>&nbsp;<\/h5>\n<h5><img loading=\"lazy\" decoding=\"async\" class=\"alignright wp-image-1046\" src=\"https:\/\/www.fogaszatikeszulek.hu\/wp-content\/uploads\/2018\/03\/1489433350083.png\" alt=\"\" width=\"400\" height=\"240\" srcset=\"https:\/\/www.fogaszatikeszulek.hu\/wp-content\/uploads\/2018\/03\/1489433350083.png 570w, https:\/\/www.fogaszatikeszulek.hu\/wp-content\/uploads\/2018\/03\/1489433350083-300x180.png 300w, https:\/\/www.fogaszatikeszulek.hu\/wp-content\/uploads\/2018\/03\/1489433350083-230x138.png 230w, https:\/\/www.fogaszatikeszulek.hu\/wp-content\/uploads\/2018\/03\/1489433350083-350x210.png 350w, https:\/\/www.fogaszatikeszulek.hu\/wp-content\/uploads\/2018\/03\/1489433350083-480x288.png 480w\" sizes=\"auto, (max-width: 400px) 100vw, 400px\" \/>HD m\u00f3d (3D)<\/h5>\n<p style=\"text-align: justify;\">A Dentsply Sirona k\u00e9sz\u00fcl\u00e9kek alapbe\u00e1ll\u00edt\u00e1sk\u00e9nt SD (Standard Definition) m\u00f3dban \u00fczemelnek kiv\u00e1l\u00f3 egyens\u00falyban tartva a k\u00e9pmin\u0151s\u00e9get \u00e9s a d\u00f3zis\u00e9rt\u00e9keket a mindennapi haszn\u00e1lathoz. Bizonyos indik\u00e1ci\u00f3kn\u00e1l azonban, pl. gy\u00f6k\u00e9rcsatorna lefut\u00e1sok, a HD (High Definition) m\u00f3d megmutatja nek\u00fcnk az \u00f6sszes sz\u00fcks\u00e9ges r\u00e9szletet, egyetlen gombnyom\u00e1sra.<\/p>\n<p>&nbsp;<\/p>\n<h5>Let\u00f6lthet\u0151 dokumentumok<\/h5>\n<ul>\n<li><a href=\"https:\/\/www.fogaszatikeszulek.hu\/wp-content\/uploads\/2020\/06\/DS-OrthophosCsalad.pdf\" target=\"_blank\" rel=\"noopener\">Orthophos csal\u00e1d magyar nyelv\u0171 katal\u00f3gus (PDF)<\/a><\/li>\n<\/ul>\n","protected":false},"excerpt":{"rendered":"<p>T\u00f6bbet l\u00e1tni. T\u00f6bbet csin\u00e1lni. Cs\u00facsmin\u0151s\u00e9g\u0171 2D\/3D hibrid k\u00e9sz\u00fcl\u00e9k azok sz\u00e1m\u00e1ra, akik a legfejlettebb technol\u00f3gi\u00e1kkal dolgoznak \u00e9s azoknak, akik egyszer\u0171en t\u00f6bbre v\u00e1gynak. A be\u00e9p\u00edtett Direct Conversion Sensor (DCS) teljesen \u00fajrafogalmazza a panor\u00e1ma felv\u00e9telek standardj\u00e1t \u2013 kiv\u00e9teles \u00e9less\u00e9get ny\u00fajtva. A Sharp Layer technol\u00f3gia autof\u00f3kusz\u00e1lt panor\u00e1ma felv\u00e9teleket biztos\u00edt a bonyolult anat\u00f3miai esetekben is. Az Orthophos SL garant\u00e1lja a [&hellip;]<\/p>\n","protected":false},"author":1,"featured_media":0,"parent":0,"menu_order":0,"comment_status":"closed","ping_status":"closed","template":"","meta":{"ngg_post_thumbnail":0,"footnotes":""},"class_list":["post-2036","page","type-page","status-publish","hentry"],"_links":{"self":[{"href":"https:\/\/www.fogaszatikeszulek.hu\/index.php\/wp-json\/wp\/v2\/pages\/2036","targetHints":{"allow":["GET"]}}],"collection":[{"href":"https:\/\/www.fogaszatikeszulek.hu\/index.php\/wp-json\/wp\/v2\/pages"}],"about":[{"href":"https:\/\/www.fogaszatikeszulek.hu\/index.php\/wp-json\/wp\/v2\/types\/page"}],"author":[{"embeddable":true,"href":"https:\/\/www.fogaszatikeszulek.hu\/index.php\/wp-json\/wp\/v2\/users\/1"}],"replies":[{"embeddable":true,"href":"https:\/\/www.fogaszatikeszulek.hu\/index.php\/wp-json\/wp\/v2\/comments?post=2036"}],"version-history":[{"count":20,"href":"https:\/\/www.fogaszatikeszulek.hu\/index.php\/wp-json\/wp\/v2\/pages\/2036\/revisions"}],"predecessor-version":[{"id":2102,"href":"https:\/\/www.fogaszatikeszulek.hu\/index.php\/wp-json\/wp\/v2\/pages\/2036\/revisions\/2102"}],"wp:attachment":[{"href":"https:\/\/www.fogaszatikeszulek.hu\/index.php\/wp-json\/wp\/v2\/media?parent=2036"}],"curies":[{"name":"wp","href":"https:\/\/api.w.org\/{rel}","templated":true}]}}