{"id":1984,"date":"2020-06-24T08:44:38","date_gmt":"2020-06-24T08:44:38","guid":{"rendered":"http:\/\/www.fogaszatikeszulek.hu\/?page_id=1984"},"modified":"2020-06-30T11:07:00","modified_gmt":"2020-06-30T11:07:00","slug":"orthophos-s-2d-3d","status":"publish","type":"page","link":"https:\/\/www.fogaszatikeszulek.hu\/index.php\/orthophos-s-2d-3d\/","title":{"rendered":"Orthophos S (2D\/3D)"},"content":{"rendered":"<h4 style=\"text-align: justify;\"><img loading=\"lazy\" decoding=\"async\" class=\"wp-image-1930 alignleft\" src=\"https:\/\/www.fogaszatikeszulek.hu\/wp-content\/uploads\/2020\/06\/orthophos-e-1.jpg\" alt=\"\" width=\"450\" height=\"253\" srcset=\"https:\/\/www.fogaszatikeszulek.hu\/wp-content\/uploads\/2020\/06\/orthophos-e-1.jpg 1200w, https:\/\/www.fogaszatikeszulek.hu\/wp-content\/uploads\/2020\/06\/orthophos-e-1-300x169.jpg 300w, https:\/\/www.fogaszatikeszulek.hu\/wp-content\/uploads\/2020\/06\/orthophos-e-1-768x432.jpg 768w, https:\/\/www.fogaszatikeszulek.hu\/wp-content\/uploads\/2020\/06\/orthophos-e-1-1024x576.jpg 1024w, https:\/\/www.fogaszatikeszulek.hu\/wp-content\/uploads\/2020\/06\/orthophos-e-1-830x467.jpg 830w, https:\/\/www.fogaszatikeszulek.hu\/wp-content\/uploads\/2020\/06\/orthophos-e-1-230x129.jpg 230w, https:\/\/www.fogaszatikeszulek.hu\/wp-content\/uploads\/2020\/06\/orthophos-e-1-350x197.jpg 350w, https:\/\/www.fogaszatikeszulek.hu\/wp-content\/uploads\/2020\/06\/orthophos-e-1-480x270.jpg 480w\" sizes=\"auto, (max-width: 450px) 100vw, 450px\" \/>Oszt\u00e1ly\u00e1ban igaz\u00e1n sokoldal\u00fa k\u00e9sz\u00fcl\u00e9k<\/h4>\n<p style=\"text-align: justify;\">Magas sz\u00ednvonal\u00fa 2D\/3D hibrid r\u00f6ntgenk\u00e9sz\u00fcl\u00e9k sz\u00e9lesk\u00f6r\u0171 szolg\u00e1ltat\u00e1sokkal a mindennapi kezel\u00e9shez. Ak\u00e1r tiszt\u00e1n 2D k\u00e9sz\u00fcl\u00e9kk\u00e9nt vagy 3D modullal felszerelve, az Orthophos S egy megb\u00edzhat\u00f3 partner, mely optimaliz\u00e1lja a mindennapi feladatokat. A CsI szenzor autof\u00f3kusz funkci\u00f3val biztos\u00edtja a tiszta felv\u00e9teleket m\u00e9g az anat\u00f3miailag bonyolult esetekben is. A v\u00e9dett technol\u00f3gi\u00e1s Occlusalis harap\u00e1sr\u00f6gz\u00edt\u0151 automatikus p\u00e1cienspoz\u00edcion\u00e1l\u00e1st tesz lehet\u0151v\u00e9. A fogszab\u00e1lyoz\u00e1s ter\u00fclet\u00e9hez az Orthophos S el\u00e9rhet\u0151 cephalometri\u00e1s karral. A Dentsply Siron\u00e1n\u00e1l a j\u00f6v\u0151re val\u00f3 felk\u00e9sz\u00fcl\u00e9s fontos, \u00edgy a cephalo kar \u00e9s a 3D fejleszt\u00e9s ak\u00e1rmikor ut\u00f3lagosan is be\u00e9p\u00edthet\u0151.<\/p>\n<p>&nbsp;<\/p>\n<h5>Az Orthophos S k\u00e9sz\u00fcl\u00e9k el\u0151nyei<\/h5>\n<p style=\"text-align: justify;\">Az Orthophos S-sel rendel\u0151je k\u00e9szen \u00e1ll a sz\u00e9lesk\u00f6r\u0171 klinikai indik\u00e1ci\u00f3kra 2D-ben \u00e9s 3D-ben.<\/p>\n<ul>\n<li>\u00c9les, autof\u00f3kusz\u00e1lt k\u00e9pek<br \/>\nAnat\u00f3miailag bonyolult esetekben is a 2D CsI szenzor autof\u00f3kusz funkci\u00f3j\u00e1val a leg\u00e9lesebb k\u00e9pet biztos\u00edtja a teljes ter\u00fcletr\u0151l.<\/li>\n<li>V\u00e1laszthat\u00f3 3D volumenek<br \/>\n5 x 5,5 cm-t\u0151l eg\u00e9szen 11 x 10 cm-ig.<\/li>\n<li>3D az \u00d6n ig\u00e9nyeire szabva<br \/>\nA Low Dose \u00e9s HD funkci\u00f3k seg\u00edts\u00e9g\u00e9vel 3D felv\u00e9teleket k\u00e9sz\u00edthet ak\u00e1r m\u00e1r egy 2D r\u00f6ntgenfelv\u00e9tel d\u00f3zis\u00e1val \u00e9s HD felv\u00e9teleket 80 mikrom\u00e9teres felbont\u00e1sig.<\/li>\n<li>Cephalometri\u00e1s kar jobb- vagy bal oldalra<br \/>\nCephalo felv\u00e9telekhez opcion\u00e1lisan rendelhet\u0151 vagy b\u00e1rmikor ut\u00f3lagosan be\u00e9p\u00edthet\u0151.<\/li>\n<li>Maxim\u00e1lis kisz\u00e1m\u00edthat\u00f3s\u00e1g \u00e9s reproduk\u00e1lhat\u00f3s\u00e1g<br \/>\nK\u00f6sz\u00f6nhet\u0151en az automatikus p\u00e1cienspoz\u00edcion\u00e1l\u00e1snak a v\u00e9dett technol\u00f3gi\u00e1j\u00fa occlusalis harap\u00e1sr\u00f6gz\u00edt\u0151nek.<\/li>\n<li>Biztons\u00e1gos \u00e9s bizony\u00edtott p\u00e1cienspoz\u00edcion\u00e1l\u00e1s<br \/>\nMotoros hal\u00e1nt\u00e9k- \u00e9s homlokt\u00e1masz, automata fejm\u00e9ret m\u00e9r\u00e9s, f\u00e9ny lokaliz\u00e1torok \u00e9s er\u0151s foganty\u00fak<\/li>\n<\/ul>\n<p>&nbsp;<\/p>\n<h5>Autof\u00f3kusz &#8211; Automatikusan a leg\u00e9lesebb k\u00e9p<\/h5>\n<p style=\"text-align: justify;\">Bizonyoss\u00e1g a t\u00f6bbet l\u00e1t\u00e1sban: Nagy felbont\u00e1s\u00fa panor\u00e1ma r\u00f6ntgenfelv\u00e9telhez a j\u00f3 f\u00f3kusz\u00e1lts\u00e1g esszenci\u00e1lis. Az \u00e1llcsontnak mindig a k\u00e9sz\u00fcl\u00e9k \u00e9les k\u00e9pr\u00e9teg\u00e9be kell essen. Ehhez az Orthophos t\u00f6bbezer k\u00fcl\u00f6n k\u00e9pet k\u00e9sz\u00edt egyetlen felv\u00e9telkor \u00e9s automatikusan felismeri azokat a ter\u00fcleteket, ahol az \u00e1llcsont optim\u00e1lis poz\u00edci\u00f3ban helyezkedik el. Ezeket egyetlen maxim\u00e1lis \u00e9less\u00e9g\u0171 k\u00e9pp\u00e9 alak\u00edtja, mindenf\u00e9le k\u00f6zti l\u00e9p\u00e9s n\u00e9lk\u00fcl.<\/p>\n<p><img loading=\"lazy\" decoding=\"async\" class=\"alignnone size-full wp-image-1864\" src=\"https:\/\/www.fogaszatikeszulek.hu\/wp-content\/uploads\/2019\/11\/autofocus-1.jpg\" alt=\"\" width=\"1101\" height=\"623\" srcset=\"https:\/\/www.fogaszatikeszulek.hu\/wp-content\/uploads\/2019\/11\/autofocus-1.jpg 1101w, https:\/\/www.fogaszatikeszulek.hu\/wp-content\/uploads\/2019\/11\/autofocus-1-300x170.jpg 300w, https:\/\/www.fogaszatikeszulek.hu\/wp-content\/uploads\/2019\/11\/autofocus-1-768x435.jpg 768w, https:\/\/www.fogaszatikeszulek.hu\/wp-content\/uploads\/2019\/11\/autofocus-1-1024x579.jpg 1024w, https:\/\/www.fogaszatikeszulek.hu\/wp-content\/uploads\/2019\/11\/autofocus-1-830x470.jpg 830w, https:\/\/www.fogaszatikeszulek.hu\/wp-content\/uploads\/2019\/11\/autofocus-1-230x130.jpg 230w, https:\/\/www.fogaszatikeszulek.hu\/wp-content\/uploads\/2019\/11\/autofocus-1-350x198.jpg 350w, https:\/\/www.fogaszatikeszulek.hu\/wp-content\/uploads\/2019\/11\/autofocus-1-480x272.jpg 480w\" sizes=\"auto, (max-width: 1101px) 100vw, 1101px\" \/><\/p>\n<h5>&nbsp;<\/h5>\n<h5>Cephalometri\u00e1s felv\u00e9tel<\/h5>\n<p style=\"text-align: justify;\">Az Orthophos S-n\u00e9l lehet\u0151s\u00e9g van cephalometri\u00e1s kar felszerel\u00e9se b\u00e1rmikor, ak\u00e1r ut\u00f3lag is. \u00c9s, hogy biztosan illeszkedjen r\u00f6ntgenhelyis\u00e9g\u00e9be v\u00e1laszthat\u00f3 jobb- vagy baloldali kivitelben.<\/p>\n<p style=\"text-align: justify;\"><strong>Cephalometri\u00e1s programok, melyek lefedik az \u00f6sszes orthodonciai ig\u00e9nyt<\/strong><\/p>\n<p style=\"text-align: justify;\">Dedik\u00e1lt szenzorral k\u00e9sz\u00edthet later\u00e1lis \u00e9s szimmetrikus postero-anterior vagy antero-posterior felv\u00e9telt, valamint carpus k\u00e9pet. A rossz poz\u00edci\u00f3j\u00fa fogak pontos helyzet\u00e9nek meghat\u00e1roz\u00e1s\u00e1hoz ugyancsak haszn\u00e1lhat\u00f3 a 3D r\u00f6ntgenfelv\u00e9tel.<\/p>\n<table width=\"900\">\n<tbody>\n<tr>\n<td><img loading=\"lazy\" decoding=\"async\" class=\"alignnone wp-image-1948\" src=\"https:\/\/www.fogaszatikeszulek.hu\/wp-content\/uploads\/2020\/06\/1549563252940.png\" alt=\"\" width=\"450\" height=\"253\" srcset=\"https:\/\/www.fogaszatikeszulek.hu\/wp-content\/uploads\/2020\/06\/1549563252940.png 1200w, https:\/\/www.fogaszatikeszulek.hu\/wp-content\/uploads\/2020\/06\/1549563252940-300x169.png 300w, https:\/\/www.fogaszatikeszulek.hu\/wp-content\/uploads\/2020\/06\/1549563252940-768x432.png 768w, https:\/\/www.fogaszatikeszulek.hu\/wp-content\/uploads\/2020\/06\/1549563252940-1024x576.png 1024w, https:\/\/www.fogaszatikeszulek.hu\/wp-content\/uploads\/2020\/06\/1549563252940-830x467.png 830w, https:\/\/www.fogaszatikeszulek.hu\/wp-content\/uploads\/2020\/06\/1549563252940-230x129.png 230w, https:\/\/www.fogaszatikeszulek.hu\/wp-content\/uploads\/2020\/06\/1549563252940-350x197.png 350w, https:\/\/www.fogaszatikeszulek.hu\/wp-content\/uploads\/2020\/06\/1549563252940-480x270.png 480w\" sizes=\"auto, (max-width: 450px) 100vw, 450px\" \/><\/td>\n<td><img loading=\"lazy\" decoding=\"async\" class=\"alignnone wp-image-1949\" src=\"https:\/\/www.fogaszatikeszulek.hu\/wp-content\/uploads\/2020\/06\/1549563253221.png\" alt=\"\" width=\"450\" height=\"253\" srcset=\"https:\/\/www.fogaszatikeszulek.hu\/wp-content\/uploads\/2020\/06\/1549563253221.png 1200w, https:\/\/www.fogaszatikeszulek.hu\/wp-content\/uploads\/2020\/06\/1549563253221-300x169.png 300w, https:\/\/www.fogaszatikeszulek.hu\/wp-content\/uploads\/2020\/06\/1549563253221-768x432.png 768w, https:\/\/www.fogaszatikeszulek.hu\/wp-content\/uploads\/2020\/06\/1549563253221-1024x576.png 1024w, https:\/\/www.fogaszatikeszulek.hu\/wp-content\/uploads\/2020\/06\/1549563253221-830x467.png 830w, https:\/\/www.fogaszatikeszulek.hu\/wp-content\/uploads\/2020\/06\/1549563253221-230x129.png 230w, https:\/\/www.fogaszatikeszulek.hu\/wp-content\/uploads\/2020\/06\/1549563253221-350x197.png 350w, https:\/\/www.fogaszatikeszulek.hu\/wp-content\/uploads\/2020\/06\/1549563253221-480x270.png 480w\" sizes=\"auto, (max-width: 450px) 100vw, 450px\" \/><\/td>\n<\/tr>\n<\/tbody>\n<\/table>\n<p>&nbsp;<\/p>\n<h5>K\u00f6nny\u0171 haszn\u00e1lat, biztons\u00e1gos poz\u00edcion\u00e1l\u00e1s<\/h5>\n<p style=\"text-align: justify;\">Az orvos sz\u00e1m\u00e1ra a r\u00f6ntgenk\u00e9sz\u00fcl\u00e9k haszn\u00e1lata k\u00e9t dologr\u00f3l sz\u00f3l: A lehet\u0151 legszebb felv\u00e9tel \u00e9s a p\u00e1ciens k\u00e9nyelme. Az Orthophos Family mindkett\u0151t biztos\u00edtja egyed\u00fcl\u00e1ll\u00f3 megold\u00e1saival:<\/p>\n<ul>\n<li>Intuit\u00edv felhaszn\u00e1l\u00f3i fel\u00fclet az EasyPad-del.<\/li>\n<li>Automatikus poz\u00edcion\u00e1l\u00f3 elemek &#8211; occlusalis harap\u00e1sr\u00f6gz\u00edt\u0151 \u00e9s a h\u00e1rompontos fejt\u00e1masz.<\/li>\n<li>Integr\u00e1lt fejm\u00e9ret meghat\u00e1roz\u00e1s.<\/li>\n<\/ul>\n<table width=\"900\">\n<tbody>\n<tr>\n<td><img loading=\"lazy\" decoding=\"async\" class=\"alignnone wp-image-1965\" src=\"https:\/\/www.fogaszatikeszulek.hu\/wp-content\/uploads\/2020\/06\/pozicionalas.jpg\" alt=\"\" width=\"450\" height=\"253\" srcset=\"https:\/\/www.fogaszatikeszulek.hu\/wp-content\/uploads\/2020\/06\/pozicionalas.jpg 582w, https:\/\/www.fogaszatikeszulek.hu\/wp-content\/uploads\/2020\/06\/pozicionalas-300x169.jpg 300w, https:\/\/www.fogaszatikeszulek.hu\/wp-content\/uploads\/2020\/06\/pozicionalas-230x129.jpg 230w, https:\/\/www.fogaszatikeszulek.hu\/wp-content\/uploads\/2020\/06\/pozicionalas-350x197.jpg 350w, https:\/\/www.fogaszatikeszulek.hu\/wp-content\/uploads\/2020\/06\/pozicionalas-480x270.jpg 480w\" sizes=\"auto, (max-width: 450px) 100vw, 450px\" \/><\/td>\n<td><img loading=\"lazy\" decoding=\"async\" class=\"alignnone wp-image-1978\" src=\"https:\/\/www.fogaszatikeszulek.hu\/wp-content\/uploads\/2020\/06\/1549117540347.jpg\" alt=\"\" width=\"450\" height=\"253\" srcset=\"https:\/\/www.fogaszatikeszulek.hu\/wp-content\/uploads\/2020\/06\/1549117540347.jpg 1200w, https:\/\/www.fogaszatikeszulek.hu\/wp-content\/uploads\/2020\/06\/1549117540347-300x169.jpg 300w, https:\/\/www.fogaszatikeszulek.hu\/wp-content\/uploads\/2020\/06\/1549117540347-768x432.jpg 768w, https:\/\/www.fogaszatikeszulek.hu\/wp-content\/uploads\/2020\/06\/1549117540347-1024x576.jpg 1024w, https:\/\/www.fogaszatikeszulek.hu\/wp-content\/uploads\/2020\/06\/1549117540347-830x467.jpg 830w, https:\/\/www.fogaszatikeszulek.hu\/wp-content\/uploads\/2020\/06\/1549117540347-230x129.jpg 230w, https:\/\/www.fogaszatikeszulek.hu\/wp-content\/uploads\/2020\/06\/1549117540347-350x197.jpg 350w, https:\/\/www.fogaszatikeszulek.hu\/wp-content\/uploads\/2020\/06\/1549117540347-480x270.jpg 480w\" sizes=\"auto, (max-width: 450px) 100vw, 450px\" \/><\/td>\n<\/tr>\n<\/tbody>\n<\/table>\n<p>&nbsp;<\/p>\n<h5>P\u00e1cienspoz\u00edcion\u00e1l\u00e1s: Reproduk\u00e1lhat\u00f3 felv\u00e9telek alapk\u00f6ve<\/h5>\n<p>Biztons\u00e1gos kezel\u00e9s, k\u00f6nny\u0171 poz\u00edcion\u00e1l\u00e1s, magasmin\u0151s\u00e9g\u0171 felv\u00e9telek \u2013 Ezekkel \u00edrhat\u00f3 le legjobban a Dentsply Sirona occlusalis harap\u00e1sr\u00f6gz\u00edt\u0151je m\u00f6g\u00f6tt. A v\u00e9dett technol\u00f3gi\u00e1s harap\u00e1sr\u00f6gz\u00edt\u0151 automatikusan be\u00e1ll\u00edtja a p\u00e1ciens fej\u00e9nek korrekt d\u0151l\u00e9ssz\u00f6g\u00e9t, gyorsan be\u00e1ll\u00edtja a p\u00e1cienst az occlusalis s\u00edkra, \u00e9s a h\u00e1rompontos fejt\u00e1masszal valamint a feszes foganty\u00fakkal egy\u00fctt m\u0171k\u00f6dve stabil poz\u00edci\u00f3t biztos\u00edt. V\u00e9gre elhagyhatja a sz\u00fcks\u00e9gtelenn\u00e9 v\u00e1lt ellen\u0151rz\u0151 felv\u00e9teleket.<\/p>\n<p>&nbsp;<\/p>\n<h5>V\u00e1ltozatos 3D volumenek<\/h5>\n<p style=\"text-align: justify;\">A 3D-s technol\u00f3gia egyre ink\u00e1bb megalapozott a fog\u00e1szati \u200b\u200brendel\u0151kben vil\u00e1gszerte. A pontosabb diagn\u00f3zisok \u00e9s a kezel\u00e9s magyar\u00e1zataihoz a 3D r\u00f6ntgensugarak sz\u00e1mos el\u0151nnyel j\u00e1rnak.&nbsp;L\u00e1t\u00f3ter\u00fcnket az \u00d6n ig\u00e9nyeihez igaz\u00edtottuk. Kezdve az 5&#215;5,5 cm-es FoV-vel endodonciai vagy egy implantos esetekhez, eg\u00e9szen a 11&#215;10 cm-es FoV-ig a komplett fogazat \u00e9s a fels\u0151 l\u00e9gutak anal\u00edzis\u00e9hez, eld\u00f6ntheti melyik volumen a legmegfelel\u0151bb az \u00d6n sz\u00e1m\u00e1ra.&nbsp;<\/p>\nngg_shortcode_0_placeholder\n<h5>MARS a f\u00e9nyess\u00e9g kik\u00fcsz\u00f6b\u00f6l\u00e9s\u00e9re<\/h5>\n<p style=\"text-align: justify;\"><img loading=\"lazy\" decoding=\"async\" class=\"alignright wp-image-1043\" src=\"https:\/\/www.fogaszatikeszulek.hu\/wp-content\/uploads\/2018\/03\/1488721242898.png\" alt=\"\" width=\"400\" height=\"240\" srcset=\"https:\/\/www.fogaszatikeszulek.hu\/wp-content\/uploads\/2018\/03\/1488721242898.png 570w, https:\/\/www.fogaszatikeszulek.hu\/wp-content\/uploads\/2018\/03\/1488721242898-300x180.png 300w, https:\/\/www.fogaszatikeszulek.hu\/wp-content\/uploads\/2018\/03\/1488721242898-230x138.png 230w, https:\/\/www.fogaszatikeszulek.hu\/wp-content\/uploads\/2018\/03\/1488721242898-350x210.png 350w, https:\/\/www.fogaszatikeszulek.hu\/wp-content\/uploads\/2018\/03\/1488721242898-480x288.png 480w\" sizes=\"auto, (max-width: 400px) 100vw, 400px\" \/>A f\u00e9m idegentestek jelenl\u00e9te nagy kih\u00edv\u00e1st jelent a 3D felv\u00e9telekn\u00e9l. A 3D rekonstrukci\u00f3n\u00e1l a radiopak t\u00e1rgyak \u00e1rny\u00e9kolnak \u00e9s cs\u00edkokat, sugarakat hoznak l\u00e9tre a r\u00f6ntgenk\u00e9pen. Ez k\u00fcl\u00f6n\u00f6sen igaz a f\u00e9mrestaur\u00e1ci\u00f3kkal rendelkez\u0151 p\u00e1ciensekre, ahol ezek az effektek megnehez\u00edtik a diagn\u00f3zist. A MARS (Metal Artifact Reduction Software) cs\u00f6kkenti a f\u00e9mek zaj\u00e1t a 3D felv\u00e9teleken. Ez jav\u00edtja a k\u00e9pmin\u0151s\u00e9get \u00e9s seg\u00edti a diagn\u00f3zist, az azt nehez\u00edt\u0151 t\u00e9nyez\u0151k kiiktat\u00e1s\u00e1val.<\/p>\n<h5>&nbsp;<\/h5>\n<h5><img loading=\"lazy\" decoding=\"async\" class=\"alignright wp-image-1046\" src=\"https:\/\/www.fogaszatikeszulek.hu\/wp-content\/uploads\/2018\/03\/1489433350083.png\" alt=\"\" width=\"400\" height=\"240\" srcset=\"https:\/\/www.fogaszatikeszulek.hu\/wp-content\/uploads\/2018\/03\/1489433350083.png 570w, https:\/\/www.fogaszatikeszulek.hu\/wp-content\/uploads\/2018\/03\/1489433350083-300x180.png 300w, https:\/\/www.fogaszatikeszulek.hu\/wp-content\/uploads\/2018\/03\/1489433350083-230x138.png 230w, https:\/\/www.fogaszatikeszulek.hu\/wp-content\/uploads\/2018\/03\/1489433350083-350x210.png 350w, https:\/\/www.fogaszatikeszulek.hu\/wp-content\/uploads\/2018\/03\/1489433350083-480x288.png 480w\" sizes=\"auto, (max-width: 400px) 100vw, 400px\" \/>HD m\u00f3d (3D)<\/h5>\n<p style=\"text-align: justify;\">A DentsplySirona k\u00e9sz\u00fcl\u00e9kek alapbe\u00e1ll\u00edt\u00e1sk\u00e9nt SD (Standard Definition) m\u00f3dban \u00fczemelnek kiv\u00e1l\u00f3 egyens\u00falyban tartva a k\u00e9pmin\u0151s\u00e9get \u00e9s a d\u00f3zis\u00e9rt\u00e9keket a mindennapi haszn\u00e1lathoz. Bizonyos indik\u00e1ci\u00f3kn\u00e1l azonban, pl. gy\u00f6k\u00e9rcsatorna lefut\u00e1sok, a HD (High Definition) m\u00f3d megmutatja nek\u00fcnk az \u00f6sszes sz\u00fcks\u00e9ges r\u00e9szletet, egyetlen gombnyom\u00e1sra.<\/p>\n<p>&nbsp;<\/p>\n<h5>Let\u00f6lthet\u0151 dokumentumok<\/h5>\n<ul>\n<li><a href=\"https:\/\/www.fogaszatikeszulek.hu\/wp-content\/uploads\/2020\/06\/DS-OrthophosCsalad.pdf\" target=\"_blank\" rel=\"noopener\">Orthophos csal\u00e1d magyar nyelv\u0171 katal\u00f3gus (PDF)<\/a><\/li>\n<\/ul>\n","protected":false},"excerpt":{"rendered":"<p>Oszt\u00e1ly\u00e1ban igaz\u00e1n sokoldal\u00fa k\u00e9sz\u00fcl\u00e9k Magas sz\u00ednvonal\u00fa 2D\/3D hibrid r\u00f6ntgenk\u00e9sz\u00fcl\u00e9k sz\u00e9lesk\u00f6r\u0171 szolg\u00e1ltat\u00e1sokkal a mindennapi kezel\u00e9shez. Ak\u00e1r tiszt\u00e1n 2D k\u00e9sz\u00fcl\u00e9kk\u00e9nt vagy 3D modullal felszerelve, az Orthophos S egy megb\u00edzhat\u00f3 partner, mely optimaliz\u00e1lja a mindennapi feladatokat. A CsI szenzor autof\u00f3kusz funkci\u00f3val biztos\u00edtja a tiszta felv\u00e9teleket m\u00e9g az anat\u00f3miailag bonyolult esetekben is. A v\u00e9dett technol\u00f3gi\u00e1s Occlusalis harap\u00e1sr\u00f6gz\u00edt\u0151 automatikus p\u00e1cienspoz\u00edcion\u00e1l\u00e1st [&hellip;]<\/p>\n","protected":false},"author":1,"featured_media":0,"parent":0,"menu_order":0,"comment_status":"closed","ping_status":"closed","template":"","meta":{"ngg_post_thumbnail":0,"footnotes":""},"class_list":["post-1984","page","type-page","status-publish","hentry"],"_links":{"self":[{"href":"https:\/\/www.fogaszatikeszulek.hu\/index.php\/wp-json\/wp\/v2\/pages\/1984","targetHints":{"allow":["GET"]}}],"collection":[{"href":"https:\/\/www.fogaszatikeszulek.hu\/index.php\/wp-json\/wp\/v2\/pages"}],"about":[{"href":"https:\/\/www.fogaszatikeszulek.hu\/index.php\/wp-json\/wp\/v2\/types\/page"}],"author":[{"embeddable":true,"href":"https:\/\/www.fogaszatikeszulek.hu\/index.php\/wp-json\/wp\/v2\/users\/1"}],"replies":[{"embeddable":true,"href":"https:\/\/www.fogaszatikeszulek.hu\/index.php\/wp-json\/wp\/v2\/comments?post=1984"}],"version-history":[{"count":25,"href":"https:\/\/www.fogaszatikeszulek.hu\/index.php\/wp-json\/wp\/v2\/pages\/1984\/revisions"}],"predecessor-version":[{"id":2101,"href":"https:\/\/www.fogaszatikeszulek.hu\/index.php\/wp-json\/wp\/v2\/pages\/1984\/revisions\/2101"}],"wp:attachment":[{"href":"https:\/\/www.fogaszatikeszulek.hu\/index.php\/wp-json\/wp\/v2\/media?parent=1984"}],"curies":[{"name":"wp","href":"https:\/\/api.w.org\/{rel}","templated":true}]}}