{"id":1925,"date":"2020-06-23T11:52:13","date_gmt":"2020-06-23T11:52:13","guid":{"rendered":"http:\/\/www.fogaszatikeszulek.hu\/?page_id=1925"},"modified":"2020-06-30T11:06:31","modified_gmt":"2020-06-30T11:06:31","slug":"orthophos-e","status":"publish","type":"page","link":"https:\/\/www.fogaszatikeszulek.hu\/index.php\/orthophos-e\/","title":{"rendered":"Orthophos E (2D)"},"content":{"rendered":"<h4 style=\"text-align: justify;\"><img loading=\"lazy\" decoding=\"async\" class=\"wp-image-1930 alignleft\" src=\"https:\/\/www.fogaszatikeszulek.hu\/wp-content\/uploads\/2020\/06\/orthophos-e-1.jpg\" alt=\"\" width=\"450\" height=\"253\" srcset=\"https:\/\/www.fogaszatikeszulek.hu\/wp-content\/uploads\/2020\/06\/orthophos-e-1.jpg 1200w, https:\/\/www.fogaszatikeszulek.hu\/wp-content\/uploads\/2020\/06\/orthophos-e-1-300x169.jpg 300w, https:\/\/www.fogaszatikeszulek.hu\/wp-content\/uploads\/2020\/06\/orthophos-e-1-768x432.jpg 768w, https:\/\/www.fogaszatikeszulek.hu\/wp-content\/uploads\/2020\/06\/orthophos-e-1-1024x576.jpg 1024w, https:\/\/www.fogaszatikeszulek.hu\/wp-content\/uploads\/2020\/06\/orthophos-e-1-830x467.jpg 830w, https:\/\/www.fogaszatikeszulek.hu\/wp-content\/uploads\/2020\/06\/orthophos-e-1-230x129.jpg 230w, https:\/\/www.fogaszatikeszulek.hu\/wp-content\/uploads\/2020\/06\/orthophos-e-1-350x197.jpg 350w, https:\/\/www.fogaszatikeszulek.hu\/wp-content\/uploads\/2020\/06\/orthophos-e-1-480x270.jpg 480w\" sizes=\"auto, (max-width: 450px) 100vw, 450px\" \/>Kezdje el a digit\u00e1lis a digit\u00e1lis k\u00e9palkot\u00e1st<\/h4>\n<p style=\"text-align: justify;\">Visszafogott 2D k\u00e9sz\u00fcl\u00e9k a gazdas\u00e1gos gondolkod\u00e1s\u00fa rendel\u0151knek. A bel\u00e9p\u0151 szint\u0171 k\u00e9sz\u00fcl\u00e9k gondtalan \u00e1tl\u00e9p\u00e9st jelent a digit\u00e1lis k\u00e9palkot\u00e1s vil\u00e1g\u00e1ba a megb\u00edzhat\u00f3 diagnosztik\u00e1hoz, k\u00f6sz\u00f6nhet\u0151en a CSI szenzor technol\u00f3gi\u00e1nak \u00e9s a felhaszn\u00e1l\u00f3bar\u00e1t workflownak. A cephalometri\u00e1s opci\u00f3 az Orthophos E-t megb\u00edzhat\u00f3 partnerr\u00e9 teszi a fogszab\u00e1lyoz\u00f3 szakorvosok sz\u00e1m\u00e1ra is. Gazdag\u00edtsa rendel\u0151j\u00e9t sz\u00e9lesk\u00f6r\u0171 szolg\u00e1ltat\u00e1sokkal, melyeket csak a digit\u00e1lis k\u00e9palkot\u00e1son kereszt\u00fcl \u00e9rhet el.<\/p>\n<h4>&nbsp;<\/h4>\n<h4>Az Orthophos E k\u00e9sz\u00fcl\u00e9k el\u0151nyei<\/h4>\n<p style=\"text-align: justify;\">Az Orthophos E megfelel\u0151 v\u00e1laszt\u00e1s az \u00e1ltal\u00e1nos fogorvosok \u00e9s a fogszab\u00e1lyz\u00f3 szakemberek sz\u00e1m\u00e1ra. Pontos diagnosztik\u00e1t tesz lehet\u0151v\u00e9 a digit\u00e1lis k\u00e9palkot\u00e1s sz\u00e1mtalan el\u0151ny\u00e9vel.<\/p>\n<table width=\"900\">\n<tbody>\n<tr>\n<td><img decoding=\"async\" class=\"alignnone wp-image-1943\" src=\"https:\/\/www.fogaszatikeszulek.hu\/wp-content\/uploads\/2020\/06\/1549122174771.jpg\" alt=\"\" width=\"450\" srcset=\"https:\/\/www.fogaszatikeszulek.hu\/wp-content\/uploads\/2020\/06\/1549122174771.jpg 1200w, https:\/\/www.fogaszatikeszulek.hu\/wp-content\/uploads\/2020\/06\/1549122174771-300x169.jpg 300w, https:\/\/www.fogaszatikeszulek.hu\/wp-content\/uploads\/2020\/06\/1549122174771-768x432.jpg 768w, https:\/\/www.fogaszatikeszulek.hu\/wp-content\/uploads\/2020\/06\/1549122174771-1024x576.jpg 1024w, https:\/\/www.fogaszatikeszulek.hu\/wp-content\/uploads\/2020\/06\/1549122174771-830x467.jpg 830w, https:\/\/www.fogaszatikeszulek.hu\/wp-content\/uploads\/2020\/06\/1549122174771-230x129.jpg 230w, https:\/\/www.fogaszatikeszulek.hu\/wp-content\/uploads\/2020\/06\/1549122174771-350x197.jpg 350w, https:\/\/www.fogaszatikeszulek.hu\/wp-content\/uploads\/2020\/06\/1549122174771-480x270.jpg 480w\" sizes=\"(max-width: 1200px) 100vw, 1200px\" \/><\/td>\n<td><img decoding=\"async\" class=\"alignnone wp-image-1933\" src=\"https:\/\/www.fogaszatikeszulek.hu\/wp-content\/uploads\/2020\/06\/1549043039251.jpg\" alt=\"\" width=\"450\" srcset=\"https:\/\/www.fogaszatikeszulek.hu\/wp-content\/uploads\/2020\/06\/1549043039251.jpg 582w, https:\/\/www.fogaszatikeszulek.hu\/wp-content\/uploads\/2020\/06\/1549043039251-300x169.jpg 300w, https:\/\/www.fogaszatikeszulek.hu\/wp-content\/uploads\/2020\/06\/1549043039251-230x129.jpg 230w, https:\/\/www.fogaszatikeszulek.hu\/wp-content\/uploads\/2020\/06\/1549043039251-350x197.jpg 350w, https:\/\/www.fogaszatikeszulek.hu\/wp-content\/uploads\/2020\/06\/1549043039251-480x270.jpg 480w\" sizes=\"(max-width: 582px) 100vw, 582px\" \/><\/td>\n<\/tr>\n<\/tbody>\n<\/table>\n<h6>&nbsp;<\/h6>\n<ul>\n<li>Megb\u00edzhat\u00f3 diagn\u00f3zis<br \/>\nA 2D-CSI szenzornak \u00e9s a kiv\u00e1l\u00f3 k\u00e9pmin\u0151s\u00e9gnek k\u00f6sz\u00f6nhet\u0151en.<\/li>\n<li>Biztons\u00e1gos p\u00e1cienspoz\u00edcion\u00e1l\u00e1s<br \/>\nMotoros hal\u00e1nt\u00e9k \u00e9s homlokt\u00e1masz, automatikus fejm\u00e9ret m\u00e9r\u00e9ssel, f\u00e9ny lokaliz\u00e1torokkal \u00e9s er\u0151s kapaszkod\u00f3kkal.<\/li>\n<li>Cephalo felv\u00e9telek<br \/>\nBal oldali cephalo kar, mely b\u00e1rmikor ut\u00f3lag is megrendelhet\u0151 \u00e9s install\u00e1lhat\u00f3.<\/li>\n<li>Fontos 2D programok<br \/>\nAlapszint\u0171 2D diagnosztik\u00e1hoz.<\/li>\n<li>Egyszer\u0171, \u00e1tgondolt kezel\u00e9s<br \/>\nMultiPad kontrol panel<\/li>\n<\/ul>\n<p>&nbsp;<\/p>\n<h4>2D panor\u00e1ma k\u00e9pek<\/h4>\nngg_shortcode_0_placeholder\n<p>&nbsp;<\/p>\n<h4>Cephalometri\u00e1s felv\u00e9tel<\/h4>\n<p style=\"text-align: justify;\">Az Orthophos E-n\u00e9l lehet\u0151s\u00e9g van baloldali cephalometri\u00e1s kar felszerel\u00e9se b\u00e1rmikor, ak\u00e1r ut\u00f3lag is. <strong>Cephalometri\u00e1s programok, melyek lefedik az \u00f6sszes orthodonciai ig\u00e9nyt.&nbsp;<\/strong>Dedik\u00e1lt szenzorral k\u00e9sz\u00edthet later\u00e1lis \u00e9s szimmetrikus postero-anterior vagy antero-posterior felv\u00e9telt, valamint carpus k\u00e9pet.<\/p>\n<table width=\"900\">\n<tbody>\n<tr>\n<td><img loading=\"lazy\" decoding=\"async\" class=\"alignnone wp-image-1948\" src=\"https:\/\/www.fogaszatikeszulek.hu\/wp-content\/uploads\/2020\/06\/1549563252940.png\" alt=\"\" width=\"450\" height=\"253\" srcset=\"https:\/\/www.fogaszatikeszulek.hu\/wp-content\/uploads\/2020\/06\/1549563252940.png 1200w, https:\/\/www.fogaszatikeszulek.hu\/wp-content\/uploads\/2020\/06\/1549563252940-300x169.png 300w, https:\/\/www.fogaszatikeszulek.hu\/wp-content\/uploads\/2020\/06\/1549563252940-768x432.png 768w, https:\/\/www.fogaszatikeszulek.hu\/wp-content\/uploads\/2020\/06\/1549563252940-1024x576.png 1024w, https:\/\/www.fogaszatikeszulek.hu\/wp-content\/uploads\/2020\/06\/1549563252940-830x467.png 830w, https:\/\/www.fogaszatikeszulek.hu\/wp-content\/uploads\/2020\/06\/1549563252940-230x129.png 230w, https:\/\/www.fogaszatikeszulek.hu\/wp-content\/uploads\/2020\/06\/1549563252940-350x197.png 350w, https:\/\/www.fogaszatikeszulek.hu\/wp-content\/uploads\/2020\/06\/1549563252940-480x270.png 480w\" sizes=\"auto, (max-width: 450px) 100vw, 450px\" \/><\/td>\n<td><img loading=\"lazy\" decoding=\"async\" class=\"alignnone wp-image-1949\" src=\"https:\/\/www.fogaszatikeszulek.hu\/wp-content\/uploads\/2020\/06\/1549563253221.png\" alt=\"\" width=\"450\" height=\"253\" srcset=\"https:\/\/www.fogaszatikeszulek.hu\/wp-content\/uploads\/2020\/06\/1549563253221.png 1200w, https:\/\/www.fogaszatikeszulek.hu\/wp-content\/uploads\/2020\/06\/1549563253221-300x169.png 300w, https:\/\/www.fogaszatikeszulek.hu\/wp-content\/uploads\/2020\/06\/1549563253221-768x432.png 768w, https:\/\/www.fogaszatikeszulek.hu\/wp-content\/uploads\/2020\/06\/1549563253221-1024x576.png 1024w, https:\/\/www.fogaszatikeszulek.hu\/wp-content\/uploads\/2020\/06\/1549563253221-830x467.png 830w, https:\/\/www.fogaszatikeszulek.hu\/wp-content\/uploads\/2020\/06\/1549563253221-230x129.png 230w, https:\/\/www.fogaszatikeszulek.hu\/wp-content\/uploads\/2020\/06\/1549563253221-350x197.png 350w, https:\/\/www.fogaszatikeszulek.hu\/wp-content\/uploads\/2020\/06\/1549563253221-480x270.png 480w\" sizes=\"auto, (max-width: 450px) 100vw, 450px\" \/><\/td>\n<\/tr>\n<\/tbody>\n<\/table>\n<p>&nbsp;<\/p>\n<h5>Kapcsol\u00f3d\u00f3 t\u00e9m\u00e1k<\/h5>\n<table>\n<tbody>\n<tr>\n<td style=\"text-align: top;\" width=\"260\"><img loading=\"lazy\" decoding=\"async\" class=\"alignnone wp-image-1094\" src=\"https:\/\/www.fogaszatikeszulek.hu\/wp-content\/uploads\/2018\/03\/11.png\" alt=\"\" width=\"250\" height=\"150\" srcset=\"https:\/\/www.fogaszatikeszulek.hu\/wp-content\/uploads\/2018\/03\/11.png 570w, https:\/\/www.fogaszatikeszulek.hu\/wp-content\/uploads\/2018\/03\/11-300x180.png 300w, https:\/\/www.fogaszatikeszulek.hu\/wp-content\/uploads\/2018\/03\/11-230x138.png 230w, https:\/\/www.fogaszatikeszulek.hu\/wp-content\/uploads\/2018\/03\/11-350x210.png 350w, https:\/\/www.fogaszatikeszulek.hu\/wp-content\/uploads\/2018\/03\/11-480x288.png 480w\" sizes=\"auto, (max-width: 250px) 100vw, 250px\" \/>&nbsp;<\/td>\n<td width=\"10\">&nbsp;<\/td>\n<td style=\"text-align: top;\" width=\"260\"><img loading=\"lazy\" decoding=\"async\" class=\"alignnone wp-image-1095\" src=\"https:\/\/www.fogaszatikeszulek.hu\/wp-content\/uploads\/2018\/03\/22.png\" alt=\"\" width=\"250\" height=\"150\" srcset=\"https:\/\/www.fogaszatikeszulek.hu\/wp-content\/uploads\/2018\/03\/22.png 570w, https:\/\/www.fogaszatikeszulek.hu\/wp-content\/uploads\/2018\/03\/22-300x180.png 300w, https:\/\/www.fogaszatikeszulek.hu\/wp-content\/uploads\/2018\/03\/22-230x138.png 230w, https:\/\/www.fogaszatikeszulek.hu\/wp-content\/uploads\/2018\/03\/22-350x210.png 350w, https:\/\/www.fogaszatikeszulek.hu\/wp-content\/uploads\/2018\/03\/22-480x288.png 480w\" sizes=\"auto, (max-width: 250px) 100vw, 250px\" \/>&nbsp;<\/td>\n<td width=\"10\">&nbsp;<\/td>\n<td width=\"260\"><img loading=\"lazy\" decoding=\"async\" class=\"alignnone wp-image-1096\" src=\"https:\/\/www.fogaszatikeszulek.hu\/wp-content\/uploads\/2018\/03\/33.png\" alt=\"\" width=\"250\" height=\"150\" srcset=\"https:\/\/www.fogaszatikeszulek.hu\/wp-content\/uploads\/2018\/03\/33.png 570w, https:\/\/www.fogaszatikeszulek.hu\/wp-content\/uploads\/2018\/03\/33-300x180.png 300w, https:\/\/www.fogaszatikeszulek.hu\/wp-content\/uploads\/2018\/03\/33-230x138.png 230w, https:\/\/www.fogaszatikeszulek.hu\/wp-content\/uploads\/2018\/03\/33-350x210.png 350w, https:\/\/www.fogaszatikeszulek.hu\/wp-content\/uploads\/2018\/03\/33-480x288.png 480w\" sizes=\"auto, (max-width: 250px) 100vw, 250px\" \/>&nbsp;<\/td>\n<\/tr>\n<tr>\n<td valign=\"top\" width=\"260\"><strong>ASTRA<\/strong><\/p>\n<p style=\"text-align: justify;\">Az ASTRA szoftveralgoritmus jelent\u0151sen jav\u00edtja a 2D panor\u00e1ma- \u00e9s kefalo k\u00e9pek min\u0151s\u00e9g\u00e9t.<\/p>\n<\/td>\n<td>&nbsp;<\/td>\n<td style=\"text-align: top;\" width=\"260\"><strong>Automatikus poz\u00edcion\u00e1l\u00e1s<\/strong><\/p>\n<p style=\"text-align: justify;\">Az okkluz\u00e1lis harap\u00e1s blokk jelent\u0151sen leegyszer\u0171s\u00edti a beteg poz\u00edcion\u00e1l\u00e1s\u00e1t. Ez ide\u00e1lis esetben r\u00f6ntgenk\u00e9pi k\u00e9peket eredm\u00e9nyez minden egyes alkalommal.<\/p>\n<\/td>\n<td>&nbsp;<\/td>\n<td valign=\"top\" width=\"260\"><strong>ALARA<\/strong><\/p>\n<p style=\"text-align: justify;\">A legjobb k\u00e9pmin\u0151s\u00e9g a lehet\u0151 legalacsonyabb d\u00f3zissal &#8211; az ALARA elvnek megfelel\u0151en.&nbsp;<\/p>\n<\/td>\n<\/tr>\n<\/tbody>\n<\/table>\n<h5>&nbsp;<\/h5>\n<h5>Let\u00f6lthet\u0151 dokumentumok<\/h5>\n<ul>\n<li><a href=\"https:\/\/www.fogaszatikeszulek.hu\/wp-content\/uploads\/2020\/06\/DS-OrthophosCsalad.pdf\" target=\"_blank\" rel=\"noopener\">Orthophos csal\u00e1d magyar nyelv\u0171 katal\u00f3gus (PDF)<\/a><\/li>\n<\/ul>\n","protected":false},"excerpt":{"rendered":"<p>Kezdje el a digit\u00e1lis a digit\u00e1lis k\u00e9palkot\u00e1st Visszafogott 2D k\u00e9sz\u00fcl\u00e9k a gazdas\u00e1gos gondolkod\u00e1s\u00fa rendel\u0151knek. A bel\u00e9p\u0151 szint\u0171 k\u00e9sz\u00fcl\u00e9k gondtalan \u00e1tl\u00e9p\u00e9st jelent a digit\u00e1lis k\u00e9palkot\u00e1s vil\u00e1g\u00e1ba a megb\u00edzhat\u00f3 diagnosztik\u00e1hoz, k\u00f6sz\u00f6nhet\u0151en a CSI szenzor technol\u00f3gi\u00e1nak \u00e9s a felhaszn\u00e1l\u00f3bar\u00e1t workflownak. A cephalometri\u00e1s opci\u00f3 az Orthophos E-t megb\u00edzhat\u00f3 partnerr\u00e9 teszi a fogszab\u00e1lyoz\u00f3 szakorvosok sz\u00e1m\u00e1ra is. Gazdag\u00edtsa rendel\u0151j\u00e9t sz\u00e9lesk\u00f6r\u0171 szolg\u00e1ltat\u00e1sokkal, [&hellip;]<\/p>\n","protected":false},"author":1,"featured_media":0,"parent":0,"menu_order":0,"comment_status":"closed","ping_status":"closed","template":"","meta":{"ngg_post_thumbnail":0,"footnotes":""},"class_list":["post-1925","page","type-page","status-publish","hentry"],"_links":{"self":[{"href":"https:\/\/www.fogaszatikeszulek.hu\/index.php\/wp-json\/wp\/v2\/pages\/1925","targetHints":{"allow":["GET"]}}],"collection":[{"href":"https:\/\/www.fogaszatikeszulek.hu\/index.php\/wp-json\/wp\/v2\/pages"}],"about":[{"href":"https:\/\/www.fogaszatikeszulek.hu\/index.php\/wp-json\/wp\/v2\/types\/page"}],"author":[{"embeddable":true,"href":"https:\/\/www.fogaszatikeszulek.hu\/index.php\/wp-json\/wp\/v2\/users\/1"}],"replies":[{"embeddable":true,"href":"https:\/\/www.fogaszatikeszulek.hu\/index.php\/wp-json\/wp\/v2\/comments?post=1925"}],"version-history":[{"count":34,"href":"https:\/\/www.fogaszatikeszulek.hu\/index.php\/wp-json\/wp\/v2\/pages\/1925\/revisions"}],"predecessor-version":[{"id":2100,"href":"https:\/\/www.fogaszatikeszulek.hu\/index.php\/wp-json\/wp\/v2\/pages\/1925\/revisions\/2100"}],"wp:attachment":[{"href":"https:\/\/www.fogaszatikeszulek.hu\/index.php\/wp-json\/wp\/v2\/media?parent=1925"}],"curies":[{"name":"wp","href":"https:\/\/api.w.org\/{rel}","templated":true}]}}