{"id":1910,"date":"2020-06-23T09:10:25","date_gmt":"2020-06-23T09:10:25","guid":{"rendered":"http:\/\/www.fogaszatikeszulek.hu\/?page_id=1910"},"modified":"2020-06-30T11:06:04","modified_gmt":"2020-06-30T11:06:04","slug":"orthophos-family","status":"publish","type":"page","link":"https:\/\/www.fogaszatikeszulek.hu\/index.php\/orthophos-family\/","title":{"rendered":"Orthophos csal\u00e1d"},"content":{"rendered":"<p style=\"text-align: justify;\">Sokoldal\u00fa, ak\u00e1r a rendel\u0151je. Az Orthophos csal\u00e1d gyors, prec\u00edz \u00e9s biztons\u00e1gos munk\u00e1t biztos\u00edt a mindennapokban. Ismerje meg r\u00f6ntgenk\u00e9sz\u00fcl\u00e9keinket. Mindh\u00e1rom k\u00e9sz\u00fcl\u00e9k a DentsplySirona teljesk\u00f6r\u0171 szak\u00e9rtelm\u00e9vel ker\u00fclt kialak\u00edt\u00e1sra a legjobb k\u00e9pmin\u0151s\u00e9g\u00e9rt \u00e9s a kiv\u00e1l\u00f3 programok\u00e9rt, amik minden ig\u00e9nyt kiel\u00e9g\u00edtenek. A digit\u00e1lis k\u00e9palkot\u00e1s bel\u00e9p\u0151 szintj\u00e9t\u0151l a legmagasabb szint\u0171 specializ\u00e1ci\u00f3ig optim\u00e1lis t\u00e1mogat\u00e1st kap a v\u00e1ltozatos klinikai esetekhez.<\/p>\n<p><strong>Orthophos SL:<\/strong> A cs\u00facsmin\u0151s\u00e9g\u0171 2D\/3D r\u00f6ntgenk\u00e9sz\u00fcl\u00e9k a legjobb k\u00e9pmin\u0151s\u00e9ggel azoknak, akik m\u00e9g t\u00f6bbre v\u00e1gynak<\/p>\n<p><strong>Orthophos S:<\/strong> Magasszint\u0171 2D\/3D r\u00f6ntgenk\u00e9sz\u00fcl\u00e9k sz\u00e9lesk\u00f6r\u0171 lehet\u0151s\u00e9gekkel valamennyi praxis sz\u00e1m\u00e1ra<\/p>\n<p><strong>Orthophos E:<\/strong> Visszafogott, bel\u00e9p\u0151 szint\u0171 2D k\u00e9sz\u00fcl\u00e9k a gazdas\u00e1gos \u00e9s ditaliz\u00e1l\u00f3dni v\u00e1gy\u00f3 rendel\u0151knek<\/p>\n<p>&nbsp;<\/p>\n<h4>Orthophos csal\u00e1d tagjai<\/h4>\n<table width=\"900\">\n<tbody>\n<tr>\n<td style=\"text-align: center;\" width=\"300\"><a href=\"https:\/\/www.fogaszatikeszulek.hu\/index.php\/orthophos-e\/\">Orthophos E (2D)<\/a><\/td>\n<td style=\"text-align: center;\" width=\"300\"><a href=\"https:\/\/www.fogaszatikeszulek.hu\/index.php\/orthophos-s-2d-3d\/\">Orthophos S (2D\/3D)<\/a><\/td>\n<td style=\"text-align: center;\" width=\"300\"><a href=\"https:\/\/www.fogaszatikeszulek.hu\/index.php\/orthophos-sl-2d-3d\/\">Orthophos SL (2D\/3D)<\/a><\/td>\n<\/tr>\n<tr>\n<td><img loading=\"lazy\" decoding=\"async\" class=\"alignnone size-full wp-image-1958\" src=\"https:\/\/www.fogaszatikeszulek.hu\/wp-content\/uploads\/2020\/06\/e.jpg\" alt=\"\" width=\"300\" height=\"253\" srcset=\"https:\/\/www.fogaszatikeszulek.hu\/wp-content\/uploads\/2020\/06\/e.jpg 300w, https:\/\/www.fogaszatikeszulek.hu\/wp-content\/uploads\/2020\/06\/e-230x194.jpg 230w\" sizes=\"auto, (max-width: 300px) 100vw, 300px\" \/><\/td>\n<td><img loading=\"lazy\" decoding=\"async\" class=\"alignnone size-full wp-image-1959\" src=\"https:\/\/www.fogaszatikeszulek.hu\/wp-content\/uploads\/2020\/06\/s.jpg\" alt=\"\" width=\"300\" height=\"253\" srcset=\"https:\/\/www.fogaszatikeszulek.hu\/wp-content\/uploads\/2020\/06\/s.jpg 300w, https:\/\/www.fogaszatikeszulek.hu\/wp-content\/uploads\/2020\/06\/s-230x194.jpg 230w\" sizes=\"auto, (max-width: 300px) 100vw, 300px\" \/><\/td>\n<td><img loading=\"lazy\" decoding=\"async\" class=\"alignnone size-full wp-image-1960\" src=\"https:\/\/www.fogaszatikeszulek.hu\/wp-content\/uploads\/2020\/06\/sl.jpg\" alt=\"\" width=\"300\" height=\"253\" srcset=\"https:\/\/www.fogaszatikeszulek.hu\/wp-content\/uploads\/2020\/06\/sl.jpg 300w, https:\/\/www.fogaszatikeszulek.hu\/wp-content\/uploads\/2020\/06\/sl-230x194.jpg 230w\" sizes=\"auto, (max-width: 300px) 100vw, 300px\" \/><\/td>\n<\/tr>\n<tr>\n<td style=\"text-align: center;\" valign=\"top\"><em>Visszafogott, bel\u00e9p\u0151 szint\u0171 2D k\u00e9sz\u00fcl\u00e9k a gazdas\u00e1gos gondolkod\u00e1s\u00fa \u00e9s digitaliz\u00e1l\u00f3dni v\u00e1gy\u00f3 rendel\u0151knek<\/em><\/td>\n<td style=\"text-align: center;\" valign=\"top\"><em>A megb\u00edzhat\u00f3, teljesk\u00f6r\u0171 megold\u00e1s, sz\u00e9lesk\u00f6r\u0171 2D \u00e9s 3D lehet\u0151s\u00e9gekkel &#8211; optim\u00e1lis a mindennapi feladatok ell\u00e1t\u00e1s\u00e1ra<\/em><\/td>\n<td style=\"text-align: center;\" valign=\"top\"><em>A cs\u00facsmin\u0151s\u00e9g\u0171 modell a legjobb k\u00e9pmin\u0151s\u00e9ggel a leg\u00fajabb technol\u00f3gi\u00e1kkal &#8211; azoknak akik t\u00f6bbre v\u00e1gynak<\/em><\/td>\n<\/tr>\n<tr>\n<td style=\"text-align: center;\" valign=\"top\"><strong>V\u00e1ltozatok<\/strong><br \/>\nOrthophos E 2D<br \/>\nOpcion\u00e1lis Cephalo (bal)<\/p>\n<p style=\"text-align: center;\"><strong>P\u00e1ciens poz\u00edcion\u00e1l\u00e1s<\/strong><br \/>\nManu\u00e1lis<\/p>\n<p style=\"text-align: center;\"><strong>Panor\u00e1ma technol\u00f3gia<\/strong><br \/>\nCsI szenzor<\/p>\n<\/td>\n<td style=\"text-align: center;\" valign=\"top\"><strong>V\u00e1ltozatok<\/strong><br \/>\nOrthophos S 2D<br \/>\nOrthophos S 3D<br \/>\nOpcion\u00e1lis Cephalo (jobb vagy bal)<br \/>\n3D-FoV \u2300 5&#215;5,5 &#8211; \u2300 11&#215;10<\/p>\n<p style=\"text-align: center;\"><strong>P\u00e1ciens poz\u00edcion\u00e1l\u00e1s<\/strong><br \/>\nAutomatikus<\/p>\n<p style=\"text-align: center;\"><strong>Panor\u00e1ma technol\u00f3gia<\/strong><br \/>\nCsI szenzor<br \/>\nAutof\u00f3kusz<\/p>\n<\/td>\n<td style=\"text-align: center;\" valign=\"top\"><strong>V\u00e1ltozatok<\/strong><br \/>\nOrthophos SL 2D<br \/>\nOrthophos SL 3D<br \/>\nOpcion\u00e1lis Cephalo (jobb vagy bal)<br \/>\n3D-FoV \u2300 5&#215;5,5 &#8211; \u2300 11&#215;10<\/p>\n<p style=\"text-align: center;\"><strong>P\u00e1ciens poz\u00edcion\u00e1l\u00e1s<\/strong><br \/>\nAutomatikus<\/p>\n<p style=\"text-align: center;\"><strong>Panor\u00e1ma technol\u00f3gia<\/strong><br \/>\nDCS szenzor<br \/>\nAutof\u00f3kusz<\/p>\n<\/td>\n<\/tr>\n<tr>\n<td colspan=\"3style=&quot;text-align:\"><img loading=\"lazy\" decoding=\"async\" class=\"size-full wp-image-2081 aligncenter\" src=\"https:\/\/www.fogaszatikeszulek.hu\/wp-content\/uploads\/2020\/06\/digitalis.jpg\" alt=\"\" width=\"643\" height=\"66\" srcset=\"https:\/\/www.fogaszatikeszulek.hu\/wp-content\/uploads\/2020\/06\/digitalis.jpg 643w, https:\/\/www.fogaszatikeszulek.hu\/wp-content\/uploads\/2020\/06\/digitalis-300x31.jpg 300w, https:\/\/www.fogaszatikeszulek.hu\/wp-content\/uploads\/2020\/06\/digitalis-230x24.jpg 230w, https:\/\/www.fogaszatikeszulek.hu\/wp-content\/uploads\/2020\/06\/digitalis-350x36.jpg 350w, https:\/\/www.fogaszatikeszulek.hu\/wp-content\/uploads\/2020\/06\/digitalis-480x49.jpg 480w\" sizes=\"auto, (max-width: 643px) 100vw, 643px\" \/><\/td>\n<\/tr>\n<\/tbody>\n<\/table>\n<h4>&nbsp;<\/h4>\n<h4>Pillantsunk az el\u0151ny\u00f6kre<\/h4>\n<p style=\"text-align: justify;\">K\u00fcl\u00f6nb\u00f6z\u0151 modellek, k\u00f6z\u00f6s DNS. Az Orthophos k\u00e9sz\u00fcl\u00e9kek mind ugyanarra a sikeres hardware \u00e9s software rendszerre \u00e9p\u00fclnek:<\/p>\n<p style=\"text-align: justify;\"><strong>Hat\u00e9kony diagnosztika a kiv\u00e1l\u00f3 k\u00e9pmin\u0151s\u00e9gnek k\u00f6sz\u00f6nhet\u0151en<\/strong><\/p>\n<p style=\"text-align: justify;\">Az ALARA elvet folyamatosan szem el\u0151tt tartva, 2D k\u00e9sz\u00fcl\u00e9keink az adott indik\u00e1ci\u00f3khoz sz\u00fcks\u00e9ges k\u00e9pmin\u0151s\u00e9get biztos\u00edtj\u00e1k a lehet\u0151 legalacsonyabb d\u00f3zissal.<\/p>\n<p style=\"text-align: justify;\"><strong>Biztos\u00edtsa rendel\u0151je zavartalan m\u0171k\u00f6d\u00e9s\u00e9t a m\u00e1r bizony\u00edtott min\u0151s\u00e9gre t\u00e1maszkodva<\/strong><\/p>\n<p style=\"text-align: justify;\">Eredeti n\u00e9met gy\u00e1rtm\u00e1ny\u00fa k\u00e9sz\u00fcl\u00e9k\u00fcnk m\u00e1r t\u00f6bbsz\u00e1zezer p\u00e9ld\u00e1nyban ker\u00fclt elad\u00e1sra vil\u00e1gszerte, \u00e9s t\u00e9nyk\u00e9nt \u00e1ll\u00edthatjuk: Az Orthophos k\u00e9sz\u00fcl\u00e9kek oszt\u00e1lyukban a legmegb\u00edzhat\u00f3bbak.<\/p>\n<p style=\"text-align: justify;\"><strong>Reproduk\u00e1lhat\u00f3 eredm\u00e9nyek a k\u00f6nny\u0171 kezelhet\u0151s\u00e9gnek k\u00f6sz\u00f6nhet\u0151en<\/strong><\/p>\n<p style=\"text-align: justify;\">A stabil p\u00e1cienspoz\u00edcion\u00e1l\u00f3 rendszerek, valamint az intuit\u00edv kontrol panel \u00fagy ker\u00fcltek kialak\u00edt\u00e1sra, hogy minimaliz\u00e1lj\u00e1k a tanul\u00e1si g\u00f6rb\u00e9t \u00e9s t\u00e1mogassa praxisa hat\u00e9konys\u00e1g\u00e1t.<\/p>\n<p style=\"text-align: justify;\"><strong>Digit\u00e1lis el\u0151ny\u00f6k, melyek megk\u00f6nny\u00edtik \u00e9let\u00e9t<\/strong><\/p>\n<p style=\"text-align: justify;\">Nincs s\u00f6t\u00e9t szoba, nincsenek kemik\u00e1li\u00e1k, alacsonyabbak a k\u00f6lts\u00e9gek, kisebb a d\u00f3zis, gyorsabb a workflow. Ez csak n\u00e9h\u00e1ny a sz\u00e1mos el\u0151ny k\u00f6z\u00fcl, melyeket rendel\u0151j\u00e9be hozhat digit\u00e1lis 2D csal\u00e1dunkkal.<\/p>\n<p style=\"text-align: justify;\"><strong>B\u0151v\u00edtse rendel\u0151je portf\u00f3li\u00f3j\u00e1t modern kezel\u00e9si megold\u00e1sokkal (3D)<\/strong><\/p>\n<p style=\"text-align: justify;\">Okos kezel\u00e9si megold\u00e1saink t\u00f6k\u00e9letes kieg\u00e9sz\u00edt\u0151i r\u00f6ntgen k\u00e9sz\u00fcl\u00e9keinknek, mellyel \u00faj lehet\u0151s\u00e9geket k\u00edn\u00e1lunk rendel\u0151j\u00e9nek most \u00e9s a j\u00f6v\u0151ben.<\/p>\n<p>&nbsp;<\/p>\n<h5><img loading=\"lazy\" decoding=\"async\" class=\"alignleft wp-image-1963\" src=\"https:\/\/www.fogaszatikeszulek.hu\/wp-content\/uploads\/2020\/06\/kefalo.jpg\" alt=\"\" width=\"400\" height=\"240\" srcset=\"https:\/\/www.fogaszatikeszulek.hu\/wp-content\/uploads\/2020\/06\/kefalo.jpg 570w, https:\/\/www.fogaszatikeszulek.hu\/wp-content\/uploads\/2020\/06\/kefalo-300x180.jpg 300w, https:\/\/www.fogaszatikeszulek.hu\/wp-content\/uploads\/2020\/06\/kefalo-230x138.jpg 230w, https:\/\/www.fogaszatikeszulek.hu\/wp-content\/uploads\/2020\/06\/kefalo-350x210.jpg 350w, https:\/\/www.fogaszatikeszulek.hu\/wp-content\/uploads\/2020\/06\/kefalo-480x288.jpg 480w\" sizes=\"auto, (max-width: 400px) 100vw, 400px\" \/>Cephalometri\u00e1s felv\u00e9telek<\/h5>\n<p style=\"text-align: justify;\">Az Orthophosn\u00e1l lehet\u0151s\u00e9g van cephalometri\u00e1s kar felszerel\u00e9se ak\u00e1r ut\u00f3lag is. V\u00e1laszthat\u00f3 jobb- \u00e9s baloldali kivitelben is, hogy biztosan elf\u00e9rjen r\u00f6ntgenhelyis\u00e9g\u00e9be.<\/p>\n<p><strong>Cephalometri\u00e1s programok, melyek lefedik a teljes orthodonciai ig\u00e9nyt<\/strong><\/p>\n<p style=\"text-align: justify;\">Dedik\u00e1lt szenzorral k\u00e9sz\u00edthet later\u00e1lis \u00e9s szimmetrikus postero-anterior vagy antero-posterior felv\u00e9telt, valamint carpus k\u00e9pet. A rossz poz\u00edci\u00f3j\u00fa fogak pontos helyzet\u00e9nek meghat\u00e1roz\u00e1s\u00e1hoz ugyancsak haszn\u00e1lhat\u00f3 a 3D r\u00f6ntgenfelv\u00e9tel.<\/p>\n<p>&nbsp;<\/p>\n<h5 style=\"text-align: justify;\">Autof\u00f3kusz &#8211;&nbsp;Automatikusan a leg\u00e9lesebb k\u00e9p<\/h5>\n<p style=\"text-align: justify;\">A nagy felbont\u00e1s\u00fa panor\u00e1ma r\u00f6ntgenfelv\u00e9telhez a j\u00f3l f\u00f3kusz\u00e1lts\u00e1g elengedhetetlen. Az \u00e1llcsontnak mindig a k\u00e9sz\u00fcl\u00e9k \u00e9les k\u00e9pr\u00e9teg\u00e9be kell essen. Ehhez az Orthophos t\u00f6bbezer k\u00fcl\u00f6n k\u00e9pet k\u00e9sz\u00edt egyetlen felv\u00e9telkor \u00e9s automatikusan felismeri azokat a ter\u00fcleteket, ahol az \u00e1llcsont optim\u00e1lis poz\u00edci\u00f3ban helyezkedik el. Ezeket egyetlen maxim\u00e1lis \u00e9less\u00e9g\u0171 k\u00e9pp\u00e9 alak\u00edtja, mindenf\u00e9le k\u00f6zti l\u00e9p\u00e9s n\u00e9lk\u00fcl.<\/p>\n<p style=\"text-align: justify;\">El\u00e9rhet\u0151: Orthophos S, Orthophos SL<\/p>\n<h5>&nbsp;<\/h5>\n<h5>K\u00f6nny\u0171 haszn\u00e1lat, biztons\u00e1gos poz\u00edcion\u00e1l\u00e1s<\/h5>\n<p style=\"text-align: justify;\">Az orvos sz\u00e1m\u00e1ra a r\u00f6ntgenk\u00e9sz\u00fcl\u00e9k haszn\u00e1lata k\u00e9t dologr\u00f3l sz\u00f3l: A lehet\u0151 legszebb felv\u00e9tel \u00e9s a p\u00e1ciens k\u00e9nyelme. Az Orthophos Family mindkett\u0151t biztos\u00edtja egyed\u00fcl\u00e1ll\u00f3 megold\u00e1saival:<\/p>\n<ul>\n<li>Intuit\u00edv felhaszn\u00e1l\u00f3i fel\u00fclet az EasyPad-del.<\/li>\n<li>Automatikus poz\u00edcion\u00e1l\u00f3 elemek &#8211; occlusalis harap\u00e1sr\u00f6gz\u00edt\u0151 \u00e9s a h\u00e1rompontos fejt\u00e1masz.<\/li>\n<li>Integr\u00e1lt fejm\u00e9ret meghat\u00e1roz\u00e1s.<\/li>\n<\/ul>\n<p>El\u00e9rhet\u0151: Orthophos S, SL<\/p>\n<table width=\"900\">\n<tbody>\n<tr>\n<td><img loading=\"lazy\" decoding=\"async\" class=\"alignnone wp-image-1965\" src=\"https:\/\/www.fogaszatikeszulek.hu\/wp-content\/uploads\/2020\/06\/pozicionalas.jpg\" alt=\"\" width=\"450\" height=\"253\" srcset=\"https:\/\/www.fogaszatikeszulek.hu\/wp-content\/uploads\/2020\/06\/pozicionalas.jpg 582w, https:\/\/www.fogaszatikeszulek.hu\/wp-content\/uploads\/2020\/06\/pozicionalas-300x169.jpg 300w, https:\/\/www.fogaszatikeszulek.hu\/wp-content\/uploads\/2020\/06\/pozicionalas-230x129.jpg 230w, https:\/\/www.fogaszatikeszulek.hu\/wp-content\/uploads\/2020\/06\/pozicionalas-350x197.jpg 350w, https:\/\/www.fogaszatikeszulek.hu\/wp-content\/uploads\/2020\/06\/pozicionalas-480x270.jpg 480w\" sizes=\"auto, (max-width: 450px) 100vw, 450px\" \/><\/td>\n<td><img loading=\"lazy\" decoding=\"async\" class=\"alignnone wp-image-1978\" src=\"https:\/\/www.fogaszatikeszulek.hu\/wp-content\/uploads\/2020\/06\/1549117540347.jpg\" alt=\"\" width=\"450\" height=\"253\" srcset=\"https:\/\/www.fogaszatikeszulek.hu\/wp-content\/uploads\/2020\/06\/1549117540347.jpg 1200w, https:\/\/www.fogaszatikeszulek.hu\/wp-content\/uploads\/2020\/06\/1549117540347-300x169.jpg 300w, https:\/\/www.fogaszatikeszulek.hu\/wp-content\/uploads\/2020\/06\/1549117540347-768x432.jpg 768w, https:\/\/www.fogaszatikeszulek.hu\/wp-content\/uploads\/2020\/06\/1549117540347-1024x576.jpg 1024w, https:\/\/www.fogaszatikeszulek.hu\/wp-content\/uploads\/2020\/06\/1549117540347-830x467.jpg 830w, https:\/\/www.fogaszatikeszulek.hu\/wp-content\/uploads\/2020\/06\/1549117540347-230x129.jpg 230w, https:\/\/www.fogaszatikeszulek.hu\/wp-content\/uploads\/2020\/06\/1549117540347-350x197.jpg 350w, https:\/\/www.fogaszatikeszulek.hu\/wp-content\/uploads\/2020\/06\/1549117540347-480x270.jpg 480w\" sizes=\"auto, (max-width: 450px) 100vw, 450px\" \/><\/td>\n<\/tr>\n<\/tbody>\n<\/table>\n<h5>&nbsp;<\/h5>\n<h5>DCS \u2013 Egyed\u00fcl\u00e1ll\u00f3 \u00e9less\u00e9g a finom r\u00e9szletek\u00e9rt<\/h5>\n<p style=\"text-align: justify;\">A Direct Conversion Sensor (DCS) \u00fajrafogalmazta a panor\u00e1ma felv\u00e9telek standardj\u00e1t. A r\u00f6ntgensugarak egyb\u0151l elektromos jell\u00e9 alak\u00edt\u00f3dnak \u00e1t \u2013 szemben a konvencion\u00e1lis rendszerekkel, nincs jelvesztes\u00e9g a f\u00e9ny konverzi\u00f3 sor\u00e1n. Ez t\u00f6bb k\u00e9pinform\u00e1ci\u00f3t jelent. Az eredm\u00e9ny, egyed\u00fcl\u00e1ll\u00f3an magas szint\u0171 \u00e9less\u00e9ggel b\u00edr\u00f3 felv\u00e9telek, m\u00e9g extr\u00e9m alacsony d\u00f3zis eset\u00e9n is.<\/p>\n<p style=\"text-align: justify;\">El\u00e9rhet\u0151: Orthophos SL<\/p>\n<table width=\"900\">\n<tbody>\n<tr>\n<td><img loading=\"lazy\" decoding=\"async\" class=\"alignnone wp-image-1971\" src=\"https:\/\/www.fogaszatikeszulek.hu\/wp-content\/uploads\/2020\/06\/dcs.jpg\" alt=\"\" width=\"450\" height=\"253\" srcset=\"https:\/\/www.fogaszatikeszulek.hu\/wp-content\/uploads\/2020\/06\/dcs.jpg 1200w, https:\/\/www.fogaszatikeszulek.hu\/wp-content\/uploads\/2020\/06\/dcs-300x169.jpg 300w, https:\/\/www.fogaszatikeszulek.hu\/wp-content\/uploads\/2020\/06\/dcs-768x432.jpg 768w, https:\/\/www.fogaszatikeszulek.hu\/wp-content\/uploads\/2020\/06\/dcs-1024x576.jpg 1024w, https:\/\/www.fogaszatikeszulek.hu\/wp-content\/uploads\/2020\/06\/dcs-830x467.jpg 830w, https:\/\/www.fogaszatikeszulek.hu\/wp-content\/uploads\/2020\/06\/dcs-230x129.jpg 230w, https:\/\/www.fogaszatikeszulek.hu\/wp-content\/uploads\/2020\/06\/dcs-350x197.jpg 350w, https:\/\/www.fogaszatikeszulek.hu\/wp-content\/uploads\/2020\/06\/dcs-480x270.jpg 480w\" sizes=\"auto, (max-width: 450px) 100vw, 450px\" \/><\/td>\n<td><img loading=\"lazy\" decoding=\"async\" class=\"alignnone wp-image-1972\" src=\"https:\/\/www.fogaszatikeszulek.hu\/wp-content\/uploads\/2020\/06\/dcs2.jpg\" alt=\"\" width=\"450\" height=\"253\" srcset=\"https:\/\/www.fogaszatikeszulek.hu\/wp-content\/uploads\/2020\/06\/dcs2.jpg 1200w, https:\/\/www.fogaszatikeszulek.hu\/wp-content\/uploads\/2020\/06\/dcs2-300x169.jpg 300w, https:\/\/www.fogaszatikeszulek.hu\/wp-content\/uploads\/2020\/06\/dcs2-768x432.jpg 768w, https:\/\/www.fogaszatikeszulek.hu\/wp-content\/uploads\/2020\/06\/dcs2-1024x576.jpg 1024w, https:\/\/www.fogaszatikeszulek.hu\/wp-content\/uploads\/2020\/06\/dcs2-830x467.jpg 830w, https:\/\/www.fogaszatikeszulek.hu\/wp-content\/uploads\/2020\/06\/dcs2-230x129.jpg 230w, https:\/\/www.fogaszatikeszulek.hu\/wp-content\/uploads\/2020\/06\/dcs2-350x197.jpg 350w, https:\/\/www.fogaszatikeszulek.hu\/wp-content\/uploads\/2020\/06\/dcs2-480x270.jpg 480w\" sizes=\"auto, (max-width: 450px) 100vw, 450px\" \/><\/td>\n<\/tr>\n<\/tbody>\n<\/table>\n<h5>&nbsp;<\/h5>\n<h5><img loading=\"lazy\" decoding=\"async\" class=\"alignright wp-image-1976\" src=\"https:\/\/www.fogaszatikeszulek.hu\/wp-content\/uploads\/2020\/06\/ambient.jpg\" alt=\"\" width=\"400\" height=\"240\" srcset=\"https:\/\/www.fogaszatikeszulek.hu\/wp-content\/uploads\/2020\/06\/ambient.jpg 582w, https:\/\/www.fogaszatikeszulek.hu\/wp-content\/uploads\/2020\/06\/ambient-300x180.jpg 300w, https:\/\/www.fogaszatikeszulek.hu\/wp-content\/uploads\/2020\/06\/ambient-230x138.jpg 230w, https:\/\/www.fogaszatikeszulek.hu\/wp-content\/uploads\/2020\/06\/ambient-350x210.jpg 350w, https:\/\/www.fogaszatikeszulek.hu\/wp-content\/uploads\/2020\/06\/ambient-480x288.jpg 480w\" sizes=\"auto, (max-width: 400px) 100vw, 400px\" \/>Hangulatf\u00e9ny<\/h5>\n<p style=\"text-align: justify;\">A t\u00f6bb mint 30 f\u00e9le hangulatf\u00e9nnyel az Orthophos SL kellemes atmoszf\u00e9r\u00e1t ny\u00fajt az orvosnak \u00e9s p\u00e1cienseinek, valamint t\u00f6k\u00e9letesen illeszkedik a m\u00e1r megl\u00e9v\u0151 modern rendel\u0151i kin\u00e9zethez.<\/p>\n<p>El\u00e9rhet\u0151: Orthophos SL<\/p>\n<p>&nbsp;<\/p>\n<h4>3D K\u00e9palkot\u00e1s<\/h4>\n<p style=\"text-align: justify;\">M\u00e9g pontosabb diagn\u00f3zis, egy\u00e9rtelm\u0171bb v\u00e1laszok: A 3D k\u00e9palkot\u00e1s rengeteg el\u0151nnyel j\u00e1r. Legyen sz\u00f3 torl\u00f3dott fogakr\u00f3l, v\u00e1ratlan gy\u00f6k\u00e9rcsatorna form\u00e1ci\u00f3kr\u00f3l, rejtett csatorn\u00e1kr\u00f3l, vagy temporomandibul\u00e1ris \u00edz\u00fcleti anom\u00e1li\u00e1kr\u00f3l, a 3D felv\u00e9telek \u00e9rt\u00e9ke a diagnosztik\u00e1ban felbecs\u00fclhetetlen. Tov\u00e1bb\u00e1 egyszer\u0171s\u00edti a p\u00e1ciens kommunik\u00e1ci\u00f3t, mely seg\u00edti kezel\u00e9si terveinek magabiztosabb elfogad\u00e1s\u00e1t.<\/p>\n<p style=\"text-align: justify;\">El\u00e9rhet\u0151: Orthophos S, Orthophos SL<\/p>\n<h5>&nbsp;<\/h5>\n<h5>V\u00e1ltozatos 3D volumenek<\/h5>\n<p style=\"text-align: justify;\">A l\u00e1t\u00f3t\u00e9r az orvos ig\u00e9nyeihez igaz\u00edtott. Kezdve az 5&#215;5,5 cm-es FoV-vel endodonciai vagy egy implantos esetekhez, eg\u00e9szen a 11&#215;10 cm-es FoV-ig a komplett fogazat \u00e9s a fels\u0151 l\u00e9gutak anal\u00edzis\u00e9hez, eld\u00f6ntheti melyik volumen a legmegfelel\u0151bb az \u00d6n sz\u00e1m\u00e1ra.<\/p>\n<h5>&nbsp;<\/h5>\n<h5>MARS a f\u00e9nyess\u00e9g kik\u00fcsz\u00f6b\u00f6l\u00e9s\u00e9re<\/h5>\n<p style=\"text-align: justify;\"><img loading=\"lazy\" decoding=\"async\" class=\"alignright wp-image-1043\" src=\"https:\/\/www.fogaszatikeszulek.hu\/wp-content\/uploads\/2018\/03\/1488721242898.png\" alt=\"\" width=\"400\" height=\"240\" srcset=\"https:\/\/www.fogaszatikeszulek.hu\/wp-content\/uploads\/2018\/03\/1488721242898.png 570w, https:\/\/www.fogaszatikeszulek.hu\/wp-content\/uploads\/2018\/03\/1488721242898-300x180.png 300w, https:\/\/www.fogaszatikeszulek.hu\/wp-content\/uploads\/2018\/03\/1488721242898-230x138.png 230w, https:\/\/www.fogaszatikeszulek.hu\/wp-content\/uploads\/2018\/03\/1488721242898-350x210.png 350w, https:\/\/www.fogaszatikeszulek.hu\/wp-content\/uploads\/2018\/03\/1488721242898-480x288.png 480w\" sizes=\"auto, (max-width: 400px) 100vw, 400px\" \/>A f\u00e9m idegentestek jelenl\u00e9te nagy kih\u00edv\u00e1st jelent a 3D felv\u00e9telekn\u00e9l. A 3D rekonstrukci\u00f3n\u00e1l a radiopak t\u00e1rgyak \u00e1rny\u00e9kolnak \u00e9s cs\u00edkokat, sugarakat hoznak l\u00e9tre a r\u00f6ntgenk\u00e9pen. Ez k\u00fcl\u00f6n\u00f6sen igaz a f\u00e9mrestaur\u00e1ci\u00f3kkal rendelkez\u0151 p\u00e1ciensekre, ahol ezek az effektek megnehez\u00edtik a diagn\u00f3zist. A MARS (Metal Artifact Reduction Software) cs\u00f6kkenti a f\u00e9mek zaj\u00e1t a 3D felv\u00e9teleken. Ez jav\u00edtja a k\u00e9pmin\u0151s\u00e9get \u00e9s seg\u00edti a diagn\u00f3zist, az azt nehez\u00edt\u0151 t\u00e9nyez\u0151k kiiktat\u00e1s\u00e1val.<\/p>\n<h5>&nbsp;<\/h5>\n<h5><img loading=\"lazy\" decoding=\"async\" class=\"alignright wp-image-1046\" src=\"https:\/\/www.fogaszatikeszulek.hu\/wp-content\/uploads\/2018\/03\/1489433350083.png\" alt=\"\" width=\"400\" height=\"240\" srcset=\"https:\/\/www.fogaszatikeszulek.hu\/wp-content\/uploads\/2018\/03\/1489433350083.png 570w, https:\/\/www.fogaszatikeszulek.hu\/wp-content\/uploads\/2018\/03\/1489433350083-300x180.png 300w, https:\/\/www.fogaszatikeszulek.hu\/wp-content\/uploads\/2018\/03\/1489433350083-230x138.png 230w, https:\/\/www.fogaszatikeszulek.hu\/wp-content\/uploads\/2018\/03\/1489433350083-350x210.png 350w, https:\/\/www.fogaszatikeszulek.hu\/wp-content\/uploads\/2018\/03\/1489433350083-480x288.png 480w\" sizes=\"auto, (max-width: 400px) 100vw, 400px\" \/>HD m\u00f3d (3D)<\/h5>\n<p style=\"text-align: justify;\">A DentsplySirona k\u00e9sz\u00fcl\u00e9kek alapbe\u00e1ll\u00edt\u00e1sk\u00e9nt SD (Standard Definition) m\u00f3dban \u00fczemelnek kiv\u00e1l\u00f3 egyens\u00falyban tartva a k\u00e9pmin\u0151s\u00e9get \u00e9s a d\u00f3zis\u00e9rt\u00e9keket a mindennapi haszn\u00e1lathoz. Bizonyos indik\u00e1ci\u00f3kn\u00e1l azonban, pl. gy\u00f6k\u00e9rcsatorna lefut\u00e1sok, a HD (High Definition) m\u00f3d megmutatja nek\u00fcnk az \u00f6sszes sz\u00fcks\u00e9ges r\u00e9szletet, egyetlen gombnyom\u00e1sra.<\/p>\n<p>&nbsp;<\/p>\n<h5>Let\u00f6lthet\u0151 dokumentumok<\/h5>\n<ul>\n<li><a href=\"https:\/\/www.fogaszatikeszulek.hu\/wp-content\/uploads\/2020\/06\/DS-OrthophosCsalad.pdf\" target=\"_blank\" rel=\"noopener\">Orthophos csal\u00e1d magyar nyelv\u0171 katal\u00f3gus (PDF)<\/a><\/li>\n<\/ul>\n","protected":false},"excerpt":{"rendered":"<p>Sokoldal\u00fa, ak\u00e1r a rendel\u0151je. Az Orthophos csal\u00e1d gyors, prec\u00edz \u00e9s biztons\u00e1gos munk\u00e1t biztos\u00edt a mindennapokban. Ismerje meg r\u00f6ntgenk\u00e9sz\u00fcl\u00e9keinket. Mindh\u00e1rom k\u00e9sz\u00fcl\u00e9k a DentsplySirona teljesk\u00f6r\u0171 szak\u00e9rtelm\u00e9vel ker\u00fclt kialak\u00edt\u00e1sra a legjobb k\u00e9pmin\u0151s\u00e9g\u00e9rt \u00e9s a kiv\u00e1l\u00f3 programok\u00e9rt, amik minden ig\u00e9nyt kiel\u00e9g\u00edtenek. A digit\u00e1lis k\u00e9palkot\u00e1s bel\u00e9p\u0151 szintj\u00e9t\u0151l a legmagasabb szint\u0171 specializ\u00e1ci\u00f3ig optim\u00e1lis t\u00e1mogat\u00e1st kap a v\u00e1ltozatos klinikai esetekhez. Orthophos SL: [&hellip;]<\/p>\n","protected":false},"author":1,"featured_media":0,"parent":0,"menu_order":0,"comment_status":"closed","ping_status":"closed","template":"","meta":{"ngg_post_thumbnail":0,"footnotes":""},"class_list":["post-1910","page","type-page","status-publish","hentry"],"_links":{"self":[{"href":"https:\/\/www.fogaszatikeszulek.hu\/index.php\/wp-json\/wp\/v2\/pages\/1910","targetHints":{"allow":["GET"]}}],"collection":[{"href":"https:\/\/www.fogaszatikeszulek.hu\/index.php\/wp-json\/wp\/v2\/pages"}],"about":[{"href":"https:\/\/www.fogaszatikeszulek.hu\/index.php\/wp-json\/wp\/v2\/types\/page"}],"author":[{"embeddable":true,"href":"https:\/\/www.fogaszatikeszulek.hu\/index.php\/wp-json\/wp\/v2\/users\/1"}],"replies":[{"embeddable":true,"href":"https:\/\/www.fogaszatikeszulek.hu\/index.php\/wp-json\/wp\/v2\/comments?post=1910"}],"version-history":[{"count":47,"href":"https:\/\/www.fogaszatikeszulek.hu\/index.php\/wp-json\/wp\/v2\/pages\/1910\/revisions"}],"predecessor-version":[{"id":2099,"href":"https:\/\/www.fogaszatikeszulek.hu\/index.php\/wp-json\/wp\/v2\/pages\/1910\/revisions\/2099"}],"wp:attachment":[{"href":"https:\/\/www.fogaszatikeszulek.hu\/index.php\/wp-json\/wp\/v2\/media?parent=1910"}],"curies":[{"name":"wp","href":"https:\/\/api.w.org\/{rel}","templated":true}]}}