{"id":1600,"date":"2019-03-06T11:31:10","date_gmt":"2019-03-06T11:31:10","guid":{"rendered":"http:\/\/www.fogaszatikeszulek.hu\/?page_id=1600"},"modified":"2019-03-06T12:35:49","modified_gmt":"2019-03-06T12:35:49","slug":"flexion-mikroszkopok","status":"publish","type":"page","link":"https:\/\/www.fogaszatikeszulek.hu\/index.php\/flexion-mikroszkopok\/","title":{"rendered":"Flexion mikroszk\u00f3pok"},"content":{"rendered":"<p><img loading=\"lazy\" decoding=\"async\" class=\"size-full wp-image-1616 aligncenter\" src=\"https:\/\/www.fogaszatikeszulek.hu\/wp-content\/uploads\/2019\/03\/cjoptik-flexion-ok.jpg\" alt=\"\" width=\"726\" height=\"239\" srcset=\"https:\/\/www.fogaszatikeszulek.hu\/wp-content\/uploads\/2019\/03\/cjoptik-flexion-ok.jpg 726w, https:\/\/www.fogaszatikeszulek.hu\/wp-content\/uploads\/2019\/03\/cjoptik-flexion-ok-300x99.jpg 300w, https:\/\/www.fogaszatikeszulek.hu\/wp-content\/uploads\/2019\/03\/cjoptik-flexion-ok-230x76.jpg 230w, https:\/\/www.fogaszatikeszulek.hu\/wp-content\/uploads\/2019\/03\/cjoptik-flexion-ok-350x115.jpg 350w, https:\/\/www.fogaszatikeszulek.hu\/wp-content\/uploads\/2019\/03\/cjoptik-flexion-ok-480x158.jpg 480w\" sizes=\"auto, (max-width: 726px) 100vw, 726px\" \/><\/p>\n<p>Magyarorsz\u00e1gon az els\u0151k k\u00f6z\u00f6tt v\u00e1gtunk bele az orvosi \u00e9s fog\u00e1szati mikroszk\u00f3pok, illetve a k\u00fcl\u00f6nf\u00e9le orvosi nagy\u00edt\u00f3k, loup\u00e9k \u00e9s LED-es orvosi fejl\u00e1mp\u00e1k kereskedelm\u00e9be. A Zeiss, Labomed \u00e9s Global oper\u00e1ci\u00f3s mikroszk\u00f3pok ut\u00e1n m\u00e1r a Flexion mikroszk\u00f3pok is el\u00e9rhet\u0151ek az Endobolt k\u00edn\u00e1lat\u00e1ban.<\/p>\n<p><strong>CJOptik Flexion mikroszk\u00f3p<\/strong><\/p>\n<ul>\n<li>5 l\u00e9p\u00e9sben v\u00e1ltoztathat\u00f3 nagy\u00edt\u00e1s: 0.4x, 0.6x, 1.0x, 1.6x, 2.5x (10 vagy 12,5)<\/li>\n<li>Varioskop 150 &#8211; manu\u00e1lis f\u00f3kuszt\u00e1vols\u00e1g \u00e1ll\u00edt\u00e1s<\/li>\n<li>LED-es f\u00e9nyforr\u00e1s<\/li>\n<li>Monolater\u00e1lis kimenet \u00e9s dokument\u00e1ci\u00f3s port<\/li>\n<li>Maxim\u00e1lis nagy\u00edt\u00e1s a binokul\u00e1r f\u00fcggv\u00e9ny\u00e9ben 25-30x-es<\/li>\n<li>Automatikus f\u00e9nyforr\u00e1s inaktiv\u00e1l\u00e1s a mikroszk\u00f3p kar fels\u0151 v\u00e9g\u00e1ll\u00e1s\u00e1ban<\/li>\n<li>Passz\u00edv f\u00e9nyforr\u00e1s h\u0171t\u00e9si rendszer<\/li>\n<li>Oszlopos-gurul\u00f3s kivitel, f\u00e9kezhet\u0151 kerekekkel<\/li>\n<li>120&#8242;-os kuplung szerkezet &#8211; ergon\u00f3miai kieg\u00e9sz\u00edt\u00e9s<\/li>\n<li>Megb\u00edzhat\u00f3 n\u00e9met min\u0151s\u00e9g<\/li>\n<\/ul>\n<p style=\"text-align: justify;\">K\u00e9rj\u00fck amennyiben az oldalon olvasottakkal kapcsolatban k\u00e9rd\u00e9se mer\u00fclne fel, illetve term\u00e9keink felkeltett\u00e9k \u00e9rdekl\u0151d\u00e9s\u00e9t jelezze fel\u00e9nk azt miel\u0151bb. V\u00e1rom megtisztel\u0151 jelentkez\u00e9s\u00e9t!<\/p>\n","protected":false},"excerpt":{"rendered":"<p>Magyarorsz\u00e1gon az els\u0151k k\u00f6z\u00f6tt v\u00e1gtunk bele az orvosi \u00e9s fog\u00e1szati mikroszk\u00f3pok, illetve a k\u00fcl\u00f6nf\u00e9le orvosi nagy\u00edt\u00f3k, loup\u00e9k \u00e9s LED-es orvosi fejl\u00e1mp\u00e1k kereskedelm\u00e9be. A Zeiss, Labomed \u00e9s Global oper\u00e1ci\u00f3s mikroszk\u00f3pok ut\u00e1n m\u00e1r a Flexion mikroszk\u00f3pok is el\u00e9rhet\u0151ek az Endobolt k\u00edn\u00e1lat\u00e1ban. CJOptik Flexion mikroszk\u00f3p 5 l\u00e9p\u00e9sben v\u00e1ltoztathat\u00f3 nagy\u00edt\u00e1s: 0.4x, 0.6x, 1.0x, 1.6x, 2.5x (10 vagy 12,5) Varioskop [&hellip;]<\/p>\n","protected":false},"author":1,"featured_media":0,"parent":0,"menu_order":0,"comment_status":"closed","ping_status":"closed","template":"","meta":{"ngg_post_thumbnail":0,"footnotes":""},"class_list":["post-1600","page","type-page","status-publish","hentry"],"_links":{"self":[{"href":"https:\/\/www.fogaszatikeszulek.hu\/index.php\/wp-json\/wp\/v2\/pages\/1600","targetHints":{"allow":["GET"]}}],"collection":[{"href":"https:\/\/www.fogaszatikeszulek.hu\/index.php\/wp-json\/wp\/v2\/pages"}],"about":[{"href":"https:\/\/www.fogaszatikeszulek.hu\/index.php\/wp-json\/wp\/v2\/types\/page"}],"author":[{"embeddable":true,"href":"https:\/\/www.fogaszatikeszulek.hu\/index.php\/wp-json\/wp\/v2\/users\/1"}],"replies":[{"embeddable":true,"href":"https:\/\/www.fogaszatikeszulek.hu\/index.php\/wp-json\/wp\/v2\/comments?post=1600"}],"version-history":[{"count":13,"href":"https:\/\/www.fogaszatikeszulek.hu\/index.php\/wp-json\/wp\/v2\/pages\/1600\/revisions"}],"predecessor-version":[{"id":1618,"href":"https:\/\/www.fogaszatikeszulek.hu\/index.php\/wp-json\/wp\/v2\/pages\/1600\/revisions\/1618"}],"wp:attachment":[{"href":"https:\/\/www.fogaszatikeszulek.hu\/index.php\/wp-json\/wp\/v2\/media?parent=1600"}],"curies":[{"name":"wp","href":"https:\/\/api.w.org\/{rel}","templated":true}]}}