{"id":1584,"date":"2019-02-07T10:03:47","date_gmt":"2019-02-07T10:03:47","guid":{"rendered":"http:\/\/www.fogaszatikeszulek.hu\/?page_id=1584"},"modified":"2019-03-06T12:42:46","modified_gmt":"2019-03-06T12:42:46","slug":"global-mikroszkop","status":"publish","type":"page","link":"https:\/\/www.fogaszatikeszulek.hu\/index.php\/global-mikroszkop\/","title":{"rendered":"Global mikroszk\u00f3pok"},"content":{"rendered":"<p><img loading=\"lazy\" decoding=\"async\" class=\"alignright wp-image-1585\" src=\"https:\/\/www.fogaszatikeszulek.hu\/wp-content\/uploads\/2019\/02\/a-series-microscope-lrg.jpg\" alt=\"\" width=\"250\" height=\"428\" srcset=\"https:\/\/www.fogaszatikeszulek.hu\/wp-content\/uploads\/2019\/02\/a-series-microscope-lrg.jpg 569w, https:\/\/www.fogaszatikeszulek.hu\/wp-content\/uploads\/2019\/02\/a-series-microscope-lrg-175x300.jpg 175w, https:\/\/www.fogaszatikeszulek.hu\/wp-content\/uploads\/2019\/02\/a-series-microscope-lrg-230x394.jpg 230w, https:\/\/www.fogaszatikeszulek.hu\/wp-content\/uploads\/2019\/02\/a-series-microscope-lrg-350x599.jpg 350w, https:\/\/www.fogaszatikeszulek.hu\/wp-content\/uploads\/2019\/02\/a-series-microscope-lrg-480x822.jpg 480w\" sizes=\"auto, (max-width: 250px) 100vw, 250px\" \/>Bemutatjuk az \u00faj Global Surgical A-Series fog\u00e1szati mikroszk\u00f3pot!<\/p>\n<p><strong>Teljesen \u00faj design<\/strong><\/p>\n<p>Eleg\u00e1ns, innovat\u00edv st\u00edlus a modern fogorvosi rendel\u0151k sz\u00e1m\u00e1ra.<\/p>\n<p><strong>Intuit\u00edv vez\u00e9rl\u00e9s<\/strong><\/p>\n<p>Az \u00faj AXIS Control Systemnek k\u00f6sz\u00f6nhet\u0151en k\u00f6nnyen kezelhet\u0151.<\/p>\n<p><strong>Er\u0151teljesebb f\u00e9ny<\/strong><\/p>\n<p>T\u00f6bb mint 100.000 Lux f\u00e9ny\u00e9rt\u00e9k\u00e9vel a legf\u00e9nyesebb LED a piacon.<\/p>\n<p><strong>Tov\u00e1bbfejlesztett komfort<\/strong><\/p>\n<p>Ergonomikus kialak\u00edt\u00e1s, hossz\u00fa t\u00e1v\u00fa eg\u00e9szs\u00e9g\u00fcgyi el\u0151ny\u00f6k.<\/p>\n<p>&nbsp;<\/p>\n<p style=\"text-align: justify;\">A Global Surgical elk\u00f6telezett amellett, hogy a legjobb mikroszk\u00f3p \u00e9lm\u00e9nyt ny\u00fajtsa. Az \u00faj A-Series \u2122 mikroszk\u00f3p az intuit\u00edv vez\u00e9rl\u00e9sre lett tervezve, mik\u00f6zben jelent\u0151sen javult a vizualiz\u00e1ci\u00f3 a korai diagn\u00f3zis sor\u00e1n.<\/p>\n<ul>\n<li style=\"text-align: justify;\">3, 4 \u00e9s 6 l\u00e9p\u00e9ses nagy\u00edt\u00e1sban el\u00e9rhet\u0151<\/li>\n<li style=\"text-align: justify;\">Az AXIS \u2122 vez\u00e9rl\u0151rendszerrel mindk\u00e9t oldalon ergon\u00f3mikuskarok tal\u00e1lhat\u00f3ak. Ezzel vez\u00e9relhet\u0151 a nagy\u00edt\u00e1s m\u00e9rt\u00e9ke, a f\u00e9nyer\u0151 \u00e9s a billent\u00e9s<\/li>\n<li style=\"text-align: justify;\">Ergon\u00f3mikus karok be\u00e9p\u00edtett nagy\u00edt\u00f3v\u00e1lt\u00f3val<\/li>\n<li style=\"text-align: justify;\">A legvil\u00e1gosabb LED-es f\u00e9nyforr\u00e1s &#8211; 100 000 Lux<\/li>\n<li style=\"text-align: justify;\">H\u00e1romfokozat\u00fa sz\u0171r\u0151egys\u00e9g: \u00e1tl\u00e1tsz\u00f3, borosty\u00e1ns\u00e1rga \u00e9s z\u00f6ld<\/li>\n<li style=\"text-align: justify;\">T\u00f6bbf\u00e9le felszerel\u00e9si lehet\u0151s\u00e9g: padl\u00f3ra, falra, mennyezetre<\/li>\n<\/ul>\n","protected":false},"excerpt":{"rendered":"<p>Bemutatjuk az \u00faj Global Surgical A-Series fog\u00e1szati mikroszk\u00f3pot! Teljesen \u00faj design Eleg\u00e1ns, innovat\u00edv st\u00edlus a modern fogorvosi rendel\u0151k sz\u00e1m\u00e1ra. Intuit\u00edv vez\u00e9rl\u00e9s Az \u00faj AXIS Control Systemnek k\u00f6sz\u00f6nhet\u0151en k\u00f6nnyen kezelhet\u0151. Er\u0151teljesebb f\u00e9ny T\u00f6bb mint 100.000 Lux f\u00e9ny\u00e9rt\u00e9k\u00e9vel a legf\u00e9nyesebb LED a piacon. Tov\u00e1bbfejlesztett komfort Ergonomikus kialak\u00edt\u00e1s, hossz\u00fa t\u00e1v\u00fa eg\u00e9szs\u00e9g\u00fcgyi el\u0151ny\u00f6k. &nbsp; A Global Surgical elk\u00f6telezett amellett, [&hellip;]<\/p>\n","protected":false},"author":1,"featured_media":0,"parent":0,"menu_order":0,"comment_status":"closed","ping_status":"closed","template":"","meta":{"ngg_post_thumbnail":0,"footnotes":""},"class_list":["post-1584","page","type-page","status-publish","hentry"],"_links":{"self":[{"href":"https:\/\/www.fogaszatikeszulek.hu\/index.php\/wp-json\/wp\/v2\/pages\/1584","targetHints":{"allow":["GET"]}}],"collection":[{"href":"https:\/\/www.fogaszatikeszulek.hu\/index.php\/wp-json\/wp\/v2\/pages"}],"about":[{"href":"https:\/\/www.fogaszatikeszulek.hu\/index.php\/wp-json\/wp\/v2\/types\/page"}],"author":[{"embeddable":true,"href":"https:\/\/www.fogaszatikeszulek.hu\/index.php\/wp-json\/wp\/v2\/users\/1"}],"replies":[{"embeddable":true,"href":"https:\/\/www.fogaszatikeszulek.hu\/index.php\/wp-json\/wp\/v2\/comments?post=1584"}],"version-history":[{"count":7,"href":"https:\/\/www.fogaszatikeszulek.hu\/index.php\/wp-json\/wp\/v2\/pages\/1584\/revisions"}],"predecessor-version":[{"id":1593,"href":"https:\/\/www.fogaszatikeszulek.hu\/index.php\/wp-json\/wp\/v2\/pages\/1584\/revisions\/1593"}],"wp:attachment":[{"href":"https:\/\/www.fogaszatikeszulek.hu\/index.php\/wp-json\/wp\/v2\/media?parent=1584"}],"curies":[{"name":"wp","href":"https:\/\/api.w.org\/{rel}","templated":true}]}}