{"id":1528,"date":"2019-02-05T14:54:37","date_gmt":"2019-02-05T14:54:37","guid":{"rendered":"http:\/\/www.fogaszatikeszulek.hu\/?page_id=1528"},"modified":"2025-01-31T10:35:10","modified_gmt":"2025-01-31T10:35:10","slug":"primescan","status":"publish","type":"page","link":"https:\/\/www.fogaszatikeszulek.hu\/index.php\/primescan\/","title":{"rendered":"Primescan"},"content":{"rendered":"<p><img loading=\"lazy\" decoding=\"async\" class=\"alignnone size-full wp-image-2580\" src=\"https:\/\/www.fogaszatikeszulek.hu\/wp-content\/uploads\/2023\/04\/primescanconnect-idspromocio.jpg\" alt=\"\" width=\"1080\" height=\"1080\" srcset=\"https:\/\/www.fogaszatikeszulek.hu\/wp-content\/uploads\/2023\/04\/primescanconnect-idspromocio.jpg 1080w, https:\/\/www.fogaszatikeszulek.hu\/wp-content\/uploads\/2023\/04\/primescanconnect-idspromocio-150x150.jpg 150w, https:\/\/www.fogaszatikeszulek.hu\/wp-content\/uploads\/2023\/04\/primescanconnect-idspromocio-300x300.jpg 300w, https:\/\/www.fogaszatikeszulek.hu\/wp-content\/uploads\/2023\/04\/primescanconnect-idspromocio-768x768.jpg 768w, https:\/\/www.fogaszatikeszulek.hu\/wp-content\/uploads\/2023\/04\/primescanconnect-idspromocio-1024x1024.jpg 1024w, https:\/\/www.fogaszatikeszulek.hu\/wp-content\/uploads\/2023\/04\/primescanconnect-idspromocio-830x830.jpg 830w, https:\/\/www.fogaszatikeszulek.hu\/wp-content\/uploads\/2023\/04\/primescanconnect-idspromocio-230x230.jpg 230w, https:\/\/www.fogaszatikeszulek.hu\/wp-content\/uploads\/2023\/04\/primescanconnect-idspromocio-350x350.jpg 350w, https:\/\/www.fogaszatikeszulek.hu\/wp-content\/uploads\/2023\/04\/primescanconnect-idspromocio-480x480.jpg 480w\" sizes=\"auto, (max-width: 1080px) 100vw, 1080px\" \/><\/p>\n<p>&nbsp;<\/p>\n<h5><img loading=\"lazy\" decoding=\"async\" class=\"alignleft wp-image-1535\" src=\"https:\/\/www.fogaszatikeszulek.hu\/wp-content\/uploads\/2019\/02\/primescan1.jpg\" alt=\"\" width=\"340\" height=\"196\" srcset=\"https:\/\/www.fogaszatikeszulek.hu\/wp-content\/uploads\/2019\/02\/primescan1.jpg 933w, https:\/\/www.fogaszatikeszulek.hu\/wp-content\/uploads\/2019\/02\/primescan1-300x173.jpg 300w, https:\/\/www.fogaszatikeszulek.hu\/wp-content\/uploads\/2019\/02\/primescan1-768x442.jpg 768w, https:\/\/www.fogaszatikeszulek.hu\/wp-content\/uploads\/2019\/02\/primescan1-830x478.jpg 830w, https:\/\/www.fogaszatikeszulek.hu\/wp-content\/uploads\/2019\/02\/primescan1-230x132.jpg 230w, https:\/\/www.fogaszatikeszulek.hu\/wp-content\/uploads\/2019\/02\/primescan1-350x201.jpg 350w, https:\/\/www.fogaszatikeszulek.hu\/wp-content\/uploads\/2019\/02\/primescan1-480x276.jpg 480w\" sizes=\"auto, (max-width: 340px) 100vw, 340px\" \/>Primescan intraor\u00e1lis szkenner<\/h5>\n<h5 style=\"text-align: justify;\">\u00c9lvezze a szkennel\u00e9s szabads\u00e1g\u00e1t<\/h5>\n<p style=\"text-align: justify;\">\u00dajradefini\u00e1lja a pontoss\u00e1g \u00e9s sebess\u00e9g fogalm\u00e1t: A Primescan mindenf\u00e9le kezel\u00e9st lehet\u0151v\u00e9 tesz, az egyetlen fogt\u00f3l a teljes fog\u00edvig. A Primescan alkalmaz\u00e1s\u00e1val az intraor\u00e1lis szkennel\u00e9s most pontosabb, gyorsabb \u00e9s egyszer\u0171bb, mint valaha.<\/p>\n<h5>&nbsp;<\/h5>\n<h5>&nbsp;<iframe loading=\"lazy\"  id=\"_ytid_30631\"  width=\"1170\" height=\"658\"  data-origwidth=\"1170\" data-origheight=\"658\" src=\"https:\/\/www.youtube.com\/embed\/u2_Nc0kZQXU?enablejsapi=1&autoplay=0&cc_load_policy=0&cc_lang_pref=&iv_load_policy=1&loop=0&rel=1&fs=1&playsinline=0&autohide=2&theme=dark&color=red&controls=1&disablekb=0&\" class=\"__youtube_prefs__  no-lazyload\" title=\"YouTube player\"  allow=\"fullscreen; accelerometer; autoplay; clipboard-write; encrypted-media; gyroscope; picture-in-picture; web-share\" referrerpolicy=\"strict-origin-when-cross-origin\" allowfullscreen data-no-lazy=\"1\" data-skipgform_ajax_framebjll=\"\"><\/iframe><\/h5>\n<h5>&nbsp;<\/h5>\n<h5>Teljesk\u00f6r\u0171 el\u00e9gedetts\u00e9g<\/h5>\n<p style=\"text-align: justify;\"><img loading=\"lazy\" decoding=\"async\" class=\"alignright wp-image-1545\" src=\"https:\/\/www.fogaszatikeszulek.hu\/wp-content\/uploads\/2019\/02\/elegedettseg.gif\" alt=\"\" width=\"250\" height=\"249\">Kit\u0171n\u0151 v\u00e1laszt\u00e1s kiv\u00e1l\u00f3 eredm\u00e9nyek\u00e9rt: a Primescan a digit\u00e1lis fog\u00e1szat t\u00f6k\u00e9letes kiindul\u00f3pontja. Nem sz\u00e1m\u00edt, hogyan szeretn\u00e9 megtervezni a munkafolyamatait, a Primescan lehet\u0151v\u00e9 teszi a hat\u00e9kony digit\u00e1lis munkafolyamatok el\u00e9r\u00e9s\u00e9t &#8211; ak\u00e1r rendel\u0151i gyakorlatban ak\u00e1r a prefer\u00e1lt laborjaival egy\u00fcttm\u0171k\u00f6dve.<\/p>\n<p style=\"text-align: justify;\">J\u00f3l megtervezett \u00e9s t\u00f6k\u00e9letesen kompatibilis: A nagy teljes\u00edtm\u00e9ny\u0171 intraor\u00e1lis szkenner mellett az \u00faj Acquisition Center is el\u00e9rhet\u0151. Ezek egy\u00fcttesen egy rendk\u00edv\u00fcl hat\u00e9kony \u00e9s k\u00e9nyelmes rendszert alkotnak &#8211;&nbsp;ig\u00e9nyeinek kiel\u00e9g\u00edt\u00e9se k\u00e9t egyedi szoftverkonfigur\u00e1ci\u00f3val:<\/p>\n<ul>\n<li>Primescan AC Connect szoftverrel: a m\u00e1r megl\u00e9v\u0151 laborjaival egy\u00fcttm\u0171k\u00f6dve<\/li>\n<li>CEREC Primescan AC with CEREC szoftverrel: teljes rendel\u0151i munkafolyamat t\u00e1mogat\u00e1s \/ egy\u00fcl\u00e9ses fog\u00e1szat<\/li>\n<\/ul>\n<p>&nbsp;<\/p>\n<iframe loading=\"lazy\"  id=\"_ytid_11929\"  width=\"1170\" height=\"658\"  data-origwidth=\"1170\" data-origheight=\"658\" src=\"https:\/\/www.youtube.com\/embed\/h2bOYMcDVAE?enablejsapi=1&autoplay=0&cc_load_policy=0&cc_lang_pref=&iv_load_policy=1&loop=0&rel=1&fs=1&playsinline=0&autohide=2&theme=dark&color=red&controls=1&disablekb=0&\" class=\"__youtube_prefs__  no-lazyload\" title=\"YouTube player\"  allow=\"fullscreen; accelerometer; autoplay; clipboard-write; encrypted-media; gyroscope; picture-in-picture; web-share\" referrerpolicy=\"strict-origin-when-cross-origin\" allowfullscreen data-no-lazy=\"1\" data-skipgform_ajax_framebjll=\"\"><\/iframe>\n<p>&nbsp;<\/p>\n<h5><strong>Primescan el\u0151nyei<\/strong><\/h5>\n<p>Kort\u00e1rs designja \u00e9rt\u00e9ket, pontoss\u00e1got \u00e9s kiv\u00e1l\u00f3 teljes\u00edtm\u00e9nyt biztos\u00edt.<\/p>\n<ul>\n<li style=\"text-align: justify;\"><strong>Pontoss\u00e1g<\/strong><br \/>\nSzkennel\u00e9s kiv\u00e1l\u00f3 pontoss\u00e1ggal: innovat\u00edv Smart Pixel Sensor \u00e9s dinamikus m\u00e9lys\u00e9g szkennel\u0151 technol\u00f3gia a t\u00f6k\u00e9letes \u00e9less\u00e9g\u00e9rt, ak\u00e1r 20 mm-es m\u00e9lys\u00e9gig is.<\/li>\n<li style=\"text-align: justify;\"><strong>Haszn\u00e1lhat\u00f3s\u00e1g<\/strong><br \/>\nAz \u00f6sszes fog\u00e1szati anyag \u00e9s a nehezen hozz\u00e1f\u00e9rhet\u0151 ter\u00fcletek k\u00f6nny\u0171 szkennel\u00e9se: a megn\u00f6vekedett l\u00e1t\u00f3mez\u0151 nagyobb ter\u00fcleteket jelen\u00edt meg, azonnali pontoss\u00e1ggal.<\/li>\n<li style=\"text-align: justify;\"><strong>Sebess\u00e9g<\/strong><br \/>\nGyorsabb szkennel\u00e9s: t\u00f6bb mint 50.000 k\u00e9p r\u00f6gz\u00edt\u00e9se m\u00e1sodpercenk\u00e9nt \u00e9s a szoftver \u00e1ltal ig\u00e9nyelt adatok gyors feldolgoz\u00e1sa.<\/li>\n<li style=\"text-align: justify;\"><strong>Kapcsolat<\/strong><br \/>\nA munkafolyamat felgyors\u00edt\u00e1sa: a z\u00f6kken\u0151mentes \u00e9s nyitott adat\u00e1tviteli lehet\u0151s\u00e9gnek k\u00f6sz\u00f6nhet\u0151en a laborok \u00e9s m\u00e1s partnerek azonnal nagy felbont\u00e1s\u00fa modellt kapnak.<\/li>\n<li style=\"text-align: justify;\"><strong>Higi\u00e9nia<\/strong><br \/>\nLegy\u00fcnk \u00farr\u00e1 a fert\u0151z\u00e9sen: h\u00e1rom k\u00fcl\u00f6nb\u00f6z\u0151 &#8222;v\u00e9d\u0151h\u00fcvely&#8221; k\u00f6z\u00fcl v\u00e1laszthat &#8211; autokl\u00e1vozhat\u00f3 \u00e9s eldobhat\u00f3 verzi\u00f3k.<\/li>\n<li style=\"text-align: justify;\"><strong>\u00daj megjelen\u00e9s<\/strong><br \/>\nIntelligens funkci\u00f3k \u00e9s nagyobb k\u00e9nyelem: intuit\u00edv haszn\u00e1lat 16:9-as \u00e9rtint\u0151k\u00e9perny\u0151n \u00e9s \u00e9rint\u0151padon a t\u00f6k\u00e9letes ergon\u00f3mia \u00e9rdek\u00e9ben.<\/li>\n<\/ul>\n<p>&nbsp;<\/p>\n<h5>Pontoss\u00e1g<\/h5>\n<p style=\"text-align: justify;\"><img loading=\"lazy\" decoding=\"async\" class=\"alignleft wp-image-1567\" src=\"https:\/\/www.fogaszatikeszulek.hu\/wp-content\/uploads\/2019\/02\/pixel.jpg\" alt=\"\" width=\"190\" height=\"217\" srcset=\"https:\/\/www.fogaszatikeszulek.hu\/wp-content\/uploads\/2019\/02\/pixel.jpg 299w, https:\/\/www.fogaszatikeszulek.hu\/wp-content\/uploads\/2019\/02\/pixel-263x300.jpg 263w, https:\/\/www.fogaszatikeszulek.hu\/wp-content\/uploads\/2019\/02\/pixel-230x262.jpg 230w\" sizes=\"auto, (max-width: 190px) 100vw, 190px\" \/>Az innovat\u00edv Smart Pixel Sensor t\u00f6bb mint 1.000.000 3D-s pontot dolgoz fel m\u00e1sodpercenk\u00e9nt, \u00edgy fotorealisztikus \u00e9s nagyon pontos adatokat k\u00e9sz\u00edt. A Primescan a piacon el\u00e9rhet\u0151 legpontosabb intraoral szkenner. Dinamikus m\u00e9lys\u00e9gm\u00e9r\u0151 technol\u00f3gi\u00e1ja t\u00f6k\u00e9letes \u00e9less\u00e9get \u00e9s kiemelked\u0151 pontoss\u00e1got biztos\u00edt, ak\u00e1r 20mm-es m\u00e9lys\u00e9gben is &#8211; abszol\u00fat el\u0151ny a m\u00e9lyebben fekv\u0151 indik\u00e1ci\u00f3kn\u00e1l.<\/p>\n<p style=\"text-align: justify;\">A Primescan hihetetlen adats\u0171r\u0171s\u00e9ggel t\u00f6rt\u00e9n\u0151 szkennel\u00e9s\u00e9nek k\u00f6sz\u00f6nhet\u0151en teljes 3D-s k\u00e9pet ny\u00fajt mindenr\u0151l, ami a l\u00e1t\u00f3mez\u0151be ker\u00fcl &#8211; m\u00e1r az els\u0151 szkennel\u00e9sn\u00e9l.<\/p>\n<p>&nbsp;<\/p>\n<h5>Sebess\u00e9g<\/h5>\n<p style=\"text-align: justify;\"><strong>Gyors\u00edtja a folyamatot:<\/strong> a Primescan egyed\u00fcl\u00e1ll\u00f3 technol\u00f3gi\u00e1ja lehet\u0151v\u00e9 teszi a t\u00f6bb adat gyorsabb feldolgoz\u00e1s\u00e1t nagyobb felbont\u00e1sban. A Primescan intelligens feldolgoz\u00e1sa biztos\u00edtja a szoftverrel val\u00f3 optim\u00e1lis interakci\u00f3t, pontosan tov\u00e1bb\u00edtja az adatokat, amelyeket a szoftvernek el kell v\u00e9geznie. Az eredm\u00e9ny: A teljes 3D-szkennel\u00e9si modellek azonnal megjelennek, f\u00fcggetlen\u00fcl att\u00f3l, hogy milyen gyorsan szkennel.<\/p>\n<p style=\"text-align: justify;\">A z\u00f6kken\u0151mentes \u00e9s ny\u00edlt adat\u00e1tviteli lehet\u0151s\u00e9geknek k\u00f6sz\u00f6nhet\u0151en a laborok \u00e9s m\u00e1s partnerek nagy felbont\u00e1s\u00fa modelleket kapnak egy pillanat alatt. A Primescan haszn\u00e1lat\u00e1val \u00e9lvezheti a szabads\u00e1got, hogy a legjobb munkafolyamatokat v\u00e1lassza az \u00d6n \u00e9s betegei sz\u00e1m\u00e1ra.<\/p>\n<iframe loading=\"lazy\"  id=\"_ytid_32286\"  width=\"1170\" height=\"878\"  data-origwidth=\"1170\" data-origheight=\"878\" src=\"https:\/\/www.youtube.com\/embed\/XNh1DRRRCxc?enablejsapi=1&autoplay=0&cc_load_policy=0&cc_lang_pref=&iv_load_policy=1&loop=0&rel=1&fs=1&playsinline=0&autohide=2&theme=dark&color=red&controls=1&disablekb=0&\" class=\"__youtube_prefs__  no-lazyload\" title=\"YouTube player\"  allow=\"fullscreen; accelerometer; autoplay; clipboard-write; encrypted-media; gyroscope; picture-in-picture; web-share\" referrerpolicy=\"strict-origin-when-cross-origin\" allowfullscreen data-no-lazy=\"1\" data-skipgform_ajax_framebjll=\"\"><\/iframe>\n<p>&nbsp;<\/p>\n<h5>Haszn\u00e1lhat\u00f3s\u00e1g<\/h5>\n<p style=\"text-align: justify;\"><strong><img loading=\"lazy\" decoding=\"async\" class=\"alignleft wp-image-1571\" src=\"https:\/\/www.fogaszatikeszulek.hu\/wp-content\/uploads\/2019\/02\/hasznalhatosag.jpg\" alt=\"\" width=\"230\" height=\"198\" srcset=\"https:\/\/www.fogaszatikeszulek.hu\/wp-content\/uploads\/2019\/02\/hasznalhatosag.jpg 299w, https:\/\/www.fogaszatikeszulek.hu\/wp-content\/uploads\/2019\/02\/hasznalhatosag-230x198.jpg 230w\" sizes=\"auto, (max-width: 230px) 100vw, 230px\" \/>\u00c9lvezze a szkennel\u00e9s szabads\u00e1g\u00e1t:<\/strong> A Primescan lehet\u0151v\u00e9 teszi a szkennel\u00e9s azonnal elkezd\u00e9s\u00e9t. Folyamatosan melegen tartja mag\u00e1t a k\u00f6dmentes szkennel\u00e9shez &#8211; ami azt jelenti, hogy b\u00e1rmikor k\u00e9szen \u00e1ll a munk\u00e1ra. Neh\u00e9z sz\u00f6gek? Nehezen hozz\u00e1f\u00e9rhet\u0151 ter\u00fcletek? F\u00e9nyes fel\u00fcletek? Nem okoz neh\u00e9zs\u00e9get a Primescan sz\u00e1m\u00e1ra. A megn\u00f6velt l\u00e1t\u00f3mez\u0151nek k\u00f6sz\u00f6nhet\u0151en nagyobb ter\u00fcleteket k\u00e9pezhet le azonnali pontoss\u00e1ggal. A kiv\u00e1l\u00f3 szkennel\u00e9si eredm\u00e9nyek azonnal megjelennek az \u00faj Acquisition Center \u00e9rint\u0151k\u00e9perny\u0151j\u00e9n.<\/p>\n<p style=\"text-align: justify;\"><strong>Ellen\u0151rizze a higi\u00e9ni\u00e1t:<\/strong>&nbsp;h\u00e1rom k\u00fcl\u00f6nb\u00f6z\u0151 v\u00e9d\u0151tasak garant\u00e1lja, hogy mind a rendel\u0151i, mind az \u00e1ltal\u00e1nos higi\u00e9niai k\u00f6vetelm\u00e9nyeknek megfeleljen. V\u00e1laszthat rozsdamentes ac\u00e9lt, zaf\u00edr \u00fcveggel autokl\u00e1vozhat\u00f3 opci\u00f3k\u00e9nt. Egyszer haszn\u00e1latos eldobhat\u00f3 tasakok is rendelhet\u0151k.<\/p>\n<p>&nbsp;<\/p>\n<h5>Minden r\u00e9szlet\u00e9ben felt\u0171n\u0151: az \u00faj Acquisition Center<\/h5>\n<p style=\"text-align: justify;\">Az \u00faj Acquisition Center egy modern fogorvosi munka\u00e1llom\u00e1s. \u00c9rint\u0151paddal \u00e9s 16:9-es sz\u00e9les mozgathat\u00f3 \u00e9rint\u0151k\u00e9perny\u0151vel rendelkezik, \u00edgy rendk\u00edv\u00fcl intuit\u00edv \u00e9s ergon\u00f3mikus munka\u00e1llom\u00e1st k\u00edn\u00e1l.<\/p>\n<p><strong>El\u0151ny\u00f6k:<\/strong><\/p>\n<ul>\n<li>\u00c9rint\u0151k\u00e9perny\u0151 \u00e9s \u00e9rint\u0151pad a legk\u00e9nyelmesebb, intuit\u00edv haszn\u00e1lathoz<\/li>\n<li>Mozgathat\u00f3s\u00e1g a t\u00f6k\u00e9letes ergon\u00f3miai pozicion\u00e1l\u00e1shoz<\/li>\n<li>Smart Hygiene koncepci\u00f3 a gyors \u00e9s k\u00f6nny\u0171 fert\u0151tlen\u00edt\u00e9shez<\/li>\n<li>Mobilit\u00e1si koncepci\u00f3 a teljes mobilit\u00e1s \u00e9rdek\u00e9ben t\u00f6bb mint 60 perces akkumul\u00e1tor t\u00f6lt\u00f6tts\u00e9ggel<\/li>\n<\/ul>\n<p>&nbsp;<\/p>\n<p>A Primescan k\u00e9t egyedi szoftverkonfigur\u00e1ci\u00f3val \u00e9rhet\u0151 el:<\/p>\n<p><strong><img loading=\"lazy\" decoding=\"async\" class=\"alignleft wp-image-1574\" src=\"https:\/\/www.fogaszatikeszulek.hu\/wp-content\/uploads\/2019\/02\/1548944863996.png\" alt=\"\" width=\"415\" height=\"415\" srcset=\"https:\/\/www.fogaszatikeszulek.hu\/wp-content\/uploads\/2019\/02\/1548944863996.png 400w, https:\/\/www.fogaszatikeszulek.hu\/wp-content\/uploads\/2019\/02\/1548944863996-150x150.png 150w, https:\/\/www.fogaszatikeszulek.hu\/wp-content\/uploads\/2019\/02\/1548944863996-300x300.png 300w, https:\/\/www.fogaszatikeszulek.hu\/wp-content\/uploads\/2019\/02\/1548944863996-230x230.png 230w, https:\/\/www.fogaszatikeszulek.hu\/wp-content\/uploads\/2019\/02\/1548944863996-350x350.png 350w\" sizes=\"auto, (max-width: 415px) 100vw, 415px\" \/>Primescan AC Connect szoftverrel:<\/strong><\/p>\n<ul>\n<li>T\u00e1mogatja az adat\u00e1tviteli lehet\u0151s\u00e9geket a m\u00e1r megl\u00e9v\u0151 laborjaival egy\u00fcttm\u0171k\u00f6dve<\/li>\n<li>Biztons\u00e1gos \u00e9s titkos\u00edtott adat\u00e1tvitel a Connect Case Center&nbsp; be\u00e9rkezett \u00fczenetein kereszt\u00fcl<\/li>\n<li>Egyszer\u0171&nbsp; friss\u00edthet\u0151s\u00e9g a teljes chairside megold\u00e1shoz<\/li>\n<li>\u00c9rint\u0151kijelz\u0151s \u00e9s intuit\u00edv felhaszn\u00e1l\u00f3i fel\u00fclet<\/li>\n<\/ul>\n<p><strong>CEREC Primescan AC CEREC szoftverrel:<\/strong><\/p>\n<ul>\n<li>Teljes rendel\u0151i munkafolyamat t\u00e1mogat\u00e1s az egy\u00fcl\u00e9ses fog\u00e1szathoz<\/li>\n<li>Rugalmas adat export\u00e1l\u00e1si lehet\u0151s\u00e9gek<\/li>\n<li>Automatiz\u00e1lt munkafolyamat az Artifical Intelligence-nek k\u00f6sz\u00f6nhet\u0151en<\/li>\n<li>\u00c9rint\u0151kijelz\u0151s \u00e9s intuit\u00edv felhaszn\u00e1l\u00f3i fel\u00fclet<\/li>\n<\/ul>\n<p>&nbsp;<\/p>\n<h5>&nbsp;<\/h5>\n<h5>Let\u00f6lthet\u0151 dokumentumok<\/h5>\n<ul>\n<li><a href=\"https:\/\/www.fogaszatikeszulek.hu\/wp-content\/uploads\/pdf\/Primescan.pdf\" target=\"_blank\" rel=\"noopener\">Primescan prospektus (angol nyelv\u0171)<\/a><\/li>\n<\/ul>\n<p>&nbsp;<\/p>\n","protected":false},"excerpt":{"rendered":"<p>&nbsp; Primescan intraor\u00e1lis szkenner \u00c9lvezze a szkennel\u00e9s szabads\u00e1g\u00e1t \u00dajradefini\u00e1lja a pontoss\u00e1g \u00e9s sebess\u00e9g fogalm\u00e1t: A Primescan mindenf\u00e9le kezel\u00e9st lehet\u0151v\u00e9 tesz, az egyetlen fogt\u00f3l a teljes fog\u00edvig. A Primescan alkalmaz\u00e1s\u00e1val az intraor\u00e1lis szkennel\u00e9s most pontosabb, gyorsabb \u00e9s egyszer\u0171bb, mint valaha. &nbsp; &nbsp; &nbsp; Teljesk\u00f6r\u0171 el\u00e9gedetts\u00e9g Kit\u0171n\u0151 v\u00e1laszt\u00e1s kiv\u00e1l\u00f3 eredm\u00e9nyek\u00e9rt: a Primescan a digit\u00e1lis fog\u00e1szat t\u00f6k\u00e9letes kiindul\u00f3pontja. [&hellip;]<\/p>\n","protected":false},"author":1,"featured_media":0,"parent":0,"menu_order":0,"comment_status":"closed","ping_status":"closed","template":"","meta":{"ngg_post_thumbnail":0,"footnotes":""},"class_list":["post-1528","page","type-page","status-publish","hentry"],"_links":{"self":[{"href":"https:\/\/www.fogaszatikeszulek.hu\/index.php\/wp-json\/wp\/v2\/pages\/1528","targetHints":{"allow":["GET"]}}],"collection":[{"href":"https:\/\/www.fogaszatikeszulek.hu\/index.php\/wp-json\/wp\/v2\/pages"}],"about":[{"href":"https:\/\/www.fogaszatikeszulek.hu\/index.php\/wp-json\/wp\/v2\/types\/page"}],"author":[{"embeddable":true,"href":"https:\/\/www.fogaszatikeszulek.hu\/index.php\/wp-json\/wp\/v2\/users\/1"}],"replies":[{"embeddable":true,"href":"https:\/\/www.fogaszatikeszulek.hu\/index.php\/wp-json\/wp\/v2\/comments?post=1528"}],"version-history":[{"count":48,"href":"https:\/\/www.fogaszatikeszulek.hu\/index.php\/wp-json\/wp\/v2\/pages\/1528\/revisions"}],"predecessor-version":[{"id":2634,"href":"https:\/\/www.fogaszatikeszulek.hu\/index.php\/wp-json\/wp\/v2\/pages\/1528\/revisions\/2634"}],"wp:attachment":[{"href":"https:\/\/www.fogaszatikeszulek.hu\/index.php\/wp-json\/wp\/v2\/media?parent=1528"}],"curies":[{"name":"wp","href":"https:\/\/api.w.org\/{rel}","templated":true}]}}