{"id":1511,"date":"2018-10-08T20:22:38","date_gmt":"2018-10-08T20:22:38","guid":{"rendered":"http:\/\/www.fogaszatikeszulek.hu\/?page_id=1511"},"modified":"2019-03-08T11:20:59","modified_gmt":"2019-03-08T11:20:59","slug":"labomed-mikroszkopok","status":"publish","type":"page","link":"https:\/\/www.fogaszatikeszulek.hu\/index.php\/labomed-mikroszkopok\/","title":{"rendered":"Labomed mikroszk\u00f3pok"},"content":{"rendered":"<p><img loading=\"lazy\" decoding=\"async\" class=\"alignnone size-full wp-image-1515\" src=\"https:\/\/www.fogaszatikeszulek.hu\/wp-content\/uploads\/2018\/10\/fejlec.jpg\" alt=\"\" width=\"1180\" height=\"344\" srcset=\"https:\/\/www.fogaszatikeszulek.hu\/wp-content\/uploads\/2018\/10\/fejlec.jpg 1180w, https:\/\/www.fogaszatikeszulek.hu\/wp-content\/uploads\/2018\/10\/fejlec-300x87.jpg 300w, https:\/\/www.fogaszatikeszulek.hu\/wp-content\/uploads\/2018\/10\/fejlec-768x224.jpg 768w, https:\/\/www.fogaszatikeszulek.hu\/wp-content\/uploads\/2018\/10\/fejlec-1024x299.jpg 1024w, https:\/\/www.fogaszatikeszulek.hu\/wp-content\/uploads\/2018\/10\/fejlec-830x242.jpg 830w, https:\/\/www.fogaszatikeszulek.hu\/wp-content\/uploads\/2018\/10\/fejlec-230x67.jpg 230w, https:\/\/www.fogaszatikeszulek.hu\/wp-content\/uploads\/2018\/10\/fejlec-350x102.jpg 350w, https:\/\/www.fogaszatikeszulek.hu\/wp-content\/uploads\/2018\/10\/fejlec-480x140.jpg 480w\" sizes=\"auto, (max-width: 1180px) 100vw, 1180px\" \/><\/p>\n<p style=\"text-align: justify;\">Magyarorsz\u00e1gon az els\u0151k k\u00f6z\u00f6tt v\u00e1gtunk bele az orvosi \u00e9s fog\u00e1szati mikroszk\u00f3pok, illetve a k\u00fcl\u00f6nf\u00e9le orvosi nagy\u00edt\u00f3k, loup\u00e9k \u00e9s LED-es orvosi fejl\u00e1mp\u00e1k kereskedelm\u00e9be.<\/p>\n<h2 style=\"text-align: center;\"><a href=\"http:\/\/www.labomed.hu\" target=\"_blank\" rel=\"noopener\">www.labomed.hu<\/a><\/h2>\n<p style=\"text-align: justify;\">A www.labomed.hu weboldalt azzal a c\u00e9llal hoztuk l\u00e9tre, hogy az \u00e9rdekl\u0151d\u0151k min\u00e9l sz\u00e9lesebb k\u00f6r\u0171 inform\u00e1ci\u00f3t kaphassanak az \u00e1ltalunk forgalmazott \u00e9s szervizelt Labomed mikroszk\u00f3pokr\u00f3l. K\u00e9rj\u00fck amennyiben az oldalon olvasottakkal kapcsolatban k\u00e9rd\u00e9se mer\u00fclne fel, illetve term\u00e9keink felkeltett\u00e9k \u00e9rdekl\u0151d\u00e9s\u00e9t jelezze fel\u00e9nk azt miel\u0151bb. V\u00e1rom megtisztel\u0151 jelentkez\u00e9s\u00e9t!<\/p>\n","protected":false},"excerpt":{"rendered":"<p>Magyarorsz\u00e1gon az els\u0151k k\u00f6z\u00f6tt v\u00e1gtunk bele az orvosi \u00e9s fog\u00e1szati mikroszk\u00f3pok, illetve a k\u00fcl\u00f6nf\u00e9le orvosi nagy\u00edt\u00f3k, loup\u00e9k \u00e9s LED-es orvosi fejl\u00e1mp\u00e1k kereskedelm\u00e9be. www.labomed.hu A www.labomed.hu weboldalt azzal a c\u00e9llal hoztuk l\u00e9tre, hogy az \u00e9rdekl\u0151d\u0151k min\u00e9l sz\u00e9lesebb k\u00f6r\u0171 inform\u00e1ci\u00f3t kaphassanak az \u00e1ltalunk forgalmazott \u00e9s szervizelt Labomed mikroszk\u00f3pokr\u00f3l. K\u00e9rj\u00fck amennyiben az oldalon olvasottakkal kapcsolatban k\u00e9rd\u00e9se mer\u00fclne fel, [&hellip;]<\/p>\n","protected":false},"author":1,"featured_media":0,"parent":0,"menu_order":0,"comment_status":"closed","ping_status":"closed","template":"","meta":{"ngg_post_thumbnail":0,"footnotes":""},"class_list":["post-1511","page","type-page","status-publish","hentry"],"_links":{"self":[{"href":"https:\/\/www.fogaszatikeszulek.hu\/index.php\/wp-json\/wp\/v2\/pages\/1511","targetHints":{"allow":["GET"]}}],"collection":[{"href":"https:\/\/www.fogaszatikeszulek.hu\/index.php\/wp-json\/wp\/v2\/pages"}],"about":[{"href":"https:\/\/www.fogaszatikeszulek.hu\/index.php\/wp-json\/wp\/v2\/types\/page"}],"author":[{"embeddable":true,"href":"https:\/\/www.fogaszatikeszulek.hu\/index.php\/wp-json\/wp\/v2\/users\/1"}],"replies":[{"embeddable":true,"href":"https:\/\/www.fogaszatikeszulek.hu\/index.php\/wp-json\/wp\/v2\/comments?post=1511"}],"version-history":[{"count":3,"href":"https:\/\/www.fogaszatikeszulek.hu\/index.php\/wp-json\/wp\/v2\/pages\/1511\/revisions"}],"predecessor-version":[{"id":1516,"href":"https:\/\/www.fogaszatikeszulek.hu\/index.php\/wp-json\/wp\/v2\/pages\/1511\/revisions\/1516"}],"wp:attachment":[{"href":"https:\/\/www.fogaszatikeszulek.hu\/index.php\/wp-json\/wp\/v2\/media?parent=1511"}],"curies":[{"name":"wp","href":"https:\/\/api.w.org\/{rel}","templated":true}]}}