{"id":1504,"date":"2018-10-08T20:11:13","date_gmt":"2018-10-08T20:11:13","guid":{"rendered":"http:\/\/www.fogaszatikeszulek.hu\/?page_id=1504"},"modified":"2018-10-08T20:36:31","modified_gmt":"2018-10-08T20:36:31","slug":"zeiss-mikroszkopok","status":"publish","type":"page","link":"https:\/\/www.fogaszatikeszulek.hu\/index.php\/zeiss-mikroszkopok\/","title":{"rendered":"ZEISS mikroszk\u00f3pok"},"content":{"rendered":"<p><img loading=\"lazy\" decoding=\"async\" class=\"alignnone size-full wp-image-1517\" src=\"https:\/\/www.fogaszatikeszulek.hu\/wp-content\/uploads\/2018\/10\/31.jpg\" alt=\"\" width=\"1180\" height=\"344\" srcset=\"https:\/\/www.fogaszatikeszulek.hu\/wp-content\/uploads\/2018\/10\/31.jpg 1180w, https:\/\/www.fogaszatikeszulek.hu\/wp-content\/uploads\/2018\/10\/31-300x87.jpg 300w, https:\/\/www.fogaszatikeszulek.hu\/wp-content\/uploads\/2018\/10\/31-768x224.jpg 768w, https:\/\/www.fogaszatikeszulek.hu\/wp-content\/uploads\/2018\/10\/31-1024x299.jpg 1024w, https:\/\/www.fogaszatikeszulek.hu\/wp-content\/uploads\/2018\/10\/31-830x242.jpg 830w, https:\/\/www.fogaszatikeszulek.hu\/wp-content\/uploads\/2018\/10\/31-230x67.jpg 230w, https:\/\/www.fogaszatikeszulek.hu\/wp-content\/uploads\/2018\/10\/31-350x102.jpg 350w, https:\/\/www.fogaszatikeszulek.hu\/wp-content\/uploads\/2018\/10\/31-480x140.jpg 480w\" sizes=\"auto, (max-width: 1180px) 100vw, 1180px\" \/><\/p>\n<p style=\"text-align: justify;\">2015. janu\u00e1rj\u00e1t\u00f3l hivatalos forgalmaz\u00f3i lett\u00fcnk a ZEISS fog\u00e1szati mikroszk\u00f3poknak.<\/p>\n<p style=\"text-align: justify;\">Nagy \u00f6r\u00f6m\u00f6mre szolg\u00e1l, hogy v\u00e9gre magyar nyelven is bemutathatjuk \u00d6nnek a ZEISS fog\u00e1szati c\u00e9lra sz\u00e1nt oper\u00e1ci\u00f3s mikroszk\u00f3pjait, opci\u00f3s elemeit, kieg\u00e9sz\u00edt\u0151ket \u00e9s a VIDEO dokument\u00e1ci\u00f3s megold\u00e1sokat.<\/p>\n<h2 style=\"text-align: center;\"><a href=\"http:\/\/www.fogorvosimikroszkop.hu\/\" target=\"_blank\" rel=\"noopener\">www.fogorvosimikroszkop.hu<\/a><\/h2>\n<p style=\"text-align: justify;\">Rem\u00e9nyeim szerint az oldalon el\u00e9rhet\u0151 inform\u00e1ci\u00f3k alapj\u00e1n siker\u00fcl felkelteni \u00e9rdekl\u0151d\u00e9s\u00e9t term\u00e9keink ir\u00e1nt, m\u00e9ly\u00edteni a ZEISS n\u00e9vhez kapcsol\u00f3d\u00f3 min\u0151s\u00e9gbe vetett bizalm\u00e1t \u00e9s hamarosan \u00fcdv\u00f6z\u00f6lhetj\u00fck \u00d6nt is a ZEISS oper\u00e1ci\u00f3s mikroszk\u00f3pok felhaszn\u00e1l\u00f3inak k\u00f6r\u00e9ben. V\u00e1rom megtisztel\u0151 jelentkez\u00e9s\u00e9t!<\/p>\n<p>&nbsp;<\/p>\n<p>&nbsp;<\/p>\n","protected":false},"excerpt":{"rendered":"<p>2015. janu\u00e1rj\u00e1t\u00f3l hivatalos forgalmaz\u00f3i lett\u00fcnk a ZEISS fog\u00e1szati mikroszk\u00f3poknak. Nagy \u00f6r\u00f6m\u00f6mre szolg\u00e1l, hogy v\u00e9gre magyar nyelven is bemutathatjuk \u00d6nnek a ZEISS fog\u00e1szati c\u00e9lra sz\u00e1nt oper\u00e1ci\u00f3s mikroszk\u00f3pjait, opci\u00f3s elemeit, kieg\u00e9sz\u00edt\u0151ket \u00e9s a VIDEO dokument\u00e1ci\u00f3s megold\u00e1sokat. www.fogorvosimikroszkop.hu Rem\u00e9nyeim szerint az oldalon el\u00e9rhet\u0151 inform\u00e1ci\u00f3k alapj\u00e1n siker\u00fcl felkelteni \u00e9rdekl\u0151d\u00e9s\u00e9t term\u00e9keink ir\u00e1nt, m\u00e9ly\u00edteni a ZEISS n\u00e9vhez kapcsol\u00f3d\u00f3 min\u0151s\u00e9gbe vetett bizalm\u00e1t [&hellip;]<\/p>\n","protected":false},"author":1,"featured_media":0,"parent":0,"menu_order":0,"comment_status":"closed","ping_status":"closed","template":"","meta":{"ngg_post_thumbnail":0,"footnotes":""},"class_list":["post-1504","page","type-page","status-publish","hentry"],"_links":{"self":[{"href":"https:\/\/www.fogaszatikeszulek.hu\/index.php\/wp-json\/wp\/v2\/pages\/1504","targetHints":{"allow":["GET"]}}],"collection":[{"href":"https:\/\/www.fogaszatikeszulek.hu\/index.php\/wp-json\/wp\/v2\/pages"}],"about":[{"href":"https:\/\/www.fogaszatikeszulek.hu\/index.php\/wp-json\/wp\/v2\/types\/page"}],"author":[{"embeddable":true,"href":"https:\/\/www.fogaszatikeszulek.hu\/index.php\/wp-json\/wp\/v2\/users\/1"}],"replies":[{"embeddable":true,"href":"https:\/\/www.fogaszatikeszulek.hu\/index.php\/wp-json\/wp\/v2\/comments?post=1504"}],"version-history":[{"count":5,"href":"https:\/\/www.fogaszatikeszulek.hu\/index.php\/wp-json\/wp\/v2\/pages\/1504\/revisions"}],"predecessor-version":[{"id":1518,"href":"https:\/\/www.fogaszatikeszulek.hu\/index.php\/wp-json\/wp\/v2\/pages\/1504\/revisions\/1518"}],"wp:attachment":[{"href":"https:\/\/www.fogaszatikeszulek.hu\/index.php\/wp-json\/wp\/v2\/media?parent=1504"}],"curies":[{"name":"wp","href":"https:\/\/api.w.org\/{rel}","templated":true}]}}