{"id":1409,"date":"2018-03-28T12:12:35","date_gmt":"2018-03-28T12:12:35","guid":{"rendered":"http:\/\/www.fogaszatikeszulek.hu\/?page_id=1409"},"modified":"2026-04-10T13:30:31","modified_gmt":"2026-04-10T13:30:31","slug":"lizing-kalkulacio","status":"publish","type":"page","link":"https:\/\/www.fogaszatikeszulek.hu\/index.php\/lizing-kalkulacio\/","title":{"rendered":"\ud83c\udfe6 Finansz\u00edroz\u00e1s \u00e9s teljes k\u00f6r\u0171 l\u00edzing \u00fcgyint\u00e9z\u00e9s \u2013 Hogy \u00d6n a gy\u00f3gy\u00edt\u00e1sra koncentr\u00e1lhasson"},"content":{"rendered":"\n<p>Egy modern fog\u00e1szati rendel\u0151 versenyk\u00e9pess\u00e9g\u00e9hez elengedhetetlen a leg\u00fajabb technol\u00f3gia. Mi a <strong>Endobolt Kft.<\/strong>-n\u00e9l tudjuk, hogy egy-egy nagyobb beruh\u00e1z\u00e1s (legyen sz\u00f3 CBCT-r\u0151l, digit\u00e1lis lenyomatv\u00e9telr\u0151l vagy komplett kezel\u0151egys\u00e9gekr\u0151l) komoly p\u00e9nz\u00fcgyi d\u00f6nt\u00e9s.<\/p>\n\n\n\n<p>C\u00e9lunk, hogy a finansz\u00edroz\u00e1s ne akad\u00e1ly, hanem egy rugalmas lehet\u0151s\u00e9g legyen az \u00d6n fejl\u0151d\u00e9s\u00e9hez.<\/p>\n\n\n\n<h2 class=\"wp-block-heading\">Mi\u00e9rt v\u00e1lassza a mi finansz\u00edroz\u00e1si megold\u00e1sainkat?<\/h2>\n\n\n\n<p>A technol\u00f3giai h\u00e1tt\u00e9r mellett abban is seg\u00edt\u00fcnk, hogy a beszerz\u00e9s p\u00e9nz\u00fcgyileg is optim\u00e1lis legyen a praxisa sz\u00e1m\u00e1ra.<\/p>\n\n\n\n<ul class=\"wp-block-list\">\n<li><strong>Szem\u00e9lyre szabott konstrukci\u00f3k:<\/strong> Nem sablonokban gondolkodunk. Figyelembe vessz\u00fck rendel\u0151je  egyedi ig\u00e9nyeit.<\/li>\n<\/ul>\n\n\n\n<h2 class=\"wp-block-heading\">Teljes k\u00f6r\u0171 l\u00edzing \u00fcgyint\u00e9z\u00e9s \u2013 Levessz\u00fck a v\u00e1ll\u00e1r\u00f3l a terhet<\/h2>\n\n\n\n<p>A pap\u00edrmunka \u00e9s a banki egyeztet\u00e9sek sokszor elriasztj\u00e1k a v\u00e1s\u00e1rl\u00f3kat. Mi ezt a folyamatot teljesen \u00e1tv\u00e1llaljuk \u00d6nt\u0151l!<\/p>\n\n\n\n<p><strong>Mit tartalmaz a szolg\u00e1ltat\u00e1sunk?<\/strong><\/p>\n\n\n\n<ol start=\"1\" class=\"wp-block-list\">\n<li><strong>Tan\u00e1csad\u00e1s:<\/strong> Seg\u00edt\u00fcnk kiv\u00e1lasztani a legmegfelel\u0151bb l\u00edzingt\u00edpust (ny\u00edlt vagy z\u00e1rt v\u00e9g\u0171 p\u00e9nz\u00fcgyi l\u00edzing).<\/li>\n\n\n\n<li><strong>Dokument\u00e1ci\u00f3 \u00f6ssze\u00e1ll\u00edt\u00e1sa:<\/strong> Pontosan megmondjuk, mire lesz sz\u00fcks\u00e9g, \u00e9s seg\u00edt\u00fcnk a nyomtatv\u00e1nyok kit\u00f6lt\u00e9s\u00e9ben.<\/li>\n\n\n\n<li><strong>Kapcsolattart\u00e1s a p\u00e9nzint\u00e9zettel:<\/strong> Mi t\u00e1rgyalunk a bankkal, \u00d6nnek csak az al\u00e1\u00edr\u00e1sra kell figyelnie.<\/li>\n<\/ol>\n\n\n\n<h2 class=\"wp-block-heading\">Fejlesszen ma, fizessen a termelt profitb\u00f3l!<\/h2>\n\n\n\n<p>A l\u00edzing legnagyobb el\u0151nye, hogy az \u00faj berendez\u00e9s m\u00e1r az els\u0151 napt\u00f3l kezdve bev\u00e9telt termel a rendel\u0151nek, mik\u00f6zben a k\u00f6lts\u00e9gei havi r\u00e9szletekben, tervezhet\u0151en jelentkeznek.<\/p>\n\n\n\n<blockquote class=\"wp-block-quote is-layout-flow wp-block-quote-is-layout-flow\">\n<p><strong>Ne hagyja, hogy a t\u0151kehi\u00e1ny g\u00e1tat szabjon a fejl\u0151d\u00e9snek!<\/strong> Vegye fel vel\u00fcnk a kapcsolatot, \u00e9s k\u00e9rjen egyedi, k\u00f6telezetts\u00e9gmentes aj\u00e1nlatot fog\u00e1szati eszk\u00f6zei l\u00edzingel\u00e9s\u00e9re.<\/p>\n<\/blockquote>\n\n\n<p><!--\n\n\n<p style=\"text-align: justify;\"><span data-mce-type=\"bookmark\" style=\"display: inline-block; width: 0px; overflow: hidden; line-height: 0;\" class=\"mce_SELRES_start\"><\/span>Fog\u00e1szati g\u00e9pek, berendez\u00e9sek v\u00e1s\u00e1rl\u00e1si sz\u00e1nd\u00e9k\u00e1t k\u00e9rj\u00fck jelezze fel\u00e9nk, hogy egy\u00e9ni konfigur\u00e1ci\u00f3 felm\u00e9r\u00e9se ut\u00e1n megtal\u00e1ljuk \u00d6nnek a legmegfelel\u0151bb k\u00e9sz\u00fcl\u00e9ket! H\u00edvjon minket bizalommal!&nbsp;A kiv\u00e1lasztott konfigur\u00e1ci\u00f3ra ig\u00e9ny eset\u00e9n l\u00edzing aj\u00e1nlatot k\u00e9r\u00fcnk \u00e9s az \u00fcgyint\u00e9z\u00e9st v\u00e1llaljuk!<\/p>\n\n\n&nbsp;\n\n<img loading=\"lazy\" decoding=\"async\" class=\"aligncenter wp-image-1441\" src=\"https:\/\/www.fogaszatikeszulek.hu\/wp-content\/uploads\/2018\/03\/merkantil-logo.jpg\" alt=\"\" width=\"450\" height=\"65\" srcset=\"https:\/\/www.fogaszatikeszulek.hu\/wp-content\/uploads\/2018\/03\/merkantil-logo.jpg 517w, https:\/\/www.fogaszatikeszulek.hu\/wp-content\/uploads\/2018\/03\/merkantil-logo-300x44.jpg 300w, https:\/\/www.fogaszatikeszulek.hu\/wp-content\/uploads\/2018\/03\/merkantil-logo-230x33.jpg 230w, https:\/\/www.fogaszatikeszulek.hu\/wp-content\/uploads\/2018\/03\/merkantil-logo-350x51.jpg 350w, https:\/\/www.fogaszatikeszulek.hu\/wp-content\/uploads\/2018\/03\/merkantil-logo-480x70.jpg 480w\" sizes=\"auto, (max-width: 450px) 100vw, 450px\" \/>\n\n&nbsp;\n\n\n<h5 style=\"text-align: justify;\">Finansz\u00edrozhat\u00f3 eszk\u00f6z\u00f6k k\u00f6re<\/h5>\n\n\n\n\n<p style=\"text-align: justify;\">Minden olyan orvosi m\u0171szer, berendez\u00e9s, amely az eg\u00e9szs\u00e9g\u00fcgyi szolg\u00e1ltat\u00e1s v\u00e9gz\u00e9s\u00e9t el\u0151seg\u00edti.<\/p>\n\n\n\n\n\n<ul>\n \t\n\n<li style=\"text-align: justify;\"><strong>Alapell\u00e1t\u00e1st szolg\u00e1l\u00f3 g\u00e9pek, berendez\u00e9sek:<\/strong> azon g\u00e9pek, amelyekre a praktiz\u00e1l\u00f3 h\u00e1ziorvosnak, fogorvosnak, \u00fczemorvosnak az orvosi alapell\u00e1t\u00e1sban sz\u00fcks\u00e9ge van.<\/li>\n\n\n \t\n\n<li style=\"text-align: justify;\"><strong>Szakell\u00e1t\u00e1st szolg\u00e1l\u00f3 g\u00e9pek, berendez\u00e9sek:<\/strong>&nbsp;azon g\u00e9pek \u00e9s berendez\u00e9sek, amelyeket valamilyen speci\u00e1lis kezel\u00e9sre haszn\u00e1lnak, pl. diagnosztikai \u00e9s ter\u00e1pi\u00e1s k\u00e9sz\u00fcl\u00e9kek.<\/li>\n\n\n \t\n\n<li style=\"text-align: justify;\"><strong>Egy\u00e9b g\u00e9pek, berendez\u00e9sek:<\/strong>&nbsp;a nem hum\u00e1n c\u00e9lra haszn\u00e1lt g\u00e9pek, pl. fogtechnikusok, optikusok \u00e1ltal haszn\u00e1lt g\u00e9pek \u00e9s szorosan ide kapcsol\u00f3dnak a sz\u00e1m\u00edt\u00e1stechnikai eszk\u00f6z\u00f6k \u00e9s az irodai berendez\u00e9sek.<\/li>\n\n\n<\/ul>\n\n\n\n\n<h5>&nbsp;<\/h5>\n\n\n\n\n<h5>\u00dcgyf\u00e9lk\u00f6r<\/h5>\n\n\n\n\n<ul>\n \t\n\n<li style=\"text-align: justify;\">\u200bEgy\u00e9ni v\u00e1llalkoz\u00f3k (orvosok, gy\u00f3gyszer\u00e9szek, \u00e1llatorvosok, fogtechnikusok, optikusok)<\/li>\n\n\n \t\n\n<li style=\"text-align: justify;\">T\u00e1rsas v\u00e1llalkoz\u00e1sok (Bt., Kft., Kkt., Kht., Zrt. form\u00e1j\u00e1ban m\u0171k\u00f6d\u0151 tev\u00e9kenys\u00e9gi k\u00f6r\u00fck szerint eg\u00e9szs\u00e9g\u00fcgyi ell\u00e1t\u00e1ssal, gy\u00f3gy\u00e1szati seg\u00e9deszk\u00f6z\u00f6k gy\u00e1rt\u00e1s\u00e1val \u00e9s forgalmaz\u00e1s\u00e1val, \u00e1llateg\u00e9szs\u00e9g\u00fcgyi szakell\u00e1t\u00e1ssal, orvosi m\u0171szergy\u00e1rt\u00e1ssal \u00e9s optikai tev\u00e9kenys\u00e9ggel foglalkoz\u00f3 t\u00e1rsas\u00e1gok)<\/li>\n\n\n \t\n\n<li style=\"text-align: justify;\">Projekt c\u00e9gek<\/li>\n\n\n \t\n\n<li style=\"text-align: justify;\">K\u00f6lts\u00e9gvet\u00e9si int\u00e9zm\u00e9nyek (\u00f6nkorm\u00e1nyzatok, rendel\u0151int\u00e9zetek, k\u00f3rh\u00e1zak, egyetemek)<\/li>\n\n\n<\/ul>\n\n\n\n\n<h5>&nbsp;<\/h5>\n\n\n\n\n<h5>Konstrukci\u00f3<\/h5>\n\n\n\n\n<ul>\n \t\n\n<li>p\u00e9nz\u00fcgyi l\u00edzing (z\u00e1rtv\u00e9g\u0171, ny\u00edltv\u00e9g\u0171)<\/li>\n\n\n \t\n\n<li>operat\u00edv l\u00edzing, b\u00e9rlet<\/li>\n\n\n \t\n\n<li>k\u00f6lcs\u00f6n (t\u00e1mogat\u00e1shoz kapcsol\u00f3d\u00f3an)<\/li>\n\n\n<\/ul>\n\n\n<strong>\u00d6ner\u0151:<\/strong> min. a brutt\u00f3 v\u00e9tel\u00e1r 10% (\u00fcgyf\u00e9lmin\u0151s\u00edt\u00e9st\u0151l f\u00fcgg\u0151)\n<strong>Futamid\u0151:<\/strong> 12-60 h\u00f3 (eszk\u00f6zt\u0151l f\u00fcgg\u0151en)\n<strong>Devizanem<\/strong>: HUF\n<strong>D\u00edjfizet\u00e9s:<\/strong> HUF\n\n\n<h5>&nbsp;<\/h5>\n\n\n\n\n<h5>Mi\u00e9rt l\u00edzing?<\/h5>\n\n\n\n\n<ul>\n \t\n\n<li style=\"text-align: justify;\">Nincs hitelb\u00edr\u00e1lati d\u00edj, sem kezel\u00e9si k\u00f6lts\u00e9g. Az \u00fcgyfelet, csak a kamat \u00e9s a biztos\u00edt\u00e1s k\u00f6lts\u00e9gei terhelik.&nbsp;<\/li>\n\n\n \t\n\n<li style=\"text-align: justify;\">Alapvet\u0151en eszk\u00f6z fedezet\u0171 finansz\u00edroz\u00e1s. Nem terhel\u00fcnk egy\u00e9b ing\u00f3s\u00e1got \u00e9s\/vagy ingatlant. A biztos\u00edt\u00e9ki rendszert igyeksz\u00fcnk a minim\u00e1lisra cs\u00f6kkenteni.<\/li>\n\n\n \t\n\n<li style=\"text-align: justify;\">P\u00e9nz\u00fcgyi l\u00edzingn\u00e9l az eszk\u00f6z nyilv\u00e1ntart\u00e1s\u00e1t a L\u00edzingbevev\u0151 v\u00e9gzi, \u00e9s \u0151 sz\u00e1molhat el amortiz\u00e1ci\u00f3t ut\u00e1na, valamint az aktu\u00e1lis t\u0151k\u00e9re es\u0151 kamat k\u00f6lts\u00e9gk\u00e9nt elsz\u00e1molhat\u00f3.<\/li>\n\n\n<\/ul>\n\n\n\n\n<p style=\"text-align: left;\">&nbsp;<\/p>\n\n\n\n\n\n<table width=\"800\">\n\n\n<tbody>\n\n\n<tr>\n\n\n<td><img loading=\"lazy\" decoding=\"async\" class=\"alignnone size-full wp-image-1418\" src=\"https:\/\/www.fogaszatikeszulek.hu\/wp-content\/uploads\/2018\/03\/1-4.jpg\" alt=\"\" width=\"270\" height=\"223\" srcset=\"https:\/\/www.fogaszatikeszulek.hu\/wp-content\/uploads\/2018\/03\/1-4.jpg 270w, https:\/\/www.fogaszatikeszulek.hu\/wp-content\/uploads\/2018\/03\/1-4-230x190.jpg 230w\" sizes=\"auto, (max-width: 270px) 100vw, 270px\" \/><\/td>\n\n\n\n\n<td>&nbsp;<\/td>\n\n\n\n\n<td><img loading=\"lazy\" decoding=\"async\" class=\"alignnone size-full wp-image-1424\" src=\"https:\/\/www.fogaszatikeszulek.hu\/wp-content\/uploads\/2018\/03\/4-1.jpg\" alt=\"\" width=\"270\" height=\"223\" srcset=\"https:\/\/www.fogaszatikeszulek.hu\/wp-content\/uploads\/2018\/03\/4-1.jpg 270w, https:\/\/www.fogaszatikeszulek.hu\/wp-content\/uploads\/2018\/03\/4-1-230x190.jpg 230w\" sizes=\"auto, (max-width: 270px) 100vw, 270px\" \/><\/td>\n\n\n\n\n<td>&nbsp;<\/td>\n\n\n\n\n<td><img loading=\"lazy\" decoding=\"async\" class=\"alignnone size-full wp-image-1420\" src=\"https:\/\/www.fogaszatikeszulek.hu\/wp-content\/uploads\/2018\/03\/3-2.jpg\" alt=\"\" width=\"270\" height=\"223\" srcset=\"https:\/\/www.fogaszatikeszulek.hu\/wp-content\/uploads\/2018\/03\/3-2.jpg 270w, https:\/\/www.fogaszatikeszulek.hu\/wp-content\/uploads\/2018\/03\/3-2-230x190.jpg 230w\" sizes=\"auto, (max-width: 270px) 100vw, 270px\" \/><\/td>\n\n\n<\/tr>\n\n\n<\/tbody>\n\n\n<\/table>\n\n\n--><\/p>\n<p style=\"text-align: left;\">&nbsp;<\/p>\n<table width=\"800\">\n<tbody>\n<tr>\n<td><img loading=\"lazy\" decoding=\"async\" class=\"alignnone size-full wp-image-1418\" src=\"https:\/\/www.fogaszatikeszulek.hu\/wp-content\/uploads\/2018\/03\/1-4.jpg\" alt=\"\" width=\"270\" height=\"223\" srcset=\"https:\/\/www.fogaszatikeszulek.hu\/wp-content\/uploads\/2018\/03\/1-4.jpg 270w, https:\/\/www.fogaszatikeszulek.hu\/wp-content\/uploads\/2018\/03\/1-4-230x190.jpg 230w\" sizes=\"auto, (max-width: 270px) 100vw, 270px\" \/><\/td>\n<td>&nbsp;<\/td>\n<td><img loading=\"lazy\" decoding=\"async\" class=\"alignnone size-full wp-image-1424\" src=\"https:\/\/www.fogaszatikeszulek.hu\/wp-content\/uploads\/2018\/03\/4-1.jpg\" alt=\"\" width=\"270\" height=\"223\" srcset=\"https:\/\/www.fogaszatikeszulek.hu\/wp-content\/uploads\/2018\/03\/4-1.jpg 270w, https:\/\/www.fogaszatikeszulek.hu\/wp-content\/uploads\/2018\/03\/4-1-230x190.jpg 230w\" sizes=\"auto, (max-width: 270px) 100vw, 270px\" \/><\/td>\n<td>&nbsp;<\/td>\n<td><img loading=\"lazy\" decoding=\"async\" class=\"alignnone size-full wp-image-1420\" src=\"https:\/\/www.fogaszatikeszulek.hu\/wp-content\/uploads\/2018\/03\/3-2.jpg\" alt=\"\" width=\"270\" height=\"223\" srcset=\"https:\/\/www.fogaszatikeszulek.hu\/wp-content\/uploads\/2018\/03\/3-2.jpg 270w, https:\/\/www.fogaszatikeszulek.hu\/wp-content\/uploads\/2018\/03\/3-2-230x190.jpg 230w\" sizes=\"auto, (max-width: 270px) 100vw, 270px\" \/><\/td>\n<\/tr>\n<\/tbody>\n<\/table>","protected":false},"excerpt":{"rendered":"<p>Egy modern fog\u00e1szati rendel\u0151 versenyk\u00e9pess\u00e9g\u00e9hez elengedhetetlen a leg\u00fajabb technol\u00f3gia. Mi a Endobolt Kft.-n\u00e9l tudjuk, hogy egy-egy nagyobb beruh\u00e1z\u00e1s (legyen sz\u00f3 CBCT-r\u0151l, digit\u00e1lis lenyomatv\u00e9telr\u0151l vagy komplett kezel\u0151egys\u00e9gekr\u0151l) komoly p\u00e9nz\u00fcgyi d\u00f6nt\u00e9s. C\u00e9lunk, hogy a finansz\u00edroz\u00e1s ne akad\u00e1ly, hanem egy rugalmas lehet\u0151s\u00e9g legyen az \u00d6n fejl\u0151d\u00e9s\u00e9hez. Mi\u00e9rt v\u00e1lassza a mi finansz\u00edroz\u00e1si megold\u00e1sainkat? A technol\u00f3giai h\u00e1tt\u00e9r mellett abban is [&hellip;]<\/p>\n","protected":false},"author":1,"featured_media":0,"parent":0,"menu_order":0,"comment_status":"closed","ping_status":"closed","template":"","meta":{"ngg_post_thumbnail":0,"footnotes":""},"class_list":["post-1409","page","type-page","status-publish","hentry"],"_links":{"self":[{"href":"https:\/\/www.fogaszatikeszulek.hu\/index.php\/wp-json\/wp\/v2\/pages\/1409","targetHints":{"allow":["GET"]}}],"collection":[{"href":"https:\/\/www.fogaszatikeszulek.hu\/index.php\/wp-json\/wp\/v2\/pages"}],"about":[{"href":"https:\/\/www.fogaszatikeszulek.hu\/index.php\/wp-json\/wp\/v2\/types\/page"}],"author":[{"embeddable":true,"href":"https:\/\/www.fogaszatikeszulek.hu\/index.php\/wp-json\/wp\/v2\/users\/1"}],"replies":[{"embeddable":true,"href":"https:\/\/www.fogaszatikeszulek.hu\/index.php\/wp-json\/wp\/v2\/comments?post=1409"}],"version-history":[{"count":19,"href":"https:\/\/www.fogaszatikeszulek.hu\/index.php\/wp-json\/wp\/v2\/pages\/1409\/revisions"}],"predecessor-version":[{"id":2643,"href":"https:\/\/www.fogaszatikeszulek.hu\/index.php\/wp-json\/wp\/v2\/pages\/1409\/revisions\/2643"}],"wp:attachment":[{"href":"https:\/\/www.fogaszatikeszulek.hu\/index.php\/wp-json\/wp\/v2\/media?parent=1409"}],"curies":[{"name":"wp","href":"https:\/\/api.w.org\/{rel}","templated":true}]}}