{"id":1336,"date":"2018-03-27T12:03:20","date_gmt":"2018-03-27T12:03:20","guid":{"rendered":"http:\/\/www.fogaszatikeszulek.hu\/?page_id=1336"},"modified":"2019-03-07T15:27:27","modified_gmt":"2019-03-07T15:27:27","slug":"egyenes-es-konyokdarabok","status":"publish","type":"page","link":"https:\/\/www.fogaszatikeszulek.hu\/index.php\/egyenes-es-konyokdarabok\/","title":{"rendered":"Egyenes- \u00e9s k\u00f6ny\u00f6kdarabok"},"content":{"rendered":"<p><img loading=\"lazy\" decoding=\"async\" class=\"alignnone size-full wp-image-1356\" src=\"https:\/\/www.fogaszatikeszulek.hu\/wp-content\/uploads\/2018\/03\/1492074377213.png\" alt=\"\" width=\"1200\" height=\"675\" srcset=\"https:\/\/www.fogaszatikeszulek.hu\/wp-content\/uploads\/2018\/03\/1492074377213.png 1200w, https:\/\/www.fogaszatikeszulek.hu\/wp-content\/uploads\/2018\/03\/1492074377213-300x169.png 300w, https:\/\/www.fogaszatikeszulek.hu\/wp-content\/uploads\/2018\/03\/1492074377213-768x432.png 768w, https:\/\/www.fogaszatikeszulek.hu\/wp-content\/uploads\/2018\/03\/1492074377213-1024x576.png 1024w, https:\/\/www.fogaszatikeszulek.hu\/wp-content\/uploads\/2018\/03\/1492074377213-830x467.png 830w, https:\/\/www.fogaszatikeszulek.hu\/wp-content\/uploads\/2018\/03\/1492074377213-230x129.png 230w, https:\/\/www.fogaszatikeszulek.hu\/wp-content\/uploads\/2018\/03\/1492074377213-350x197.png 350w, https:\/\/www.fogaszatikeszulek.hu\/wp-content\/uploads\/2018\/03\/1492074377213-480x270.png 480w\" sizes=\"auto, (max-width: 1200px) 100vw, 1200px\" \/><\/p>\n<h5>T1 CLASSIC<\/h5>\n<p style=\"text-align: justify;\">Pr\u00e9mium kateg\u00f3ri\u00e1s technol\u00f3gia. Az SL\/BL motor a k\u00f6nny\u0171, tit\u00e1nium burkolat alatti ide\u00e1lis elhelyezked\u00e9se gondoskodik r\u00f3la, hogy t\u00f6k\u00e9letesen kiegyens\u00falyozva illeszkedjen a k\u00e9zbe. Ennek k\u00f6vetkezt\u00e9ben a j\u00f3 min\u0151s\u00e9g\u0171 munka gyerekj\u00e1t\u00e9kk\u00e1 v\u00e1lik, \u00e9s a fog\u00e1szati kezel\u00e9s eredm\u00e9nye els\u0151oszt\u00e1ly\u00fa lesz.<\/p>\n<ul>\n<li style=\"text-align: justify;\">T\u00f6k\u00e9letesen kiegyens\u00falyozott az SL\/BL motorral<\/li>\n<li style=\"text-align: justify;\">Ergonomikus, \u00e1ramvonalas forma<\/li>\n<li style=\"text-align: justify;\">K\u00f6nny\u0171 a v\u00e9kony tit\u00e1nium burkolatnak k\u00f6sz\u00f6nhet\u0151en<\/li>\n<li style=\"text-align: justify;\">DLC bevonat\u00fa ker\u00e1mia goly\u00f3scsap\u00e1gyak<\/li>\n<li style=\"text-align: justify;\">Optim\u00e1lis megvil\u00e1g\u00edt\u00e1s a kezel\u00e9sek alatti j\u00f3 l\u00e1t\u00e1si viszonyokhoz<\/li>\n<li>T\u00f6k\u00e9letes higi\u00e9nia: steriliz\u00e1lhat\u00f3 \u00e9s h\u0151kezel\u00e9ssel fert\u0151tlen\u00edthet\u0151<\/li>\n<li>Sima, biokompatibilis, tit\u00e1nium fel\u00fclet<\/li>\n<li>Visszasziv\u00e1rg\u00e1s g\u00e1tl\u00f3<\/li>\n<\/ul>\n<h5>&nbsp;<\/h5>\n<h5>T1 LINE<\/h5>\n<p style=\"text-align: justify;\">A T1 LINE csal\u00e1d cs\u00facsmin\u0151s\u00e9g\u0171 egyenes- \u00e9s k\u00f6ny\u00f6kdarabjai meggy\u0151z\u0151en hatnak ergonomikus form\u00e1jukkal, \u00e9s a tit\u00e1nium burkolatuknak k\u00f6sz\u00f6nhet\u0151en pillek\u00f6nny\u0171ek. Ez garancia a f\u00e1radts\u00e1gmentes munk\u00e1ra \u00e9s a pontos eredm\u00e9nyre. Az ISO csatlakoz\u00e1snak k\u00f6sz\u00f6nhet\u0151en rugalmas is, mert nem sz\u00e1m\u00edt, milyen kezel\u0151egys\u00e9get haszn\u00e1l.<\/p>\n<ul>\n<li style=\"text-align: justify;\">Univerz\u00e1lis ISO csatlakoz\u00f3<\/li>\n<li style=\"text-align: justify;\">Ergonomikus \u00e9s k\u00f6nny\u0171 tit\u00e1nium burkolat<\/li>\n<li style=\"text-align: justify;\">DLC bevonat\u00fa ker\u00e1mia goly\u00f3scsap\u00e1gyak<\/li>\n<li style=\"text-align: justify;\">ISOslider\u00ae a f\u00e9nyes \u00e9s nem f\u00e9nyes motorokhoz<\/li>\n<li style=\"text-align: justify;\">Optim\u00e1lis megvil\u00e1g\u00edt\u00e1s a kezel\u00e9sek alatti j\u00f3 l\u00e1t\u00e1si viszonyokhoz<\/li>\n<li style=\"text-align: justify;\">T\u00f6k\u00e9letes higi\u00e9nia: steriliz\u00e1lhat\u00f3 \u00e9s h\u0151kezel\u00e9ssel fert\u0151tlen\u00edthet\u0151<\/li>\n<\/ul>\n<h5>&nbsp;<\/h5>\n<h5>T2 LINE<\/h5>\n<p style=\"text-align: justify;\">A komfort oszt\u00e1ly massz\u00edv egyenes- \u00e9s k\u00f6ny\u00f6kdarab csal\u00e1dja. Egyes\u00fcl a min\u0151s\u00e9g \u00e9s a szak\u00e9rtelem. Funkcionalit\u00e1sukkal \u00e9s megb\u00edzhat\u00f3s\u00e1gukkal teljes m\u00e9rt\u00e9kben a p\u00e1ciens kezel\u00e9s\u00e9re koncentr\u00e1lhat.<\/p>\n<ul>\n<li style=\"text-align: justify;\">Univerz\u00e1lis ISO csatlakoz\u00f3<\/li>\n<li style=\"text-align: justify;\">Kellemes \u00e9s k\u00f6nny\u0171 fog\u00e1s, tit\u00e1nium burkolat<\/li>\n<li style=\"text-align: justify;\">ISOslider\u00ae a f\u00e9nyes \u00e9s nem f\u00e9nyes motorokhoz<\/li>\n<li style=\"text-align: justify;\">Optim\u00e1lis megvil\u00e1g\u00edt\u00e1s a kezel\u00e9sek alatti j\u00f3 l\u00e1t\u00e1si viszonyokhoz<\/li>\n<li style=\"text-align: justify;\">T\u00f6k\u00e9letes higi\u00e9nia: steriliz\u00e1lhat\u00f3 \u00e9s h\u0151kezel\u00e9ssel fert\u0151tlen\u00edthet\u0151<\/li>\n<\/ul>\n<h5>&nbsp;<\/h5>\n<h5>T2 S-LINE<\/h5>\n<p style=\"text-align: justify;\">Nem kell nagynak lenni, hogy nagyszer\u0171 legyen. Nincs jobb bizony\u00edt\u00e9k erre, mint a leg\u00fajabb S-vonal\u00fa k\u00f6ny\u00f6kdarab k\u00e9zidarabok. Jelent\u0151sen cs\u00f6kkentett m\u0171szerm\u00e9rettel, v\u00e9kony kialak\u00edt\u00e1ssal, k\u00f6nnyebb kivitelben.<\/p>\n<ul>\n<li style=\"text-align: justify;\">Jelent\u0151sen r\u00f6videbb, \u00edgy ergon\u00f3mikusabb<\/li>\n<li style=\"text-align: justify;\">A legkisebb fejm\u00e9retek mind\u00f6ssze 8,7 mm \u00e1tm\u00e9r\u0151j\u0171ek<\/li>\n<li style=\"text-align: justify;\">Univerz\u00e1lis ISO interf\u00e9sszel a r\u00f6vid kuplungos elemekhez is<\/li>\n<li style=\"text-align: justify;\">K\u00f6nnyen illeszthet\u0151 a motorokhoz k\u00f6sz\u00f6nhet\u0151en az ISO Slidernek<\/li>\n<li style=\"text-align: justify;\">Optim\u00e1lis megvil\u00e1g\u00edt\u00e1s a kiv\u00e1l\u00f3 r\u00e1l\u00e1t\u00e1s \u00e9rdek\u00e9ben<\/li>\n<li style=\"text-align: justify;\">Steriliz\u00e1lhat\u00f3 \u00e9s h\u0151kezel\u00e9ssel fert\u0151tlen\u00edthet\u0151<\/li>\n<\/ul>\n<h5>&nbsp;<\/h5>\n<h5>T3 LINE<\/h5>\n<p style=\"text-align: justify;\">A T3 oszt\u00e1ly egyenes \u00e9s k\u00f6ny\u00f6kdarabjai rendk\u00edv\u00fcl robusztus tit\u00e1nium burkolattal k\u00e9sz\u00fclnek, \u00edgy hossz\u00fa t\u00e1v\u00fa el\u00e9gedetts\u00e9get jelent. Az ISO interf\u00e9sznek k\u00f6sz\u00f6nhet\u0151en teljesen rugalmas maradhat &#8211; f\u00fcggetlen\u00fcl att\u00f3l, hogy melyik kezel\u0151egys\u00e9g haszn\u00e1lja.<\/p>\n<ul>\n<li style=\"text-align: justify;\">Univerz\u00e1lis ISO interf\u00e9sz<\/li>\n<li style=\"text-align: justify;\">Massz\u00edv tit\u00e1nium burkolat<\/li>\n<li style=\"text-align: justify;\">Steriliz\u00e1lhat\u00f3 \u00e9s h\u0151kezel\u00e9ssel fert\u0151tlen\u00edthet\u0151<\/li>\n<li>Ker\u00e1mia goly\u00f3scsap\u00e1gyak<\/li>\n<\/ul>\n<h5>&nbsp;<\/h5>\n<h5>T3 S-LINE<\/h5>\n<p style=\"text-align: justify;\">Nem kell nagynak lenni, hogy nagyszer\u0171 legyen.&nbsp; Jelent\u0151sen cs\u00f6kkentett m\u0171szerm\u00e9rettel, v\u00e9kony kialak\u00edt\u00e1ssal, k\u00f6nnyebb kivitelben. Az S-Line m\u0171szerek ide\u00e1lisan kiegyens\u00falyozottak, lehet\u0151v\u00e9 teszik a f\u00e1radts\u00e1g n\u00e9lk\u00fcli munkav\u00e9gz\u00e9st, m\u00e9g hosszabb kezel\u00e9s alatt is.<\/p>\n<ul>\n<li style=\"text-align: justify;\">Univerz\u00e1lis ISO interf\u00e9sz<\/li>\n<li style=\"text-align: justify;\">Massz\u00edv tit\u00e1nium burkolat<\/li>\n<li style=\"text-align: justify;\">Steriliz\u00e1lhat\u00f3 \u00e9s h\u0151kezel\u00e9ssel fert\u0151tlen\u00edthet\u0151<\/li>\n<li>Ker\u00e1mia goly\u00f3scsap\u00e1gyak<\/li>\n<\/ul>\n<h5>&nbsp;<\/h5>\n<h5>T4 LINE<\/h5>\n<p style=\"text-align: justify;\">Egyszer\u0171 vonalvezet\u00e9ssel \u00e9s massz\u00edv ac\u00e9l burkolattal l\u00e1tt\u00e1k el.&nbsp;Az ISO\/INTRAmatic csatlakoz\u00e1s\u00fa turbina Midwest 4-lyukas \u00e9s Borden 2-lyukas verzi\u00f3kban is el\u00e9rhet\u0151, rugalmass\u00e1got ny\u00fajtva f\u00fcggetlen\u00fcl att\u00f3l, hogy milyen kezel\u0151egys\u00e9get haszn\u00e1l.&nbsp;A T4 oszt\u00e1ly gyors\u00edt\u00f3i formatervez\u00e9s\u00fck \u00e9s az ak\u00e1r 17 W-os, nagy teljes\u00edtm\u00e9ny\u00fck r\u00e9v\u00e9n meggy\u0151z\u0151ek.&nbsp;<\/p>\n<ul>\n<li style=\"text-align: justify;\">Egyenes vonal\u00fa tervez\u00e9s<\/li>\n<li style=\"text-align: justify;\">Sima fel\u00fcletek<\/li>\n<li style=\"text-align: justify;\">ISO csatlakoz\u00e1sok<\/li>\n<li style=\"text-align: justify;\">Nyom\u00f3gomb<\/li>\n<\/ul>\n<h5>&nbsp;<\/h5>\n<h5>Let\u00f6lthet\u0151 dokumentumok<\/h5>\n<ul>\n<li><a href=\"https:\/\/www.fogaszatikeszulek.hu\/wp-content\/uploads\/pdf\/T1-T2-T3.pdf\" target=\"_blank\" rel=\"noopener\">T1, T2, T3 k\u00e9zidarabok prospektus (angol nyelv\u0171)<\/a><\/li>\n<\/ul>\n","protected":false},"excerpt":{"rendered":"<p>T1 CLASSIC Pr\u00e9mium kateg\u00f3ri\u00e1s technol\u00f3gia. Az SL\/BL motor a k\u00f6nny\u0171, tit\u00e1nium burkolat alatti ide\u00e1lis elhelyezked\u00e9se gondoskodik r\u00f3la, hogy t\u00f6k\u00e9letesen kiegyens\u00falyozva illeszkedjen a k\u00e9zbe. Ennek k\u00f6vetkezt\u00e9ben a j\u00f3 min\u0151s\u00e9g\u0171 munka gyerekj\u00e1t\u00e9kk\u00e1 v\u00e1lik, \u00e9s a fog\u00e1szati kezel\u00e9s eredm\u00e9nye els\u0151oszt\u00e1ly\u00fa lesz. T\u00f6k\u00e9letesen kiegyens\u00falyozott az SL\/BL motorral Ergonomikus, \u00e1ramvonalas forma K\u00f6nny\u0171 a v\u00e9kony tit\u00e1nium burkolatnak k\u00f6sz\u00f6nhet\u0151en DLC bevonat\u00fa ker\u00e1mia [&hellip;]<\/p>\n","protected":false},"author":1,"featured_media":0,"parent":0,"menu_order":0,"comment_status":"closed","ping_status":"closed","template":"","meta":{"ngg_post_thumbnail":0,"footnotes":""},"class_list":["post-1336","page","type-page","status-publish","hentry"],"_links":{"self":[{"href":"https:\/\/www.fogaszatikeszulek.hu\/index.php\/wp-json\/wp\/v2\/pages\/1336","targetHints":{"allow":["GET"]}}],"collection":[{"href":"https:\/\/www.fogaszatikeszulek.hu\/index.php\/wp-json\/wp\/v2\/pages"}],"about":[{"href":"https:\/\/www.fogaszatikeszulek.hu\/index.php\/wp-json\/wp\/v2\/types\/page"}],"author":[{"embeddable":true,"href":"https:\/\/www.fogaszatikeszulek.hu\/index.php\/wp-json\/wp\/v2\/users\/1"}],"replies":[{"embeddable":true,"href":"https:\/\/www.fogaszatikeszulek.hu\/index.php\/wp-json\/wp\/v2\/comments?post=1336"}],"version-history":[{"count":19,"href":"https:\/\/www.fogaszatikeszulek.hu\/index.php\/wp-json\/wp\/v2\/pages\/1336\/revisions"}],"predecessor-version":[{"id":1405,"href":"https:\/\/www.fogaszatikeszulek.hu\/index.php\/wp-json\/wp\/v2\/pages\/1336\/revisions\/1405"}],"wp:attachment":[{"href":"https:\/\/www.fogaszatikeszulek.hu\/index.php\/wp-json\/wp\/v2\/media?parent=1336"}],"curies":[{"name":"wp","href":"https:\/\/api.w.org\/{rel}","templated":true}]}}