{"id":1282,"date":"2018-03-26T08:56:54","date_gmt":"2018-03-26T08:56:54","guid":{"rendered":"http:\/\/www.fogaszatikeszulek.hu\/?page_id=1282"},"modified":"2019-03-06T13:14:23","modified_gmt":"2019-03-06T13:14:23","slug":"dac-premium","status":"publish","type":"page","link":"https:\/\/www.fogaszatikeszulek.hu\/index.php\/dac-premium\/","title":{"rendered":"DAC Premium"},"content":{"rendered":"<h5 style=\"text-align: justify;\"><img loading=\"lazy\" decoding=\"async\" class=\"alignleft wp-image-1237\" src=\"https:\/\/www.fogaszatikeszulek.hu\/wp-content\/uploads\/2018\/03\/1512121793649.png\" alt=\"\" width=\"460\" height=\"258\" srcset=\"https:\/\/www.fogaszatikeszulek.hu\/wp-content\/uploads\/2018\/03\/1512121793649.png 1200w, https:\/\/www.fogaszatikeszulek.hu\/wp-content\/uploads\/2018\/03\/1512121793649-300x169.png 300w, https:\/\/www.fogaszatikeszulek.hu\/wp-content\/uploads\/2018\/03\/1512121793649-768x431.png 768w, https:\/\/www.fogaszatikeszulek.hu\/wp-content\/uploads\/2018\/03\/1512121793649-1024x575.png 1024w, https:\/\/www.fogaszatikeszulek.hu\/wp-content\/uploads\/2018\/03\/1512121793649-830x466.png 830w, https:\/\/www.fogaszatikeszulek.hu\/wp-content\/uploads\/2018\/03\/1512121793649-230x129.png 230w, https:\/\/www.fogaszatikeszulek.hu\/wp-content\/uploads\/2018\/03\/1512121793649-350x197.png 350w, https:\/\/www.fogaszatikeszulek.hu\/wp-content\/uploads\/2018\/03\/1512121793649-480x270.png 480w\" sizes=\"auto, (max-width: 460px) 100vw, 460px\" \/>K\u00f6nnyen el\u00e9rhet\u0151, legmagasabb sz\u00ednvonal<\/h5>\n<p style=\"text-align: justify;\">A DAC Premium \u00e9s a DAC Premium Plus ugyanazt a kett\u0151s fal\u00fa steriliz\u00e1l\u00f3 kamr\u00e1kat (kett\u0151s kamra technol\u00f3gia) haszn\u00e1lja, mint a k\u00f3rh\u00e1zi autokl\u00e1vok. A kamr\u00e1kat g\u0151zzel el\u0151meleg\u00edtik, majd steriliz\u00e1l\u00e1sra haszn\u00e1lj\u00e1k. Id\u0151t \u00e9s energi\u00e1t takar\u00edt meg, \u00e9s mind \u00d6nt, mind pedig a betegeket a lehet\u0151 legjobb steriliz\u00e1l\u00e1ssal v\u00e9di megb\u00edzhat\u00f3 \u00e9s jogilag megfelel\u0151 m\u00f3don. Az ikerkamr\u00e1s technol\u00f3gia is d\u00f6nt\u0151 jelent\u0151s\u00e9g\u0171, mivel a leveg\u0151t nagyon gyorsan ki\u00fcr\u00edtik az eszk\u00f6z\u00f6k \u00fcreg\u00e9b\u0151l, steriliz\u00e1l\u00f3 csomagokb\u00f3l \u00e9s kamr\u00e1b\u00f3l.&nbsp;<\/p>\n<p>&nbsp;<\/p>\n<h5>Haszn\u00e1lja ki sz\u00e1mos k\u00e9nyelmi funkci\u00f3j\u00e1t<\/h5>\n<ul>\n<li>K\u00e9tkamr\u00e1s technol\u00f3gia<\/li>\n<li>Intuit\u00edv \u00e9s egyszer\u0171 kezelhet\u0151s\u00e9g a sz\u00ednes \u00e9rint\u0151k\u00e9perny\u0151n kereszt\u00fcl<\/li>\n<li>Egyszer\u0171 telep\u00edt\u00e9s \u00f6n\u00e1ll\u00f3 eszk\u00f6zk\u00e9nt<\/li>\n<li>Dokument\u00e1ci\u00f3 nyomtat\u00e1ssal, CF k\u00e1rty\u00e1val vagy k\u00f6zvetlen\u00fcl a sz\u00e1m\u00edt\u00f3g\u00e9pen tov\u00e1bbi dokument\u00e1ci\u00f3s szoftver n\u00e9lk\u00fcl lehets\u00e9ges<\/li>\n<li>Megfelel a jogbiztons\u00e1g minden vonatkoz\u00f3 norm\u00e1j\u00e1nak<\/li>\n<li>R\u00f6vid steriliz\u00e1ci\u00f3s ciklusok (p\u00e9ld\u00e1ul gyors B program 20 perc alatt, bele\u00e9rtve a sz\u00e1r\u00edt\u00e1st)<\/li>\n<\/ul>\n<h5>&nbsp;<\/h5>\n<h5>Biztons\u00e1gos, megb\u00edzhat\u00f3 steriliz\u00e1l\u00e1s \u00e9s ide\u00e1lis sz\u00e1rad\u00e1s<\/h5>\n<p style=\"text-align: justify;\">\u00c9vek \u00f3ta hangs\u00falyozz\u00e1k a bakteriol\u00f3gusok az autokl\u00e1vok sz\u00e1rad\u00e1s\u00e1nak fontoss\u00e1g\u00e1t, k\u00fcl\u00f6n\u00f6sen ott, ahol csomagolt eszk\u00f6z\u00f6ket \u00e9s text\u00edli\u00e1kat \u00e9rintenek. A DAC Premium \/ DAC Premium Plus ide\u00e1lis a sz\u00e1r\u00edt\u00e1si id\u0151k ler\u00f6vid\u00edt\u00e9s\u00e9re \u00e9s a szigor\u00fa EN 13060 el\u0151\u00edr\u00e1sok betart\u00e1s\u00e1ra. Tov\u00e1bbi steriliz\u00e1ci\u00f3s param\u00e9terek haszn\u00e1lat\u00e1val a legmagasabb szint\u0171 biztons\u00e1got ny\u00fajtja, \u00e9s minden fog\u00e1szati \u200b\u200bgyakorlatban az alapfelszerelts\u00e9g szerves r\u00e9sz\u00e9t k\u00e9pezi.<\/p>\n<p><strong>Frakcion\u00e1lt el\u0151v\u00e1kuum<\/strong><\/p>\n<p style=\"text-align: justify;\">A frakcion\u00e1lt v\u00e1kuum kisz\u00edvja a kamr\u00e1t ism\u00e9telten, v\u00e1ltakozva a szaggatott g\u0151zbe\u00e1raml\u00e1ssal, \u00edgy biztos\u00edtva a leveg\u0151 sz\u00fcks\u00e9gszer\u0171, rendk\u00edv\u00fcl hat\u00e1sos elt\u00e1vol\u00edt\u00e1s\u00e1t, m\u00e9g a kis f\u00e9ny\u0171 m\u0171szerekr\u0151l \u00e9s a por\u00f3zus steriliz\u00e1l\u00f3kr\u00f3l is.<\/p>\n<p><strong>V\u00e1kuum ut\u00e1ni optim\u00e1lis sz\u00e1r\u00edt\u00e1s<\/strong><\/p>\n<p>A DAC Premium \/ DAC Premium Plus m\u00e9lysug\u00e1rz\u00e1sa ide\u00e1lis m\u00f3dszer a sz\u00e1r\u00edt\u00e1si id\u0151k ler\u00f6vid\u00edt\u00e9s\u00e9re \u00e9s optimaliz\u00e1l\u00e1s\u00e1ra.<\/p>\n<p>&nbsp;<\/p>\n<h5>K\u00f6nny\u0171 dokument\u00e1ci\u00f3<\/h5>\n<p style=\"text-align: justify;\">A dokument\u00e1ci\u00f3 egyszer\u0171 a nagy sz\u00ednes \u00e9rint\u0151k\u00e9perny\u0151vel \u00e9s az intuit\u00edv m\u0171k\u00f6d\u00e9ssel. Ak\u00e1r az Ethernet interf\u00e9szen kereszt\u00fcl k\u00f6zvetlen\u00fcl, a gyakorlati h\u00e1l\u00f3zaton kereszt\u00fcl, a vonalk\u00f3d c\u00edmk\u00e9k seg\u00edts\u00e9g\u00e9vel azonos\u00edtja a CF k\u00e1rtya vagy a NitraPrint napl\u00f3nyomtat\u00f3 napl\u00f3inak kimenet\u00e9t, a folyamatdokument\u00e1ci\u00f3 minden lehet\u0151s\u00e9ge nyitva \u00e1ll \u00d6nnek. A munkafolyamat\u00e1hoz legjobban illeszked\u0151 lehet\u0151s\u00e9get v\u00e1lasztja, \u00edgy minim\u00e1lisra cs\u00f6kkenti az adminisztr\u00e1ci\u00f3s feladatokat.<\/p>\n<p><img loading=\"lazy\" decoding=\"async\" class=\"alignnone size-full wp-image-1283\" src=\"https:\/\/www.fogaszatikeszulek.hu\/wp-content\/uploads\/2018\/03\/1497434551077-1.png\" alt=\"\" width=\"1200\" height=\"675\" srcset=\"https:\/\/www.fogaszatikeszulek.hu\/wp-content\/uploads\/2018\/03\/1497434551077-1.png 1200w, https:\/\/www.fogaszatikeszulek.hu\/wp-content\/uploads\/2018\/03\/1497434551077-1-300x169.png 300w, https:\/\/www.fogaszatikeszulek.hu\/wp-content\/uploads\/2018\/03\/1497434551077-1-768x432.png 768w, https:\/\/www.fogaszatikeszulek.hu\/wp-content\/uploads\/2018\/03\/1497434551077-1-1024x576.png 1024w, https:\/\/www.fogaszatikeszulek.hu\/wp-content\/uploads\/2018\/03\/1497434551077-1-830x467.png 830w, https:\/\/www.fogaszatikeszulek.hu\/wp-content\/uploads\/2018\/03\/1497434551077-1-230x129.png 230w, https:\/\/www.fogaszatikeszulek.hu\/wp-content\/uploads\/2018\/03\/1497434551077-1-350x197.png 350w, https:\/\/www.fogaszatikeszulek.hu\/wp-content\/uploads\/2018\/03\/1497434551077-1-480x270.png 480w\" sizes=\"auto, (max-width: 1200px) 100vw, 1200px\" \/><\/p>\n<h5>&nbsp;<\/h5>\n<h5>Folyamatir\u00e1ny\u00edt\u00e1s<\/h5>\n<p style=\"text-align: justify;\">Minden programciklust dokument\u00e1lhat a be\u00e9p\u00edtett h\u00e1l\u00f3zati interf\u00e9szen kereszt\u00fcl vagy digit\u00e1lisan a NitraFlash CF k\u00e1rty\u00e1val. A DAC Premium \/ DAC Premium Plus nemcsak t\u00f6k\u00e9letesen elk\u00e9sz\u00edtett eszk\u00f6z\u00f6ket k\u00edn\u00e1l \u00d6nnek, hanem jogbiztons\u00e1got is ny\u00fajt.<\/p>\n<p>&nbsp;<\/p>\n<table>\n<tbody>\n<tr>\n<td style=\"text-align: top;\" width=\"260\"><img loading=\"lazy\" decoding=\"async\" class=\"alignnone size-full wp-image-1287\" src=\"https:\/\/www.fogaszatikeszulek.hu\/wp-content\/uploads\/2018\/03\/1496926639757.png\" alt=\"\" width=\"311\" height=\"187\" srcset=\"https:\/\/www.fogaszatikeszulek.hu\/wp-content\/uploads\/2018\/03\/1496926639757.png 311w, https:\/\/www.fogaszatikeszulek.hu\/wp-content\/uploads\/2018\/03\/1496926639757-300x180.png 300w, https:\/\/www.fogaszatikeszulek.hu\/wp-content\/uploads\/2018\/03\/1496926639757-230x138.png 230w\" sizes=\"auto, (max-width: 311px) 100vw, 311px\" \/><\/td>\n<td width=\"10\">&nbsp;<\/td>\n<td style=\"text-align: top;\" width=\"400\">\n<p style=\"text-align: left;\"><strong>NitraPrint: log nyomtat\u00f3<\/strong><br \/>\nA nyomtat\u00f3 a k\u00f6vetkez\u0151 adatokat r\u00f6gz\u00edti:<\/p>\n<ul>\n<li style=\"text-align: left;\">kiv\u00e1lasztott program<br \/>\nd\u00e1tum, id\u0151, aktu\u00e1lis t\u00e9tel sz\u00e1ma<\/li>\n<li style=\"text-align: left;\">a t\u00e9nyleges v\u00e1kuum-, nyom\u00e1s- \u00e9s h\u0151m\u00e9rs\u00e9klet\u00e9rt\u00e9kek<\/li>\n<li style=\"text-align: left;\">a sikeres program befejez\u00e9s\u00e9nek meger\u0151s\u00edt\u00e9se<\/li>\n<li style=\"text-align: left;\">b\u00e1rmely megengedhetetlen elt\u00e9r\u00e9s<\/li>\n<\/ul>\n<\/td>\n<\/tr>\n<tr>\n<td valign=\"top\" width=\"260\">\n<h5><img loading=\"lazy\" decoding=\"async\" class=\"alignnone size-full wp-image-1288\" src=\"https:\/\/www.fogaszatikeszulek.hu\/wp-content\/uploads\/2018\/03\/1496998658116.png\" alt=\"\" width=\"311\" height=\"187\" srcset=\"https:\/\/www.fogaszatikeszulek.hu\/wp-content\/uploads\/2018\/03\/1496998658116.png 311w, https:\/\/www.fogaszatikeszulek.hu\/wp-content\/uploads\/2018\/03\/1496998658116-300x180.png 300w, https:\/\/www.fogaszatikeszulek.hu\/wp-content\/uploads\/2018\/03\/1496998658116-230x138.png 230w\" sizes=\"auto, (max-width: 311px) 100vw, 311px\" \/>&nbsp;<\/h5>\n<\/td>\n<td>&nbsp;<\/td>\n<td style=\"text-align: top;\" width=\"400\">\n<p style=\"text-align: left;\"><strong>NitraPrint 60 cimke nyomtat\u00f3<\/strong><\/p>\n<ul>\n<li style=\"text-align: left;\">k\u00f6zvetlen kapcsol\u00f3d\u00e1s az autokl\u00e1vhoz vagy a gyakorlati h\u00e1l\u00f3zatba val\u00f3 be\u00e9p\u00edt\u00e9shez<\/li>\n<li style=\"text-align: left;\">d\u00e1tum, id\u0151, aktu\u00e1lis t\u00e9tel sz\u00e1ma<\/li>\n<li style=\"text-align: left;\">szem\u00e9lyre szabott kiad\u00e1s<\/li>\n<\/ul>\n<\/td>\n<\/tr>\n<tr>\n<td style=\"text-align: top;\" width=\"260\">&nbsp;<img loading=\"lazy\" decoding=\"async\" class=\"alignnone size-full wp-image-1289\" src=\"https:\/\/www.fogaszatikeszulek.hu\/wp-content\/uploads\/2018\/03\/1496998658378.png\" alt=\"\" width=\"425\" height=\"282\" srcset=\"https:\/\/www.fogaszatikeszulek.hu\/wp-content\/uploads\/2018\/03\/1496998658378.png 425w, https:\/\/www.fogaszatikeszulek.hu\/wp-content\/uploads\/2018\/03\/1496998658378-300x199.png 300w, https:\/\/www.fogaszatikeszulek.hu\/wp-content\/uploads\/2018\/03\/1496998658378-230x153.png 230w, https:\/\/www.fogaszatikeszulek.hu\/wp-content\/uploads\/2018\/03\/1496998658378-350x232.png 350w\" sizes=\"auto, (max-width: 425px) 100vw, 425px\" \/><\/td>\n<td width=\"10\">&nbsp;<\/td>\n<td style=\"text-align: top;\" width=\"400\">\n<p style=\"text-align: left;\"><strong>NitraFlash CF k\u00e1rtya<\/strong><\/p>\n<p style=\"text-align: justify;\">A CompactFlash (CF) mem\u00f3riak\u00e1rtya a kompakt m\u00e9ret\u0171 digit\u00e1lis adatokhoz; A CF szabv\u00e1nyos\u00edtott, vagyis b\u00e1rmilyen CF-r\u00e9sszel rendelkez\u0151 eszk\u00f6zre helyezhet\u0151. A CF k\u00e1rtya olvashat\u00f3, ha sz\u00fcks\u00e9ges, b\u00e1rmely eszk\u00f6zzel, amely t\u00e1mogatja.<\/p>\n<\/td>\n<\/tr>\n<\/tbody>\n<\/table>\n<p>&nbsp;<br \/>\n&nbsp;<\/p>\n<h5>Let\u00f6lthet\u0151 dokumentumok<\/h5>\n<ul>\n<li><a href=\"https:\/\/www.fogaszatikeszulek.hu\/wp-content\/uploads\/pdf\/higienia.pdf\" target=\"_blank\" rel=\"noopener\">Higi\u00e9niai inform\u00e1ci\u00f3k prospektus (angol nyelv\u0171)<\/a><\/li>\n<\/ul>\n<p>&nbsp;<\/p>\n","protected":false},"excerpt":{"rendered":"<p>K\u00f6nnyen el\u00e9rhet\u0151, legmagasabb sz\u00ednvonal A DAC Premium \u00e9s a DAC Premium Plus ugyanazt a kett\u0151s fal\u00fa steriliz\u00e1l\u00f3 kamr\u00e1kat (kett\u0151s kamra technol\u00f3gia) haszn\u00e1lja, mint a k\u00f3rh\u00e1zi autokl\u00e1vok. A kamr\u00e1kat g\u0151zzel el\u0151meleg\u00edtik, majd steriliz\u00e1l\u00e1sra haszn\u00e1lj\u00e1k. Id\u0151t \u00e9s energi\u00e1t takar\u00edt meg, \u00e9s mind \u00d6nt, mind pedig a betegeket a lehet\u0151 legjobb steriliz\u00e1l\u00e1ssal v\u00e9di megb\u00edzhat\u00f3 \u00e9s jogilag megfelel\u0151 m\u00f3don. [&hellip;]<\/p>\n","protected":false},"author":1,"featured_media":0,"parent":0,"menu_order":0,"comment_status":"closed","ping_status":"closed","template":"","meta":{"ngg_post_thumbnail":0,"footnotes":""},"class_list":["post-1282","page","type-page","status-publish","hentry"],"_links":{"self":[{"href":"https:\/\/www.fogaszatikeszulek.hu\/index.php\/wp-json\/wp\/v2\/pages\/1282","targetHints":{"allow":["GET"]}}],"collection":[{"href":"https:\/\/www.fogaszatikeszulek.hu\/index.php\/wp-json\/wp\/v2\/pages"}],"about":[{"href":"https:\/\/www.fogaszatikeszulek.hu\/index.php\/wp-json\/wp\/v2\/types\/page"}],"author":[{"embeddable":true,"href":"https:\/\/www.fogaszatikeszulek.hu\/index.php\/wp-json\/wp\/v2\/users\/1"}],"replies":[{"embeddable":true,"href":"https:\/\/www.fogaszatikeszulek.hu\/index.php\/wp-json\/wp\/v2\/comments?post=1282"}],"version-history":[{"count":8,"href":"https:\/\/www.fogaszatikeszulek.hu\/index.php\/wp-json\/wp\/v2\/pages\/1282\/revisions"}],"predecessor-version":[{"id":1294,"href":"https:\/\/www.fogaszatikeszulek.hu\/index.php\/wp-json\/wp\/v2\/pages\/1282\/revisions\/1294"}],"wp:attachment":[{"href":"https:\/\/www.fogaszatikeszulek.hu\/index.php\/wp-json\/wp\/v2\/media?parent=1282"}],"curies":[{"name":"wp","href":"https:\/\/api.w.org\/{rel}","templated":true}]}}