{"id":1261,"date":"2018-03-26T07:46:34","date_gmt":"2018-03-26T07:46:34","guid":{"rendered":"http:\/\/www.fogaszatikeszulek.hu\/?page_id=1261"},"modified":"2021-01-31T20:39:01","modified_gmt":"2021-01-31T20:39:01","slug":"dac-universal","status":"publish","type":"page","link":"https:\/\/www.fogaszatikeszulek.hu\/index.php\/dac-universal\/","title":{"rendered":"DAC Universal S"},"content":{"rendered":"<h5 style=\"text-align: justify;\"><img loading=\"lazy\" decoding=\"async\" class=\"alignleft wp-image-2151 size-medium\" src=\"https:\/\/www.fogaszatikeszulek.hu\/wp-content\/uploads\/2020\/11\/dac-s-267x300.jpg\" alt=\"\" width=\"267\" height=\"300\" srcset=\"https:\/\/www.fogaszatikeszulek.hu\/wp-content\/uploads\/2020\/11\/dac-s-267x300.jpg 267w, https:\/\/www.fogaszatikeszulek.hu\/wp-content\/uploads\/2020\/11\/dac-s-230x259.jpg 230w, https:\/\/www.fogaszatikeszulek.hu\/wp-content\/uploads\/2020\/11\/dac-s-350x394.jpg 350w, https:\/\/www.fogaszatikeszulek.hu\/wp-content\/uploads\/2020\/11\/dac-s.jpg 383w\" sizes=\"auto, (max-width: 267px) 100vw, 267px\" \/>Teljes aktivit\u00e1s a v\u00edrusok ellen: Eszk\u00f6zkezel\u00e9s a DAC Universallal<\/h5>\n<p style=\"text-align: justify;\">A termikus fert\u0151tlen\u00edt\u00e9s a DAC Universallal nem csak baktericid \u00e9s fungicid, de egyben virucid is. Bizony\u00edtott teljes virucid1 aktivit\u00e1s.<\/p>\n<ul>\n<li>Baktericid: TBC, S. aureus<\/li>\n<li>Fungicid: C. albicans<\/li>\n<li>Virucid: HPV, HBV, HCV, HIV, COVID-19, influenza, adenov\u00edrus, norov\u00edrus<\/li>\n<\/ul>\n<p>1 H\u0151stabil parov\u00edrusokkal tesztelve.<\/p>\n<p>&nbsp;<\/p>\n<iframe loading=\"lazy\"  id=\"_ytid_36391\"  width=\"1170\" height=\"658\"  data-origwidth=\"1170\" data-origheight=\"658\" src=\"https:\/\/www.youtube.com\/embed\/kqje4rraBcM?enablejsapi=1&autoplay=0&cc_load_policy=0&cc_lang_pref=&iv_load_policy=1&loop=0&rel=1&fs=1&playsinline=0&autohide=2&theme=dark&color=red&controls=1&disablekb=0&\" class=\"__youtube_prefs__  no-lazyload\" title=\"YouTube player\"  allow=\"fullscreen; accelerometer; autoplay; clipboard-write; encrypted-media; gyroscope; picture-in-picture; web-share\" referrerpolicy=\"strict-origin-when-cross-origin\" allowfullscreen data-no-lazy=\"1\" data-skipgform_ajax_framebjll=\"\"><\/iframe>\n<h5>&nbsp;<\/h5>\n<h5>Kapcsolja ki az infekci\u00f3 kontroll kock\u00e1zatokat: Kapcsolja be a DAC Universalt<\/h5>\n<p style=\"text-align: justify;\">Megfelelhet az infekci\u00f3 kontroll el\u0151\u00edr\u00e1soknak egyetlen gombnyom\u00e1ssal \u00e9s elker\u00fclheti a keresztfert\u0151z\u00e9seket: Teljes biztons\u00e1g a DAC Universallal. P\u00e1ciensei \u00e9s dolgoz\u00f3i sz\u00e1m\u00edthatnak a teljesk\u00f6r\u0171 v\u00e9delemre \u00e9s teljesen megb\u00edzhatnak a kezel\u00e9sben az \u00fajrakezelt \u00e9s termikusan fert\u0151tlen\u00edtett eszk\u00f6z\u00f6kkel.<\/p>\n<h5>&nbsp;<\/h5>\n<h4>\u00c9ljen a sok k\u00e9nyelmes tulajdons\u00e1ggal!<\/h4>\n<p>&nbsp;<\/p>\n<h5>K\u00f6nny\u0171 haszn\u00e1lat<\/h5>\n<p style=\"text-align: justify;\">\u00daj design, \u00e9rint\u0151 kijelz\u0151 intuit\u00edv kezel\u0151fel\u00fclettel, ir\u00e1ny\u00edtott Check&amp;Clean karbantart\u00f3 munkafolyamattal. A folyamat biztons\u00e1g\u00e1t az automatikus programv\u00e1laszt\u00e1s biztos\u00edtja. LAN interface az elektronikus dokument\u00e1ci\u00f3hoz.<\/p>\n<h5>&nbsp;<\/h5>\n<h5>K\u00f6lts\u00e9ghat\u00e9kony eszk\u00f6zkezel\u00e9s<\/h5>\n<p style=\"text-align: justify;\">Alacsony m\u0171k\u00f6d\u00e9si \u00e9s fogyaszt\u00e1si k\u00f6lts\u00e9gek \u2013 tiszt\u00edt\u00f3 \u00e9s fert\u0151tlen\u00edt\u0151 kemik\u00e1li\u00e1k n\u00e9lk\u00fcli m\u0171k\u00f6d\u00e9s, csup\u00e1n 800 ml v\u00edzfelhaszn\u00e1l\u00e1s ciklusonk\u00e9nt. Alacsony befektet\u00e9si k\u00f6lts\u00e9g az instrumentekbe, k\u00f6sz\u00f6nhet\u0151en a folyamat v\u00e9gi h\u0171t\u00e9snek, amivel azok gyorsan visszat\u00e9rhetnek a szolg\u00e1latba.<\/p>\n<h5>&nbsp;<\/h5>\n<h5>Teljesen automatikus \u00fajrakezel\u00e9s<\/h5>\n<p style=\"text-align: justify;\">Hat instrument k\u00f6r\u00fclbel\u00fcl 21 perc alatt: bels\u0151 \u00e9s k\u00fcls\u0151 tiszt\u00edt\u00e1s, olajoz\u00e1s (ha sz\u00fcks\u00e9ges) \u00e9s steriliz\u00e1l\u00e1s egyenes- k\u00f6ny\u00f6k \u00e9s k\u00e9zidarabok, turbin\u00e1k (pink fed\u00e9l), ultrahangos k\u00e9zidarabok \u00e9s hegyek, multifunkci\u00f3s puszterek \u00e9s homokf\u00faj\u00f3 k\u00e9sz\u00fcl\u00e9kek cs\u0151rei \u00e9s homokf\u00faj\u00f3 k\u00e9zidarabok (white fed\u00e9l) kezel\u00e9s\u00e9hez.<\/p>\n<table width=\"610\">\n<tbody>\n<tr>\n<td width=\"300\"><img loading=\"lazy\" decoding=\"async\" class=\"alignnone size-full wp-image-2153\" src=\"https:\/\/www.fogaszatikeszulek.hu\/wp-content\/uploads\/2020\/11\/pinkfedel.jpg\" alt=\"\" width=\"336\" height=\"342\" srcset=\"https:\/\/www.fogaszatikeszulek.hu\/wp-content\/uploads\/2020\/11\/pinkfedel.jpg 336w, https:\/\/www.fogaszatikeszulek.hu\/wp-content\/uploads\/2020\/11\/pinkfedel-295x300.jpg 295w, https:\/\/www.fogaszatikeszulek.hu\/wp-content\/uploads\/2020\/11\/pinkfedel-230x234.jpg 230w\" sizes=\"auto, (max-width: 336px) 100vw, 336px\" \/><\/td>\n<td width=\"10\">&nbsp;<\/td>\n<td width=\"300\"><img loading=\"lazy\" decoding=\"async\" class=\"alignnone size-full wp-image-2154\" src=\"https:\/\/www.fogaszatikeszulek.hu\/wp-content\/uploads\/2020\/11\/whitefedel.jpg\" alt=\"\" width=\"336\" height=\"342\" srcset=\"https:\/\/www.fogaszatikeszulek.hu\/wp-content\/uploads\/2020\/11\/whitefedel.jpg 336w, https:\/\/www.fogaszatikeszulek.hu\/wp-content\/uploads\/2020\/11\/whitefedel-295x300.jpg 295w, https:\/\/www.fogaszatikeszulek.hu\/wp-content\/uploads\/2020\/11\/whitefedel-230x234.jpg 230w\" sizes=\"auto, (max-width: 336px) 100vw, 336px\" \/><\/td>\n<\/tr>\n<\/tbody>\n<\/table>\n<h5>&nbsp;<\/h5>\n<h5>Leg\u00e1lis biztons\u00e1g<\/h5>\n<p style=\"text-align: justify;\">Valid\u00e1lhat\u00f3 tiszt\u00edt\u00f3 \u00e9s steriliz\u00e1l\u00f3 folyamat. Tiszt\u00edt\u00e1s \u00e9s steriliz\u00e1l\u00e1s amely megfelel az EN ISO 15883-1 \/ -2 el\u0151\u00edr\u00e1snak.<\/p>\n<p>&nbsp;<\/p>\n<h4>Higi\u00e9nia egy gombnyom\u00e1sra<\/h4>\n<p style=\"text-align: justify;\">Egyetlen gombnyom\u00e1s el\u00e9g, hogy a fed\u00e9l lez\u00e1ruljon \u00e9s a DAC Universal elkezdje a teljesen automatikus fert\u0151tlen\u00edt\u0151 programj\u00e1t. Eszk\u00f6zei ut\u00e1na tiszt\u00e1k, olajozottak \u00e9s sterilek. Ilyen egyszer\u0171en elimin\u00e1lhatja a kezel\u00e9si hib\u00e1kat \u00e9s fenntarthatja a t\u00f6k\u00e9letesen tiszta eredm\u00e9nyt.<\/p>\n<p>&nbsp;<\/p>\n<h4>A teljesen automata eszk\u00f6zkezel\u00e9si elj\u00e1r\u00e1s<\/h4>\n<p style=\"text-align: justify;\">A DAC Universal tiszt\u00edt, olajoz (ha sz\u00fcks\u00e9ges) \u00e9s steriliz\u00e1l ak\u00e1r egyszerre hat egyenes- vagy k\u00f6ny\u00f6kdarabot, turbin\u00e1t, ultrahangos\/szonikus k\u00e9zidarabot \u00e9s hegyeket, multifunkci\u00f3s puszterek \u00e9s homokf\u00faj\u00f3 k\u00e9sz\u00fcl\u00e9kek cs\u0151reit, \u00e9s homokf\u00faj\u00f3 k\u00e9zidarabokat k\u00f6r\u00fclbel\u00fcl 21 perc alatt \u2013 h\u0171t\u00e9ssel egy\u00fctt.<br \/>\n&nbsp;<\/p>\n<h5>Fed\u00e9l v\u00e1ltozatok<\/h5>\n<h6><strong>PINK FED\u00c9L<\/strong><\/h6>\n<p>Forg\u00f3eszk\u00f6z\u00f6k \u00fajrakezel\u00e9se egyetlen ciklusban a pink fed\u00e9l standard programmal.<\/p>\n<table width=\"900\">\n<tbody>\n<tr>\n<td colspan=\"5\"><img loading=\"lazy\" decoding=\"async\" class=\"alignnone wp-image-2120\" src=\"https:\/\/www.fogaszatikeszulek.hu\/wp-content\/uploads\/2020\/09\/dac-kek.jpg\" alt=\"\" width=\"900\" height=\"187\" srcset=\"https:\/\/www.fogaszatikeszulek.hu\/wp-content\/uploads\/2020\/09\/dac-kek.jpg 605w, https:\/\/www.fogaszatikeszulek.hu\/wp-content\/uploads\/2020\/09\/dac-kek-300x62.jpg 300w, https:\/\/www.fogaszatikeszulek.hu\/wp-content\/uploads\/2020\/09\/dac-kek-230x48.jpg 230w, https:\/\/www.fogaszatikeszulek.hu\/wp-content\/uploads\/2020\/09\/dac-kek-350x73.jpg 350w, https:\/\/www.fogaszatikeszulek.hu\/wp-content\/uploads\/2020\/09\/dac-kek-480x100.jpg 480w\" sizes=\"auto, (max-width: 900px) 100vw, 900px\" \/><\/td>\n<\/tr>\n<tr>\n<td style=\"text-align: center;\" valign=\"top\" width=\"180\">Bels\u0151 tiszt\u00edt\u00e1s hideg v\u00edzzel<\/p>\n<p style=\"text-align: left;\">1. El\u0151zetes tiszt\u00edt\u00e1s<br \/>\n2. Sziv\u00e1rg\u00e1s teszt<br \/>\n3. Bels\u0151 tiszt\u00edt\u00e1s: A bels\u0151 spray \u00e9s meghajt\u00e1s j\u00e1ratok \u00e1t\u00f6bl\u00edt\u00e9se v\u00edzzel<\/p>\n<\/td>\n<td style=\"text-align: left;\" valign=\"top\" width=\"180\">\n<p style=\"text-align: center;\">Teljesen automatiz\u00e1lt olajoz\u00e1s<\/p>\n<p>4. Olajoz\u00e1s: A meghajt\u00e1s j\u00e1ratainak olajoz\u00e1sa<br \/>\n(sz\u00fcks\u00e9ges a k\u00f6vetkez\u0151 kezel\u00e9shez)<\/td>\n<td style=\"text-align: top;\" valign=\"top\" width=\"200\">\n<p style=\"text-align: center;\">K\u00fcls\u0151 tiszt\u00edt\u00e1s hideg v\u00edzzel<\/p>\n<p style=\"text-align: left;\">5. K\u00fcls\u0151 tiszt\u00edt\u00e1s: pulz\u00e1l\u00f3 tiszt\u00edt\u00e1si folyamat (multi-ciklusos tiszt\u00edt\u00e1si m\u00f3dszer)<\/p>\n<\/td>\n<td style=\"text-align: left;\" valign=\"top\" width=\"180\">\n<p style=\"text-align: center;\">Steriliz\u00e1l\u00e1s<\/p>\n<p>6. F\u0171t\u00e9s 134\u00b0C-ra<br \/>\n7. H\u00e1ts\u00f3 \u00f6bl\u00edt\u00e9s: Szatur\u00e1lt g\u0151z \u00e1tvezet\u00e9se az instrumenten<br \/>\n8. Steriliz\u00e1l\u00e1s: 3 perc 134\u00b0C-on<\/td>\n<td valign=\"top\" width=\"180\">\n<p style=\"text-align: center;\">H\u0171t\u00e9s<\/p>\n<p style=\"text-align: left;\">9. H\u0171t\u00e9s<br \/>\n10. A fed\u00e9l enyh\u00e9n kiny\u00edlik<br \/>\n11. A fedelet teljesen fel lehet nyitni<strong><br \/>\n<\/strong><\/p>\n<\/td>\n<\/tr>\n<\/tbody>\n<\/table>\n<p>&nbsp;<\/p>\n<h6><strong>WHITE FED\u00c9L<\/strong><\/h6>\n<p>Ultrahangos\/szonikus k\u00e9zidarabok \u00e9s hegyek, multifunkci\u00f3s puszterek \u00e9s homokf\u00faj\u00f3 k\u00e9sz\u00fcl\u00e9kek cs\u0151rei \u00e9s homokf\u00faj\u00f3 k\u00e9zidarabok \u00fajrakezel\u00e9s\u00e9hez.<\/p>\n<p>Az olajoz\u00e1s kiv\u00e9tel\u00e9vel teljesen megegyezik a folyamat a pink fed\u00e9l\u00e9vel.<\/p>\n<table>\n<tbody>\n<tr>\n<td colspan=\"4\"><img loading=\"lazy\" decoding=\"async\" class=\"alignleft\" src=\"https:\/\/www.fogaszatikeszulek.hu\/wp-content\/uploads\/2020\/09\/dac-zold.jpg\" alt=\"\" width=\"720\" height=\"183\"><\/td>\n<\/tr>\n<tr>\n<td style=\"text-align: left;\" valign=\"top\" width=\"180\">Bels\u0151 tiszt\u00edt\u00e1s hideg v\u00edzzel<\/td>\n<td style=\"text-align: left;\" valign=\"top\" width=\"180\">K\u00fcls\u0151 tiszt\u00edt\u00e1s hideg v\u00edzzel<\/td>\n<td style=\"text-align: left;\" valign=\"top\" width=\"180\">Steriliz\u00e1l\u00e1s<\/td>\n<td style=\"text-align: left;\" valign=\"top\" width=\"180\">H\u0171t\u00e9s<\/td>\n<\/tr>\n<\/tbody>\n<\/table>\n<p>&nbsp;<\/p>\n<h5>&nbsp;<\/h5>\n<iframe loading=\"lazy\"  id=\"_ytid_85772\"  width=\"1170\" height=\"658\"  data-origwidth=\"1170\" data-origheight=\"658\" src=\"https:\/\/www.youtube.com\/embed\/nkmqCHKarDo?enablejsapi=1&autoplay=0&cc_load_policy=0&cc_lang_pref=&iv_load_policy=1&loop=0&rel=1&fs=1&playsinline=0&autohide=2&theme=dark&color=red&controls=1&disablekb=0&\" class=\"__youtube_prefs__  no-lazyload\" title=\"YouTube player\"  allow=\"fullscreen; accelerometer; autoplay; clipboard-write; encrypted-media; gyroscope; picture-in-picture; web-share\" referrerpolicy=\"strict-origin-when-cross-origin\" allowfullscreen data-no-lazy=\"1\" data-skipgform_ajax_framebjll=\"\"><\/iframe>\n<h5>&nbsp;<\/h5>\n<h5>Let\u00f6lthet\u0151 dokumentumok<\/h5>\n<ul>\n<li><a href=\"https:\/\/www.fogaszatikeszulek.hu\/wp-content\/uploads\/2020\/11\/IPC-brochure-Infection-Control-EN-A91100-M45-C197-01-7600-hun.pdf\" target=\"_blank\" rel=\"noopener\">Higi\u00e9niai inform\u00e1ci\u00f3k prospektus (angol nyelv\u0171)<\/a><\/li>\n<\/ul>\n","protected":false},"excerpt":{"rendered":"<p>Teljes aktivit\u00e1s a v\u00edrusok ellen: Eszk\u00f6zkezel\u00e9s a DAC Universallal A termikus fert\u0151tlen\u00edt\u00e9s a DAC Universallal nem csak baktericid \u00e9s fungicid, de egyben virucid is. Bizony\u00edtott teljes virucid1 aktivit\u00e1s. Baktericid: TBC, S. aureus Fungicid: C. albicans Virucid: HPV, HBV, HCV, HIV, COVID-19, influenza, adenov\u00edrus, norov\u00edrus 1 H\u0151stabil parov\u00edrusokkal tesztelve. &nbsp; &nbsp; Kapcsolja ki az infekci\u00f3 kontroll [&hellip;]<\/p>\n","protected":false},"author":1,"featured_media":0,"parent":0,"menu_order":0,"comment_status":"closed","ping_status":"closed","template":"","meta":{"ngg_post_thumbnail":0,"footnotes":""},"class_list":["post-1261","page","type-page","status-publish","hentry"],"_links":{"self":[{"href":"https:\/\/www.fogaszatikeszulek.hu\/index.php\/wp-json\/wp\/v2\/pages\/1261","targetHints":{"allow":["GET"]}}],"collection":[{"href":"https:\/\/www.fogaszatikeszulek.hu\/index.php\/wp-json\/wp\/v2\/pages"}],"about":[{"href":"https:\/\/www.fogaszatikeszulek.hu\/index.php\/wp-json\/wp\/v2\/types\/page"}],"author":[{"embeddable":true,"href":"https:\/\/www.fogaszatikeszulek.hu\/index.php\/wp-json\/wp\/v2\/users\/1"}],"replies":[{"embeddable":true,"href":"https:\/\/www.fogaszatikeszulek.hu\/index.php\/wp-json\/wp\/v2\/comments?post=1261"}],"version-history":[{"count":47,"href":"https:\/\/www.fogaszatikeszulek.hu\/index.php\/wp-json\/wp\/v2\/pages\/1261\/revisions"}],"predecessor-version":[{"id":2173,"href":"https:\/\/www.fogaszatikeszulek.hu\/index.php\/wp-json\/wp\/v2\/pages\/1261\/revisions\/2173"}],"wp:attachment":[{"href":"https:\/\/www.fogaszatikeszulek.hu\/index.php\/wp-json\/wp\/v2\/media?parent=1261"}],"curies":[{"name":"wp","href":"https:\/\/api.w.org\/{rel}","templated":true}]}}