{"id":12,"date":"2018-02-10T22:42:32","date_gmt":"2018-02-10T22:42:32","guid":{"rendered":"http:\/\/www.fogaszatikeszulek.hu\/?page_id=12"},"modified":"2023-10-02T14:39:46","modified_gmt":"2023-10-02T14:39:46","slug":"elerhetoseg","status":"publish","type":"page","link":"https:\/\/www.fogaszatikeszulek.hu\/index.php\/elerhetoseg\/","title":{"rendered":"El\u00e9rhet\u0151s\u00e9g"},"content":{"rendered":"<p><strong>Import\u0151r \u00e9s forgalmaz\u00f3: Endobolt Kft.<\/strong><img loading=\"lazy\" decoding=\"async\" class=\"size-full wp-image-172 alignright\" src=\"https:\/\/www.fogaszatikeszulek.hu\/wp-content\/uploads\/2018\/02\/endobolt-logo-uj.jpg\" alt=\"\" width=\"200\" height=\"57\"><br \/>\nC\u00edm: 1039 Budapest, Szentendrei \u00fat 385.<br \/>\nTelefon: +36 1 240 0027<br \/>\nTelefon: +36 20 335 0521<br \/>\nFax: +36 1 430 06 08<br \/>\nE-mail c\u00edm: info@endobolt.hu<\/p>\n<p>&nbsp;<\/p>\n<h5>Tov\u00e1bbi orvosi oldalaink<\/h5>\n<p><a href=\"http:\/\/www.labomed.hu\" target=\"_blank\" rel=\"noopener\">www.labomed.hu<\/a><br \/>\n<a href=\"http:\/\/www.fogorvosimikroszkop.hu\" target=\"_blank\" rel=\"noopener\">www.fogorvosimikroszkop.hu<\/a><br \/>\n<a href=\"http:\/\/www.orvosiszek.hu\" target=\"_blank\" rel=\"noopener\">www.orvosiszek.hu<\/a><br \/>\n<a href=\"http:\/\/www.orvosinagyito.hu\" target=\"_blank\" rel=\"noopener\">www.orvosinagyito.hu<\/a><\/p>\n<p><a href=\"http:\/\/www.endobolt.hu\" target=\"_blank\" rel=\"noopener\">www.endobolt.hu<\/a><\/p>\n<p><a href=\"https:\/\/www.fogaszatikeszulek.hu\/index.php\/adatvedelmi-elvek\/\" target=\"_blank\" rel=\"noopener\">Az adatv\u00e9delmi elveket ide kattintva olvashatja el.&nbsp;<\/a><\/p>\n<h5>Let\u00f6lthet\u0151 dokumentumok<\/h5>\n<p><a style=\"font-size: 16px;\" href=\"https:\/\/www.fogaszatikeszulek.hu\/wp-content\/uploads\/2018\/pdf\/Intego.pdf\" target=\"_blank\" rel=\"noopener\">Intego kezel\u0151egys\u00e9g angol nyelv\u0171 prospektus (pdf)<\/a><br \/>\n<a href=\"https:\/\/www.fogaszatikeszulek.hu\/wp-content\/uploads\/2018\/pdf\/integopro.pdf\" target=\"_blank\" rel=\"noopener\">Intego Pro kezel\u0151egys\u00e9g angol nyelv\u0171 prospektus (pdf)<\/a><br \/>\n<a href=\"https:\/\/www.fogaszatikeszulek.hu\/wp-content\/uploads\/2018\/pdf\/IntegoAmbidextrous.pdf\" target=\"_blank\" rel=\"noopener\">Intego Ambidextrous kezel\u0151egys\u00e9g angol nyelv\u0171 prospektus (pdf)<\/a><br \/>\n<a href=\"https:\/\/www.fogaszatikeszulek.hu\/wp-content\/uploads\/2018\/pdf\/Sinius.pdf\" target=\"_blank\" rel=\"noopener\">Sinius kezel\u0151egys\u00e9g angol nyelv\u0171 prospektus (pdf)<\/a><br \/>\n<a href=\"https:\/\/www.fogaszatikeszulek.hu\/wp-content\/uploads\/2018\/pdf\/Teneo.pdf\" target=\"_blank\" rel=\"noopener\">Teneo kezel\u0151egys\u00e9g angol nyelv\u0171 prospektus (pdf)<\/a><\/p>\n<p><a href=\"https:\/\/www.fogaszatikeszulek.hu\/wp-content\/uploads\/pdf\/3d.pdf\" target=\"_blank\" rel=\"noopener\">3D r\u00f6ntgen csal\u00e1d angol nyelv\u0171 prospektus (pdf)<\/a><br \/>\n<a href=\"https:\/\/www.fogaszatikeszulek.hu\/wp-content\/uploads\/pdf\/GalileosComfortPlus-esetek.pdf\">Galieleos Comfort Plus &#8211; esetek angol nyelv\u0171 prospektus (pdf)<\/a><br \/>\n<a href=\"https:\/\/www.fogaszatikeszulek.hu\/wp-content\/uploads\/pdf\/2d.pdf\" target=\"_blank\" rel=\"noopener\">2D r\u00f6ntgen csal\u00e1d angol nyelv\u0171 prospektus (pdf)<\/a><br \/>\n<a href=\"https:\/\/www.fogaszatikeszulek.hu\/wp-content\/uploads\/pdf\/intraoral.pdf\" target=\"_blank\" rel=\"noopener\">Intraoral r\u00f6ntgen csal\u00e1d angol nyelv\u0171 prospektus (pdf)<\/a><\/p>\n<p><a href=\"https:\/\/www.fogaszatikeszulek.hu\/wp-content\/uploads\/pdf\/Cerec.pdf\" target=\"_blank\" rel=\"noopener\">CEREC egy\u00fcl\u00e9ses fog\u00e1szat angol nyelv\u0171 prospektus (pdf)<\/a><br \/>\n<a href=\"https:\/\/www.fogaszatikeszulek.hu\/wp-content\/uploads\/2018\/pdf\/cad-inlab-tips-tricks_en.pdf\" target=\"_blank\" rel=\"noopener\">inLab tippek \u00e9s tr\u00fckk\u00f6k angol nyelv\u0171 prospektus (pdf)<\/a><br \/>\n<a href=\"https:\/\/www.fogaszatikeszulek.hu\/wp-content\/uploads\/2018\/pdf\/dentsply-sirona-cad-cam-material-brochure_EN.pdf\" target=\"_blank\" rel=\"noopener\">CAD\/CAM anyagok angol nyelv\u0171 prospektus (pdf)<\/a><br \/>\n<a href=\"https:\/\/www.fogaszatikeszulek.hu\/wp-content\/uploads\/2018\/pdf\/dentsply-sirona-inlab-brochure_EN.pdf\" target=\"_blank\" rel=\"noopener\">inLab angol nyelv\u0171 prospektus (pdf)<\/a><\/p>\n<p><a href=\"https:\/\/www.fogaszatikeszulek.hu\/wp-content\/uploads\/2018\/pdf\/SirolaserBlue.pdf\" target=\"_blank\" rel=\"noopener\">SiroLaser Blue angol nyelv\u0171 prospektus (pdf)<\/a><br \/>\n<a href=\"https:\/\/www.fogaszatikeszulek.hu\/wp-content\/uploads\/2018\/pdf\/SirolaserAdvanceandXtend.pdf\" target=\"_blank\" rel=\"noopener\">SiroLaser &#8211; Advance \u00e9s Xtend angol nyelv\u0171 prospektus (pdf)<\/a><br \/>\n<a href=\"https:\/\/www.fogaszatikeszulek.hu\/wp-content\/uploads\/2018\/pdf\/SirolaserAdvancedPlus.pdf\" target=\"_blank\" rel=\"noopener\">SiroLaser Advance Plus angol nyelv\u0171 prospektus (pdf)<\/a><\/p>\n<p><a href=\"https:\/\/www.fogaszatikeszulek.hu\/wp-content\/uploads\/pdf\/higienia.pdf\" target=\"_blank\" rel=\"noopener\">Higi\u00e9niai g\u00e9pek prospektus angol nyelv\u0171 prospektus (pdf)<\/a><\/p>\n<p><a href=\"https:\/\/www.fogaszatikeszulek.hu\/wp-content\/uploads\/pdf\/T1-T2-T3.pdf\" target=\"_blank\" rel=\"noopener\">K\u00e9zidarabok angol nyelv\u0171 prospektus prospektus (pdf)<\/a><\/p>\n","protected":false},"excerpt":{"rendered":"<p>Import\u0151r \u00e9s forgalmaz\u00f3: Endobolt Kft. C\u00edm: 1039 Budapest, Szentendrei \u00fat 385. Telefon: +36 1 240 0027 Telefon: +36 20 335 0521 Fax: +36 1 430 06 08 E-mail c\u00edm: info@endobolt.hu &nbsp; Tov\u00e1bbi orvosi oldalaink www.labomed.hu www.fogorvosimikroszkop.hu www.orvosiszek.hu www.orvosinagyito.hu www.endobolt.hu Az adatv\u00e9delmi elveket ide kattintva olvashatja el.&nbsp; Let\u00f6lthet\u0151 dokumentumok Intego kezel\u0151egys\u00e9g angol nyelv\u0171 prospektus (pdf) Intego [&hellip;]<\/p>\n","protected":false},"author":1,"featured_media":0,"parent":0,"menu_order":0,"comment_status":"closed","ping_status":"closed","template":"","meta":{"ngg_post_thumbnail":0,"footnotes":""},"class_list":["post-12","page","type-page","status-publish","hentry"],"_links":{"self":[{"href":"https:\/\/www.fogaszatikeszulek.hu\/index.php\/wp-json\/wp\/v2\/pages\/12","targetHints":{"allow":["GET"]}}],"collection":[{"href":"https:\/\/www.fogaszatikeszulek.hu\/index.php\/wp-json\/wp\/v2\/pages"}],"about":[{"href":"https:\/\/www.fogaszatikeszulek.hu\/index.php\/wp-json\/wp\/v2\/types\/page"}],"author":[{"embeddable":true,"href":"https:\/\/www.fogaszatikeszulek.hu\/index.php\/wp-json\/wp\/v2\/users\/1"}],"replies":[{"embeddable":true,"href":"https:\/\/www.fogaszatikeszulek.hu\/index.php\/wp-json\/wp\/v2\/comments?post=12"}],"version-history":[{"count":24,"href":"https:\/\/www.fogaszatikeszulek.hu\/index.php\/wp-json\/wp\/v2\/pages\/12\/revisions"}],"predecessor-version":[{"id":2621,"href":"https:\/\/www.fogaszatikeszulek.hu\/index.php\/wp-json\/wp\/v2\/pages\/12\/revisions\/2621"}],"wp:attachment":[{"href":"https:\/\/www.fogaszatikeszulek.hu\/index.php\/wp-json\/wp\/v2\/media?parent=12"}],"curies":[{"name":"wp","href":"https:\/\/api.w.org\/{rel}","templated":true}]}}