{"id":1194,"date":"2018-03-23T09:40:16","date_gmt":"2018-03-23T09:40:16","guid":{"rendered":"http:\/\/www.fogaszatikeszulek.hu\/?page_id=1194"},"modified":"2019-03-08T11:05:21","modified_gmt":"2019-03-08T11:05:21","slug":"kepfeldolgozo-szoftver","status":"publish","type":"page","link":"https:\/\/www.fogaszatikeszulek.hu\/index.php\/kepfeldolgozo-szoftver\/","title":{"rendered":"K\u00e9pfeldolgoz\u00f3 szoftver"},"content":{"rendered":"<h5>Sidexis 4<\/h5>\n<p style=\"text-align: justify;\"><img decoding=\"async\" class=\"size-full wp-image-1195 alignleft\" src=\"https:\/\/www.fogaszatikeszulek.hu\/wp-content\/uploads\/2018\/03\/1487841267842-1.png\" alt=\"\" width=\"460\" srcset=\"https:\/\/www.fogaszatikeszulek.hu\/wp-content\/uploads\/2018\/03\/1487841267842-1.png 525w, https:\/\/www.fogaszatikeszulek.hu\/wp-content\/uploads\/2018\/03\/1487841267842-1-300x214.png 300w, https:\/\/www.fogaszatikeszulek.hu\/wp-content\/uploads\/2018\/03\/1487841267842-1-230x164.png 230w, https:\/\/www.fogaszatikeszulek.hu\/wp-content\/uploads\/2018\/03\/1487841267842-1-350x250.png 350w, https:\/\/www.fogaszatikeszulek.hu\/wp-content\/uploads\/2018\/03\/1487841267842-1-480x343.png 480w\" sizes=\"(max-width: 525px) 100vw, 525px\" \/><strong>Optim\u00e1lis munkafolyamat \u00e1tl\u00e1that\u00f3 strukt\u00far\u00e1val<\/strong><\/p>\n<p style=\"text-align: justify;\">A Sidexis 4 szoftver a vil\u00e1gos diagn\u00f3zis\u00e9rt. Az optim\u00e1lis eredm\u00e9ny \u00e9rdek\u00e9ben alkalmazhatja az integr\u00e1lt fog\u00e1szati munkafolyamatok el\u0151nyeit. A szoftver id\u0151t takar\u00edt meg, biztons\u00e1gos, \u00e9s jav\u00edtja az eredm\u00e9nyeket. A d\u00edjnyertes, modern felhaszn\u00e1l\u00f3i fel\u00fclete rendk\u00edv\u00fcl egyszer\u0171en m\u0171k\u00f6dik. A Sidexis 4 sz\u00e1mos fontos funkci\u00f3t biztos\u00edt a betegek felv\u00e9tel\u00e9re, k\u00e9pkezel\u00e9s\u00e9re, elemz\u00e9s\u00e9re, diagn\u00f3zis\u00e1ra, betegkommunik\u00e1ci\u00f3ra \u00e9s egyszer\u0171 k\u00e9pek \u00e1tvitel\u00e9re. A leggyakrabban haszn\u00e1lt eszk\u00f6z\u00f6k j\u00f3l l\u00e1that\u00f3 helyen vannak \u00e9s k\u00f6nnyen megtal\u00e1lhat\u00f3k, \u00edgy intuit\u00edv m\u00f3don dolgozhat.<\/p>\n<ul>\n<li>Egy SIDEXIS licenc a fog\u00e1szati rendel\u0151 \u00f6sszes PC-j\u00e9hez.<\/li>\n<li>H\u00e1l\u00f3zatk\u00e9pes: a SIDEXIS szolg\u00e1l alapul az adatb\u00e1zis, a r\u00f6ntgen rendszerek \u00e9s a SIDEXIS munka\u00e1llom\u00e1sok rugalmas kezel\u00e9s\u00e9hez a rendel\u0151 h\u00e1l\u00f3zat\u00e1ban. A SIDEXIS be\u00e9p\u00fcl a megl\u00e9v\u0151 sz\u00e1m\u00edt\u00e1stechnikai infrastrukt\u00far\u00e1ba.<\/li>\n<li>Szoftvercsomag az intraor\u00e1lis, panor\u00e1ma \u00e9s kefalometri\u00e1s, valamint a 3D-s r\u00f6ntgen felv\u00e9telekhez, illetve az intraor\u00e1lis kamera k\u00e9pekhez \u00e9s az arcszkenneres felv\u00e9telekhez<\/li>\n<\/ul>\n","protected":false},"excerpt":{"rendered":"<p>Sidexis 4 Optim\u00e1lis munkafolyamat \u00e1tl\u00e1that\u00f3 strukt\u00far\u00e1val A Sidexis 4 szoftver a vil\u00e1gos diagn\u00f3zis\u00e9rt. Az optim\u00e1lis eredm\u00e9ny \u00e9rdek\u00e9ben alkalmazhatja az integr\u00e1lt fog\u00e1szati munkafolyamatok el\u0151nyeit. A szoftver id\u0151t takar\u00edt meg, biztons\u00e1gos, \u00e9s jav\u00edtja az eredm\u00e9nyeket. A d\u00edjnyertes, modern felhaszn\u00e1l\u00f3i fel\u00fclete rendk\u00edv\u00fcl egyszer\u0171en m\u0171k\u00f6dik. A Sidexis 4 sz\u00e1mos fontos funkci\u00f3t biztos\u00edt a betegek felv\u00e9tel\u00e9re, k\u00e9pkezel\u00e9s\u00e9re, elemz\u00e9s\u00e9re, diagn\u00f3zis\u00e1ra, betegkommunik\u00e1ci\u00f3ra [&hellip;]<\/p>\n","protected":false},"author":1,"featured_media":0,"parent":0,"menu_order":0,"comment_status":"closed","ping_status":"closed","template":"","meta":{"ngg_post_thumbnail":0,"footnotes":""},"class_list":["post-1194","page","type-page","status-publish","hentry"],"_links":{"self":[{"href":"https:\/\/www.fogaszatikeszulek.hu\/index.php\/wp-json\/wp\/v2\/pages\/1194","targetHints":{"allow":["GET"]}}],"collection":[{"href":"https:\/\/www.fogaszatikeszulek.hu\/index.php\/wp-json\/wp\/v2\/pages"}],"about":[{"href":"https:\/\/www.fogaszatikeszulek.hu\/index.php\/wp-json\/wp\/v2\/types\/page"}],"author":[{"embeddable":true,"href":"https:\/\/www.fogaszatikeszulek.hu\/index.php\/wp-json\/wp\/v2\/users\/1"}],"replies":[{"embeddable":true,"href":"https:\/\/www.fogaszatikeszulek.hu\/index.php\/wp-json\/wp\/v2\/comments?post=1194"}],"version-history":[{"count":2,"href":"https:\/\/www.fogaszatikeszulek.hu\/index.php\/wp-json\/wp\/v2\/pages\/1194\/revisions"}],"predecessor-version":[{"id":1763,"href":"https:\/\/www.fogaszatikeszulek.hu\/index.php\/wp-json\/wp\/v2\/pages\/1194\/revisions\/1763"}],"wp:attachment":[{"href":"https:\/\/www.fogaszatikeszulek.hu\/index.php\/wp-json\/wp\/v2\/media?parent=1194"}],"curies":[{"name":"wp","href":"https:\/\/api.w.org\/{rel}","templated":true}]}}