{"id":1173,"date":"2018-03-23T09:00:07","date_gmt":"2018-03-23T09:00:07","guid":{"rendered":"http:\/\/www.fogaszatikeszulek.hu\/?page_id=1173"},"modified":"2020-06-25T12:05:53","modified_gmt":"2020-06-25T12:05:53","slug":"intraoralis-rontgen-egysegek","status":"publish","type":"page","link":"https:\/\/www.fogaszatikeszulek.hu\/index.php\/intraoralis-rontgen-egysegek\/","title":{"rendered":"Intraor\u00e1lis r\u00f6ntgen egys\u00e9g"},"content":{"rendered":"<h5>Heliodent Plus<\/h5>\n<p style=\"text-align: justify;\"><img decoding=\"async\" class=\"size-full wp-image-1174 alignleft\" src=\"https:\/\/www.fogaszatikeszulek.hu\/wp-content\/uploads\/2018\/03\/1489229796972.png\" alt=\"\" width=\"460\" srcset=\"https:\/\/www.fogaszatikeszulek.hu\/wp-content\/uploads\/2018\/03\/1489229796972.png 1200w, https:\/\/www.fogaszatikeszulek.hu\/wp-content\/uploads\/2018\/03\/1489229796972-300x169.png 300w, https:\/\/www.fogaszatikeszulek.hu\/wp-content\/uploads\/2018\/03\/1489229796972-768x432.png 768w, https:\/\/www.fogaszatikeszulek.hu\/wp-content\/uploads\/2018\/03\/1489229796972-1024x576.png 1024w, https:\/\/www.fogaszatikeszulek.hu\/wp-content\/uploads\/2018\/03\/1489229796972-830x467.png 830w, https:\/\/www.fogaszatikeszulek.hu\/wp-content\/uploads\/2018\/03\/1489229796972-230x129.png 230w, https:\/\/www.fogaszatikeszulek.hu\/wp-content\/uploads\/2018\/03\/1489229796972-350x197.png 350w, https:\/\/www.fogaszatikeszulek.hu\/wp-content\/uploads\/2018\/03\/1489229796972-480x270.png 480w\" sizes=\"(max-width: 1200px) 100vw, 1200px\" \/> <strong>A napi diagnosztik\u00e1hoz sz\u00fcks\u00e9ges bizalom<\/strong><\/p>\n<p style=\"text-align: justify;\">Az intraor\u00e1lis r\u00f6ntgenk\u00e9sz\u00fcl\u00e9k a napi diagnosztikai munka alapk\u00f6ve. A Heliodent Plus nemcsak nagyszer\u0171 k\u00e9pmin\u0151s\u00e9get, megb\u00edzhat\u00f3s\u00e1got \u00e9s k\u00f6nny\u0171 haszn\u00e1latot ny\u00fajt, hanem t\u00f6k\u00e9letesen integr\u00e1lhat\u00f3 a DentsplySirona szenzorokkal \u00e9s szkennerekkel, hogy jobb, biztons\u00e1gosabb \u00e9s gyorsabb intraor\u00e1lis diagnosztik\u00e1t biztos\u00edtson. A Heliodent Plus DC k\u00e9sz\u00fcl\u00e9k t\u00e1pegys\u00e9ggel m\u0171k\u00f6dik.<\/p>\n<p>&nbsp;<\/p>\n<h5>El\u0151ny\u00f6k egy pillanat alatt<\/h5>\n<ul>\n<li style=\"text-align: justify;\">Intelligens \u00e9s stabil be\u00e1ll\u00edt\u00e1s a legjobb k\u00e9pmin\u0151s\u00e9g\u00e9rt folyamatos haszn\u00e1lat eset\u00e9n is<br \/>\nA Heliodent Plus egy 0.4mm-es f\u00f3kuszpontot \u00e9s rezg\u00e9smentes alkatr\u00e9szeket k\u00edn\u00e1l, amelyek ide\u00e1lisan t\u00e1mogatj\u00e1k a munkafolyamatot.<\/li>\n<li style=\"text-align: justify;\">Intuit\u00edv \u00e9s rugalmas, \u00edgy k\u00f6nnyen beilleszthet\u0151 b\u00e1rmelyik rendel\u0151be<br \/>\nA kezel\u0151panelek rendk\u00edv\u00fcl egyszer\u0171en haszn\u00e1lhat\u00f3k. Sz\u00e1mos konfigur\u00e1ci\u00f3val alkalmazkodik a fogorvosi rendel\u0151h\u00f6z.<\/li>\n<li style=\"text-align: justify;\">A min\u0151s\u00e9g az abszol\u00fat megb\u00edzhat\u00f3s\u00e1g \u00e9rdek\u00e9ben<br \/>\nA n\u00e9met gy\u00e1rtm\u00e1ny\u00fa Heliodent Plus k\u00e9sz\u00fcl\u00e9kb\u0151l ma m\u00e1r t\u00f6bb mint 25.000 tal\u00e1lhat\u00f3 vil\u00e1gszerte.<\/li>\n<li style=\"text-align: justify;\">Kapocs a rendel\u0151i k\u00e9palkot\u00e1shoz<br \/>\nHozza ki a legt\u00f6bbet a helyb\u0151l, integr\u00e1lja k\u00f6zvetlen\u00fcl a kezel\u0151egys\u00e9gbe a m\u00e9g nagyobb hat\u00e9konys\u00e1g \u00e9rdek\u00e9ben.&nbsp;<\/li>\n<\/ul>\n<p style=\"text-align: justify;\">&nbsp;<br \/>\nA Heliodent Plus sz\u00e1mos lehet\u0151s\u00e9get k\u00edn\u00e1l figyelembe v\u00e9ve a rendel\u0151i korl\u00e1tokat \u00e9s a k\u00f6lts\u00e9gvet\u00e9st. A tart\u00f3 kar k\u00e9tf\u00e9le kivitelben (kerek vagy n\u00e9gyzet) \u00e9s h\u00e1rom hossz\u00fas\u00e1gban (41cm \/ 16,2 &#8222;, 70cm \/ 27,5&#8221;, 95cm \/ 37,4 &#8222;) \u00e1ll rendelkez\u00e9sre. Az egys\u00e9gk\u00e9sz\u00fcl\u00e9k 4 k\u00fcl\u00f6nb\u00f6z\u0151 m\u00f3don szerelhet\u0151 fel: falra szerelhet\u0151, felf\u00fcggesztett, egy Dentsply Sirona kezel\u0151egys\u00e9gre \u00e9p\u00edtve vagy mobil \u00e1llv\u00e1nyra szerelve.<\/p>\n<p style=\"text-align: justify;\">Intelligens eszk\u00f6z\u00f6k, p\u00e9ld\u00e1ul a m\u00e9diadetektor, amely a szenzorok, a k\u00e9palkot\u00f3 lemezek vagy a filmek sz\u00e1m\u00e1ra megfelel\u0151 be\u00e1ll\u00edt\u00e1st biztos\u00edt egy gombnyom\u00e1ssal, hogy k\u00f6nnyebb\u00e9 v\u00e1ljon a minden napi haszn\u00e1lat a rendel\u0151ben.<\/p>\n<p>&nbsp;<\/p>\n<h5>&nbsp;Telep\u00edt\u00e9si lehet\u0151s\u00e9gek<\/h5>\n<table style=\"width: 800px;\" border=\"0\">\n<tbody>\n<tr>\n<td width=\"160\"><img loading=\"lazy\" decoding=\"async\" class=\"alignnone size-full wp-image-1179\" src=\"https:\/\/www.fogaszatikeszulek.hu\/wp-content\/uploads\/2018\/03\/1489613733880.png\" alt=\"\" width=\"180\" height=\"180\" srcset=\"https:\/\/www.fogaszatikeszulek.hu\/wp-content\/uploads\/2018\/03\/1489613733880.png 180w, https:\/\/www.fogaszatikeszulek.hu\/wp-content\/uploads\/2018\/03\/1489613733880-150x150.png 150w\" sizes=\"auto, (max-width: 180px) 100vw, 180px\" \/><\/td>\n<td width=\"160\"><img loading=\"lazy\" decoding=\"async\" class=\"alignnone size-full wp-image-1182\" src=\"https:\/\/www.fogaszatikeszulek.hu\/wp-content\/uploads\/2018\/03\/1489613734256.png\" alt=\"\" width=\"180\" height=\"180\" srcset=\"https:\/\/www.fogaszatikeszulek.hu\/wp-content\/uploads\/2018\/03\/1489613734256.png 180w, https:\/\/www.fogaszatikeszulek.hu\/wp-content\/uploads\/2018\/03\/1489613734256-150x150.png 150w\" sizes=\"auto, (max-width: 180px) 100vw, 180px\" \/><\/td>\n<td width=\"160\"><img loading=\"lazy\" decoding=\"async\" class=\"alignnone size-full wp-image-1180\" src=\"https:\/\/www.fogaszatikeszulek.hu\/wp-content\/uploads\/2018\/03\/1489613733983.png\" alt=\"\" width=\"180\" height=\"180\" srcset=\"https:\/\/www.fogaszatikeszulek.hu\/wp-content\/uploads\/2018\/03\/1489613733983.png 180w, https:\/\/www.fogaszatikeszulek.hu\/wp-content\/uploads\/2018\/03\/1489613733983-150x150.png 150w\" sizes=\"auto, (max-width: 180px) 100vw, 180px\" \/><\/td>\n<td width=\"160\"><img loading=\"lazy\" decoding=\"async\" class=\"alignnone size-full wp-image-1181\" src=\"https:\/\/www.fogaszatikeszulek.hu\/wp-content\/uploads\/2018\/03\/1489613734160.png\" alt=\"\" width=\"180\" height=\"180\" srcset=\"https:\/\/www.fogaszatikeszulek.hu\/wp-content\/uploads\/2018\/03\/1489613734160.png 180w, https:\/\/www.fogaszatikeszulek.hu\/wp-content\/uploads\/2018\/03\/1489613734160-150x150.png 150w\" sizes=\"auto, (max-width: 180px) 100vw, 180px\" \/><\/td>\n<td width=\"160\"><img loading=\"lazy\" decoding=\"async\" class=\"alignnone size-full wp-image-1178\" src=\"https:\/\/www.fogaszatikeszulek.hu\/wp-content\/uploads\/2018\/03\/1489613733648.png\" alt=\"\" width=\"180\" height=\"180\" srcset=\"https:\/\/www.fogaszatikeszulek.hu\/wp-content\/uploads\/2018\/03\/1489613733648.png 180w, https:\/\/www.fogaszatikeszulek.hu\/wp-content\/uploads\/2018\/03\/1489613733648-150x150.png 150w\" sizes=\"auto, (max-width: 180px) 100vw, 180px\" \/><\/td>\n<\/tr>\n<tr>\n<td>Fali karos&nbsp;<\/td>\n<td>&nbsp;Kezel\u0151egys\u00e9gbe szerelt<\/td>\n<td>Mobil \u00e1llv\u00e1nyos&nbsp;<\/td>\n<td>Felf\u00fcggesztett&nbsp;<\/td>\n<td>Felf\u00fcggesztett LEDview egys\u00e9ggel&nbsp;<\/td>\n<\/tr>\n<\/tbody>\n<\/table>\n<p>&nbsp;<br \/>\n&nbsp;<\/p>\n<h5>&nbsp;M\u0171k\u00f6dtet\u00e9si lehet\u0151s\u00e9gek<\/h5>\n<table style=\"width: 600px;\" border=\"0\">\n<tbody>\n<tr>\n<td width=\"180\"><img loading=\"lazy\" decoding=\"async\" class=\"alignnone size-full wp-image-1184\" src=\"https:\/\/www.fogaszatikeszulek.hu\/wp-content\/uploads\/2018\/03\/1489614240511.png\" alt=\"\" width=\"180\" height=\"180\" srcset=\"https:\/\/www.fogaszatikeszulek.hu\/wp-content\/uploads\/2018\/03\/1489614240511.png 180w, https:\/\/www.fogaszatikeszulek.hu\/wp-content\/uploads\/2018\/03\/1489614240511-150x150.png 150w\" sizes=\"auto, (max-width: 180px) 100vw, 180px\" \/><\/td>\n<td width=\"180\"><img loading=\"lazy\" decoding=\"async\" class=\"alignnone size-full wp-image-1186\" src=\"https:\/\/www.fogaszatikeszulek.hu\/wp-content\/uploads\/2018\/03\/1489614240617.png\" alt=\"\" width=\"180\" height=\"180\" srcset=\"https:\/\/www.fogaszatikeszulek.hu\/wp-content\/uploads\/2018\/03\/1489614240617.png 180w, https:\/\/www.fogaszatikeszulek.hu\/wp-content\/uploads\/2018\/03\/1489614240617-150x150.png 150w\" sizes=\"auto, (max-width: 180px) 100vw, 180px\" \/><\/td>\n<td width=\"180\"><img loading=\"lazy\" decoding=\"async\" class=\"alignnone size-full wp-image-1185\" src=\"https:\/\/www.fogaszatikeszulek.hu\/wp-content\/uploads\/2018\/03\/1489614240550.png\" alt=\"\" width=\"180\" height=\"180\" srcset=\"https:\/\/www.fogaszatikeszulek.hu\/wp-content\/uploads\/2018\/03\/1489614240550.png 180w, https:\/\/www.fogaszatikeszulek.hu\/wp-content\/uploads\/2018\/03\/1489614240550-150x150.png 150w\" sizes=\"auto, (max-width: 180px) 100vw, 180px\" \/><\/td>\n<\/tr>\n<tr>\n<td>T\u00e1vir\u00e1ny\u00edt\u00f3<\/td>\n<td>&nbsp;T\u00e1voli id\u0151z\u00edt\u0151<\/td>\n<td>K\u00e9zi v\u00e1ltozat&nbsp;<\/td>\n<\/tr>\n<\/tbody>\n<\/table>\n<h5>&nbsp;<\/h5>\n<h5>Let\u00f6lthet\u0151 dokumentumok<\/h5>\n<ul>\n<li><a href=\"https:\/\/www.fogaszatikeszulek.hu\/wp-content\/uploads\/pdf\/intraoral.pdf\">Intraor\u00e1lis r\u00f6ntgen csal\u00e1d prospektus (angol nyelv\u0171)<\/a><\/li>\n<\/ul>\n<p>&nbsp;<\/p>\n","protected":false},"excerpt":{"rendered":"<p>Heliodent Plus A napi diagnosztik\u00e1hoz sz\u00fcks\u00e9ges bizalom Az intraor\u00e1lis r\u00f6ntgenk\u00e9sz\u00fcl\u00e9k a napi diagnosztikai munka alapk\u00f6ve. A Heliodent Plus nemcsak nagyszer\u0171 k\u00e9pmin\u0151s\u00e9get, megb\u00edzhat\u00f3s\u00e1got \u00e9s k\u00f6nny\u0171 haszn\u00e1latot ny\u00fajt, hanem t\u00f6k\u00e9letesen integr\u00e1lhat\u00f3 a DentsplySirona szenzorokkal \u00e9s szkennerekkel, hogy jobb, biztons\u00e1gosabb \u00e9s gyorsabb intraor\u00e1lis diagnosztik\u00e1t biztos\u00edtson. A Heliodent Plus DC k\u00e9sz\u00fcl\u00e9k t\u00e1pegys\u00e9ggel m\u0171k\u00f6dik. &nbsp; El\u0151ny\u00f6k egy pillanat alatt Intelligens [&hellip;]<\/p>\n","protected":false},"author":1,"featured_media":0,"parent":0,"menu_order":0,"comment_status":"closed","ping_status":"closed","template":"","meta":{"ngg_post_thumbnail":0,"footnotes":""},"class_list":["post-1173","page","type-page","status-publish","hentry"],"_links":{"self":[{"href":"https:\/\/www.fogaszatikeszulek.hu\/index.php\/wp-json\/wp\/v2\/pages\/1173","targetHints":{"allow":["GET"]}}],"collection":[{"href":"https:\/\/www.fogaszatikeszulek.hu\/index.php\/wp-json\/wp\/v2\/pages"}],"about":[{"href":"https:\/\/www.fogaszatikeszulek.hu\/index.php\/wp-json\/wp\/v2\/types\/page"}],"author":[{"embeddable":true,"href":"https:\/\/www.fogaszatikeszulek.hu\/index.php\/wp-json\/wp\/v2\/users\/1"}],"replies":[{"embeddable":true,"href":"https:\/\/www.fogaszatikeszulek.hu\/index.php\/wp-json\/wp\/v2\/comments?post=1173"}],"version-history":[{"count":11,"href":"https:\/\/www.fogaszatikeszulek.hu\/index.php\/wp-json\/wp\/v2\/pages\/1173\/revisions"}],"predecessor-version":[{"id":2078,"href":"https:\/\/www.fogaszatikeszulek.hu\/index.php\/wp-json\/wp\/v2\/pages\/1173\/revisions\/2078"}],"wp:attachment":[{"href":"https:\/\/www.fogaszatikeszulek.hu\/index.php\/wp-json\/wp\/v2\/media?parent=1173"}],"curies":[{"name":"wp","href":"https:\/\/api.w.org\/{rel}","templated":true}]}}