{"id":10,"date":"2018-02-10T22:42:32","date_gmt":"2018-02-10T22:42:32","guid":{"rendered":"http:\/\/www.fogaszatikeszulek.hu\/?page_id=10"},"modified":"2019-03-08T12:06:18","modified_gmt":"2019-03-08T12:06:18","slug":"xiosxg","status":"publish","type":"page","link":"https:\/\/www.fogaszatikeszulek.hu\/index.php\/xiosxg\/","title":{"rendered":"Xios XG szenzor"},"content":{"rendered":"<h5>Xios XG Supreme \u00e9s Xios XG Select<\/h5>\n<p style=\"text-align: justify;\"><img decoding=\"async\" class=\"size-full wp-image-1113 alignleft\" src=\"https:\/\/www.fogaszatikeszulek.hu\/wp-content\/uploads\/2018\/03\/1489226161017.png\" alt=\"\" width=\"460\" srcset=\"https:\/\/www.fogaszatikeszulek.hu\/wp-content\/uploads\/2018\/03\/1489226161017.png 525w, https:\/\/www.fogaszatikeszulek.hu\/wp-content\/uploads\/2018\/03\/1489226161017-300x214.png 300w, https:\/\/www.fogaszatikeszulek.hu\/wp-content\/uploads\/2018\/03\/1489226161017-230x164.png 230w, https:\/\/www.fogaszatikeszulek.hu\/wp-content\/uploads\/2018\/03\/1489226161017-350x250.png 350w, https:\/\/www.fogaszatikeszulek.hu\/wp-content\/uploads\/2018\/03\/1489226161017-480x343.png 480w\" sizes=\"(max-width: 525px) 100vw, 525px\" \/> <strong>Magas fok\u00fa ell\u00e1t\u00e1st \u00e9s biztos diagn\u00f3zist biztos\u00edt a Xios XG szenzorokkal<\/strong><\/p>\n<p style=\"text-align: justify;\">A Xios XG az ipar\u00e1g vezet\u0151 k\u00e9pmin\u0151s\u00e9g\u00e9t adja. A kiv\u00e1l\u00f3 k\u00e9pmin\u0151s\u00e9g \u00f6nmag\u00e1ban jelent\u0151sen jav\u00edthatja a diagn\u00f3zist \u00e9s a betegek elfogad\u00e1s\u00e1t. A sz\u00e9les v\u00e1laszt\u00e9kkal, k\u00e9pjav\u00edt\u00f3 k\u00e9pess\u00e9gekkel \u00e9s szolg\u00e1ltat\u00e1si \u00e9s t\u00e1mogat\u00e1si rendszerrel rendelkez\u0151 Xios XG nagyon j\u00f3l befoly\u00e1solhatja azt, ahogyan \u00d6n \u00e9s betegei l\u00e1tj\u00e1k az eg\u00e9sz&nbsp; rendel\u0151t.<\/p>\n<p style=\"text-align: justify;\">&nbsp;<\/p>\n<p>&nbsp;<\/p>\n<p>Jelent\u0151s el\u0151ny\u00f6k<\/p>\n<ul>\n<li style=\"text-align: justify;\">Azonnal el\u00e9rhet\u0151 kiemelked\u0151 k\u00e9pmin\u0151s\u00e9g<br \/>\n33 lp\/mm elm\u00e9leti felbont\u00e1s \u00e9s 15 \u03bcm pixel m\u00e9ret, ami az ipar\u00e1g vezet\u0151 k\u00e9pmin\u0151s\u00e9get biztos\u00edtja, v\u00e1rakoz\u00e1si id\u0151 n\u00e9lk\u00fcl.<\/li>\n<li style=\"text-align: justify;\">T\u00f6bb lehet\u0151s\u00e9g, hogy illeszkedjen a kezel\u0151helyis\u00e9geibe<br \/>\n3 szenzor m\u00e9ret, 3 k\u00e1belhossz, WiFi vagy USB csatlakoz\u00e1s &#8230; minden modul\u00e1ris kialak\u00edt\u00e1son alapul, amely lehet\u0151v\u00e9 teszi a szenzorok \u00faj ig\u00e9nyeknek val\u00f3 megfelel\u00e9s\u00e9t.<\/li>\n<li style=\"text-align: justify;\">Robosztus \u00e9s cser\u00e9lhet\u0151 k\u00e1bel<br \/>\nPr\u00e9mium anyagok, magas sz\u00ednvonal\u00fa gy\u00e1rt\u00e1si folyamatok \u00e9s egyedi kialak\u00edt\u00e1s, amely lehet\u0151v\u00e9 teszi a k\u00e1bel cser\u00e9j\u00e9t perceken bel\u00fcl.<\/li>\n<li style=\"text-align: justify;\">Rendel\u0151i k\u00e9palkot\u00e1s<br \/>\nA munka sor\u00e1n integr\u00e1lja a kezel\u0151egys\u00e9get az intraor\u00e1lis r\u00f6ntgenegys\u00e9gekkel \u00e9s szenzorokkal.<\/li>\n<\/ul>\n<p>&nbsp;<\/p>\n<h5>Egyszer\u0171, inspir\u00e1l\u00f3 k\u00e9palkot\u00e1s<\/h5>\n<p style=\"text-align: justify;\">\u00c9les, r\u00e9szletes k\u00e9pmin\u0151s\u00e9g, ami nem hasonl\u00edthat\u00f3 \u00f6ssze m\u00e1s digit\u00e1lis szenzorral. Az intraor\u00e1lis szenzor p\u00e1ratlan tisztas\u00e1got, \u00e9less\u00e9get \u00e9s r\u00e9szletess\u00e9get biztos\u00edt a digit\u00e1lis radiogr\u00e1fi\u00e1hoz.<\/p>\n<iframe loading=\"lazy\"  id=\"_ytid_41900\"  width=\"1170\" height=\"658\"  data-origwidth=\"1170\" data-origheight=\"658\" src=\"https:\/\/www.youtube.com\/embed\/VQ_7FhYqVd8?enablejsapi=1&autoplay=0&cc_load_policy=0&cc_lang_pref=&iv_load_policy=1&loop=0&rel=1&fs=1&playsinline=0&autohide=2&theme=dark&color=red&controls=1&disablekb=0&\" class=\"__youtube_prefs__  no-lazyload\" title=\"YouTube player\"  allow=\"fullscreen; accelerometer; autoplay; clipboard-write; encrypted-media; gyroscope; picture-in-picture; web-share\" referrerpolicy=\"strict-origin-when-cross-origin\" allowfullscreen data-no-lazy=\"1\" data-skipgform_ajax_framebjll=\"\"><\/iframe>\n<h5>&nbsp;<\/h5>\n<h5>33lp\/mm elm\u00e9leti felbont\u00e1s<\/h5>\n<p>A kiemelked\u0151 k\u00e9pfelbont\u00e1s elengedhetetlen az \u00e9lek meghat\u00e1roz\u00e1s\u00e1hoz, a k\u00e1riesz \u00e9s m\u00e1s hib\u00e1k azonos\u00edt\u00e1s\u00e1hoz. A 33 lp\/mm elm\u00e9leti felbont\u00e1s mellett a Xios XG Supreme az ipar\u00e1g vezet\u0151 felbont\u00e1s\u00e1t \u00e9s min\u0151s\u00e9g\u00e9t k\u00edn\u00e1lja.<\/p>\n<p>&nbsp;<\/p>\n<p><img loading=\"lazy\" decoding=\"async\" class=\"wp-image-1120 alignleft\" src=\"https:\/\/www.fogaszatikeszulek.hu\/wp-content\/uploads\/2018\/03\/1486648048784.png\" alt=\"\" width=\"460\" height=\"275\" srcset=\"https:\/\/www.fogaszatikeszulek.hu\/wp-content\/uploads\/2018\/03\/1486648048784.png 1024w, https:\/\/www.fogaszatikeszulek.hu\/wp-content\/uploads\/2018\/03\/1486648048784-300x179.png 300w, https:\/\/www.fogaszatikeszulek.hu\/wp-content\/uploads\/2018\/03\/1486648048784-768x459.png 768w, https:\/\/www.fogaszatikeszulek.hu\/wp-content\/uploads\/2018\/03\/1486648048784-830x496.png 830w, https:\/\/www.fogaszatikeszulek.hu\/wp-content\/uploads\/2018\/03\/1486648048784-230x137.png 230w, https:\/\/www.fogaszatikeszulek.hu\/wp-content\/uploads\/2018\/03\/1486648048784-350x209.png 350w, https:\/\/www.fogaszatikeszulek.hu\/wp-content\/uploads\/2018\/03\/1486648048784-480x287.png 480w\" sizes=\"auto, (max-width: 460px) 100vw, 460px\" \/> <strong>A saj\u00e1t rendszere a saj\u00e1t felt\u00e9telei szerint<\/strong><\/p>\n<p style=\"text-align: justify;\">A Xios XG nagy rugalmass\u00e1got k\u00edn\u00e1l, \u00edgy k\u00f6nnyen illesztheti be a digit\u00e1lis k\u00e9palkot\u00e1si megold\u00e1sokat a rendel\u0151be. A szenzor m\u00e9retek \u00e9s a k\u00e1belhossz\u00fas\u00e1gok, az USB \u00e9s a WiFi csatlakoz\u00e1sok sz\u00e9les v\u00e1laszt\u00e9k\u00e1val mindent az \u00d6n ig\u00e9nyeinek megfelel\u0151en alak\u00edthat ki. Teljes kompatibilit\u00e1s, egyszer\u0171en integr\u00e1lhat\u00f3 sz\u00e1mos praxisprogrammal. K\u00f6nnyen l\u00e9p\u00e9st tarthat a felmer\u00fcl\u0151 v\u00e1ltoz\u00e1sokkal an\u00e9lk\u00fcl, hgoy a teljes rendszert le k\u00e9ne cser\u00e9lnie. Ez azt jelenti, hogy ez egy hossz\u00fa t\u00e1v\u00fa befektet\u00e9s.<\/p>\n<p><strong>Az egyed\u00fcl\u00e1ll\u00f3 cser\u00e9lhet\u0151 k\u00e1bel<\/strong><\/p>\n<p style=\"text-align: justify;\">A szabadalmaztatott DIY k\u00e1belek cser\u00e9j\u00e9nek k\u00f6sz\u00f6nhet\u0151en a felhaszn\u00e1l\u00f3k az elk\u00f6vetkezend\u0151 \u00e9vek kiemelked\u0151 k\u00e9pmin\u0151s\u00e9g\u00e9t \u00e9lvezhetik. A k\u00e1belek az \u00faj szenzorok \u00e1r\u00e1nak t\u00f6red\u00e9k\u00e9be ker\u00fclnek \u00e9s b\u00e1rmikor megv\u00e1s\u00e1rolhat\u00f3k &#8211; egy tartal\u00e9k k\u00e1bel biztos\u00edtja, hogy ne legyen kies\u00e9se a termel\u00e9kenys\u00e9gben, k\u00e1bel s\u00e9r\u00fcl\u00e9s eset\u00e9n sem.<\/p>\n<p>&nbsp;<\/p>\n<h5>Gal\u00e9ria<\/h5>\nngg_shortcode_0_placeholder\n<h5>Kapcsol\u00f3d\u00f3 t\u00e9ma &nbsp;<\/h5>\n<table>\n<tbody>\n<tr>\n<td style=\"text-align: top;\" width=\"390\"><img loading=\"lazy\" decoding=\"async\" class=\"alignnone size-full wp-image-1139\" src=\"https:\/\/www.fogaszatikeszulek.hu\/wp-content\/uploads\/2018\/03\/1489653209878.png\" alt=\"\" width=\"525\" height=\"375\" srcset=\"https:\/\/www.fogaszatikeszulek.hu\/wp-content\/uploads\/2018\/03\/1489653209878.png 525w, https:\/\/www.fogaszatikeszulek.hu\/wp-content\/uploads\/2018\/03\/1489653209878-300x214.png 300w, https:\/\/www.fogaszatikeszulek.hu\/wp-content\/uploads\/2018\/03\/1489653209878-230x164.png 230w, https:\/\/www.fogaszatikeszulek.hu\/wp-content\/uploads\/2018\/03\/1489653209878-350x250.png 350w, https:\/\/www.fogaszatikeszulek.hu\/wp-content\/uploads\/2018\/03\/1489653209878-480x343.png 480w\" sizes=\"auto, (max-width: 525px) 100vw, 525px\" \/><\/td>\n<td>&nbsp;<\/td>\n<td style=\"text-align: top;\" width=\"390\"><img loading=\"lazy\" decoding=\"async\" class=\"alignnone size-full wp-image-1140\" src=\"https:\/\/www.fogaszatikeszulek.hu\/wp-content\/uploads\/2018\/03\/1489653210003.png\" alt=\"\" width=\"525\" height=\"375\" srcset=\"https:\/\/www.fogaszatikeszulek.hu\/wp-content\/uploads\/2018\/03\/1489653210003.png 525w, https:\/\/www.fogaszatikeszulek.hu\/wp-content\/uploads\/2018\/03\/1489653210003-300x214.png 300w, https:\/\/www.fogaszatikeszulek.hu\/wp-content\/uploads\/2018\/03\/1489653210003-230x164.png 230w, https:\/\/www.fogaszatikeszulek.hu\/wp-content\/uploads\/2018\/03\/1489653210003-350x250.png 350w, https:\/\/www.fogaszatikeszulek.hu\/wp-content\/uploads\/2018\/03\/1489653210003-480x343.png 480w\" sizes=\"auto, (max-width: 525px) 100vw, 525px\" \/><\/td>\n<\/tr>\n<tr>\n<td style=\"text-align: top;\" width=\"390\"><strong>Dinamikus \u00e9les\u00edt\u00e9s slider<\/strong><\/p>\n<p style=\"text-align: justify;\">A dinamikus \u00e9les\u00edt\u00e9s slider \u00e9s a feladat specifikus k\u00e9pjav\u00edt\u00e1sok seg\u00edts\u00e9g\u00e9vel \u00f6t k\u00fcl\u00f6nb\u00f6z\u0151 diagn\u00f3zishoz egyedi \u00e9less\u00e9get, f\u00e9nyer\u0151t \u00e9s kontrasztot \u00e1ll\u00edthat be.<\/p>\n<\/td>\n<td>&nbsp;<\/td>\n<td valign=\"top\" width=\"390\"><strong>P\u00e1rhuzamos\u00edt\u00f3 technika<\/strong><\/p>\n<p style=\"text-align: justify;\">Ez a technika az intraor\u00e1lis r\u00f6ntgendiagnosztika mai standardja. Diagnosztikai el\u0151nyei klinikailag bizony\u00edtottak.<\/p>\n<\/td>\n<\/tr>\n<\/tbody>\n<\/table>\n<h5>&nbsp;<\/h5>\n<h5>Szenzor poz\u00edcion\u00e1l\u00e1s<\/h5>\n<iframe loading=\"lazy\"  id=\"_ytid_63492\"  width=\"1170\" height=\"658\"  data-origwidth=\"1170\" data-origheight=\"658\" src=\"https:\/\/www.youtube.com\/embed\/7rCHc8uINkQ?enablejsapi=1&autoplay=0&cc_load_policy=0&cc_lang_pref=&iv_load_policy=1&loop=0&rel=1&fs=1&playsinline=0&autohide=2&theme=dark&color=red&controls=1&disablekb=0&\" class=\"__youtube_prefs__  no-lazyload\" title=\"YouTube player\"  allow=\"fullscreen; accelerometer; autoplay; clipboard-write; encrypted-media; gyroscope; picture-in-picture; web-share\" referrerpolicy=\"strict-origin-when-cross-origin\" allowfullscreen data-no-lazy=\"1\" data-skipgform_ajax_framebjll=\"\"><\/iframe>\n","protected":false},"excerpt":{"rendered":"<p>Xios XG Supreme \u00e9s Xios XG Select Magas fok\u00fa ell\u00e1t\u00e1st \u00e9s biztos diagn\u00f3zist biztos\u00edt a Xios XG szenzorokkal A Xios XG az ipar\u00e1g vezet\u0151 k\u00e9pmin\u0151s\u00e9g\u00e9t adja. A kiv\u00e1l\u00f3 k\u00e9pmin\u0151s\u00e9g \u00f6nmag\u00e1ban jelent\u0151sen jav\u00edthatja a diagn\u00f3zist \u00e9s a betegek elfogad\u00e1s\u00e1t. A sz\u00e9les v\u00e1laszt\u00e9kkal, k\u00e9pjav\u00edt\u00f3 k\u00e9pess\u00e9gekkel \u00e9s szolg\u00e1ltat\u00e1si \u00e9s t\u00e1mogat\u00e1si rendszerrel rendelkez\u0151 Xios XG nagyon j\u00f3l befoly\u00e1solhatja azt, [&hellip;]<\/p>\n","protected":false},"author":1,"featured_media":0,"parent":0,"menu_order":0,"comment_status":"closed","ping_status":"closed","template":"","meta":{"ngg_post_thumbnail":0,"footnotes":""},"class_list":["post-10","page","type-page","status-publish","hentry"],"_links":{"self":[{"href":"https:\/\/www.fogaszatikeszulek.hu\/index.php\/wp-json\/wp\/v2\/pages\/10","targetHints":{"allow":["GET"]}}],"collection":[{"href":"https:\/\/www.fogaszatikeszulek.hu\/index.php\/wp-json\/wp\/v2\/pages"}],"about":[{"href":"https:\/\/www.fogaszatikeszulek.hu\/index.php\/wp-json\/wp\/v2\/types\/page"}],"author":[{"embeddable":true,"href":"https:\/\/www.fogaszatikeszulek.hu\/index.php\/wp-json\/wp\/v2\/users\/1"}],"replies":[{"embeddable":true,"href":"https:\/\/www.fogaszatikeszulek.hu\/index.php\/wp-json\/wp\/v2\/comments?post=10"}],"version-history":[{"count":17,"href":"https:\/\/www.fogaszatikeszulek.hu\/index.php\/wp-json\/wp\/v2\/pages\/10\/revisions"}],"predecessor-version":[{"id":1630,"href":"https:\/\/www.fogaszatikeszulek.hu\/index.php\/wp-json\/wp\/v2\/pages\/10\/revisions\/1630"}],"wp:attachment":[{"href":"https:\/\/www.fogaszatikeszulek.hu\/index.php\/wp-json\/wp\/v2\/media?parent=10"}],"curies":[{"name":"wp","href":"https:\/\/api.w.org\/{rel}","templated":true}]}}